{"id":7066,"date":"2022-03-20T15:38:07","date_gmt":"2022-03-20T14:38:07","guid":{"rendered":"https:\/\/www.nun-studio.com\/?post_type=product&#038;p=7066"},"modified":"2026-04-20T20:08:08","modified_gmt":"2026-04-20T19:08:08","slug":"nun-studio-magazine-n2-15-patrons-poupons-durs","status":"publish","type":"product","link":"https:\/\/www.nun-studio.com\/en\/produit\/nun-studio-magazine-n2-15-patrons-poupons-durs\/","title":{"rendered":"NUN studio magazine &#8211; patterns booklet n.2"},"content":{"rendered":"<p><\/p>\n<p style=\"text-align: justify\"><span style=\"font-size: 12pt\">Cr\u00e9atrices des mod\u00e8les : <strong>Christine Hermanovski<\/strong> (mod\u00e8les tricots, sauf collerette) et <strong>Alma Fanteria<\/strong> (mod\u00e8les couture + collerette en tricot).<\/span><\/p>\n<p style=\"text-align: justify\"><span style=\"font-size: 12pt\">Le livret du magazine (format A5) comprend les\u00a0patrons tricots et couture \u00e0 taille r\u00e9elle, pour 3 tailles de poup\u00e9es (Corolle 30 et 36cm avec corps tissu, Gordi de Paola Reina et Minikane), mais s&#8217;adaptera tr\u00e8s bien \u00e0 d&#8217;autres marques de poupons<strong> (voir le tableau des mensurations dans les images produits ci-dessus)<\/strong>. Vous trouverez des mod\u00e8les pour tous les niveaux de couture et tricot, afin de pouvoir initier vos enfants \u00e0 ces savoir-faire pour r\u00e9aliser eux-m\u00eames des habits pour leurs poup\u00e9es.<\/span><\/p>\n<p>ATTENTION : veuillez noter que <strong>ces mod\u00e8les d\u00e9pos\u00e9s sont \u00e0 usage priv\u00e9 uniquement. Toute utilisation \u00e0 des fins commerciales (vente de patrons ou d&#8217;habits r\u00e9alis\u00e9s \u00e0 partir de ces patrons) est strictement interdite.<\/strong> Merci de respecter les cr\u00e9ateurs de ces mod\u00e8les.<\/p>\n<p><\/p>","protected":false},"excerpt":{"rendered":"<p style=\"text-align: justify\"><span style=\"font-size: 12pt\">Le livret du magazine (format A5) comprend les\u00a0patrons tricots et couture \u00e0 taille r\u00e9elle, pour 3 tailles de poup\u00e9es (Corolle 30 et 36cm avec corps tissu, Gordi de Paola Reina et Minikane), mais s&#8217;adaptera tr\u00e8s bien \u00e0 d&#8217;autres marques de poupons<strong> (voir le tableau des mensurations dans les images produits )<\/strong>. Vous trouverez des mod\u00e8les pour tous les niveaux de couture et tricot, afin de pouvoir initier vos enfants \u00e0 ces savoir-faire pour r\u00e9aliser eux-m\u00eames des habits pour leurs poup\u00e9es.<\/span><\/p>\n<p style=\"text-align: justify\"><img loading=\"lazy\" decoding=\"async\" class=\" wp-image-390 alignleft\" src=\"https:\/\/www.nun-studio.com\/wp-content\/uploads\/2016\/02\/VTH_logo100px.png\" alt=\"\" width=\"52\" height=\"52\" \/>32 pages A5 en quadricolor. 15 mod\u00e8les, chacun en 3 tailles.\u00a0<em><span style=\"font-size: 12pt\">Ces mod\u00e8les sont r\u00e9serv\u00e9s \u00e0 un usage personnel et leur utilisation \u00e0 des fins commerciales est interdit.<br \/>\n<\/span><\/em><\/p>\n<p><b><i>Les envois se feront \u00e0 partir du 13 aout 2022<\/i><\/b><\/p>\n<p>&nbsp;<\/p>\n","protected":false},"featured_media":7068,"comment_status":"closed","ping_status":"closed","template":"","meta":{"jetpack_post_was_ever_published":false,"jetpack_publicize_message":"","jetpack_publicize_feature_enabled":true,"jetpack_social_post_already_shared":true,"jetpack_social_options":{"image_generator_settings":{"template":"highway","default_image_id":0,"font":"","enabled":false},"version":2}},"product_brand":[],"product_cat":[101,26,25,115,78,75,126,112,113,111,16,86,135],"product_tag":[],"class_list":{"0":"post-7066","1":"product","2":"type-product","3":"status-publish","4":"has-post-thumbnail","6":"product_cat-categorie2","7":"product_cat-kits-poupee","8":"product_cat-livres-livrets-magazines","9":"product_cat-mobilier-angele-anastasia","10":"product_cat-mobilier-poupee-brune","11":"product_cat-nouveautes","12":"product_cat-poupee-amicie-marie-claire-idees","13":"product_cat-poupee-angele-anastasia-20cm","14":"product_cat-angele-anastasia-a-coudre-habiller","15":"product_cat-poupee-brune","16":"product_cat-poupe-brune-a-coudre-habiller","17":"product_cat-soldes","18":"product_cat-soldes-poupees","19":"product_shipping_class-lettre","21":"first","22":"instock","23":"featured","24":"purchasable","25":"product-type-simple"},"jetpack_publicize_connections":[],"jetpack_sharing_enabled":true,"jetpack-related-posts":[{"id":2073,"url":"https:\/\/www.nun-studio.com\/en\/produit\/nun-studio-magazine-1\/","url_meta":{"origin":7066,"position":0},"title":"NUN studio magazine &#8211; patterns booklet","author":"Alma","date":"Tuesday September 27th, 2016","format":false,"excerpt":"Sorry, this entry is only available in Fran\u00e7ais.","rel":"","context":"Similar post","block_context":{"text":"Similar post","link":""},"img":{"alt_text":"","src":"https:\/\/i0.wp.com\/www.nun-studio.com\/wp-content\/uploads\/2016\/09\/nunstudio-magazine-couvRED.png?fit=750%2C1000&ssl=1&resize=350%2C200","width":350,"height":200,"srcset":"https:\/\/i0.wp.com\/www.nun-studio.com\/wp-content\/uploads\/2016\/09\/nunstudio-magazine-couvRED.png?fit=750%2C1000&ssl=1&resize=350%2C200 1x, https:\/\/i0.wp.com\/www.nun-studio.com\/wp-content\/uploads\/2016\/09\/nunstudio-magazine-couvRED.png?fit=750%2C1000&ssl=1&resize=525%2C300 1.5x, https:\/\/i0.wp.com\/www.nun-studio.com\/wp-content\/uploads\/2016\/09\/nunstudio-magazine-couvRED.png?fit=750%2C1000&ssl=1&resize=700%2C400 2x"},"classes":[]},{"id":347,"url":"https:\/\/www.nun-studio.com\/en\/produit\/livret-garde-robe-poupee-angele-anastasia\/","url_meta":{"origin":7066,"position":1},"title":"BOOKLET \u2013 17 clothes patterns for ANGELE doll","author":"Alma","date":"Wednesday February 24th, 2016","format":false,"excerpt":"A booklet for 17 cute patterns (to sew & knit) for ANGELE doll. Please note this booklet is currently available in french only, but you will find inside many sketches for each sewing step. Real size patterns, ready to cut. 32 sheets, colorprinted. You can see the inside book HERE.\u2026","rel":"","context":"Similar post","block_context":{"text":"Similar post","link":""},"img":{"alt_text":"","src":"https:\/\/i0.wp.com\/www.nun-studio.com\/wp-content\/uploads\/2016\/02\/livret_sur_fond_carre.png?fit=1128%2C1128&ssl=1&resize=350%2C200","width":350,"height":200,"srcset":"https:\/\/i0.wp.com\/www.nun-studio.com\/wp-content\/uploads\/2016\/02\/livret_sur_fond_carre.png?fit=1128%2C1128&ssl=1&resize=350%2C200 1x, https:\/\/i0.wp.com\/www.nun-studio.com\/wp-content\/uploads\/2016\/02\/livret_sur_fond_carre.png?fit=1128%2C1128&ssl=1&resize=525%2C300 1.5x, https:\/\/i0.wp.com\/www.nun-studio.com\/wp-content\/uploads\/2016\/02\/livret_sur_fond_carre.png?fit=1128%2C1128&ssl=1&resize=700%2C400 2x, https:\/\/i0.wp.com\/www.nun-studio.com\/wp-content\/uploads\/2016\/02\/livret_sur_fond_carre.png?fit=1128%2C1128&ssl=1&resize=1050%2C600 3x"},"classes":[]},{"id":4041,"url":"https:\/\/www.nun-studio.com\/en\/produit\/kit-tenue-arbres-collab-studio-walkie-talkie\/","url_meta":{"origin":7066,"position":2},"title":"&#8221;trees&#8221; outfit kit &#8211; BRUNE doll","author":"Alma","date":"Sunday October  8th, 2017","format":false,"excerpt":"Ce KIT \u00a0contient tout le mat\u00e9riel n\u00e9cessaire pour r\u00e9aliser cette tenue, hormis les explications de montage et le patron de la poup\u00e9e et de certains v\u00eatements, que vous trouverez dans le livre \u00ab\u00a0Poup\u00e9e \u00e0 coudre, exercices de style \u00bb disponible ICI.\u00a0D\u00e9couvrez les d\u00e9tails du kit ci-dessous. KIT TENUE EXCLUSIF :\u2026","rel":"","context":"Similar post","block_context":{"text":"Similar post","link":""},"img":{"alt_text":"","src":"https:\/\/i0.wp.com\/www.nun-studio.com\/wp-content\/uploads\/2017\/10\/tenue-arbres-nunstudio-brune-1-scaled.jpg?fit=762%2C1200&ssl=1&resize=350%2C200","width":350,"height":200,"srcset":"https:\/\/i0.wp.com\/www.nun-studio.com\/wp-content\/uploads\/2017\/10\/tenue-arbres-nunstudio-brune-1-scaled.jpg?fit=762%2C1200&ssl=1&resize=350%2C200 1x, https:\/\/i0.wp.com\/www.nun-studio.com\/wp-content\/uploads\/2017\/10\/tenue-arbres-nunstudio-brune-1-scaled.jpg?fit=762%2C1200&ssl=1&resize=525%2C300 1.5x, https:\/\/i0.wp.com\/www.nun-studio.com\/wp-content\/uploads\/2017\/10\/tenue-arbres-nunstudio-brune-1-scaled.jpg?fit=762%2C1200&ssl=1&resize=700%2C400 2x"},"classes":[]},{"id":4039,"url":"https:\/\/www.nun-studio.com\/en\/produit\/kit-tenue-nuage-rose-nun-studio-x-studio-walkie-talkie\/","url_meta":{"origin":7066,"position":3},"title":"&#8221;pink cloud&#8221; outfit kit &#8211; BRUNE doll","author":"Alma","date":"Sunday October  8th, 2017","format":false,"excerpt":"Ce KIT contient tout le mat\u00e9riel n\u00e9cessaire pour r\u00e9aliser cette jolie tenue, hormis les explications de montage et le patron de la poup\u00e9e et de certains v\u00eatements, que vous trouverez dans le livre \u00ab\u00a0Poup\u00e9e \u00e0 coudre, exercices de style \u00bb disponible ICI.\u00a0D\u00e9couvrez les d\u00e9tails du kit ci-dessous. KIT VESTE EXCLUSIF\u2026","rel":"","context":"Similar post","block_context":{"text":"Similar post","link":""},"img":{"alt_text":"","src":"https:\/\/i0.wp.com\/www.nun-studio.com\/wp-content\/uploads\/2017\/10\/tenue-nuage-rose-nunstudio-brune-2-scaled.jpg?fit=802%2C1200&ssl=1&resize=350%2C200","width":350,"height":200,"srcset":"https:\/\/i0.wp.com\/www.nun-studio.com\/wp-content\/uploads\/2017\/10\/tenue-nuage-rose-nunstudio-brune-2-scaled.jpg?fit=802%2C1200&ssl=1&resize=350%2C200 1x, https:\/\/i0.wp.com\/www.nun-studio.com\/wp-content\/uploads\/2017\/10\/tenue-nuage-rose-nunstudio-brune-2-scaled.jpg?fit=802%2C1200&ssl=1&resize=525%2C300 1.5x, https:\/\/i0.wp.com\/www.nun-studio.com\/wp-content\/uploads\/2017\/10\/tenue-nuage-rose-nunstudio-brune-2-scaled.jpg?fit=802%2C1200&ssl=1&resize=700%2C400 2x"},"classes":[]},{"id":4037,"url":"https:\/\/www.nun-studio.com\/en\/produit\/kit-tenue-nuage-dore-nun-studio-x-studio-walkie-talkie-copie\/","url_meta":{"origin":7066,"position":4},"title":"&#8221;gold cloud&#8221; outfit kit &#8211; BRUNE doll","author":"Alma","date":"Sunday October  8th, 2017","format":false,"excerpt":"Ce KIT contient tout le mat\u00e9riel n\u00e9cessaire pour r\u00e9aliser cette jolie tenue, hormis les explications de montage de certains v\u00eatements, que vous trouverez dans le livre \u00ab\u00a0Poup\u00e9e \u00e0 coudre, exercices de style \u00bb disponible ICI.\u00a0D\u00e9couvrez les d\u00e9tails du kit ci-dessous. KIT VESTE EXCLUSIF : la veste est un patron exclusif\u2026","rel":"","context":"Similar post","block_context":{"text":"Similar post","link":""},"img":{"alt_text":"","src":"https:\/\/i0.wp.com\/www.nun-studio.com\/wp-content\/uploads\/2017\/10\/tenue-nuage-dore-nunstudio-brune-2-scaled.jpg?fit=802%2C1200&ssl=1&resize=350%2C200","width":350,"height":200,"srcset":"https:\/\/i0.wp.com\/www.nun-studio.com\/wp-content\/uploads\/2017\/10\/tenue-nuage-dore-nunstudio-brune-2-scaled.jpg?fit=802%2C1200&ssl=1&resize=350%2C200 1x, https:\/\/i0.wp.com\/www.nun-studio.com\/wp-content\/uploads\/2017\/10\/tenue-nuage-dore-nunstudio-brune-2-scaled.jpg?fit=802%2C1200&ssl=1&resize=525%2C300 1.5x, https:\/\/i0.wp.com\/www.nun-studio.com\/wp-content\/uploads\/2017\/10\/tenue-nuage-dore-nunstudio-brune-2-scaled.jpg?fit=802%2C1200&ssl=1&resize=700%2C400 2x"},"classes":[]},{"id":6780,"url":"https:\/\/www.nun-studio.com\/en\/produit\/livret-ambre\/","url_meta":{"origin":7066,"position":5},"title":"AMBRE\/ANATOLE doll clothes patterns PDF booklet","author":"Alma","date":"Saturday November 13th, 2021","format":false,"excerpt":"The AMBRE\u00a0dollclothes PDF booklet\u00a0includes 15 dollclothes pattern for AMBRE \/ ANATOLE. The text is in french but many drawings explain you the how to. Le LIVRET PDF de 15 patrons pour la poup\u00e9e AMBRE \u00a0vous permet de r\u00e9aliser le dressing de la poup\u00e9e AMBRE ainsi que des tenues mixtes qui\u2026","rel":"","context":"Similar post","block_context":{"text":"Similar post","link":""},"img":{"alt_text":"","src":"https:\/\/i0.wp.com\/www.nun-studio.com\/wp-content\/uploads\/2021\/11\/AMBRE-nunstudio-9.jpg?fit=1200%2C1200&ssl=1&resize=350%2C200","width":350,"height":200,"srcset":"https:\/\/i0.wp.com\/www.nun-studio.com\/wp-content\/uploads\/2021\/11\/AMBRE-nunstudio-9.jpg?fit=1200%2C1200&ssl=1&resize=350%2C200 1x, https:\/\/i0.wp.com\/www.nun-studio.com\/wp-content\/uploads\/2021\/11\/AMBRE-nunstudio-9.jpg?fit=1200%2C1200&ssl=1&resize=525%2C300 1.5x, https:\/\/i0.wp.com\/www.nun-studio.com\/wp-content\/uploads\/2021\/11\/AMBRE-nunstudio-9.jpg?fit=1200%2C1200&ssl=1&resize=700%2C400 2x, https:\/\/i0.wp.com\/www.nun-studio.com\/wp-content\/uploads\/2021\/11\/AMBRE-nunstudio-9.jpg?fit=1200%2C1200&ssl=1&resize=1050%2C600 3x"},"classes":[]}],"_links":{"self":[{"href":"https:\/\/www.nun-studio.com\/en\/wp-json\/wp\/v2\/product\/7066","targetHints":{"allow":["GET"]}}],"collection":[{"href":"https:\/\/www.nun-studio.com\/en\/wp-json\/wp\/v2\/product"}],"about":[{"href":"https:\/\/www.nun-studio.com\/en\/wp-json\/wp\/v2\/types\/product"}],"replies":[{"embeddable":true,"href":"https:\/\/www.nun-studio.com\/en\/wp-json\/wp\/v2\/comments?post=7066"}],"wp:featuredmedia":[{"embeddable":true,"href":"https:\/\/www.nun-studio.com\/en\/wp-json\/wp\/v2\/media\/7068"}],"wp:attachment":[{"href":"https:\/\/www.nun-studio.com\/en\/wp-json\/wp\/v2\/media?parent=7066"}],"wp:term":[{"taxonomy":"product_brand","embeddable":true,"href":"https:\/\/www.nun-studio.com\/en\/wp-json\/wp\/v2\/product_brand?post=7066"},{"taxonomy":"product_cat","embeddable":true,"href":"https:\/\/www.nun-studio.com\/en\/wp-json\/wp\/v2\/product_cat?post=7066"},{"taxonomy":"product_tag","embeddable":true,"href":"https:\/\/www.nun-studio.com\/en\/wp-json\/wp\/v2\/product_tag?post=7066"}],"curies":[{"name":"wp","href":"https:\/\/api.w.org\/{rel}","templated":true}]}}