{"id":7017,"date":"2022-02-07T21:48:13","date_gmt":"2022-02-07T20:48:13","guid":{"rendered":"https:\/\/www.nun-studio.com\/?post_type=product&#038;p=7017"},"modified":"2026-04-20T09:43:56","modified_gmt":"2026-04-20T08:43:56","slug":"patron-atlanta-kid-2","status":"publish","type":"product","link":"https:\/\/www.nun-studio.com\/en\/produit\/patron-atlanta-kid-2\/","title":{"rendered":"ATLANTA kid pattern"},"content":{"rendered":"<p><\/p>\n<p style=\"text-align: justify;\">For\u00a0reading\u00a0a booklet excerpt, and knowing the yardage and the size chart, please <a href=\"https:\/\/issuu.com\/cestdimanche\/docs\/atlanta_extrait_livret\"><strong>click HERE<\/strong><\/a>. Note the instructions are currently only in french, but you can find many sketches for all the sewing steps.<\/p>\n<p><\/p>","protected":false},"excerpt":{"rendered":"<p style=\"text-align: justify;\">ATLANTA is a charming pattern, with ruffled sleeves. You can sew the tunic or dress version. SIZE\u00a04-6-8-10 years. Level\u00a0:\u00a0\u2666\u2666\u25ca\u25ca\u25ca<\/p>\n<p style=\"text-align: justify;\"><img loading=\"lazy\" decoding=\"async\" class=\"size-full wp-image-307 alignleft\" src=\"https:\/\/www.nun-studio.com\/wp-content\/uploads\/2016\/02\/leplus1.png\" alt=\"leplus1\" width=\"50\" height=\"50\" \/>The paper sewing pattern will come with a 16 sheets <strong>\u00a0booklet<\/strong> ; you can discover here a <strong><a href=\"https:\/\/issuu.com\/cestdimanche\/docs\/atlanta_extrait_livret\">booklet excerpt<\/a>.\u00a0Note the instructions are currently only in french, <\/strong>but you can find many sketches for all the sewing steps.<\/p>\n","protected":false},"featured_media":640,"comment_status":"open","ping_status":"closed","template":"","meta":{"jetpack_post_was_ever_published":false,"jetpack_publicize_message":"","jetpack_publicize_feature_enabled":true,"jetpack_social_post_already_shared":true,"jetpack_social_options":{"image_generator_settings":{"template":"highway","default_image_id":0,"font":"","enabled":false},"version":2}},"product_brand":[],"product_cat":[100,41,40,86,134],"product_tag":[43,42,91,93],"class_list":{"0":"post-7017","1":"product","2":"type-product","3":"status-publish","4":"has-post-thumbnail","6":"product_cat-categorie1","7":"product_cat-patrons-enfant","8":"product_cat-patrons-femme-et-enfant","9":"product_cat-soldes","10":"product_cat-soldes-patrons","11":"product_tag-atlantakid","12":"product_tag-patronatlanta","13":"product_tag-patrons-enfant","14":"product_tag-patrons-nun-studio","15":"product_shipping_class-lettre","17":"first","18":"onbackorder","19":"purchasable","20":"product-type-simple"},"jetpack_publicize_connections":[],"jetpack_sharing_enabled":false,"jetpack-related-posts":[{"id":636,"url":"https:\/\/www.nun-studio.com\/en\/produit\/patron-atlanta-kid\/","url_meta":{"origin":7017,"position":0},"title":"ATLANTA kid pattern","author":"Alma","date":"Thursday April 14th, 2016","format":false,"excerpt":"ATLANTA is a charming pattern, with ruffled sleeves. You can sew the tunic or dress version. SIZE\u00a04-6-8-10 years. Level\u00a0:\u00a0\u2666\u2666\u25ca\u25ca\u25ca The paper sewing pattern will come with a 16 sheets PDF booklet ; you can discover here a booklet excerpt.\u00a0Note the instructions are currently only in french, but you can find\u2026","rel":"","context":"With 1 comment","block_context":{"text":"With 1 comment","link":"https:\/\/www.nun-studio.com\/en\/produit\/patron-atlanta-kid\/#comments"},"img":{"alt_text":"","src":"https:\/\/i0.wp.com\/www.nun-studio.com\/wp-content\/uploads\/2016\/04\/25728711143_87aa4dcbf4_k.jpg?fit=800%2C798&ssl=1&resize=350%2C200","width":350,"height":200,"srcset":"https:\/\/i0.wp.com\/www.nun-studio.com\/wp-content\/uploads\/2016\/04\/25728711143_87aa4dcbf4_k.jpg?fit=800%2C798&ssl=1&resize=350%2C200 1x, https:\/\/i0.wp.com\/www.nun-studio.com\/wp-content\/uploads\/2016\/04\/25728711143_87aa4dcbf4_k.jpg?fit=800%2C798&ssl=1&resize=525%2C300 1.5x, https:\/\/i0.wp.com\/www.nun-studio.com\/wp-content\/uploads\/2016\/04\/25728711143_87aa4dcbf4_k.jpg?fit=800%2C798&ssl=1&resize=700%2C400 2x"},"classes":[]},{"id":1192,"url":"https:\/\/www.nun-studio.com\/en\/produit\/patron-atlanta-lady\/","url_meta":{"origin":7017,"position":1},"title":"ATLANTA lady pattern","author":"Alma","date":"Friday July  8th, 2016","format":false,"excerpt":"ATLANTA is a charming pattern, with ruffled sleeves. You can sew the tunic or dress version. FRENCH SIZE 36-38-40-42-44 (see the size chart here for details). Level\u00a0:\u00a0\u2666\u2666\u25ca\u25ca\u25ca (2\/5) The sewing pattern will come with a 16 sheets booklet ; you can discover here a booklet excerpt.\u00a0Note the instructions are currently\u2026","rel":"","context":"Similar post","block_context":{"text":"Similar post","link":""},"img":{"alt_text":"","src":"https:\/\/i0.wp.com\/www.nun-studio.com\/wp-content\/uploads\/2016\/07\/ATLANTA-lady-4.jpg?fit=800%2C799&ssl=1&resize=350%2C200","width":350,"height":200,"srcset":"https:\/\/i0.wp.com\/www.nun-studio.com\/wp-content\/uploads\/2016\/07\/ATLANTA-lady-4.jpg?fit=800%2C799&ssl=1&resize=350%2C200 1x, https:\/\/i0.wp.com\/www.nun-studio.com\/wp-content\/uploads\/2016\/07\/ATLANTA-lady-4.jpg?fit=800%2C799&ssl=1&resize=525%2C300 1.5x, https:\/\/i0.wp.com\/www.nun-studio.com\/wp-content\/uploads\/2016\/07\/ATLANTA-lady-4.jpg?fit=800%2C799&ssl=1&resize=700%2C400 2x"},"classes":[]},{"id":6633,"url":"https:\/\/www.nun-studio.com\/en\/produit\/patron-montmartre-baby\/","url_meta":{"origin":7017,"position":2},"title":"MONTMARTRE baby pattern","author":"Alma","date":"Saturday June 26th, 2021","format":false,"excerpt":"MONTMARTRE est un mod\u00e8le b\u00e9b\u00e9 mixte tr\u00e8s versatile avec plein de charme, ses petits coeurs font tout ! il est d\u00e9clinable en barboteuse, robe (avec bloomer int\u00e9gr\u00e9) et combi-pantalon. Vous pouvez opter aussi pour une version bloomer ou pantalon sans bavette. Le bloomer s'ouvre \u00e0 l'entrejambe pour faciliter le change.\u2026","rel":"","context":"Similar post","block_context":{"text":"Similar post","link":""},"img":{"alt_text":"","src":"https:\/\/i0.wp.com\/www.nun-studio.com\/wp-content\/uploads\/2021\/06\/montmartre-baby-2.png?fit=1190%2C1200&ssl=1&resize=350%2C200","width":350,"height":200,"srcset":"https:\/\/i0.wp.com\/www.nun-studio.com\/wp-content\/uploads\/2021\/06\/montmartre-baby-2.png?fit=1190%2C1200&ssl=1&resize=350%2C200 1x, https:\/\/i0.wp.com\/www.nun-studio.com\/wp-content\/uploads\/2021\/06\/montmartre-baby-2.png?fit=1190%2C1200&ssl=1&resize=525%2C300 1.5x, https:\/\/i0.wp.com\/www.nun-studio.com\/wp-content\/uploads\/2021\/06\/montmartre-baby-2.png?fit=1190%2C1200&ssl=1&resize=700%2C400 2x, https:\/\/i0.wp.com\/www.nun-studio.com\/wp-content\/uploads\/2021\/06\/montmartre-baby-2.png?fit=1190%2C1200&ssl=1&resize=1050%2C600 3x"},"classes":[]},{"id":347,"url":"https:\/\/www.nun-studio.com\/en\/produit\/livret-garde-robe-poupee-angele-anastasia\/","url_meta":{"origin":7017,"position":3},"title":"BOOKLET \u2013 17 clothes patterns for ANGELE doll","author":"Alma","date":"Wednesday February 24th, 2016","format":false,"excerpt":"A booklet for 17 cute patterns (to sew & knit) for ANGELE doll. Please note this booklet is currently available in french only, but you will find inside many sketches for each sewing step. Real size patterns, ready to cut. 32 sheets, colorprinted. You can see the inside book HERE.\u2026","rel":"","context":"Similar post","block_context":{"text":"Similar post","link":""},"img":{"alt_text":"","src":"https:\/\/i0.wp.com\/www.nun-studio.com\/wp-content\/uploads\/2016\/02\/livret_sur_fond_carre.png?fit=1128%2C1128&ssl=1&resize=350%2C200","width":350,"height":200,"srcset":"https:\/\/i0.wp.com\/www.nun-studio.com\/wp-content\/uploads\/2016\/02\/livret_sur_fond_carre.png?fit=1128%2C1128&ssl=1&resize=350%2C200 1x, https:\/\/i0.wp.com\/www.nun-studio.com\/wp-content\/uploads\/2016\/02\/livret_sur_fond_carre.png?fit=1128%2C1128&ssl=1&resize=525%2C300 1.5x, https:\/\/i0.wp.com\/www.nun-studio.com\/wp-content\/uploads\/2016\/02\/livret_sur_fond_carre.png?fit=1128%2C1128&ssl=1&resize=700%2C400 2x, https:\/\/i0.wp.com\/www.nun-studio.com\/wp-content\/uploads\/2016\/02\/livret_sur_fond_carre.png?fit=1128%2C1128&ssl=1&resize=1050%2C600 3x"},"classes":[]},{"id":6780,"url":"https:\/\/www.nun-studio.com\/en\/produit\/livret-ambre\/","url_meta":{"origin":7017,"position":4},"title":"AMBRE\/ANATOLE doll clothes patterns PDF booklet","author":"Alma","date":"Saturday November 13th, 2021","format":false,"excerpt":"The AMBRE\u00a0dollclothes PDF booklet\u00a0includes 15 dollclothes pattern for AMBRE \/ ANATOLE. The text is in french but many drawings explain you the how to. Le LIVRET PDF de 15 patrons pour la poup\u00e9e AMBRE \u00a0vous permet de r\u00e9aliser le dressing de la poup\u00e9e AMBRE ainsi que des tenues mixtes qui\u2026","rel":"","context":"Similar post","block_context":{"text":"Similar post","link":""},"img":{"alt_text":"","src":"https:\/\/i0.wp.com\/www.nun-studio.com\/wp-content\/uploads\/2021\/11\/AMBRE-nunstudio-9.jpg?fit=1200%2C1200&ssl=1&resize=350%2C200","width":350,"height":200,"srcset":"https:\/\/i0.wp.com\/www.nun-studio.com\/wp-content\/uploads\/2021\/11\/AMBRE-nunstudio-9.jpg?fit=1200%2C1200&ssl=1&resize=350%2C200 1x, https:\/\/i0.wp.com\/www.nun-studio.com\/wp-content\/uploads\/2021\/11\/AMBRE-nunstudio-9.jpg?fit=1200%2C1200&ssl=1&resize=525%2C300 1.5x, https:\/\/i0.wp.com\/www.nun-studio.com\/wp-content\/uploads\/2021\/11\/AMBRE-nunstudio-9.jpg?fit=1200%2C1200&ssl=1&resize=700%2C400 2x, https:\/\/i0.wp.com\/www.nun-studio.com\/wp-content\/uploads\/2021\/11\/AMBRE-nunstudio-9.jpg?fit=1200%2C1200&ssl=1&resize=1050%2C600 3x"},"classes":[]},{"id":6812,"url":"https:\/\/www.nun-studio.com\/en\/produit\/kit-ambre-anatole-nue-livret\/","url_meta":{"origin":7017,"position":5},"title":"AMBRE \/ ANATOLE dollkit (naked) + booklet","author":"Alma","date":"Saturday November 13th, 2021","format":false,"excerpt":"The AMBRE\u00a0dollkit includes the\u00a0doll pattern (paper), the \"how to\" (PDF) and all the stuff you need to\u00a0sew this\u00a0doll (naked). The text is in french but many drawings explain you the how to.You can chose the bunny or the lamb ears (same item). You will have also the AMBRE\u00a0dollclothes PDF booklet\u00a0including\u2026","rel":"","context":"Similar post","block_context":{"text":"Similar post","link":""},"img":{"alt_text":"","src":"https:\/\/i0.wp.com\/www.nun-studio.com\/wp-content\/uploads\/2021\/11\/AMBRE-nunstudio-13.jpg?fit=1200%2C1200&ssl=1&resize=350%2C200","width":350,"height":200,"srcset":"https:\/\/i0.wp.com\/www.nun-studio.com\/wp-content\/uploads\/2021\/11\/AMBRE-nunstudio-13.jpg?fit=1200%2C1200&ssl=1&resize=350%2C200 1x, https:\/\/i0.wp.com\/www.nun-studio.com\/wp-content\/uploads\/2021\/11\/AMBRE-nunstudio-13.jpg?fit=1200%2C1200&ssl=1&resize=525%2C300 1.5x, https:\/\/i0.wp.com\/www.nun-studio.com\/wp-content\/uploads\/2021\/11\/AMBRE-nunstudio-13.jpg?fit=1200%2C1200&ssl=1&resize=700%2C400 2x, https:\/\/i0.wp.com\/www.nun-studio.com\/wp-content\/uploads\/2021\/11\/AMBRE-nunstudio-13.jpg?fit=1200%2C1200&ssl=1&resize=1050%2C600 3x"},"classes":[]}],"_links":{"self":[{"href":"https:\/\/www.nun-studio.com\/en\/wp-json\/wp\/v2\/product\/7017","targetHints":{"allow":["GET"]}}],"collection":[{"href":"https:\/\/www.nun-studio.com\/en\/wp-json\/wp\/v2\/product"}],"about":[{"href":"https:\/\/www.nun-studio.com\/en\/wp-json\/wp\/v2\/types\/product"}],"replies":[{"embeddable":true,"href":"https:\/\/www.nun-studio.com\/en\/wp-json\/wp\/v2\/comments?post=7017"}],"wp:featuredmedia":[{"embeddable":true,"href":"https:\/\/www.nun-studio.com\/en\/wp-json\/wp\/v2\/media\/640"}],"wp:attachment":[{"href":"https:\/\/www.nun-studio.com\/en\/wp-json\/wp\/v2\/media?parent=7017"}],"wp:term":[{"taxonomy":"product_brand","embeddable":true,"href":"https:\/\/www.nun-studio.com\/en\/wp-json\/wp\/v2\/product_brand?post=7017"},{"taxonomy":"product_cat","embeddable":true,"href":"https:\/\/www.nun-studio.com\/en\/wp-json\/wp\/v2\/product_cat?post=7017"},{"taxonomy":"product_tag","embeddable":true,"href":"https:\/\/www.nun-studio.com\/en\/wp-json\/wp\/v2\/product_tag?post=7017"}],"curies":[{"name":"wp","href":"https:\/\/api.w.org\/{rel}","templated":true}]}}