{"id":6852,"date":"2008-11-13T22:23:21","date_gmt":"2008-11-13T21:23:21","guid":{"rendered":"https:\/\/www.nun-studio.com\/?post_type=product&#038;p=6852"},"modified":"2022-02-25T11:34:51","modified_gmt":"2022-02-25T10:34:51","slug":"kit-complet-poupee-ambre-4","status":"publish","type":"product","link":"https:\/\/www.nun-studio.com\/en\/produit\/kit-complet-poupee-ambre-4\/","title":{"rendered":"AMBRE dollkit + outfit n\u00b04"},"content":{"rendered":"<p>INFORMATIONS COMPLEMENTAIRES<\/p>\n<p><strong>Les explications sont \u00e0 t\u00e9l\u00e9charger \u00e0 partir d&#8217;un lien que vous\u00a0recevrez par mail. Cliquez sur le titre soulign\u00e9 dans le mail &#8211; attention, le t\u00e9l\u00e9chargement est limit\u00e9 en nombre et en dur\u00e9e. <\/strong><strong>La planche de patron est imprim\u00e9e et incluse dans le kit, non dans les explications de montage.<\/strong><\/p>\n<p><strong>AMBRE \/ ANATOLE est une jolie poup\u00e9e de 19cm<\/strong> aux rondeurs craquantes, qui ne pr\u00e9sente pas de difficult\u00e9 particuli\u00e8re \u00e0 la confection pour une couturi\u00e8re interm\u00e9diaire. D\u00e9couvrez sa version masculine, <strong>ANATOLE<\/strong>.<\/p>\n<p>Les sch\u00e9mas sont d\u00e9taill\u00e9s. <strong>Certaines \u00e9tapes se r\u00e9alisent \u00e0 la main<\/strong>, et cette poup\u00e9e peut \u00eatre tout enti\u00e8re r\u00e9alis\u00e9e \u00e0 la main si vous n&#8217;avez pas de machine.<\/p>\n<p>Nous mettons \u00e0 votre disposition sur notre profil Instagram <strong>une petite vid\u00e9o pour le montage de la t\u00eate de la poup\u00e9e<\/strong> (disponible \u00e0 partir du 17 novembre 2021)<\/p>\n<p>Le corps de cette poup\u00e9e est l\u00e9g\u00e8rement diff\u00e9rent de celui des poup\u00e9es de m\u00eame taille ANGELE, ANASTASIA et ADELE. Pour cette raison, certains v\u00eatements sont interchangeables entre les poup\u00e9es, d&#8217;autres non.<\/p>","protected":false},"excerpt":{"rendered":"<p><strong>The AMBRE\u00a0dollkit + outfit\u00a0<\/strong>includes the\u00a0doll + outfit pattern and all the stuff you need to\u00a0sew this\u00a0doll. The text is in french but many drawings explain you the how to. You can chose the bunny or the lamb ears (same item).<\/p>\n<p><em><strong>Le KIT complet poup\u00e9e AMBRE<\/strong>\u00a0<strong>n\u00b04<\/strong>\u00a0contient les patrons imprim\u00e9s \u00e0 taille r\u00e9elle, les explications pas \u00e0 pas et toutes les fournitures n\u00e9cessaires pour r\u00e9aliser vous-m\u00eame la poup\u00e9e AMBRE et sa tenue \u00a0&#8211; hormis rembourrage, fil machine, aiguilles et \u00e9pingles. Vous pouvez gr\u00e2ce \u00e0 ce kit r\u00e9aliser une poup\u00e9e avec des oreilles de lapin ou d&#8217;agneau.<\/em><\/p>\n<pre><strong>SPECIAL PRICE<\/strong><\/pre>\n<pre><img loading=\"lazy\" decoding=\"async\" class=\"alignnone size-full wp-image-6810\" src=\"https:\/\/www.nun-studio.com\/wp-content\/uploads\/2021\/11\/AMBRE-nunstudio-15red2.png\" alt=\"\" width=\"50\" height=\"48\" \/>\u00a0brown \u00a0 \u00a0<img loading=\"lazy\" decoding=\"async\" class=\"alignnone size-full wp-image-6809\" src=\"https:\/\/www.nun-studio.com\/wp-content\/uploads\/2021\/11\/AMBRE-nunstudio-16red2.png\" alt=\"\" width=\"50\" height=\"50\" \/>\u00a0blond <strong>CHOSE your HAIRCOLOR <\/strong>and mention it in your order. If you don not, it will be done randomly.<\/pre>\n<pre>Sew all this doll dressing with the <a href=\"https:\/\/www.nun-studio.com\/produit\/livret-ambre\/\"><strong>AMBRE 15 dollpatterns PDF booklet<\/strong><\/a> \r\nDiscover all the <a href=\"https:\/\/www.nun-studio.com\/categorie-produit\/kits-poupee\/poupee-ambre-anatole\/\"><strong>furniture dollkits<\/strong><\/a> for her size !<\/pre>\n","protected":false},"featured_media":6803,"comment_status":"open","ping_status":"closed","template":"","meta":{"jetpack_post_was_ever_published":false,"jetpack_publicize_message":"","jetpack_publicize_feature_enabled":true,"jetpack_social_post_already_shared":true,"jetpack_social_options":{"image_generator_settings":{"template":"highway","default_image_id":0,"font":"","enabled":false},"version":2}},"product_brand":[],"product_cat":[26,75,147],"product_tag":[140,141,139,124,137,138],"class_list":{"0":"post-6852","1":"product","2":"type-product","3":"status-publish","4":"has-post-thumbnail","6":"product_cat-kits-poupee","7":"product_cat-nouveautes","8":"product_cat-poupee-ambre-anatole-19cm","9":"product_tag-ambre","10":"product_tag-anatole","11":"product_tag-dollkit","12":"product_tag-kit-poupee","13":"product_tag-nouveaute","14":"product_tag-poupee-ambre","15":"product_shipping_class-lettre","17":"first","18":"instock","19":"downloadable","20":"purchasable","21":"product-type-simple"},"jetpack_publicize_connections":[],"jetpack_sharing_enabled":true,"jetpack-related-posts":[{"id":6853,"url":"https:\/\/www.nun-studio.com\/en\/produit\/kit-complet-poupee-ambre-5\/","url_meta":{"origin":6852,"position":0},"title":"AMBRE dollkit + outfit n\u00b05","author":"Alma","date":"Thursday November 13th, 2008","format":false,"excerpt":"The AMBRE\u00a0dollkit + outfit\u00a0includes the\u00a0doll + outfit pattern and all the stuff you need to\u00a0sew this\u00a0doll. The text is in french but many drawings explain you the how to. You can chose the bunny or the lamb ears (same item). Le KIT complet poup\u00e9e AMBRE\u00a0n\u00b05 contient les patrons imprim\u00e9s \u00e0\u2026","rel":"","context":"Similar post","block_context":{"text":"Similar post","link":""},"img":{"alt_text":"","src":"https:\/\/i0.wp.com\/www.nun-studio.com\/wp-content\/uploads\/2021\/11\/AMBRE-nunstudio-17.jpg?fit=1200%2C1200&ssl=1&resize=350%2C200","width":350,"height":200,"srcset":"https:\/\/i0.wp.com\/www.nun-studio.com\/wp-content\/uploads\/2021\/11\/AMBRE-nunstudio-17.jpg?fit=1200%2C1200&ssl=1&resize=350%2C200 1x, https:\/\/i0.wp.com\/www.nun-studio.com\/wp-content\/uploads\/2021\/11\/AMBRE-nunstudio-17.jpg?fit=1200%2C1200&ssl=1&resize=525%2C300 1.5x, https:\/\/i0.wp.com\/www.nun-studio.com\/wp-content\/uploads\/2021\/11\/AMBRE-nunstudio-17.jpg?fit=1200%2C1200&ssl=1&resize=700%2C400 2x, https:\/\/i0.wp.com\/www.nun-studio.com\/wp-content\/uploads\/2021\/11\/AMBRE-nunstudio-17.jpg?fit=1200%2C1200&ssl=1&resize=1050%2C600 3x"},"classes":[]},{"id":6777,"url":"https:\/\/www.nun-studio.com\/en\/produit\/kit-complet-ambre-1\/","url_meta":{"origin":6852,"position":1},"title":"AMBRE dollkit + outfit n\u00b01","author":"Alma","date":"Saturday November 13th, 2021","format":false,"excerpt":"The AMBRE\u00a0dollkit + outfit\u00a0includes the\u00a0doll + outfit pattern and all the stuff you need to\u00a0sew this\u00a0doll. The text is in french but many drawings explain you the how to. You can chose the bunny or the lamb ears (same item). Le KIT complet poup\u00e9e AMBRE\u00a0n\u00b01 contient les patrons imprim\u00e9s \u00e0\u2026","rel":"","context":"Similar post","block_context":{"text":"Similar post","link":""},"img":{"alt_text":"","src":"https:\/\/i0.wp.com\/www.nun-studio.com\/wp-content\/uploads\/2021\/11\/AMBRE-nunstudio-5.jpg?fit=1200%2C1200&ssl=1&resize=350%2C200","width":350,"height":200,"srcset":"https:\/\/i0.wp.com\/www.nun-studio.com\/wp-content\/uploads\/2021\/11\/AMBRE-nunstudio-5.jpg?fit=1200%2C1200&ssl=1&resize=350%2C200 1x, https:\/\/i0.wp.com\/www.nun-studio.com\/wp-content\/uploads\/2021\/11\/AMBRE-nunstudio-5.jpg?fit=1200%2C1200&ssl=1&resize=525%2C300 1.5x, https:\/\/i0.wp.com\/www.nun-studio.com\/wp-content\/uploads\/2021\/11\/AMBRE-nunstudio-5.jpg?fit=1200%2C1200&ssl=1&resize=700%2C400 2x, https:\/\/i0.wp.com\/www.nun-studio.com\/wp-content\/uploads\/2021\/11\/AMBRE-nunstudio-5.jpg?fit=1200%2C1200&ssl=1&resize=1050%2C600 3x"},"classes":[]},{"id":6776,"url":"https:\/\/www.nun-studio.com\/en\/produit\/kit-poupee-ambre-anatole-nue\/","url_meta":{"origin":6852,"position":2},"title":"AMBRE \/ ANATOLE dollkit (naked)","author":"Alma","date":"Saturday November 13th, 2021","format":false,"excerpt":"The AMBRE\u00a0dollkit includes the\u00a0doll pattern (paper), the \"how to\" (PDF) and all the stuff you need to\u00a0sew this\u00a0doll (naked). The text is in french but many drawings explain you the how to.You can chose the bunny or the lamb ears (same item). Le KIT poup\u00e9e AMBRE nue contient le patron\u2026","rel":"","context":"Similar post","block_context":{"text":"Similar post","link":""},"img":{"alt_text":"","src":"https:\/\/i0.wp.com\/www.nun-studio.com\/wp-content\/uploads\/2021\/11\/AMBRE-nunstudio-13.jpg?fit=1200%2C1200&ssl=1&resize=350%2C200","width":350,"height":200,"srcset":"https:\/\/i0.wp.com\/www.nun-studio.com\/wp-content\/uploads\/2021\/11\/AMBRE-nunstudio-13.jpg?fit=1200%2C1200&ssl=1&resize=350%2C200 1x, https:\/\/i0.wp.com\/www.nun-studio.com\/wp-content\/uploads\/2021\/11\/AMBRE-nunstudio-13.jpg?fit=1200%2C1200&ssl=1&resize=525%2C300 1.5x, https:\/\/i0.wp.com\/www.nun-studio.com\/wp-content\/uploads\/2021\/11\/AMBRE-nunstudio-13.jpg?fit=1200%2C1200&ssl=1&resize=700%2C400 2x, https:\/\/i0.wp.com\/www.nun-studio.com\/wp-content\/uploads\/2021\/11\/AMBRE-nunstudio-13.jpg?fit=1200%2C1200&ssl=1&resize=1050%2C600 3x"},"classes":[]},{"id":6845,"url":"https:\/\/www.nun-studio.com\/en\/produit\/kit-fournitures-poupee-ambre\/","url_meta":{"origin":6852,"position":3},"title":"AMBRE doll &#8211; kit fabrics and stuff","author":"Alma","date":"Saturday November 13th, 2021","format":false,"excerpt":"Le KIT fournitures poup\u00e9e Ambre\u00a0contient des coupons de tissus et de la mercerie pour r\u00e9aliser 3 robes + 3 cols en Liberty\u00ae, 1 col fourrure, 1 paire de bottes et 1 sac.\u00a0Le kit ne comprend pas le patron de la poup\u00e9e ni les patrons des v\u00eatements et accessoires. Il ne\u2026","rel":"","context":"Similar post","block_context":{"text":"Similar post","link":""},"img":{"alt_text":"","src":"https:\/\/i0.wp.com\/www.nun-studio.com\/wp-content\/uploads\/2021\/11\/AMBRE-nunstudio-12.jpg?fit=1200%2C1200&ssl=1&resize=350%2C200","width":350,"height":200,"srcset":"https:\/\/i0.wp.com\/www.nun-studio.com\/wp-content\/uploads\/2021\/11\/AMBRE-nunstudio-12.jpg?fit=1200%2C1200&ssl=1&resize=350%2C200 1x, https:\/\/i0.wp.com\/www.nun-studio.com\/wp-content\/uploads\/2021\/11\/AMBRE-nunstudio-12.jpg?fit=1200%2C1200&ssl=1&resize=525%2C300 1.5x, https:\/\/i0.wp.com\/www.nun-studio.com\/wp-content\/uploads\/2021\/11\/AMBRE-nunstudio-12.jpg?fit=1200%2C1200&ssl=1&resize=700%2C400 2x, https:\/\/i0.wp.com\/www.nun-studio.com\/wp-content\/uploads\/2021\/11\/AMBRE-nunstudio-12.jpg?fit=1200%2C1200&ssl=1&resize=1050%2C600 3x"},"classes":[]},{"id":6778,"url":"https:\/\/www.nun-studio.com\/en\/produit\/kit-complet-ambre-2\/","url_meta":{"origin":6852,"position":4},"title":"AMBRE dollkit + outfit n\u00b02","author":"Alma","date":"Saturday November 13th, 2021","format":false,"excerpt":"The AMBRE\u00a0dollkit + outfit\u00a0includes the\u00a0doll + outfit pattern and all the stuff you need to\u00a0sew this\u00a0doll. The text is in french but many drawings explain you the how to. You can chose the bunny or the lamb ears (same item). Le KIT complet poup\u00e9e AMBRE\u00a0n\u00b02\u00a0contient les patrons imprim\u00e9s \u00e0 taille\u2026","rel":"","context":"Similar post","block_context":{"text":"Similar post","link":""},"img":{"alt_text":"","src":"https:\/\/i0.wp.com\/www.nun-studio.com\/wp-content\/uploads\/2021\/11\/AMBRE-nunstudio-10.jpg?fit=1200%2C1200&ssl=1&resize=350%2C200","width":350,"height":200,"srcset":"https:\/\/i0.wp.com\/www.nun-studio.com\/wp-content\/uploads\/2021\/11\/AMBRE-nunstudio-10.jpg?fit=1200%2C1200&ssl=1&resize=350%2C200 1x, https:\/\/i0.wp.com\/www.nun-studio.com\/wp-content\/uploads\/2021\/11\/AMBRE-nunstudio-10.jpg?fit=1200%2C1200&ssl=1&resize=525%2C300 1.5x, https:\/\/i0.wp.com\/www.nun-studio.com\/wp-content\/uploads\/2021\/11\/AMBRE-nunstudio-10.jpg?fit=1200%2C1200&ssl=1&resize=700%2C400 2x, https:\/\/i0.wp.com\/www.nun-studio.com\/wp-content\/uploads\/2021\/11\/AMBRE-nunstudio-10.jpg?fit=1200%2C1200&ssl=1&resize=1050%2C600 3x"},"classes":[]},{"id":6812,"url":"https:\/\/www.nun-studio.com\/en\/produit\/kit-ambre-anatole-nue-livret\/","url_meta":{"origin":6852,"position":5},"title":"AMBRE \/ ANATOLE dollkit (naked) + booklet","author":"Alma","date":"Saturday November 13th, 2021","format":false,"excerpt":"The AMBRE\u00a0dollkit includes the\u00a0doll pattern (paper), the \"how to\" (PDF) and all the stuff you need to\u00a0sew this\u00a0doll (naked). The text is in french but many drawings explain you the how to.You can chose the bunny or the lamb ears (same item). You will have also the AMBRE\u00a0dollclothes PDF booklet\u00a0including\u2026","rel":"","context":"Similar post","block_context":{"text":"Similar post","link":""},"img":{"alt_text":"","src":"https:\/\/i0.wp.com\/www.nun-studio.com\/wp-content\/uploads\/2021\/11\/AMBRE-nunstudio-13.jpg?fit=1200%2C1200&ssl=1&resize=350%2C200","width":350,"height":200,"srcset":"https:\/\/i0.wp.com\/www.nun-studio.com\/wp-content\/uploads\/2021\/11\/AMBRE-nunstudio-13.jpg?fit=1200%2C1200&ssl=1&resize=350%2C200 1x, https:\/\/i0.wp.com\/www.nun-studio.com\/wp-content\/uploads\/2021\/11\/AMBRE-nunstudio-13.jpg?fit=1200%2C1200&ssl=1&resize=525%2C300 1.5x, https:\/\/i0.wp.com\/www.nun-studio.com\/wp-content\/uploads\/2021\/11\/AMBRE-nunstudio-13.jpg?fit=1200%2C1200&ssl=1&resize=700%2C400 2x, https:\/\/i0.wp.com\/www.nun-studio.com\/wp-content\/uploads\/2021\/11\/AMBRE-nunstudio-13.jpg?fit=1200%2C1200&ssl=1&resize=1050%2C600 3x"},"classes":[]}],"_links":{"self":[{"href":"https:\/\/www.nun-studio.com\/en\/wp-json\/wp\/v2\/product\/6852","targetHints":{"allow":["GET"]}}],"collection":[{"href":"https:\/\/www.nun-studio.com\/en\/wp-json\/wp\/v2\/product"}],"about":[{"href":"https:\/\/www.nun-studio.com\/en\/wp-json\/wp\/v2\/types\/product"}],"replies":[{"embeddable":true,"href":"https:\/\/www.nun-studio.com\/en\/wp-json\/wp\/v2\/comments?post=6852"}],"wp:featuredmedia":[{"embeddable":true,"href":"https:\/\/www.nun-studio.com\/en\/wp-json\/wp\/v2\/media\/6803"}],"wp:attachment":[{"href":"https:\/\/www.nun-studio.com\/en\/wp-json\/wp\/v2\/media?parent=6852"}],"wp:term":[{"taxonomy":"product_brand","embeddable":true,"href":"https:\/\/www.nun-studio.com\/en\/wp-json\/wp\/v2\/product_brand?post=6852"},{"taxonomy":"product_cat","embeddable":true,"href":"https:\/\/www.nun-studio.com\/en\/wp-json\/wp\/v2\/product_cat?post=6852"},{"taxonomy":"product_tag","embeddable":true,"href":"https:\/\/www.nun-studio.com\/en\/wp-json\/wp\/v2\/product_tag?post=6852"}],"curies":[{"name":"wp","href":"https:\/\/api.w.org\/{rel}","templated":true}]}}