{"id":6845,"date":"2021-11-13T20:33:50","date_gmt":"2021-11-13T19:33:50","guid":{"rendered":"https:\/\/www.nun-studio.com\/?post_type=product&#038;p=6845"},"modified":"2024-08-31T18:48:38","modified_gmt":"2024-08-31T17:48:38","slug":"kit-fournitures-poupee-ambre","status":"publish","type":"product","link":"https:\/\/www.nun-studio.com\/en\/produit\/kit-fournitures-poupee-ambre\/","title":{"rendered":"AMBRE doll &#8211; kit fabrics and stuff"},"content":{"rendered":"<p>INFORMATIONS COMPLEMENTAIRES<\/p>\n<p><strong>Les explications sont \u00e0 t\u00e9l\u00e9charger \u00e0 partir d&#8217;un lien que vous\u00a0recevrez par mail. Cliquez sur le titre soulign\u00e9 dans le mail &#8211; attention, le t\u00e9l\u00e9chargement est limit\u00e9 en nombre et en dur\u00e9e. La planche de patron est imprim\u00e9e et incluse dans le kit, non dans les explications de montage.<\/strong><\/p>\n<p><strong>AMBRE est une jolie poup\u00e9e de 19cm<\/strong> aux rondeurs craquantes, qui ne pr\u00e9sente pas de difficult\u00e9 particuli\u00e8re \u00e0 la confection pour une couturi\u00e8re interm\u00e9diaire. D\u00e9couvrez sa version masculine, <strong>ANATOLE<\/strong>.<\/p>\n<p>Les sch\u00e9mas sont d\u00e9taill\u00e9s. <strong>Certaines \u00e9tapes se r\u00e9alisent \u00e0 la main<\/strong>, et cette poup\u00e9e peut \u00eatre tout enti\u00e8re r\u00e9alis\u00e9e \u00e0 la main si vous n&#8217;avez pas de machine.<\/p>\n<p>Nous mettons \u00e0 votre disposition sur notre profil Instagram <strong>une petite vid\u00e9o pour le montage de la t\u00eate de la poup\u00e9e<\/strong> (disponible \u00e0 partir du 17 novembre 2021)<\/p>\n<p>Le corps de cette poup\u00e9e est l\u00e9g\u00e8rement diff\u00e9rent de celui des poup\u00e9es de m\u00eame taille ANGELE, ANASTASIA et ADELE. Pour cette raison, certains v\u00eatements sont interchangeables entre les poup\u00e9es, d&#8217;autres non.<\/p>","protected":false},"excerpt":{"rendered":"<p><strong>Le KIT fournitures poup\u00e9e Ambre<\/strong>\u00a0contient des coupons de tissus et de la mercerie pour r\u00e9aliser 3 robes + 3 cols en Liberty\u00ae, 1 col fourrure, 1 paire de bottes et 1 sac.\u00a0<strong>Le kit ne comprend pas le patron de la poup\u00e9e ni les patrons des v\u00eatements et accessoires. Il ne s&#8217;agit que de mati\u00e8res premi\u00e8res.<\/strong><\/p>\n<p>La photo est non contractuelle, vous recevrez des coupons de tissus pli\u00e9s dans lesquels vous pourrez r\u00e9aliser 1 robe volant\u00e9e (voir livret PDF vendu<strong> ICI<\/strong>), ainsi que des biais pour r\u00e9aliser les collerettes. De m\u00eame pour la feutrine des bottes (+lacets) et les fournitures n\u00e9cessaires au sac. Le col fourrure consiste en un fil fourrure \u00e0 enrouler autour du cou.<\/p>\n<pre>R\u00e9alisez vous-m\u00eame toute la garde-robe d'AMBRE \/ ANATOLE gr\u00e2ce \u00e0 son <a href=\"https:\/\/www.nun-studio.com\/produit\/livret-ambre\/\"><strong>livret PDF de 15 patrons\r\n<\/strong><\/a>Retrouvez de nombreux <a href=\"https:\/\/www.nun-studio.com\/categorie-produit\/kits-poupee\/poupee-ambre-anatole\/\"><strong>kits d'accessoires et mobilier de poup\u00e9e<\/strong><\/a> adapt\u00e9s \u00e0 sa taille<a href=\"https:\/\/www.nun-studio.com\/categorie-produit\/kits-poupee\/poupee-ambre-anatole\/\"><strong> ICI<\/strong><\/a><\/pre>\n","protected":false},"featured_media":6808,"comment_status":"open","ping_status":"closed","template":"","meta":{"jetpack_post_was_ever_published":false,"jetpack_publicize_message":"","jetpack_publicize_feature_enabled":true,"jetpack_social_post_already_shared":true,"jetpack_social_options":{"image_generator_settings":{"template":"highway","default_image_id":0,"font":"","enabled":false},"version":2}},"product_brand":[],"product_cat":[26,136,75,147,29,84,85],"product_tag":[140,141,139,124,137,138],"class_list":{"0":"post-6845","1":"product","2":"type-product","3":"status-publish","4":"has-post-thumbnail","6":"product_cat-kits-poupee","7":"product_cat-poupee-ambre-anatole","8":"product_cat-nouveautes","9":"product_cat-poupee-ambre-anatole-19cm","10":"product_cat-tissumercerie","11":"product_cat-tissu-au-coupon","12":"product_cat-tissus","13":"product_tag-ambre","14":"product_tag-anatole","15":"product_tag-dollkit","16":"product_tag-kit-poupee","17":"product_tag-nouveaute","18":"product_tag-poupee-ambre","19":"product_shipping_class-lettre","21":"first","22":"instock","23":"purchasable","24":"product-type-simple"},"jetpack_publicize_connections":[],"jetpack_sharing_enabled":true,"jetpack-related-posts":[{"id":6852,"url":"https:\/\/www.nun-studio.com\/en\/produit\/kit-complet-poupee-ambre-4\/","url_meta":{"origin":6845,"position":0},"title":"AMBRE dollkit + outfit n\u00b04","author":"Alma","date":"Thursday November 13th, 2008","format":false,"excerpt":"The AMBRE\u00a0dollkit + outfit\u00a0includes the\u00a0doll + outfit pattern and all the stuff you need to\u00a0sew this\u00a0doll. The text is in french but many drawings explain you the how to. You can chose the bunny or the lamb ears (same item). Le KIT complet poup\u00e9e AMBRE\u00a0n\u00b04\u00a0contient les patrons imprim\u00e9s \u00e0 taille\u2026","rel":"","context":"Similar post","block_context":{"text":"Similar post","link":""},"img":{"alt_text":"","src":"https:\/\/i0.wp.com\/www.nun-studio.com\/wp-content\/uploads\/2021\/11\/AMBRE-nunstudio-6.jpg?fit=1200%2C1200&ssl=1&resize=350%2C200","width":350,"height":200,"srcset":"https:\/\/i0.wp.com\/www.nun-studio.com\/wp-content\/uploads\/2021\/11\/AMBRE-nunstudio-6.jpg?fit=1200%2C1200&ssl=1&resize=350%2C200 1x, https:\/\/i0.wp.com\/www.nun-studio.com\/wp-content\/uploads\/2021\/11\/AMBRE-nunstudio-6.jpg?fit=1200%2C1200&ssl=1&resize=525%2C300 1.5x, https:\/\/i0.wp.com\/www.nun-studio.com\/wp-content\/uploads\/2021\/11\/AMBRE-nunstudio-6.jpg?fit=1200%2C1200&ssl=1&resize=700%2C400 2x, https:\/\/i0.wp.com\/www.nun-studio.com\/wp-content\/uploads\/2021\/11\/AMBRE-nunstudio-6.jpg?fit=1200%2C1200&ssl=1&resize=1050%2C600 3x"},"classes":[]},{"id":6853,"url":"https:\/\/www.nun-studio.com\/en\/produit\/kit-complet-poupee-ambre-5\/","url_meta":{"origin":6845,"position":1},"title":"AMBRE dollkit + outfit n\u00b05","author":"Alma","date":"Thursday November 13th, 2008","format":false,"excerpt":"The AMBRE\u00a0dollkit + outfit\u00a0includes the\u00a0doll + outfit pattern and all the stuff you need to\u00a0sew this\u00a0doll. The text is in french but many drawings explain you the how to. You can chose the bunny or the lamb ears (same item). Le KIT complet poup\u00e9e AMBRE\u00a0n\u00b05 contient les patrons imprim\u00e9s \u00e0\u2026","rel":"","context":"Similar post","block_context":{"text":"Similar post","link":""},"img":{"alt_text":"","src":"https:\/\/i0.wp.com\/www.nun-studio.com\/wp-content\/uploads\/2021\/11\/AMBRE-nunstudio-17.jpg?fit=1200%2C1200&ssl=1&resize=350%2C200","width":350,"height":200,"srcset":"https:\/\/i0.wp.com\/www.nun-studio.com\/wp-content\/uploads\/2021\/11\/AMBRE-nunstudio-17.jpg?fit=1200%2C1200&ssl=1&resize=350%2C200 1x, https:\/\/i0.wp.com\/www.nun-studio.com\/wp-content\/uploads\/2021\/11\/AMBRE-nunstudio-17.jpg?fit=1200%2C1200&ssl=1&resize=525%2C300 1.5x, https:\/\/i0.wp.com\/www.nun-studio.com\/wp-content\/uploads\/2021\/11\/AMBRE-nunstudio-17.jpg?fit=1200%2C1200&ssl=1&resize=700%2C400 2x, https:\/\/i0.wp.com\/www.nun-studio.com\/wp-content\/uploads\/2021\/11\/AMBRE-nunstudio-17.jpg?fit=1200%2C1200&ssl=1&resize=1050%2C600 3x"},"classes":[]},{"id":6777,"url":"https:\/\/www.nun-studio.com\/en\/produit\/kit-complet-ambre-1\/","url_meta":{"origin":6845,"position":2},"title":"AMBRE dollkit + outfit n\u00b01","author":"Alma","date":"Saturday November 13th, 2021","format":false,"excerpt":"The AMBRE\u00a0dollkit + outfit\u00a0includes the\u00a0doll + outfit pattern and all the stuff you need to\u00a0sew this\u00a0doll. The text is in french but many drawings explain you the how to. You can chose the bunny or the lamb ears (same item). Le KIT complet poup\u00e9e AMBRE\u00a0n\u00b01 contient les patrons imprim\u00e9s \u00e0\u2026","rel":"","context":"Similar post","block_context":{"text":"Similar post","link":""},"img":{"alt_text":"","src":"https:\/\/i0.wp.com\/www.nun-studio.com\/wp-content\/uploads\/2021\/11\/AMBRE-nunstudio-5.jpg?fit=1200%2C1200&ssl=1&resize=350%2C200","width":350,"height":200,"srcset":"https:\/\/i0.wp.com\/www.nun-studio.com\/wp-content\/uploads\/2021\/11\/AMBRE-nunstudio-5.jpg?fit=1200%2C1200&ssl=1&resize=350%2C200 1x, https:\/\/i0.wp.com\/www.nun-studio.com\/wp-content\/uploads\/2021\/11\/AMBRE-nunstudio-5.jpg?fit=1200%2C1200&ssl=1&resize=525%2C300 1.5x, https:\/\/i0.wp.com\/www.nun-studio.com\/wp-content\/uploads\/2021\/11\/AMBRE-nunstudio-5.jpg?fit=1200%2C1200&ssl=1&resize=700%2C400 2x, https:\/\/i0.wp.com\/www.nun-studio.com\/wp-content\/uploads\/2021\/11\/AMBRE-nunstudio-5.jpg?fit=1200%2C1200&ssl=1&resize=1050%2C600 3x"},"classes":[]},{"id":6776,"url":"https:\/\/www.nun-studio.com\/en\/produit\/kit-poupee-ambre-anatole-nue\/","url_meta":{"origin":6845,"position":3},"title":"AMBRE \/ ANATOLE dollkit (naked)","author":"Alma","date":"Saturday November 13th, 2021","format":false,"excerpt":"The AMBRE\u00a0dollkit includes the\u00a0doll pattern (paper), the \"how to\" (PDF) and all the stuff you need to\u00a0sew this\u00a0doll (naked). The text is in french but many drawings explain you the how to.You can chose the bunny or the lamb ears (same item). Le KIT poup\u00e9e AMBRE nue contient le patron\u2026","rel":"","context":"Similar post","block_context":{"text":"Similar post","link":""},"img":{"alt_text":"","src":"https:\/\/i0.wp.com\/www.nun-studio.com\/wp-content\/uploads\/2021\/11\/AMBRE-nunstudio-13.jpg?fit=1200%2C1200&ssl=1&resize=350%2C200","width":350,"height":200,"srcset":"https:\/\/i0.wp.com\/www.nun-studio.com\/wp-content\/uploads\/2021\/11\/AMBRE-nunstudio-13.jpg?fit=1200%2C1200&ssl=1&resize=350%2C200 1x, https:\/\/i0.wp.com\/www.nun-studio.com\/wp-content\/uploads\/2021\/11\/AMBRE-nunstudio-13.jpg?fit=1200%2C1200&ssl=1&resize=525%2C300 1.5x, https:\/\/i0.wp.com\/www.nun-studio.com\/wp-content\/uploads\/2021\/11\/AMBRE-nunstudio-13.jpg?fit=1200%2C1200&ssl=1&resize=700%2C400 2x, https:\/\/i0.wp.com\/www.nun-studio.com\/wp-content\/uploads\/2021\/11\/AMBRE-nunstudio-13.jpg?fit=1200%2C1200&ssl=1&resize=1050%2C600 3x"},"classes":[]},{"id":6780,"url":"https:\/\/www.nun-studio.com\/en\/produit\/livret-ambre\/","url_meta":{"origin":6845,"position":4},"title":"AMBRE\/ANATOLE doll clothes patterns PDF booklet","author":"Alma","date":"Saturday November 13th, 2021","format":false,"excerpt":"The AMBRE\u00a0dollclothes PDF booklet\u00a0includes 15 dollclothes pattern for AMBRE \/ ANATOLE. The text is in french but many drawings explain you the how to. Le LIVRET PDF de 15 patrons pour la poup\u00e9e AMBRE \u00a0vous permet de r\u00e9aliser le dressing de la poup\u00e9e AMBRE ainsi que des tenues mixtes qui\u2026","rel":"","context":"Similar post","block_context":{"text":"Similar post","link":""},"img":{"alt_text":"","src":"https:\/\/i0.wp.com\/www.nun-studio.com\/wp-content\/uploads\/2021\/11\/AMBRE-nunstudio-9.jpg?fit=1200%2C1200&ssl=1&resize=350%2C200","width":350,"height":200,"srcset":"https:\/\/i0.wp.com\/www.nun-studio.com\/wp-content\/uploads\/2021\/11\/AMBRE-nunstudio-9.jpg?fit=1200%2C1200&ssl=1&resize=350%2C200 1x, https:\/\/i0.wp.com\/www.nun-studio.com\/wp-content\/uploads\/2021\/11\/AMBRE-nunstudio-9.jpg?fit=1200%2C1200&ssl=1&resize=525%2C300 1.5x, https:\/\/i0.wp.com\/www.nun-studio.com\/wp-content\/uploads\/2021\/11\/AMBRE-nunstudio-9.jpg?fit=1200%2C1200&ssl=1&resize=700%2C400 2x, https:\/\/i0.wp.com\/www.nun-studio.com\/wp-content\/uploads\/2021\/11\/AMBRE-nunstudio-9.jpg?fit=1200%2C1200&ssl=1&resize=1050%2C600 3x"},"classes":[]},{"id":6778,"url":"https:\/\/www.nun-studio.com\/en\/produit\/kit-complet-ambre-2\/","url_meta":{"origin":6845,"position":5},"title":"AMBRE dollkit + outfit n\u00b02","author":"Alma","date":"Saturday November 13th, 2021","format":false,"excerpt":"The AMBRE\u00a0dollkit + outfit\u00a0includes the\u00a0doll + outfit pattern and all the stuff you need to\u00a0sew this\u00a0doll. The text is in french but many drawings explain you the how to. You can chose the bunny or the lamb ears (same item). Le KIT complet poup\u00e9e AMBRE\u00a0n\u00b02\u00a0contient les patrons imprim\u00e9s \u00e0 taille\u2026","rel":"","context":"Similar post","block_context":{"text":"Similar post","link":""},"img":{"alt_text":"","src":"https:\/\/i0.wp.com\/www.nun-studio.com\/wp-content\/uploads\/2021\/11\/AMBRE-nunstudio-10.jpg?fit=1200%2C1200&ssl=1&resize=350%2C200","width":350,"height":200,"srcset":"https:\/\/i0.wp.com\/www.nun-studio.com\/wp-content\/uploads\/2021\/11\/AMBRE-nunstudio-10.jpg?fit=1200%2C1200&ssl=1&resize=350%2C200 1x, https:\/\/i0.wp.com\/www.nun-studio.com\/wp-content\/uploads\/2021\/11\/AMBRE-nunstudio-10.jpg?fit=1200%2C1200&ssl=1&resize=525%2C300 1.5x, https:\/\/i0.wp.com\/www.nun-studio.com\/wp-content\/uploads\/2021\/11\/AMBRE-nunstudio-10.jpg?fit=1200%2C1200&ssl=1&resize=700%2C400 2x, https:\/\/i0.wp.com\/www.nun-studio.com\/wp-content\/uploads\/2021\/11\/AMBRE-nunstudio-10.jpg?fit=1200%2C1200&ssl=1&resize=1050%2C600 3x"},"classes":[]}],"_links":{"self":[{"href":"https:\/\/www.nun-studio.com\/en\/wp-json\/wp\/v2\/product\/6845","targetHints":{"allow":["GET"]}}],"collection":[{"href":"https:\/\/www.nun-studio.com\/en\/wp-json\/wp\/v2\/product"}],"about":[{"href":"https:\/\/www.nun-studio.com\/en\/wp-json\/wp\/v2\/types\/product"}],"replies":[{"embeddable":true,"href":"https:\/\/www.nun-studio.com\/en\/wp-json\/wp\/v2\/comments?post=6845"}],"wp:featuredmedia":[{"embeddable":true,"href":"https:\/\/www.nun-studio.com\/en\/wp-json\/wp\/v2\/media\/6808"}],"wp:attachment":[{"href":"https:\/\/www.nun-studio.com\/en\/wp-json\/wp\/v2\/media?parent=6845"}],"wp:term":[{"taxonomy":"product_brand","embeddable":true,"href":"https:\/\/www.nun-studio.com\/en\/wp-json\/wp\/v2\/product_brand?post=6845"},{"taxonomy":"product_cat","embeddable":true,"href":"https:\/\/www.nun-studio.com\/en\/wp-json\/wp\/v2\/product_cat?post=6845"},{"taxonomy":"product_tag","embeddable":true,"href":"https:\/\/www.nun-studio.com\/en\/wp-json\/wp\/v2\/product_tag?post=6845"}],"curies":[{"name":"wp","href":"https:\/\/api.w.org\/{rel}","templated":true}]}}