{"id":6780,"date":"2021-11-13T07:17:04","date_gmt":"2021-11-13T06:17:04","guid":{"rendered":"https:\/\/www.nun-studio.com\/?post_type=product&#038;p=6780"},"modified":"2021-11-17T17:14:47","modified_gmt":"2021-11-17T16:14:47","slug":"livret-ambre","status":"publish","type":"product","link":"https:\/\/www.nun-studio.com\/en\/produit\/livret-ambre\/","title":{"rendered":"AMBRE\/ANATOLE doll clothes patterns PDF booklet"},"content":{"rendered":"<p><strong>INFORMATIONS COMPLEMENTAIRES<\/strong><\/p>\n<p><strong>LIVRET TELECHARGEABLE<\/strong> &#8211; Vous recevrez un mail automatique pour t\u00e9l\u00e9charger votre livret imm\u00e9diatement apr\u00e8s votre achat. Cliquez sur le texte soulign\u00e9 dans le mail. Attention, <strong>vous disposez de 21 jours pour t\u00e9l\u00e9charger votre livret<\/strong> et vous avez un <strong>nombre limit\u00e9 de t\u00e9l\u00e9chargements.\u00a0<\/strong>En cas de probl\u00e8me, merci de nous contacter via notre compte Instagram en message priv\u00e9 et de ne pas utiliser l&#8217;adresse mail (automatique) du message de t\u00e9l\u00e9chargement.<\/p>\n<p>Lors de l&#8217;impression des planches de patrons, v\u00e9rifiez que vous imprimez bien \u00e0 100% de la taille du document.<\/p>\n<p>Les sch\u00e9mas sont d\u00e9taill\u00e9s. <strong>Certaines \u00e9tapes se r\u00e9alisent \u00e0 la main.<\/strong><\/p>\n<p>Le corps de la poup\u00e9e AMBRE \/ ANATOLE est l\u00e9g\u00e8rement diff\u00e9rent de celui des poup\u00e9es de m\u00eame taille ANGELE, ANASTASIA et ADELE. Pour cette raison, certains v\u00eatements sont interchangeables entre les poup\u00e9es, d&#8217;autres non.<\/p>\n","protected":false},"excerpt":{"rendered":"<p><strong>The AMBRE\u00a0dollclothes PDF booklet\u00a0<\/strong>includes 15 dollclothes pattern for AMBRE \/ ANATOLE. The text is in french but many drawings explain you the how to.<\/p>\n<p><em><strong>Le LIVRET PDF de 15 patrons<\/strong> pour la poup\u00e9e<strong> AMBRE <\/strong>\u00a0vous permet de r\u00e9aliser le dressing de la poup\u00e9e AMBRE ainsi que des tenues mixtes qui conviendront aussi \u00e0 la poup\u00e9e <strong>ANATOLE<\/strong> (pantalon, tunique, veste, manteau, \u00e9charpe,etc.). Mod\u00e8les \u00e0 coudre et\/ou \u00e0 tricoter.\u00a0<\/em><em>Il contient les patrons \u00e0 taille r\u00e9elle et les explications pas \u00e0 pas avec de nombreux sch\u00e9mas.<\/em><\/p>\n<pre>Buy a <a href=\"https:\/\/www.nun-studio.com\/categorie-produit\/kits-poupee\/poupee-ambre-anatole\/\"><strong>complete dollkit<\/strong> (doll + outfit)<strong> HERE<\/strong><\/a>\r\n\r\nSew all this doll with the <strong>AMBRE dollkit <\/strong>or save 5\u20ac by buying the <a href=\"https:\/\/www.nun-studio.com\/produit\/kit-ambre-anatole-nue-livret\/\"><strong>doll kit + the PDF<\/strong> booklet <strong>HERE\r\n\r\n<\/strong><\/a>Find all the<a href=\"https:\/\/www.nun-studio.com\/categorie-produit\/kits-poupee\/poupee-ambre-anatole\/\"><strong> furniture dollkits <\/strong>at her size<strong> HERE<\/strong><\/a><\/pre>\n","protected":false},"featured_media":6807,"comment_status":"open","ping_status":"closed","template":"","meta":{"jetpack_post_was_ever_published":false,"jetpack_publicize_message":"","jetpack_publicize_feature_enabled":true,"jetpack_social_post_already_shared":true,"jetpack_social_options":{"image_generator_settings":{"template":"highway","default_image_id":0,"font":"","enabled":false},"version":2}},"product_brand":[],"product_cat":[26,25,75,147],"product_tag":[140,141,144,143,142,137,138],"class_list":{"0":"post-6780","1":"product","2":"type-product","3":"status-publish","4":"has-post-thumbnail","6":"product_cat-kits-poupee","7":"product_cat-livres-livrets-magazines","8":"product_cat-nouveautes","9":"product_cat-poupee-ambre-anatole-19cm","10":"product_tag-ambre","11":"product_tag-anatole","12":"product_tag-booklet","13":"product_tag-dollclothes","14":"product_tag-livret","15":"product_tag-nouveaute","16":"product_tag-poupee-ambre","18":"first","19":"instock","20":"downloadable","21":"virtual","22":"purchasable","23":"product-type-simple"},"jetpack_publicize_connections":[],"jetpack_sharing_enabled":true,"jetpack-related-posts":[{"id":6812,"url":"https:\/\/www.nun-studio.com\/en\/produit\/kit-ambre-anatole-nue-livret\/","url_meta":{"origin":6780,"position":0},"title":"AMBRE \/ ANATOLE dollkit (naked) + booklet","author":"Alma","date":"Saturday November 13th, 2021","format":false,"excerpt":"The AMBRE\u00a0dollkit includes the\u00a0doll pattern (paper), the \"how to\" (PDF) and all the stuff you need to\u00a0sew this\u00a0doll (naked). The text is in french but many drawings explain you the how to.You can chose the bunny or the lamb ears (same item). You will have also the AMBRE\u00a0dollclothes PDF booklet\u00a0including\u2026","rel":"","context":"Similar post","block_context":{"text":"Similar post","link":""},"img":{"alt_text":"","src":"https:\/\/i0.wp.com\/www.nun-studio.com\/wp-content\/uploads\/2021\/11\/AMBRE-nunstudio-13.jpg?fit=1200%2C1200&ssl=1&resize=350%2C200","width":350,"height":200,"srcset":"https:\/\/i0.wp.com\/www.nun-studio.com\/wp-content\/uploads\/2021\/11\/AMBRE-nunstudio-13.jpg?fit=1200%2C1200&ssl=1&resize=350%2C200 1x, https:\/\/i0.wp.com\/www.nun-studio.com\/wp-content\/uploads\/2021\/11\/AMBRE-nunstudio-13.jpg?fit=1200%2C1200&ssl=1&resize=525%2C300 1.5x, https:\/\/i0.wp.com\/www.nun-studio.com\/wp-content\/uploads\/2021\/11\/AMBRE-nunstudio-13.jpg?fit=1200%2C1200&ssl=1&resize=700%2C400 2x, https:\/\/i0.wp.com\/www.nun-studio.com\/wp-content\/uploads\/2021\/11\/AMBRE-nunstudio-13.jpg?fit=1200%2C1200&ssl=1&resize=1050%2C600 3x"},"classes":[]},{"id":6776,"url":"https:\/\/www.nun-studio.com\/en\/produit\/kit-poupee-ambre-anatole-nue\/","url_meta":{"origin":6780,"position":1},"title":"AMBRE \/ ANATOLE dollkit (naked)","author":"Alma","date":"Saturday November 13th, 2021","format":false,"excerpt":"The AMBRE\u00a0dollkit includes the\u00a0doll pattern (paper), the \"how to\" (PDF) and all the stuff you need to\u00a0sew this\u00a0doll (naked). The text is in french but many drawings explain you the how to.You can chose the bunny or the lamb ears (same item). Le KIT poup\u00e9e AMBRE nue contient le patron\u2026","rel":"","context":"Similar post","block_context":{"text":"Similar post","link":""},"img":{"alt_text":"","src":"https:\/\/i0.wp.com\/www.nun-studio.com\/wp-content\/uploads\/2021\/11\/AMBRE-nunstudio-13.jpg?fit=1200%2C1200&ssl=1&resize=350%2C200","width":350,"height":200,"srcset":"https:\/\/i0.wp.com\/www.nun-studio.com\/wp-content\/uploads\/2021\/11\/AMBRE-nunstudio-13.jpg?fit=1200%2C1200&ssl=1&resize=350%2C200 1x, https:\/\/i0.wp.com\/www.nun-studio.com\/wp-content\/uploads\/2021\/11\/AMBRE-nunstudio-13.jpg?fit=1200%2C1200&ssl=1&resize=525%2C300 1.5x, https:\/\/i0.wp.com\/www.nun-studio.com\/wp-content\/uploads\/2021\/11\/AMBRE-nunstudio-13.jpg?fit=1200%2C1200&ssl=1&resize=700%2C400 2x, https:\/\/i0.wp.com\/www.nun-studio.com\/wp-content\/uploads\/2021\/11\/AMBRE-nunstudio-13.jpg?fit=1200%2C1200&ssl=1&resize=1050%2C600 3x"},"classes":[]},{"id":6845,"url":"https:\/\/www.nun-studio.com\/en\/produit\/kit-fournitures-poupee-ambre\/","url_meta":{"origin":6780,"position":2},"title":"AMBRE doll &#8211; kit fabrics and stuff","author":"Alma","date":"Saturday November 13th, 2021","format":false,"excerpt":"Le KIT fournitures poup\u00e9e Ambre\u00a0contient des coupons de tissus et de la mercerie pour r\u00e9aliser 3 robes + 3 cols en Liberty\u00ae, 1 col fourrure, 1 paire de bottes et 1 sac.\u00a0Le kit ne comprend pas le patron de la poup\u00e9e ni les patrons des v\u00eatements et accessoires. Il ne\u2026","rel":"","context":"Similar post","block_context":{"text":"Similar post","link":""},"img":{"alt_text":"","src":"https:\/\/i0.wp.com\/www.nun-studio.com\/wp-content\/uploads\/2021\/11\/AMBRE-nunstudio-12.jpg?fit=1200%2C1200&ssl=1&resize=350%2C200","width":350,"height":200,"srcset":"https:\/\/i0.wp.com\/www.nun-studio.com\/wp-content\/uploads\/2021\/11\/AMBRE-nunstudio-12.jpg?fit=1200%2C1200&ssl=1&resize=350%2C200 1x, https:\/\/i0.wp.com\/www.nun-studio.com\/wp-content\/uploads\/2021\/11\/AMBRE-nunstudio-12.jpg?fit=1200%2C1200&ssl=1&resize=525%2C300 1.5x, https:\/\/i0.wp.com\/www.nun-studio.com\/wp-content\/uploads\/2021\/11\/AMBRE-nunstudio-12.jpg?fit=1200%2C1200&ssl=1&resize=700%2C400 2x, https:\/\/i0.wp.com\/www.nun-studio.com\/wp-content\/uploads\/2021\/11\/AMBRE-nunstudio-12.jpg?fit=1200%2C1200&ssl=1&resize=1050%2C600 3x"},"classes":[]},{"id":6779,"url":"https:\/\/www.nun-studio.com\/en\/produit\/kit-complet-anatole\/","url_meta":{"origin":6780,"position":3},"title":"ANATOLE dollkit + outfit","author":"Alma","date":"Saturday November 13th, 2021","format":false,"excerpt":"The ANATOLE dollkit \u00a0includes the\u00a0doll + outfit pattern and all the stuff you need to\u00a0sew this\u00a0doll. The text is in french but many drawings explain you the how to. You can chose the bunny or the lamb ears (same item). Le KIT complet poup\u00e9e ANATOLE\u00a0contient les patrons imprim\u00e9s \u00e0 taille\u2026","rel":"","context":"Similar post","block_context":{"text":"Similar post","link":""},"img":{"alt_text":"","src":"https:\/\/i0.wp.com\/www.nun-studio.com\/wp-content\/uploads\/2021\/11\/AMBRE-nunstudio-3.jpg?fit=1200%2C1200&ssl=1&resize=350%2C200","width":350,"height":200,"srcset":"https:\/\/i0.wp.com\/www.nun-studio.com\/wp-content\/uploads\/2021\/11\/AMBRE-nunstudio-3.jpg?fit=1200%2C1200&ssl=1&resize=350%2C200 1x, https:\/\/i0.wp.com\/www.nun-studio.com\/wp-content\/uploads\/2021\/11\/AMBRE-nunstudio-3.jpg?fit=1200%2C1200&ssl=1&resize=525%2C300 1.5x, https:\/\/i0.wp.com\/www.nun-studio.com\/wp-content\/uploads\/2021\/11\/AMBRE-nunstudio-3.jpg?fit=1200%2C1200&ssl=1&resize=700%2C400 2x, https:\/\/i0.wp.com\/www.nun-studio.com\/wp-content\/uploads\/2021\/11\/AMBRE-nunstudio-3.jpg?fit=1200%2C1200&ssl=1&resize=1050%2C600 3x"},"classes":[]},{"id":6852,"url":"https:\/\/www.nun-studio.com\/en\/produit\/kit-complet-poupee-ambre-4\/","url_meta":{"origin":6780,"position":4},"title":"AMBRE dollkit + outfit n\u00b04","author":"Alma","date":"Thursday November 13th, 2008","format":false,"excerpt":"The AMBRE\u00a0dollkit + outfit\u00a0includes the\u00a0doll + outfit pattern and all the stuff you need to\u00a0sew this\u00a0doll. The text is in french but many drawings explain you the how to. You can chose the bunny or the lamb ears (same item). Le KIT complet poup\u00e9e AMBRE\u00a0n\u00b04\u00a0contient les patrons imprim\u00e9s \u00e0 taille\u2026","rel":"","context":"Similar post","block_context":{"text":"Similar post","link":""},"img":{"alt_text":"","src":"https:\/\/i0.wp.com\/www.nun-studio.com\/wp-content\/uploads\/2021\/11\/AMBRE-nunstudio-6.jpg?fit=1200%2C1200&ssl=1&resize=350%2C200","width":350,"height":200,"srcset":"https:\/\/i0.wp.com\/www.nun-studio.com\/wp-content\/uploads\/2021\/11\/AMBRE-nunstudio-6.jpg?fit=1200%2C1200&ssl=1&resize=350%2C200 1x, https:\/\/i0.wp.com\/www.nun-studio.com\/wp-content\/uploads\/2021\/11\/AMBRE-nunstudio-6.jpg?fit=1200%2C1200&ssl=1&resize=525%2C300 1.5x, https:\/\/i0.wp.com\/www.nun-studio.com\/wp-content\/uploads\/2021\/11\/AMBRE-nunstudio-6.jpg?fit=1200%2C1200&ssl=1&resize=700%2C400 2x, https:\/\/i0.wp.com\/www.nun-studio.com\/wp-content\/uploads\/2021\/11\/AMBRE-nunstudio-6.jpg?fit=1200%2C1200&ssl=1&resize=1050%2C600 3x"},"classes":[]},{"id":6853,"url":"https:\/\/www.nun-studio.com\/en\/produit\/kit-complet-poupee-ambre-5\/","url_meta":{"origin":6780,"position":5},"title":"AMBRE dollkit + outfit n\u00b05","author":"Alma","date":"Thursday November 13th, 2008","format":false,"excerpt":"The AMBRE\u00a0dollkit + outfit\u00a0includes the\u00a0doll + outfit pattern and all the stuff you need to\u00a0sew this\u00a0doll. The text is in french but many drawings explain you the how to. You can chose the bunny or the lamb ears (same item). Le KIT complet poup\u00e9e AMBRE\u00a0n\u00b05 contient les patrons imprim\u00e9s \u00e0\u2026","rel":"","context":"Similar post","block_context":{"text":"Similar post","link":""},"img":{"alt_text":"","src":"https:\/\/i0.wp.com\/www.nun-studio.com\/wp-content\/uploads\/2021\/11\/AMBRE-nunstudio-17.jpg?fit=1200%2C1200&ssl=1&resize=350%2C200","width":350,"height":200,"srcset":"https:\/\/i0.wp.com\/www.nun-studio.com\/wp-content\/uploads\/2021\/11\/AMBRE-nunstudio-17.jpg?fit=1200%2C1200&ssl=1&resize=350%2C200 1x, https:\/\/i0.wp.com\/www.nun-studio.com\/wp-content\/uploads\/2021\/11\/AMBRE-nunstudio-17.jpg?fit=1200%2C1200&ssl=1&resize=525%2C300 1.5x, https:\/\/i0.wp.com\/www.nun-studio.com\/wp-content\/uploads\/2021\/11\/AMBRE-nunstudio-17.jpg?fit=1200%2C1200&ssl=1&resize=700%2C400 2x, https:\/\/i0.wp.com\/www.nun-studio.com\/wp-content\/uploads\/2021\/11\/AMBRE-nunstudio-17.jpg?fit=1200%2C1200&ssl=1&resize=1050%2C600 3x"},"classes":[]}],"_links":{"self":[{"href":"https:\/\/www.nun-studio.com\/en\/wp-json\/wp\/v2\/product\/6780","targetHints":{"allow":["GET"]}}],"collection":[{"href":"https:\/\/www.nun-studio.com\/en\/wp-json\/wp\/v2\/product"}],"about":[{"href":"https:\/\/www.nun-studio.com\/en\/wp-json\/wp\/v2\/types\/product"}],"replies":[{"embeddable":true,"href":"https:\/\/www.nun-studio.com\/en\/wp-json\/wp\/v2\/comments?post=6780"}],"wp:featuredmedia":[{"embeddable":true,"href":"https:\/\/www.nun-studio.com\/en\/wp-json\/wp\/v2\/media\/6807"}],"wp:attachment":[{"href":"https:\/\/www.nun-studio.com\/en\/wp-json\/wp\/v2\/media?parent=6780"}],"wp:term":[{"taxonomy":"product_brand","embeddable":true,"href":"https:\/\/www.nun-studio.com\/en\/wp-json\/wp\/v2\/product_brand?post=6780"},{"taxonomy":"product_cat","embeddable":true,"href":"https:\/\/www.nun-studio.com\/en\/wp-json\/wp\/v2\/product_cat?post=6780"},{"taxonomy":"product_tag","embeddable":true,"href":"https:\/\/www.nun-studio.com\/en\/wp-json\/wp\/v2\/product_tag?post=6780"}],"curies":[{"name":"wp","href":"https:\/\/api.w.org\/{rel}","templated":true}]}}