{"id":6633,"date":"2021-06-26T15:55:40","date_gmt":"2021-06-26T14:55:40","guid":{"rendered":"https:\/\/www.nun-studio.com\/?post_type=product&#038;p=6633"},"modified":"2024-01-05T09:32:19","modified_gmt":"2024-01-05T08:32:19","slug":"patron-montmartre-baby","status":"publish","type":"product","link":"https:\/\/www.nun-studio.com\/en\/produit\/patron-montmartre-baby\/","title":{"rendered":"MONTMARTRE baby pattern"},"content":{"rendered":"<p><\/p>\n<p style=\"text-align: justify\">For\u00a0reading\u00a0a booklet excerpt, and knowing the yardage and the size chart, please <a href=\"https:\/\/www.nun-studio.com\/wp-content\/uploads\/2021\/06\/MONTMARTRE-baby-presentation-1.pdf\"><strong>click HERE<\/strong><\/a>. Note the instructions are currently only in french, but you can find many sketches for all the sewing steps.<\/p>\n<p><\/p>","protected":false},"excerpt":{"rendered":"<p style=\"text-align: justify\">MONTMARTRE est un mod\u00e8le b\u00e9b\u00e9 mixte tr\u00e8s versatile avec plein de charme, ses petits coeurs font tout ! il est d\u00e9clinable en barboteuse, robe (avec bloomer int\u00e9gr\u00e9) et combi-pantalon. Vous pouvez opter aussi pour une version bloomer ou pantalon sans bavette. Le bloomer s&#8217;ouvre \u00e0 l&#8217;entrejambe pour faciliter le change. Les bretelles \u00e9lastiqu\u00e9es au dos maintiennent bien le v\u00eatement sur l&#8217;enfant. Jouez sur les couleurs et les versions pour un vestiaire craquant et pratique !<\/p>\n<p style=\"text-align: justify\">TAILLES : 3-6-9-12-18 M. Difficult\u00e9 : \u25ca\u25ca\u2666\u2666\u2666<\/p>\n<p style=\"text-align: justify\"><img loading=\"lazy\" decoding=\"async\" class=\"size-full wp-image-307 alignleft\" src=\"https:\/\/www.nun-studio.com\/wp-content\/uploads\/2016\/02\/leplus1.png\" alt=\"leplus1\" width=\"50\" height=\"50\" \/>Le patron PDF sera t\u00e9l\u00e9chargeable via un email re\u00e7u \u00e0 votre adresse &#8211; cliquez sur le lien soulign\u00e9 dans le tableau. Attention, le nombre de t\u00e9l\u00e9chargement est limit\u00e9 et possible durant les 15 jours suivant votre achat.\u00a0Pour plus de d\u00e9tails techniques feuilletez un <a href=\"https:\/\/www.nun-studio.com\/wp-content\/uploads\/2021\/06\/MONTMARTRE-baby-presentation-1.pdf\"><strong>extrait du livre<\/strong><\/a><a href=\"https:\/\/issuu.com\/cestdimanche\/docs\/atlanta_extrait_livret\"><strong>t<\/strong><\/a>.<\/p>\n","protected":false},"featured_media":6648,"comment_status":"open","ping_status":"closed","template":"","meta":{"jetpack_post_was_ever_published":false,"jetpack_publicize_message":"","jetpack_publicize_feature_enabled":true,"jetpack_social_post_already_shared":true,"jetpack_social_options":{"image_generator_settings":{"template":"highway","default_image_id":0,"font":"","enabled":false},"version":2}},"product_brand":[],"product_cat":[100,75,41,40,86,134],"product_tag":[90,133],"class_list":{"0":"post-6633","1":"product","2":"type-product","3":"status-publish","4":"has-post-thumbnail","6":"product_cat-categorie1","7":"product_cat-nouveautes","8":"product_cat-patrons-enfant","9":"product_cat-patrons-femme-et-enfant","10":"product_cat-soldes","11":"product_cat-soldes-patrons","12":"product_tag-patrons-bebe","13":"product_tag-patrons-pdf","15":"first","16":"instock","17":"downloadable","18":"virtual","19":"purchasable","20":"product-type-simple"},"jetpack_publicize_connections":[],"jetpack_sharing_enabled":false,"jetpack-related-posts":[{"id":6780,"url":"https:\/\/www.nun-studio.com\/en\/produit\/livret-ambre\/","url_meta":{"origin":6633,"position":0},"title":"AMBRE\/ANATOLE doll clothes patterns PDF booklet","author":"Alma","date":"Saturday November 13th, 2021","format":false,"excerpt":"The AMBRE\u00a0dollclothes PDF booklet\u00a0includes 15 dollclothes pattern for AMBRE \/ ANATOLE. The text is in french but many drawings explain you the how to. Le LIVRET PDF de 15 patrons pour la poup\u00e9e AMBRE \u00a0vous permet de r\u00e9aliser le dressing de la poup\u00e9e AMBRE ainsi que des tenues mixtes qui\u2026","rel":"","context":"Similar post","block_context":{"text":"Similar post","link":""},"img":{"alt_text":"","src":"https:\/\/i0.wp.com\/www.nun-studio.com\/wp-content\/uploads\/2021\/11\/AMBRE-nunstudio-9.jpg?fit=1200%2C1200&ssl=1&resize=350%2C200","width":350,"height":200,"srcset":"https:\/\/i0.wp.com\/www.nun-studio.com\/wp-content\/uploads\/2021\/11\/AMBRE-nunstudio-9.jpg?fit=1200%2C1200&ssl=1&resize=350%2C200 1x, https:\/\/i0.wp.com\/www.nun-studio.com\/wp-content\/uploads\/2021\/11\/AMBRE-nunstudio-9.jpg?fit=1200%2C1200&ssl=1&resize=525%2C300 1.5x, https:\/\/i0.wp.com\/www.nun-studio.com\/wp-content\/uploads\/2021\/11\/AMBRE-nunstudio-9.jpg?fit=1200%2C1200&ssl=1&resize=700%2C400 2x, https:\/\/i0.wp.com\/www.nun-studio.com\/wp-content\/uploads\/2021\/11\/AMBRE-nunstudio-9.jpg?fit=1200%2C1200&ssl=1&resize=1050%2C600 3x"},"classes":[]},{"id":6779,"url":"https:\/\/www.nun-studio.com\/en\/produit\/kit-complet-anatole\/","url_meta":{"origin":6633,"position":1},"title":"ANATOLE dollkit + outfit","author":"Alma","date":"Saturday November 13th, 2021","format":false,"excerpt":"The ANATOLE dollkit \u00a0includes the\u00a0doll + outfit pattern and all the stuff you need to\u00a0sew this\u00a0doll. The text is in french but many drawings explain you the how to. You can chose the bunny or the lamb ears (same item). Le KIT complet poup\u00e9e ANATOLE\u00a0contient les patrons imprim\u00e9s \u00e0 taille\u2026","rel":"","context":"Similar post","block_context":{"text":"Similar post","link":""},"img":{"alt_text":"","src":"https:\/\/i0.wp.com\/www.nun-studio.com\/wp-content\/uploads\/2021\/11\/AMBRE-nunstudio-3.jpg?fit=1200%2C1200&ssl=1&resize=350%2C200","width":350,"height":200,"srcset":"https:\/\/i0.wp.com\/www.nun-studio.com\/wp-content\/uploads\/2021\/11\/AMBRE-nunstudio-3.jpg?fit=1200%2C1200&ssl=1&resize=350%2C200 1x, https:\/\/i0.wp.com\/www.nun-studio.com\/wp-content\/uploads\/2021\/11\/AMBRE-nunstudio-3.jpg?fit=1200%2C1200&ssl=1&resize=525%2C300 1.5x, https:\/\/i0.wp.com\/www.nun-studio.com\/wp-content\/uploads\/2021\/11\/AMBRE-nunstudio-3.jpg?fit=1200%2C1200&ssl=1&resize=700%2C400 2x, https:\/\/i0.wp.com\/www.nun-studio.com\/wp-content\/uploads\/2021\/11\/AMBRE-nunstudio-3.jpg?fit=1200%2C1200&ssl=1&resize=1050%2C600 3x"},"classes":[]},{"id":636,"url":"https:\/\/www.nun-studio.com\/en\/produit\/patron-atlanta-kid\/","url_meta":{"origin":6633,"position":2},"title":"ATLANTA kid pattern","author":"Alma","date":"Thursday April 14th, 2016","format":false,"excerpt":"ATLANTA is a charming pattern, with ruffled sleeves. You can sew the tunic or dress version. SIZE\u00a04-6-8-10 years. Level\u00a0:\u00a0\u2666\u2666\u25ca\u25ca\u25ca The paper sewing pattern will come with a 16 sheets PDF booklet ; you can discover here a booklet excerpt.\u00a0Note the instructions are currently only in french, but you can find\u2026","rel":"","context":"With 1 comment","block_context":{"text":"With 1 comment","link":"https:\/\/www.nun-studio.com\/en\/produit\/patron-atlanta-kid\/#comments"},"img":{"alt_text":"","src":"https:\/\/i0.wp.com\/www.nun-studio.com\/wp-content\/uploads\/2016\/04\/25728711143_87aa4dcbf4_k.jpg?fit=800%2C798&ssl=1&resize=350%2C200","width":350,"height":200,"srcset":"https:\/\/i0.wp.com\/www.nun-studio.com\/wp-content\/uploads\/2016\/04\/25728711143_87aa4dcbf4_k.jpg?fit=800%2C798&ssl=1&resize=350%2C200 1x, https:\/\/i0.wp.com\/www.nun-studio.com\/wp-content\/uploads\/2016\/04\/25728711143_87aa4dcbf4_k.jpg?fit=800%2C798&ssl=1&resize=525%2C300 1.5x, https:\/\/i0.wp.com\/www.nun-studio.com\/wp-content\/uploads\/2016\/04\/25728711143_87aa4dcbf4_k.jpg?fit=800%2C798&ssl=1&resize=700%2C400 2x"},"classes":[]},{"id":7017,"url":"https:\/\/www.nun-studio.com\/en\/produit\/patron-atlanta-kid-2\/","url_meta":{"origin":6633,"position":3},"title":"ATLANTA kid pattern","author":"Alma","date":"Monday February  7th, 2022","format":false,"excerpt":"ATLANTA is a charming pattern, with ruffled sleeves. You can sew the tunic or dress version. SIZE\u00a04-6-8-10 years. Level\u00a0:\u00a0\u2666\u2666\u25ca\u25ca\u25ca The paper sewing pattern will come with a 16 sheets \u00a0booklet ; you can discover here a booklet excerpt.\u00a0Note the instructions are currently only in french, but you can find many\u2026","rel":"","context":"Similar post","block_context":{"text":"Similar post","link":""},"img":{"alt_text":"","src":"https:\/\/i0.wp.com\/www.nun-studio.com\/wp-content\/uploads\/2016\/04\/25728711143_87aa4dcbf4_k.jpg?fit=800%2C798&ssl=1&resize=350%2C200","width":350,"height":200,"srcset":"https:\/\/i0.wp.com\/www.nun-studio.com\/wp-content\/uploads\/2016\/04\/25728711143_87aa4dcbf4_k.jpg?fit=800%2C798&ssl=1&resize=350%2C200 1x, https:\/\/i0.wp.com\/www.nun-studio.com\/wp-content\/uploads\/2016\/04\/25728711143_87aa4dcbf4_k.jpg?fit=800%2C798&ssl=1&resize=525%2C300 1.5x, https:\/\/i0.wp.com\/www.nun-studio.com\/wp-content\/uploads\/2016\/04\/25728711143_87aa4dcbf4_k.jpg?fit=800%2C798&ssl=1&resize=700%2C400 2x"},"classes":[]},{"id":2739,"url":"https:\/\/www.nun-studio.com\/en\/produit\/patron-galway-seville-baby\/","url_meta":{"origin":6633,"position":4},"title":"pattern GALWAY SEVILLE baby","author":"Alma","date":"Tuesday February  7th, 2017","format":false,"excerpt":"patron group\u00e9 GALWAY baby + SEVILLE, brassi\u00e8re &\u00a0corsaire d\u00e9tail GALWAY : brassi\u00e8re assym\u00e9trique pour b\u00e9b\u00e9 et enfant en bas \u00e2ge, boutonn\u00e9e dans le dos. Une version marini\u00e8re et une version simplifi\u00e9e sont possibles (voir patron galway seul dans la boutique).\u00a0TAILLES : 6M-12M-1A-2A-3A\u00a0NIVEAU\u00a0: facile.\u00a0Tissu conseill\u00e9 : coton, lin tr\u00e8s doux ou\u2026","rel":"","context":"Similar post","block_context":{"text":"Similar post","link":""},"img":{"alt_text":"","src":"https:\/\/i0.wp.com\/www.nun-studio.com\/wp-content\/uploads\/2017\/02\/galway-seville-1.jpg?fit=300%2C300&ssl=1&resize=350%2C200","width":350,"height":200},"classes":[]},{"id":1823,"url":"https:\/\/www.nun-studio.com\/en\/produit\/patron-galway-baby\/","url_meta":{"origin":6633,"position":5},"title":"GALWAY baby pattern","author":"Alma","date":"Wednesday September 21st, 2016","format":false,"excerpt":"Brassi\u00e8re assym\u00e9trique pour b\u00e9b\u00e9 ou tunique pour enfant ; une version marini\u00e8re est comprise. Niveau : facile. TAILLES : 6M-12M-2A-3A Tissu conseill\u00e9 : coton, lin tr\u00e8s doux ou velours milleraies.\u00a0M\u00e9trage de tissu : 0.60 \u00e0 0.80m en 140, selon la taille. NOTE pour le suppl\u00e9ment :\u00a0suppl\u00e9ment au mod\u00e8le galway baby\u2026","rel":"","context":"Similar post","block_context":{"text":"Similar post","link":""},"img":{"alt_text":"","src":"https:\/\/i0.wp.com\/www.nun-studio.com\/wp-content\/uploads\/2016\/09\/galway_baby-1.jpg?fit=300%2C300&ssl=1&resize=350%2C200","width":350,"height":200},"classes":[]}],"_links":{"self":[{"href":"https:\/\/www.nun-studio.com\/en\/wp-json\/wp\/v2\/product\/6633","targetHints":{"allow":["GET"]}}],"collection":[{"href":"https:\/\/www.nun-studio.com\/en\/wp-json\/wp\/v2\/product"}],"about":[{"href":"https:\/\/www.nun-studio.com\/en\/wp-json\/wp\/v2\/types\/product"}],"replies":[{"embeddable":true,"href":"https:\/\/www.nun-studio.com\/en\/wp-json\/wp\/v2\/comments?post=6633"}],"wp:featuredmedia":[{"embeddable":true,"href":"https:\/\/www.nun-studio.com\/en\/wp-json\/wp\/v2\/media\/6648"}],"wp:attachment":[{"href":"https:\/\/www.nun-studio.com\/en\/wp-json\/wp\/v2\/media?parent=6633"}],"wp:term":[{"taxonomy":"product_brand","embeddable":true,"href":"https:\/\/www.nun-studio.com\/en\/wp-json\/wp\/v2\/product_brand?post=6633"},{"taxonomy":"product_cat","embeddable":true,"href":"https:\/\/www.nun-studio.com\/en\/wp-json\/wp\/v2\/product_cat?post=6633"},{"taxonomy":"product_tag","embeddable":true,"href":"https:\/\/www.nun-studio.com\/en\/wp-json\/wp\/v2\/product_tag?post=6633"}],"curies":[{"name":"wp","href":"https:\/\/api.w.org\/{rel}","templated":true}]}}