{"id":6187,"date":"2020-11-03T20:27:02","date_gmt":"2020-11-03T19:27:02","guid":{"rendered":"https:\/\/www.nun-studio.com\/?post_type=product&#038;p=6187"},"modified":"2026-04-20T09:43:56","modified_gmt":"2026-04-20T08:43:56","slug":"kit-charlie-15-patrons-pdf-blush-noir-argente","status":"publish","type":"product","link":"https:\/\/www.nun-studio.com\/en\/produit\/kit-charlie-15-patrons-pdf-blush-noir-argente\/","title":{"rendered":"baby CHARLIE dollkit + PDF patternbook (Copie) (Copie)"},"content":{"rendered":"","protected":false},"excerpt":{"rendered":"<p><strong>Le kit CHARLIE + livret<\/strong> comprend tout le mat\u00e9riel pour r\u00e9aliser la poup\u00e9e nue (tissu\u00a0imprim\u00e9 par s\u00e9rigraphie 100% coton \u00a0Oeko-Tex\u00ae pr\u00eat \u00e0 d\u00e9couper, etc. &#8211; rembourrage et fil de couture exclu) et un livret PDF de 15 patrons pour l&#8217;habiller.<\/p>\n<p><strong>CHARLIE<\/strong> mesure environ 20cm et poss\u00e8de 2 visages, l&#8217;un aux yeux ouverts (pile), l&#8217;autre aux yeux ferm\u00e9s (face). Il suffit de retourner la poup\u00e9e pour d\u00e9couvrir l&#8217;autre visage. Tous les v\u00eatements sont interchangeables \u00e0 l&#8217;infini. La poup\u00e9e nue peut \u00eatre manipul\u00e9e par des enfants \u00e0 partir de 12 mois en pr\u00e9sence d&#8217;un adulte. <em>Concernant les habits, nous vous conseillons pour les enfants en bas \u00e2ge de ne pas y coudre de petits pi\u00e8ces (boutons, pressions, etc.) susceptibles d&#8217;\u00eatre ing\u00e9r\u00e9es, et de les remplacer par des pastilles de scratch.<\/em><\/p>\n<p>\u2666 <strong>PREVENTE<\/strong> &#8211; Les articles seront envoy\u00e9s dans un d\u00e9lai de 2 \u00e0 3 semaines, en tenant compte de la r\u00e9ouverture des bureaux de poste et du nombre de commandes. Les PDF suivront \u00e0 peu pr\u00e8s le m\u00eame d\u00e9lai.<\/p>\n","protected":false},"featured_media":6224,"comment_status":"open","ping_status":"closed","template":"","meta":{"jetpack_post_was_ever_published":false,"jetpack_publicize_message":"","jetpack_publicize_feature_enabled":true,"jetpack_social_post_already_shared":true,"jetpack_social_options":{"image_generator_settings":{"template":"highway","default_image_id":0,"font":"","enabled":false},"version":2}},"product_brand":[],"product_cat":[26,25,75,129,86,135],"product_tag":[124,53,39,128,120],"class_list":{"0":"post-6187","1":"product","2":"type-product","3":"status-publish","4":"has-post-thumbnail","6":"product_cat-kits-poupee","7":"product_cat-livres-livrets-magazines","8":"product_cat-nouveautes","9":"product_cat-poupee-charlie","10":"product_cat-soldes","11":"product_cat-soldes-poupees","12":"product_tag-kit-poupee","13":"product_tag-kits","14":"product_tag-livre","15":"product_tag-poupee-charlie","16":"product_tag-poupees","17":"product_shipping_class-lettre","19":"first","20":"instock","21":"downloadable","22":"purchasable","23":"product-type-simple"},"jetpack_publicize_connections":[],"jetpack_sharing_enabled":true,"jetpack-related-posts":[{"id":5745,"url":"https:\/\/www.nun-studio.com\/en\/produit\/poupee-charlie-15-accessoires-pdf\/","url_meta":{"origin":6187,"position":0},"title":"baby CHARLIE doll &#8211; PDF furniture patternbook","author":"Alma","date":"Thursday May  7th, 2020","format":false,"excerpt":"Le livret\u00a0PDF d'accessoires\u00a0pour la poup\u00e9e CHARLIE comprend 15 patrons \u00e0 coudre, tricoter ou crocheter, pour jouer \u00e0 l'infini ! Plusieurs th\u00e8mes sont d\u00e9velopp\u00e9s : le bain (cape de bain), la toilette (couche interchangeable), le repas (bavoir, biberon) et le dodo (couffins et leur literie, couvertures, nid d'ange, t\u00e9tine, doudou, babygros\u2026","rel":"","context":"Similar post","block_context":{"text":"Similar post","link":""},"img":{"alt_text":"","src":"https:\/\/i0.wp.com\/www.nun-studio.com\/wp-content\/uploads\/2020\/05\/poupee_charlie_nunstudio_7.jpg?fit=900%2C1200&ssl=1&resize=350%2C200","width":350,"height":200,"srcset":"https:\/\/i0.wp.com\/www.nun-studio.com\/wp-content\/uploads\/2020\/05\/poupee_charlie_nunstudio_7.jpg?fit=900%2C1200&ssl=1&resize=350%2C200 1x, https:\/\/i0.wp.com\/www.nun-studio.com\/wp-content\/uploads\/2020\/05\/poupee_charlie_nunstudio_7.jpg?fit=900%2C1200&ssl=1&resize=525%2C300 1.5x, https:\/\/i0.wp.com\/www.nun-studio.com\/wp-content\/uploads\/2020\/05\/poupee_charlie_nunstudio_7.jpg?fit=900%2C1200&ssl=1&resize=700%2C400 2x"},"classes":[]},{"id":6812,"url":"https:\/\/www.nun-studio.com\/en\/produit\/kit-ambre-anatole-nue-livret\/","url_meta":{"origin":6187,"position":1},"title":"AMBRE \/ ANATOLE dollkit (naked) + booklet","author":"Alma","date":"Saturday November 13th, 2021","format":false,"excerpt":"The AMBRE\u00a0dollkit includes the\u00a0doll pattern (paper), the \"how to\" (PDF) and all the stuff you need to\u00a0sew this\u00a0doll (naked). The text is in french but many drawings explain you the how to.You can chose the bunny or the lamb ears (same item). You will have also the AMBRE\u00a0dollclothes PDF booklet\u00a0including\u2026","rel":"","context":"Similar post","block_context":{"text":"Similar post","link":""},"img":{"alt_text":"","src":"https:\/\/i0.wp.com\/www.nun-studio.com\/wp-content\/uploads\/2021\/11\/AMBRE-nunstudio-13.jpg?fit=1200%2C1200&ssl=1&resize=350%2C200","width":350,"height":200,"srcset":"https:\/\/i0.wp.com\/www.nun-studio.com\/wp-content\/uploads\/2021\/11\/AMBRE-nunstudio-13.jpg?fit=1200%2C1200&ssl=1&resize=350%2C200 1x, https:\/\/i0.wp.com\/www.nun-studio.com\/wp-content\/uploads\/2021\/11\/AMBRE-nunstudio-13.jpg?fit=1200%2C1200&ssl=1&resize=525%2C300 1.5x, https:\/\/i0.wp.com\/www.nun-studio.com\/wp-content\/uploads\/2021\/11\/AMBRE-nunstudio-13.jpg?fit=1200%2C1200&ssl=1&resize=700%2C400 2x, https:\/\/i0.wp.com\/www.nun-studio.com\/wp-content\/uploads\/2021\/11\/AMBRE-nunstudio-13.jpg?fit=1200%2C1200&ssl=1&resize=1050%2C600 3x"},"classes":[]},{"id":6776,"url":"https:\/\/www.nun-studio.com\/en\/produit\/kit-poupee-ambre-anatole-nue\/","url_meta":{"origin":6187,"position":2},"title":"AMBRE \/ ANATOLE dollkit (naked)","author":"Alma","date":"Saturday November 13th, 2021","format":false,"excerpt":"The AMBRE\u00a0dollkit includes the\u00a0doll pattern (paper), the \"how to\" (PDF) and all the stuff you need to\u00a0sew this\u00a0doll (naked). The text is in french but many drawings explain you the how to.You can chose the bunny or the lamb ears (same item). Le KIT poup\u00e9e AMBRE nue contient le patron\u2026","rel":"","context":"Similar post","block_context":{"text":"Similar post","link":""},"img":{"alt_text":"","src":"https:\/\/i0.wp.com\/www.nun-studio.com\/wp-content\/uploads\/2021\/11\/AMBRE-nunstudio-13.jpg?fit=1200%2C1200&ssl=1&resize=350%2C200","width":350,"height":200,"srcset":"https:\/\/i0.wp.com\/www.nun-studio.com\/wp-content\/uploads\/2021\/11\/AMBRE-nunstudio-13.jpg?fit=1200%2C1200&ssl=1&resize=350%2C200 1x, https:\/\/i0.wp.com\/www.nun-studio.com\/wp-content\/uploads\/2021\/11\/AMBRE-nunstudio-13.jpg?fit=1200%2C1200&ssl=1&resize=525%2C300 1.5x, https:\/\/i0.wp.com\/www.nun-studio.com\/wp-content\/uploads\/2021\/11\/AMBRE-nunstudio-13.jpg?fit=1200%2C1200&ssl=1&resize=700%2C400 2x, https:\/\/i0.wp.com\/www.nun-studio.com\/wp-content\/uploads\/2021\/11\/AMBRE-nunstudio-13.jpg?fit=1200%2C1200&ssl=1&resize=1050%2C600 3x"},"classes":[]},{"id":6780,"url":"https:\/\/www.nun-studio.com\/en\/produit\/livret-ambre\/","url_meta":{"origin":6187,"position":3},"title":"AMBRE\/ANATOLE doll clothes patterns PDF booklet","author":"Alma","date":"Saturday November 13th, 2021","format":false,"excerpt":"The AMBRE\u00a0dollclothes PDF booklet\u00a0includes 15 dollclothes pattern for AMBRE \/ ANATOLE. The text is in french but many drawings explain you the how to. Le LIVRET PDF de 15 patrons pour la poup\u00e9e AMBRE \u00a0vous permet de r\u00e9aliser le dressing de la poup\u00e9e AMBRE ainsi que des tenues mixtes qui\u2026","rel":"","context":"Similar post","block_context":{"text":"Similar post","link":""},"img":{"alt_text":"","src":"https:\/\/i0.wp.com\/www.nun-studio.com\/wp-content\/uploads\/2021\/11\/AMBRE-nunstudio-9.jpg?fit=1200%2C1200&ssl=1&resize=350%2C200","width":350,"height":200,"srcset":"https:\/\/i0.wp.com\/www.nun-studio.com\/wp-content\/uploads\/2021\/11\/AMBRE-nunstudio-9.jpg?fit=1200%2C1200&ssl=1&resize=350%2C200 1x, https:\/\/i0.wp.com\/www.nun-studio.com\/wp-content\/uploads\/2021\/11\/AMBRE-nunstudio-9.jpg?fit=1200%2C1200&ssl=1&resize=525%2C300 1.5x, https:\/\/i0.wp.com\/www.nun-studio.com\/wp-content\/uploads\/2021\/11\/AMBRE-nunstudio-9.jpg?fit=1200%2C1200&ssl=1&resize=700%2C400 2x, https:\/\/i0.wp.com\/www.nun-studio.com\/wp-content\/uploads\/2021\/11\/AMBRE-nunstudio-9.jpg?fit=1200%2C1200&ssl=1&resize=1050%2C600 3x"},"classes":[]},{"id":67,"url":"https:\/\/www.nun-studio.com\/en\/produit\/kit-poupee-angele-brune-beige\/","url_meta":{"origin":6187,"position":4},"title":"KIT ANGELE doll \u2018 brown hair \/ cream \u2019","author":"Alma","date":"Thursday February 18th, 2016","format":false,"excerpt":"Ang\u00e8le DIMANCHE\u00a0is a pretty little poseable doll (8' \/ 20cm tall) you will be happy to\u00a0make and dress. Please note the instructions are\u00a0currently available in FRENCH\u00a0only.\u00a0She is a NUN studio and her face has been designed by the talented illustrator\u00a0Suzy Ultman, SEE DETAILS\u00a0below\u00a0\u2013\u00a0all\u00a0ANGELE DOLL\u00a0products\u00a0HERE","rel":"","context":"Similar post","block_context":{"text":"Similar post","link":""},"img":{"alt_text":"","src":"https:\/\/i0.wp.com\/www.nun-studio.com\/wp-content\/uploads\/2016\/02\/beige_brune2-5.jpg?fit=800%2C800&ssl=1&resize=350%2C200","width":350,"height":200,"srcset":"https:\/\/i0.wp.com\/www.nun-studio.com\/wp-content\/uploads\/2016\/02\/beige_brune2-5.jpg?fit=800%2C800&ssl=1&resize=350%2C200 1x, https:\/\/i0.wp.com\/www.nun-studio.com\/wp-content\/uploads\/2016\/02\/beige_brune2-5.jpg?fit=800%2C800&ssl=1&resize=525%2C300 1.5x, https:\/\/i0.wp.com\/www.nun-studio.com\/wp-content\/uploads\/2016\/02\/beige_brune2-5.jpg?fit=800%2C800&ssl=1&resize=700%2C400 2x"},"classes":[]},{"id":114,"url":"https:\/\/www.nun-studio.com\/en\/produit\/kit-poupee-angele-blonde-bleue\/","url_meta":{"origin":6187,"position":5},"title":"KIT ANGELE doll \u2018 blond hair \/ blue \u2019","author":"Alma","date":"Thursday February 11th, 2016","format":false,"excerpt":"Ang\u00e8le DIMANCHE\u00a0is a pretty little poseable doll (8' \/ 20cm tall) you will be happy to\u00a0make and dress.\u00a0Please note\u00a0the instructions are\u00a0currently available in FRENCH only.\u00a0She is a NUN studio and her face has been designed by the talented illustrator\u00a0Suzy Ultman, SEE DETAILS\u00a0below\u00a0\u2013\u00a0all\u00a0ANGELE DOLL\u00a0products\u00a0HERE","rel":"","context":"Similar post","block_context":{"text":"Similar post","link":""},"img":{"alt_text":"","src":"https:\/\/i0.wp.com\/www.nun-studio.com\/wp-content\/uploads\/2016\/02\/bleu_bonde3-1.jpg?fit=750%2C750&ssl=1&resize=350%2C200","width":350,"height":200,"srcset":"https:\/\/i0.wp.com\/www.nun-studio.com\/wp-content\/uploads\/2016\/02\/bleu_bonde3-1.jpg?fit=750%2C750&ssl=1&resize=350%2C200 1x, https:\/\/i0.wp.com\/www.nun-studio.com\/wp-content\/uploads\/2016\/02\/bleu_bonde3-1.jpg?fit=750%2C750&ssl=1&resize=525%2C300 1.5x, https:\/\/i0.wp.com\/www.nun-studio.com\/wp-content\/uploads\/2016\/02\/bleu_bonde3-1.jpg?fit=750%2C750&ssl=1&resize=700%2C400 2x"},"classes":[]}],"_links":{"self":[{"href":"https:\/\/www.nun-studio.com\/en\/wp-json\/wp\/v2\/product\/6187","targetHints":{"allow":["GET"]}}],"collection":[{"href":"https:\/\/www.nun-studio.com\/en\/wp-json\/wp\/v2\/product"}],"about":[{"href":"https:\/\/www.nun-studio.com\/en\/wp-json\/wp\/v2\/types\/product"}],"replies":[{"embeddable":true,"href":"https:\/\/www.nun-studio.com\/en\/wp-json\/wp\/v2\/comments?post=6187"}],"wp:featuredmedia":[{"embeddable":true,"href":"https:\/\/www.nun-studio.com\/en\/wp-json\/wp\/v2\/media\/6224"}],"wp:attachment":[{"href":"https:\/\/www.nun-studio.com\/en\/wp-json\/wp\/v2\/media?parent=6187"}],"wp:term":[{"taxonomy":"product_brand","embeddable":true,"href":"https:\/\/www.nun-studio.com\/en\/wp-json\/wp\/v2\/product_brand?post=6187"},{"taxonomy":"product_cat","embeddable":true,"href":"https:\/\/www.nun-studio.com\/en\/wp-json\/wp\/v2\/product_cat?post=6187"},{"taxonomy":"product_tag","embeddable":true,"href":"https:\/\/www.nun-studio.com\/en\/wp-json\/wp\/v2\/product_tag?post=6187"}],"curies":[{"name":"wp","href":"https:\/\/api.w.org\/{rel}","templated":true}]}}