{"id":545,"date":"2016-03-14T16:43:48","date_gmt":"2016-03-14T15:43:48","guid":{"rendered":"https:\/\/www.nun-studio.com\/produit\/kit-poupee-brune-livre-coloris-d\/"},"modified":"2025-11-12T21:35:59","modified_gmt":"2025-11-12T20:35:59","slug":"kit-poupee-brune-livre-coloris-d","status":"publish","type":"product","link":"https:\/\/www.nun-studio.com\/en\/produit\/kit-poupee-brune-livre-coloris-d\/","title":{"rendered":"(Copier) (Copier)"},"content":{"rendered":"<p class=\"qtranxs-available-languages-message qtranxs-available-languages-message-en\">Sorry, this entry is only available in <a href=\"https:\/\/www.nun-studio.com\/fr\/wp-json\/wp\/v2\/product\/545\" class=\"qtranxs-available-language-link qtranxs-available-language-link-fr\" title=\"Fran\u00e7ais\">Fran\u00e7ais<\/a>.<\/p>","protected":false},"excerpt":{"rendered":"<p class=\"qtranxs-available-languages-message qtranxs-available-languages-message-en\">Sorry, this entry is only available in <a href=\"https:\/\/www.nun-studio.com\/fr\/wp-json\/wp\/v2\/product\/545\" class=\"qtranxs-available-language-link qtranxs-available-language-link-fr\" title=\"Fran\u00e7ais\">Fran\u00e7ais<\/a>.<\/p>\n","protected":false},"featured_media":633,"comment_status":"open","ping_status":"closed","template":"","meta":{"jetpack_post_was_ever_published":false,"jetpack_publicize_message":"","jetpack_publicize_feature_enabled":true,"jetpack_social_post_already_shared":true,"jetpack_social_options":{"image_generator_settings":{"template":"highway","default_image_id":0,"font":"","enabled":false},"version":2}},"product_brand":[],"product_cat":[100,26,111,16,86,135],"product_tag":[124,39,14],"class_list":{"0":"post-545","1":"product","2":"type-product","3":"status-publish","4":"has-post-thumbnail","6":"product_cat-categorie1","7":"product_cat-kits-poupee","8":"product_cat-poupee-brune","9":"product_cat-poupe-brune-a-coudre-habiller","10":"product_cat-soldes","11":"product_cat-soldes-poupees","12":"product_tag-kit-poupee","13":"product_tag-livre","14":"product_tag-poupee-brune","15":"product_shipping_class-lettre","17":"first","18":"instock","19":"purchasable","20":"product-type-simple"},"jetpack_publicize_connections":[],"jetpack_sharing_enabled":true,"jetpack-related-posts":[{"id":6187,"url":"https:\/\/www.nun-studio.com\/en\/produit\/kit-charlie-15-patrons-pdf-blush-noir-argente\/","url_meta":{"origin":545,"position":0},"title":"baby CHARLIE dollkit + PDF patternbook (Copie) (Copie)","author":"Alma","date":"Tuesday November  3rd, 2020","format":false,"excerpt":"Le kit CHARLIE + livret comprend tout le mat\u00e9riel pour r\u00e9aliser la poup\u00e9e nue (tissu\u00a0imprim\u00e9 par s\u00e9rigraphie 100% coton \u00a0Oeko-Tex\u00ae pr\u00eat \u00e0 d\u00e9couper, etc. - rembourrage et fil de couture exclu) et un livret PDF de 15 patrons pour l'habiller. CHARLIE mesure environ 20cm et poss\u00e8de 2 visages, l'un aux\u2026","rel":"","context":"Similar post","block_context":{"text":"Similar post","link":""},"img":{"alt_text":"","src":"https:\/\/i0.wp.com\/www.nun-studio.com\/wp-content\/uploads\/2020\/11\/APC_0251.jpg?fit=1200%2C1200&ssl=1&resize=350%2C200","width":350,"height":200,"srcset":"https:\/\/i0.wp.com\/www.nun-studio.com\/wp-content\/uploads\/2020\/11\/APC_0251.jpg?fit=1200%2C1200&ssl=1&resize=350%2C200 1x, https:\/\/i0.wp.com\/www.nun-studio.com\/wp-content\/uploads\/2020\/11\/APC_0251.jpg?fit=1200%2C1200&ssl=1&resize=525%2C300 1.5x, https:\/\/i0.wp.com\/www.nun-studio.com\/wp-content\/uploads\/2020\/11\/APC_0251.jpg?fit=1200%2C1200&ssl=1&resize=700%2C400 2x, https:\/\/i0.wp.com\/www.nun-studio.com\/wp-content\/uploads\/2020\/11\/APC_0251.jpg?fit=1200%2C1200&ssl=1&resize=1050%2C600 3x"},"classes":[]},{"id":4041,"url":"https:\/\/www.nun-studio.com\/en\/produit\/kit-tenue-arbres-collab-studio-walkie-talkie\/","url_meta":{"origin":545,"position":1},"title":"&#8221;trees&#8221; outfit kit &#8211; BRUNE doll","author":"Alma","date":"Sunday October  8th, 2017","format":false,"excerpt":"Ce KIT \u00a0contient tout le mat\u00e9riel n\u00e9cessaire pour r\u00e9aliser cette tenue, hormis les explications de montage et le patron de la poup\u00e9e et de certains v\u00eatements, que vous trouverez dans le livre \u00ab\u00a0Poup\u00e9e \u00e0 coudre, exercices de style \u00bb disponible ICI.\u00a0D\u00e9couvrez les d\u00e9tails du kit ci-dessous. KIT TENUE EXCLUSIF :\u2026","rel":"","context":"Similar post","block_context":{"text":"Similar post","link":""},"img":{"alt_text":"","src":"https:\/\/i0.wp.com\/www.nun-studio.com\/wp-content\/uploads\/2017\/10\/tenue-arbres-nunstudio-brune-1-scaled.jpg?fit=762%2C1200&ssl=1&resize=350%2C200","width":350,"height":200,"srcset":"https:\/\/i0.wp.com\/www.nun-studio.com\/wp-content\/uploads\/2017\/10\/tenue-arbres-nunstudio-brune-1-scaled.jpg?fit=762%2C1200&ssl=1&resize=350%2C200 1x, https:\/\/i0.wp.com\/www.nun-studio.com\/wp-content\/uploads\/2017\/10\/tenue-arbres-nunstudio-brune-1-scaled.jpg?fit=762%2C1200&ssl=1&resize=525%2C300 1.5x, https:\/\/i0.wp.com\/www.nun-studio.com\/wp-content\/uploads\/2017\/10\/tenue-arbres-nunstudio-brune-1-scaled.jpg?fit=762%2C1200&ssl=1&resize=700%2C400 2x"},"classes":[]},{"id":1717,"url":"https:\/\/www.nun-studio.com\/en\/produit\/kit-couture-broderie-miniature\/","url_meta":{"origin":545,"position":2},"title":"(Copie) (Copie) (Copie) (Copie) (Copie) (Copie)","author":"Alma","date":"Tuesday September 20th, 2016","format":false,"excerpt":"Sorry, this entry is only available in Fran\u00e7ais.","rel":"","context":"Similar post","block_context":{"text":"Similar post","link":""},"img":{"alt_text":"","src":"https:\/\/i0.wp.com\/www.nun-studio.com\/wp-content\/uploads\/2016\/09\/P1110353BRED-1.jpg?fit=601%2C600&ssl=1&resize=350%2C200","width":350,"height":200,"srcset":"https:\/\/i0.wp.com\/www.nun-studio.com\/wp-content\/uploads\/2016\/09\/P1110353BRED-1.jpg?fit=601%2C600&ssl=1&resize=350%2C200 1x, https:\/\/i0.wp.com\/www.nun-studio.com\/wp-content\/uploads\/2016\/09\/P1110353BRED-1.jpg?fit=601%2C600&ssl=1&resize=525%2C300 1.5x"},"classes":[]},{"id":4039,"url":"https:\/\/www.nun-studio.com\/en\/produit\/kit-tenue-nuage-rose-nun-studio-x-studio-walkie-talkie\/","url_meta":{"origin":545,"position":3},"title":"&#8221;pink cloud&#8221; outfit kit &#8211; BRUNE doll","author":"Alma","date":"Sunday October  8th, 2017","format":false,"excerpt":"Ce KIT contient tout le mat\u00e9riel n\u00e9cessaire pour r\u00e9aliser cette jolie tenue, hormis les explications de montage et le patron de la poup\u00e9e et de certains v\u00eatements, que vous trouverez dans le livre \u00ab\u00a0Poup\u00e9e \u00e0 coudre, exercices de style \u00bb disponible ICI.\u00a0D\u00e9couvrez les d\u00e9tails du kit ci-dessous. KIT VESTE EXCLUSIF\u2026","rel":"","context":"Similar post","block_context":{"text":"Similar post","link":""},"img":{"alt_text":"","src":"https:\/\/i0.wp.com\/www.nun-studio.com\/wp-content\/uploads\/2017\/10\/tenue-nuage-rose-nunstudio-brune-2-scaled.jpg?fit=802%2C1200&ssl=1&resize=350%2C200","width":350,"height":200,"srcset":"https:\/\/i0.wp.com\/www.nun-studio.com\/wp-content\/uploads\/2017\/10\/tenue-nuage-rose-nunstudio-brune-2-scaled.jpg?fit=802%2C1200&ssl=1&resize=350%2C200 1x, https:\/\/i0.wp.com\/www.nun-studio.com\/wp-content\/uploads\/2017\/10\/tenue-nuage-rose-nunstudio-brune-2-scaled.jpg?fit=802%2C1200&ssl=1&resize=525%2C300 1.5x, https:\/\/i0.wp.com\/www.nun-studio.com\/wp-content\/uploads\/2017\/10\/tenue-nuage-rose-nunstudio-brune-2-scaled.jpg?fit=802%2C1200&ssl=1&resize=700%2C400 2x"},"classes":[]},{"id":5187,"url":"https:\/\/www.nun-studio.com\/en\/produit\/kit-complet-poupee-adele-blonde\/","url_meta":{"origin":545,"position":4},"title":"KIT complet poup\u00e9e ADELE &#8211; blonde","author":"Alma","date":"Wednesday March 13th, 2019","format":false,"excerpt":"KIT pour poup\u00e9e ADELE (20cm) comprenant : les fournitures pour r\u00e9aliser la tenue compl\u00e8te de la poup\u00e9e pr\u00e9sent\u00e9e sur la photo, ainsi que les fournitures pour r\u00e9aliser la poup\u00e9e elle-m\u00eame - le visage est pr\u00e9-imprim\u00e9. Les explications pour r\u00e9aliser la poup\u00e9e et sa tenue sont contenues dans ce kit. Il\u2026","rel":"","context":"Similar post","block_context":{"text":"Similar post","link":""},"img":{"alt_text":"","src":"https:\/\/i0.wp.com\/www.nun-studio.com\/wp-content\/uploads\/2019\/03\/Capture-d%E2%80%99%C3%A9cran-2019-03-13-%C3%A0-16.13.57.png?fit=1190%2C1184&ssl=1&resize=350%2C200","width":350,"height":200,"srcset":"https:\/\/i0.wp.com\/www.nun-studio.com\/wp-content\/uploads\/2019\/03\/Capture-d%E2%80%99%C3%A9cran-2019-03-13-%C3%A0-16.13.57.png?fit=1190%2C1184&ssl=1&resize=350%2C200 1x, https:\/\/i0.wp.com\/www.nun-studio.com\/wp-content\/uploads\/2019\/03\/Capture-d%E2%80%99%C3%A9cran-2019-03-13-%C3%A0-16.13.57.png?fit=1190%2C1184&ssl=1&resize=525%2C300 1.5x, https:\/\/i0.wp.com\/www.nun-studio.com\/wp-content\/uploads\/2019\/03\/Capture-d%E2%80%99%C3%A9cran-2019-03-13-%C3%A0-16.13.57.png?fit=1190%2C1184&ssl=1&resize=700%2C400 2x, https:\/\/i0.wp.com\/www.nun-studio.com\/wp-content\/uploads\/2019\/03\/Capture-d%E2%80%99%C3%A9cran-2019-03-13-%C3%A0-16.13.57.png?fit=1190%2C1184&ssl=1&resize=1050%2C600 3x"},"classes":[]},{"id":2073,"url":"https:\/\/www.nun-studio.com\/en\/produit\/nun-studio-magazine-1\/","url_meta":{"origin":545,"position":5},"title":"NUN studio magazine &#8211; patterns booklet","author":"Alma","date":"Tuesday September 27th, 2016","format":false,"excerpt":"Sorry, this entry is only available in Fran\u00e7ais.","rel":"","context":"Similar post","block_context":{"text":"Similar post","link":""},"img":{"alt_text":"","src":"https:\/\/i0.wp.com\/www.nun-studio.com\/wp-content\/uploads\/2016\/09\/nunstudio-magazine-couvRED.png?fit=750%2C1000&ssl=1&resize=350%2C200","width":350,"height":200,"srcset":"https:\/\/i0.wp.com\/www.nun-studio.com\/wp-content\/uploads\/2016\/09\/nunstudio-magazine-couvRED.png?fit=750%2C1000&ssl=1&resize=350%2C200 1x, https:\/\/i0.wp.com\/www.nun-studio.com\/wp-content\/uploads\/2016\/09\/nunstudio-magazine-couvRED.png?fit=750%2C1000&ssl=1&resize=525%2C300 1.5x, https:\/\/i0.wp.com\/www.nun-studio.com\/wp-content\/uploads\/2016\/09\/nunstudio-magazine-couvRED.png?fit=750%2C1000&ssl=1&resize=700%2C400 2x"},"classes":[]}],"_links":{"self":[{"href":"https:\/\/www.nun-studio.com\/en\/wp-json\/wp\/v2\/product\/545","targetHints":{"allow":["GET"]}}],"collection":[{"href":"https:\/\/www.nun-studio.com\/en\/wp-json\/wp\/v2\/product"}],"about":[{"href":"https:\/\/www.nun-studio.com\/en\/wp-json\/wp\/v2\/types\/product"}],"replies":[{"embeddable":true,"href":"https:\/\/www.nun-studio.com\/en\/wp-json\/wp\/v2\/comments?post=545"}],"wp:featuredmedia":[{"embeddable":true,"href":"https:\/\/www.nun-studio.com\/en\/wp-json\/wp\/v2\/media\/633"}],"wp:attachment":[{"href":"https:\/\/www.nun-studio.com\/en\/wp-json\/wp\/v2\/media?parent=545"}],"wp:term":[{"taxonomy":"product_brand","embeddable":true,"href":"https:\/\/www.nun-studio.com\/en\/wp-json\/wp\/v2\/product_brand?post=545"},{"taxonomy":"product_cat","embeddable":true,"href":"https:\/\/www.nun-studio.com\/en\/wp-json\/wp\/v2\/product_cat?post=545"},{"taxonomy":"product_tag","embeddable":true,"href":"https:\/\/www.nun-studio.com\/en\/wp-json\/wp\/v2\/product_tag?post=545"}],"curies":[{"name":"wp","href":"https:\/\/api.w.org\/{rel}","templated":true}]}}