{"id":5445,"date":"2019-08-18T11:35:52","date_gmt":"2019-08-18T10:35:52","guid":{"rendered":"https:\/\/www.nun-studio.com\/?post_type=product&#038;p=5445"},"modified":"2021-11-16T08:31:59","modified_gmt":"2021-11-16T07:31:59","slug":"kit-poupee-amicie-1","status":"publish","type":"product","link":"https:\/\/www.nun-studio.com\/en\/produit\/kit-poupee-amicie-1\/","title":{"rendered":"AMICIE doll kit n\u00b01"},"content":{"rendered":"<p>Le kit contient de quoi r\u00e9aliser :<\/p>\n<ul>\n<li>La poup\u00e9e AMICIE de 20cm<\/li>\n<li>Une tenue compos\u00e9e d&#8217;un tablier d&#8217;\u00e9colier + bonnet d&#8217;\u00e2ne<\/li>\n<li>Une tenue compos\u00e9e d&#8217;une cape et d&#8217;un b\u00e9guin<\/li>\n<\/ul>\n<p>&nbsp;<\/p>\n","protected":false},"excerpt":{"rendered":"<p>KIT pour<strong> poup\u00e9e AMICIE (20cm)<\/strong> comprenant : les fournitures pour r\u00e9aliser la poup\u00e9e (except\u00e9 la ouate) + 2 tenues compl\u00e8tes (voir d\u00e9tail ci-dessous). Les explications pour r\u00e9aliser la poup\u00e9e et sa tenue se trouvent dans le magazine Marie Claire Id\u00e9es n\u00b0134 (septembre 2019).<\/p>\n<p><img loading=\"lazy\" decoding=\"async\" class=\"wp-image-307 alignleft\" src=\"https:\/\/www.nun-studio.com\/wp-content\/uploads\/2016\/02\/leplus1.png\" alt=\"\" width=\"33\" height=\"33\" \/>\u00a0Vous pouvez compl\u00e9ter la garde-robe de la poup\u00e9e gr\u00e2ce \u00e0 notre<a href=\"https:\/\/www.nun-studio.com\/produit\/livret-garde-robe-poupee-angele-anastasia\/\"> <strong>livret de patrons pour poup\u00e9e de 20cm.<\/strong><\/a><\/p>\n","protected":false},"featured_media":5451,"comment_status":"open","ping_status":"closed","template":"","meta":{"jetpack_post_was_ever_published":false,"jetpack_publicize_message":"","jetpack_publicize_feature_enabled":true,"jetpack_social_post_already_shared":true,"jetpack_social_options":{"image_generator_settings":{"template":"highway","default_image_id":0,"font":"","enabled":false},"version":2}},"product_brand":[],"product_cat":[26,75,126],"product_tag":[124,52,53,118,127],"class_list":{"0":"post-5445","1":"product","2":"type-product","3":"status-publish","4":"has-post-thumbnail","6":"product_cat-kits-poupee","7":"product_cat-nouveautes","8":"product_cat-poupee-amicie-marie-claire-idees","9":"product_tag-kit-poupee","10":"product_tag-kit-vetement","11":"product_tag-kits","12":"product_tag-poupee-20cm","13":"product_tag-poupee-amicie","14":"product_shipping_class-lettre","16":"first","17":"instock","18":"purchasable","19":"product-type-simple"},"jetpack_publicize_connections":[],"jetpack_sharing_enabled":true,"jetpack-related-posts":[{"id":2073,"url":"https:\/\/www.nun-studio.com\/en\/produit\/nun-studio-magazine-1\/","url_meta":{"origin":5445,"position":0},"title":"NUN studio magazine &#8211; patterns booklet","author":"Alma","date":"Tuesday September 27th, 2016","format":false,"excerpt":"Sorry, this entry is only available in Fran\u00e7ais.","rel":"","context":"Similar post","block_context":{"text":"Similar post","link":""},"img":{"alt_text":"","src":"https:\/\/i0.wp.com\/www.nun-studio.com\/wp-content\/uploads\/2016\/09\/nunstudio-magazine-couvRED.png?fit=750%2C1000&ssl=1&resize=350%2C200","width":350,"height":200,"srcset":"https:\/\/i0.wp.com\/www.nun-studio.com\/wp-content\/uploads\/2016\/09\/nunstudio-magazine-couvRED.png?fit=750%2C1000&ssl=1&resize=350%2C200 1x, https:\/\/i0.wp.com\/www.nun-studio.com\/wp-content\/uploads\/2016\/09\/nunstudio-magazine-couvRED.png?fit=750%2C1000&ssl=1&resize=525%2C300 1.5x, https:\/\/i0.wp.com\/www.nun-studio.com\/wp-content\/uploads\/2016\/09\/nunstudio-magazine-couvRED.png?fit=750%2C1000&ssl=1&resize=700%2C400 2x"},"classes":[]},{"id":347,"url":"https:\/\/www.nun-studio.com\/en\/produit\/livret-garde-robe-poupee-angele-anastasia\/","url_meta":{"origin":5445,"position":1},"title":"BOOKLET \u2013 17 clothes patterns for ANGELE doll","author":"Alma","date":"Wednesday February 24th, 2016","format":false,"excerpt":"A booklet for 17 cute patterns (to sew & knit) for ANGELE doll. Please note this booklet is currently available in french only, but you will find inside many sketches for each sewing step. Real size patterns, ready to cut. 32 sheets, colorprinted. You can see the inside book HERE.\u2026","rel":"","context":"Similar post","block_context":{"text":"Similar post","link":""},"img":{"alt_text":"","src":"https:\/\/i0.wp.com\/www.nun-studio.com\/wp-content\/uploads\/2016\/02\/livret_sur_fond_carre.png?fit=1128%2C1128&ssl=1&resize=350%2C200","width":350,"height":200,"srcset":"https:\/\/i0.wp.com\/www.nun-studio.com\/wp-content\/uploads\/2016\/02\/livret_sur_fond_carre.png?fit=1128%2C1128&ssl=1&resize=350%2C200 1x, https:\/\/i0.wp.com\/www.nun-studio.com\/wp-content\/uploads\/2016\/02\/livret_sur_fond_carre.png?fit=1128%2C1128&ssl=1&resize=525%2C300 1.5x, https:\/\/i0.wp.com\/www.nun-studio.com\/wp-content\/uploads\/2016\/02\/livret_sur_fond_carre.png?fit=1128%2C1128&ssl=1&resize=700%2C400 2x, https:\/\/i0.wp.com\/www.nun-studio.com\/wp-content\/uploads\/2016\/02\/livret_sur_fond_carre.png?fit=1128%2C1128&ssl=1&resize=1050%2C600 3x"},"classes":[]},{"id":5187,"url":"https:\/\/www.nun-studio.com\/en\/produit\/kit-complet-poupee-adele-blonde\/","url_meta":{"origin":5445,"position":2},"title":"KIT complet poup\u00e9e ADELE &#8211; blonde","author":"Alma","date":"Wednesday March 13th, 2019","format":false,"excerpt":"KIT pour poup\u00e9e ADELE (20cm) comprenant : les fournitures pour r\u00e9aliser la tenue compl\u00e8te de la poup\u00e9e pr\u00e9sent\u00e9e sur la photo, ainsi que les fournitures pour r\u00e9aliser la poup\u00e9e elle-m\u00eame - le visage est pr\u00e9-imprim\u00e9. Les explications pour r\u00e9aliser la poup\u00e9e et sa tenue sont contenues dans ce kit. Il\u2026","rel":"","context":"Similar post","block_context":{"text":"Similar post","link":""},"img":{"alt_text":"","src":"https:\/\/i0.wp.com\/www.nun-studio.com\/wp-content\/uploads\/2019\/03\/Capture-d%E2%80%99%C3%A9cran-2019-03-13-%C3%A0-16.13.57.png?fit=1190%2C1184&ssl=1&resize=350%2C200","width":350,"height":200,"srcset":"https:\/\/i0.wp.com\/www.nun-studio.com\/wp-content\/uploads\/2019\/03\/Capture-d%E2%80%99%C3%A9cran-2019-03-13-%C3%A0-16.13.57.png?fit=1190%2C1184&ssl=1&resize=350%2C200 1x, https:\/\/i0.wp.com\/www.nun-studio.com\/wp-content\/uploads\/2019\/03\/Capture-d%E2%80%99%C3%A9cran-2019-03-13-%C3%A0-16.13.57.png?fit=1190%2C1184&ssl=1&resize=525%2C300 1.5x, https:\/\/i0.wp.com\/www.nun-studio.com\/wp-content\/uploads\/2019\/03\/Capture-d%E2%80%99%C3%A9cran-2019-03-13-%C3%A0-16.13.57.png?fit=1190%2C1184&ssl=1&resize=700%2C400 2x, https:\/\/i0.wp.com\/www.nun-studio.com\/wp-content\/uploads\/2019\/03\/Capture-d%E2%80%99%C3%A9cran-2019-03-13-%C3%A0-16.13.57.png?fit=1190%2C1184&ssl=1&resize=1050%2C600 3x"},"classes":[]},{"id":7066,"url":"https:\/\/www.nun-studio.com\/en\/produit\/nun-studio-magazine-n2-15-patrons-poupons-durs\/","url_meta":{"origin":5445,"position":3},"title":"NUN studio magazine &#8211; patterns booklet n.2","author":"Alma","date":"Sunday March 20th, 2022","format":false,"excerpt":"Le livret du magazine (format A5) comprend les\u00a0patrons tricots et couture \u00e0 taille r\u00e9elle, pour 3 tailles de poup\u00e9es (Corolle 30 et 36cm avec corps tissu, Gordi de Paola Reina et Minikane), mais s\u2019adaptera tr\u00e8s bien \u00e0 d\u2019autres marques de poupons (voir le tableau des mensurations dans les images produits\u2026","rel":"","context":"Similar post","block_context":{"text":"Similar post","link":""},"img":{"alt_text":"","src":"https:\/\/i0.wp.com\/www.nun-studio.com\/wp-content\/uploads\/2022\/03\/APC_0586a3.jpeg?fit=1200%2C1200&ssl=1&resize=350%2C200","width":350,"height":200,"srcset":"https:\/\/i0.wp.com\/www.nun-studio.com\/wp-content\/uploads\/2022\/03\/APC_0586a3.jpeg?fit=1200%2C1200&ssl=1&resize=350%2C200 1x, https:\/\/i0.wp.com\/www.nun-studio.com\/wp-content\/uploads\/2022\/03\/APC_0586a3.jpeg?fit=1200%2C1200&ssl=1&resize=525%2C300 1.5x, https:\/\/i0.wp.com\/www.nun-studio.com\/wp-content\/uploads\/2022\/03\/APC_0586a3.jpeg?fit=1200%2C1200&ssl=1&resize=700%2C400 2x, https:\/\/i0.wp.com\/www.nun-studio.com\/wp-content\/uploads\/2022\/03\/APC_0586a3.jpeg?fit=1200%2C1200&ssl=1&resize=1050%2C600 3x"},"classes":[]},{"id":67,"url":"https:\/\/www.nun-studio.com\/en\/produit\/kit-poupee-angele-brune-beige\/","url_meta":{"origin":5445,"position":4},"title":"KIT ANGELE doll \u2018 brown hair \/ cream \u2019","author":"Alma","date":"Thursday February 18th, 2016","format":false,"excerpt":"Ang\u00e8le DIMANCHE\u00a0is a pretty little poseable doll (8' \/ 20cm tall) you will be happy to\u00a0make and dress. Please note the instructions are\u00a0currently available in FRENCH\u00a0only.\u00a0She is a NUN studio and her face has been designed by the talented illustrator\u00a0Suzy Ultman, SEE DETAILS\u00a0below\u00a0\u2013\u00a0all\u00a0ANGELE DOLL\u00a0products\u00a0HERE","rel":"","context":"Similar post","block_context":{"text":"Similar post","link":""},"img":{"alt_text":"","src":"https:\/\/i0.wp.com\/www.nun-studio.com\/wp-content\/uploads\/2016\/02\/beige_brune2-5.jpg?fit=800%2C800&ssl=1&resize=350%2C200","width":350,"height":200,"srcset":"https:\/\/i0.wp.com\/www.nun-studio.com\/wp-content\/uploads\/2016\/02\/beige_brune2-5.jpg?fit=800%2C800&ssl=1&resize=350%2C200 1x, https:\/\/i0.wp.com\/www.nun-studio.com\/wp-content\/uploads\/2016\/02\/beige_brune2-5.jpg?fit=800%2C800&ssl=1&resize=525%2C300 1.5x, https:\/\/i0.wp.com\/www.nun-studio.com\/wp-content\/uploads\/2016\/02\/beige_brune2-5.jpg?fit=800%2C800&ssl=1&resize=700%2C400 2x"},"classes":[]},{"id":114,"url":"https:\/\/www.nun-studio.com\/en\/produit\/kit-poupee-angele-blonde-bleue\/","url_meta":{"origin":5445,"position":5},"title":"KIT ANGELE doll \u2018 blond hair \/ blue \u2019","author":"Alma","date":"Thursday February 11th, 2016","format":false,"excerpt":"Ang\u00e8le DIMANCHE\u00a0is a pretty little poseable doll (8' \/ 20cm tall) you will be happy to\u00a0make and dress.\u00a0Please note\u00a0the instructions are\u00a0currently available in FRENCH only.\u00a0She is a NUN studio and her face has been designed by the talented illustrator\u00a0Suzy Ultman, SEE DETAILS\u00a0below\u00a0\u2013\u00a0all\u00a0ANGELE DOLL\u00a0products\u00a0HERE","rel":"","context":"Similar post","block_context":{"text":"Similar post","link":""},"img":{"alt_text":"","src":"https:\/\/i0.wp.com\/www.nun-studio.com\/wp-content\/uploads\/2016\/02\/bleu_bonde3-1.jpg?fit=750%2C750&ssl=1&resize=350%2C200","width":350,"height":200,"srcset":"https:\/\/i0.wp.com\/www.nun-studio.com\/wp-content\/uploads\/2016\/02\/bleu_bonde3-1.jpg?fit=750%2C750&ssl=1&resize=350%2C200 1x, https:\/\/i0.wp.com\/www.nun-studio.com\/wp-content\/uploads\/2016\/02\/bleu_bonde3-1.jpg?fit=750%2C750&ssl=1&resize=525%2C300 1.5x, https:\/\/i0.wp.com\/www.nun-studio.com\/wp-content\/uploads\/2016\/02\/bleu_bonde3-1.jpg?fit=750%2C750&ssl=1&resize=700%2C400 2x"},"classes":[]}],"_links":{"self":[{"href":"https:\/\/www.nun-studio.com\/en\/wp-json\/wp\/v2\/product\/5445","targetHints":{"allow":["GET"]}}],"collection":[{"href":"https:\/\/www.nun-studio.com\/en\/wp-json\/wp\/v2\/product"}],"about":[{"href":"https:\/\/www.nun-studio.com\/en\/wp-json\/wp\/v2\/types\/product"}],"replies":[{"embeddable":true,"href":"https:\/\/www.nun-studio.com\/en\/wp-json\/wp\/v2\/comments?post=5445"}],"wp:featuredmedia":[{"embeddable":true,"href":"https:\/\/www.nun-studio.com\/en\/wp-json\/wp\/v2\/media\/5451"}],"wp:attachment":[{"href":"https:\/\/www.nun-studio.com\/en\/wp-json\/wp\/v2\/media?parent=5445"}],"wp:term":[{"taxonomy":"product_brand","embeddable":true,"href":"https:\/\/www.nun-studio.com\/en\/wp-json\/wp\/v2\/product_brand?post=5445"},{"taxonomy":"product_cat","embeddable":true,"href":"https:\/\/www.nun-studio.com\/en\/wp-json\/wp\/v2\/product_cat?post=5445"},{"taxonomy":"product_tag","embeddable":true,"href":"https:\/\/www.nun-studio.com\/en\/wp-json\/wp\/v2\/product_tag?post=5445"}],"curies":[{"name":"wp","href":"https:\/\/api.w.org\/{rel}","templated":true}]}}