{"id":5187,"date":"2019-03-13T15:38:36","date_gmt":"2019-03-13T14:38:36","guid":{"rendered":"https:\/\/www.nun-studio.com\/?post_type=product&#038;p=5187"},"modified":"2021-12-05T22:09:13","modified_gmt":"2021-12-05T21:09:13","slug":"kit-complet-poupee-adele-blonde","status":"publish","type":"product","link":"https:\/\/www.nun-studio.com\/en\/produit\/kit-complet-poupee-adele-blonde\/","title":{"rendered":"KIT complet poup\u00e9e ADELE &#8211; blonde"},"content":{"rendered":"","protected":false},"excerpt":{"rendered":"<p>KIT pour<strong> poup\u00e9e ADELE (20cm)<\/strong> comprenant : les fournitures pour r\u00e9aliser la tenue compl\u00e8te de la poup\u00e9e pr\u00e9sent\u00e9e sur la photo, ainsi que les fournitures pour r\u00e9aliser la poup\u00e9e elle-m\u00eame &#8211; le visage est pr\u00e9-imprim\u00e9. Les explications pour r\u00e9aliser la poup\u00e9e et sa tenue sont contenues dans ce kit.<\/p>\n<p>Il n&#8217;est pas n\u00e9cessaire d&#8217;utiliser une machine \u00e0 coudre pour coudre la poup\u00e9e elle-m\u00eame : elle s&#8217;assemble \u00e0 la main au point de feston.<\/p>\n","protected":false},"featured_media":5192,"comment_status":"open","ping_status":"closed","template":"","meta":{"jetpack_post_was_ever_published":false,"jetpack_publicize_message":"","jetpack_publicize_feature_enabled":true,"jetpack_social_post_already_shared":true,"jetpack_social_options":{"image_generator_settings":{"template":"highway","default_image_id":0,"font":"","enabled":false},"version":2}},"product_brand":[],"product_cat":[26,75,116,112,113,86,135],"product_tag":[124,52,53,118,117],"class_list":{"0":"post-5187","1":"product","2":"type-product","3":"status-publish","4":"has-post-thumbnail","6":"product_cat-kits-poupee","7":"product_cat-nouveautes","8":"product_cat-poupee-adele-20cm-a-coudre-habiller","9":"product_cat-poupee-angele-anastasia-20cm","10":"product_cat-angele-anastasia-a-coudre-habiller","11":"product_cat-soldes","12":"product_cat-soldes-poupees","13":"product_tag-kit-poupee","14":"product_tag-kit-vetement","15":"product_tag-kits","16":"product_tag-poupee-20cm","17":"product_tag-poupee-adele","18":"product_shipping_class-lettre","20":"first","21":"instock","22":"sale","23":"purchasable","24":"product-type-simple"},"jetpack_publicize_connections":[],"jetpack_sharing_enabled":true,"jetpack-related-posts":[{"id":6812,"url":"https:\/\/www.nun-studio.com\/en\/produit\/kit-ambre-anatole-nue-livret\/","url_meta":{"origin":5187,"position":0},"title":"AMBRE \/ ANATOLE dollkit (naked) + booklet","author":"Alma","date":"Saturday November 13th, 2021","format":false,"excerpt":"The AMBRE\u00a0dollkit includes the\u00a0doll pattern (paper), the \"how to\" (PDF) and all the stuff you need to\u00a0sew this\u00a0doll (naked). The text is in french but many drawings explain you the how to.You can chose the bunny or the lamb ears (same item). You will have also the AMBRE\u00a0dollclothes PDF booklet\u00a0including\u2026","rel":"","context":"Similar post","block_context":{"text":"Similar post","link":""},"img":{"alt_text":"","src":"https:\/\/i0.wp.com\/www.nun-studio.com\/wp-content\/uploads\/2021\/11\/AMBRE-nunstudio-13.jpg?fit=1200%2C1200&ssl=1&resize=350%2C200","width":350,"height":200,"srcset":"https:\/\/i0.wp.com\/www.nun-studio.com\/wp-content\/uploads\/2021\/11\/AMBRE-nunstudio-13.jpg?fit=1200%2C1200&ssl=1&resize=350%2C200 1x, https:\/\/i0.wp.com\/www.nun-studio.com\/wp-content\/uploads\/2021\/11\/AMBRE-nunstudio-13.jpg?fit=1200%2C1200&ssl=1&resize=525%2C300 1.5x, https:\/\/i0.wp.com\/www.nun-studio.com\/wp-content\/uploads\/2021\/11\/AMBRE-nunstudio-13.jpg?fit=1200%2C1200&ssl=1&resize=700%2C400 2x, https:\/\/i0.wp.com\/www.nun-studio.com\/wp-content\/uploads\/2021\/11\/AMBRE-nunstudio-13.jpg?fit=1200%2C1200&ssl=1&resize=1050%2C600 3x"},"classes":[]},{"id":1716,"url":"https:\/\/www.nun-studio.com\/en\/produit\/kit-machine-mercerie-angele-anastasia\/","url_meta":{"origin":5187,"position":1},"title":"(Copie) (Copie) (Copie) (Copie) (Copie)","author":"Alma","date":"Tuesday September 20th, 2016","format":false,"excerpt":"Sorry, this entry is only available in Fran\u00e7ais.","rel":"","context":"Similar post","block_context":{"text":"Similar post","link":""},"img":{"alt_text":"","src":"https:\/\/i0.wp.com\/www.nun-studio.com\/wp-content\/uploads\/2016\/09\/P1110344BRED.jpg?fit=599%2C600&ssl=1&resize=350%2C200","width":350,"height":200,"srcset":"https:\/\/i0.wp.com\/www.nun-studio.com\/wp-content\/uploads\/2016\/09\/P1110344BRED.jpg?fit=599%2C600&ssl=1&resize=350%2C200 1x, https:\/\/i0.wp.com\/www.nun-studio.com\/wp-content\/uploads\/2016\/09\/P1110344BRED.jpg?fit=599%2C600&ssl=1&resize=525%2C300 1.5x"},"classes":[]},{"id":6852,"url":"https:\/\/www.nun-studio.com\/en\/produit\/kit-complet-poupee-ambre-4\/","url_meta":{"origin":5187,"position":2},"title":"AMBRE dollkit + outfit n\u00b04","author":"Alma","date":"Thursday November 13th, 2008","format":false,"excerpt":"The AMBRE\u00a0dollkit + outfit\u00a0includes the\u00a0doll + outfit pattern and all the stuff you need to\u00a0sew this\u00a0doll. The text is in french but many drawings explain you the how to. You can chose the bunny or the lamb ears (same item). Le KIT complet poup\u00e9e AMBRE\u00a0n\u00b04\u00a0contient les patrons imprim\u00e9s \u00e0 taille\u2026","rel":"","context":"Similar post","block_context":{"text":"Similar post","link":""},"img":{"alt_text":"","src":"https:\/\/i0.wp.com\/www.nun-studio.com\/wp-content\/uploads\/2021\/11\/AMBRE-nunstudio-6.jpg?fit=1200%2C1200&ssl=1&resize=350%2C200","width":350,"height":200,"srcset":"https:\/\/i0.wp.com\/www.nun-studio.com\/wp-content\/uploads\/2021\/11\/AMBRE-nunstudio-6.jpg?fit=1200%2C1200&ssl=1&resize=350%2C200 1x, https:\/\/i0.wp.com\/www.nun-studio.com\/wp-content\/uploads\/2021\/11\/AMBRE-nunstudio-6.jpg?fit=1200%2C1200&ssl=1&resize=525%2C300 1.5x, https:\/\/i0.wp.com\/www.nun-studio.com\/wp-content\/uploads\/2021\/11\/AMBRE-nunstudio-6.jpg?fit=1200%2C1200&ssl=1&resize=700%2C400 2x, https:\/\/i0.wp.com\/www.nun-studio.com\/wp-content\/uploads\/2021\/11\/AMBRE-nunstudio-6.jpg?fit=1200%2C1200&ssl=1&resize=1050%2C600 3x"},"classes":[]},{"id":6853,"url":"https:\/\/www.nun-studio.com\/en\/produit\/kit-complet-poupee-ambre-5\/","url_meta":{"origin":5187,"position":3},"title":"AMBRE dollkit + outfit n\u00b05","author":"Alma","date":"Thursday November 13th, 2008","format":false,"excerpt":"The AMBRE\u00a0dollkit + outfit\u00a0includes the\u00a0doll + outfit pattern and all the stuff you need to\u00a0sew this\u00a0doll. The text is in french but many drawings explain you the how to. You can chose the bunny or the lamb ears (same item). Le KIT complet poup\u00e9e AMBRE\u00a0n\u00b05 contient les patrons imprim\u00e9s \u00e0\u2026","rel":"","context":"Similar post","block_context":{"text":"Similar post","link":""},"img":{"alt_text":"","src":"https:\/\/i0.wp.com\/www.nun-studio.com\/wp-content\/uploads\/2021\/11\/AMBRE-nunstudio-17.jpg?fit=1200%2C1200&ssl=1&resize=350%2C200","width":350,"height":200,"srcset":"https:\/\/i0.wp.com\/www.nun-studio.com\/wp-content\/uploads\/2021\/11\/AMBRE-nunstudio-17.jpg?fit=1200%2C1200&ssl=1&resize=350%2C200 1x, https:\/\/i0.wp.com\/www.nun-studio.com\/wp-content\/uploads\/2021\/11\/AMBRE-nunstudio-17.jpg?fit=1200%2C1200&ssl=1&resize=525%2C300 1.5x, https:\/\/i0.wp.com\/www.nun-studio.com\/wp-content\/uploads\/2021\/11\/AMBRE-nunstudio-17.jpg?fit=1200%2C1200&ssl=1&resize=700%2C400 2x, https:\/\/i0.wp.com\/www.nun-studio.com\/wp-content\/uploads\/2021\/11\/AMBRE-nunstudio-17.jpg?fit=1200%2C1200&ssl=1&resize=1050%2C600 3x"},"classes":[]},{"id":6777,"url":"https:\/\/www.nun-studio.com\/en\/produit\/kit-complet-ambre-1\/","url_meta":{"origin":5187,"position":4},"title":"AMBRE dollkit + outfit n\u00b01","author":"Alma","date":"Saturday November 13th, 2021","format":false,"excerpt":"The AMBRE\u00a0dollkit + outfit\u00a0includes the\u00a0doll + outfit pattern and all the stuff you need to\u00a0sew this\u00a0doll. The text is in french but many drawings explain you the how to. You can chose the bunny or the lamb ears (same item). Le KIT complet poup\u00e9e AMBRE\u00a0n\u00b01 contient les patrons imprim\u00e9s \u00e0\u2026","rel":"","context":"Similar post","block_context":{"text":"Similar post","link":""},"img":{"alt_text":"","src":"https:\/\/i0.wp.com\/www.nun-studio.com\/wp-content\/uploads\/2021\/11\/AMBRE-nunstudio-5.jpg?fit=1200%2C1200&ssl=1&resize=350%2C200","width":350,"height":200,"srcset":"https:\/\/i0.wp.com\/www.nun-studio.com\/wp-content\/uploads\/2021\/11\/AMBRE-nunstudio-5.jpg?fit=1200%2C1200&ssl=1&resize=350%2C200 1x, https:\/\/i0.wp.com\/www.nun-studio.com\/wp-content\/uploads\/2021\/11\/AMBRE-nunstudio-5.jpg?fit=1200%2C1200&ssl=1&resize=525%2C300 1.5x, https:\/\/i0.wp.com\/www.nun-studio.com\/wp-content\/uploads\/2021\/11\/AMBRE-nunstudio-5.jpg?fit=1200%2C1200&ssl=1&resize=700%2C400 2x, https:\/\/i0.wp.com\/www.nun-studio.com\/wp-content\/uploads\/2021\/11\/AMBRE-nunstudio-5.jpg?fit=1200%2C1200&ssl=1&resize=1050%2C600 3x"},"classes":[]},{"id":6779,"url":"https:\/\/www.nun-studio.com\/en\/produit\/kit-complet-anatole\/","url_meta":{"origin":5187,"position":5},"title":"ANATOLE dollkit + outfit","author":"Alma","date":"Saturday November 13th, 2021","format":false,"excerpt":"The ANATOLE dollkit \u00a0includes the\u00a0doll + outfit pattern and all the stuff you need to\u00a0sew this\u00a0doll. The text is in french but many drawings explain you the how to. You can chose the bunny or the lamb ears (same item). Le KIT complet poup\u00e9e ANATOLE\u00a0contient les patrons imprim\u00e9s \u00e0 taille\u2026","rel":"","context":"Similar post","block_context":{"text":"Similar post","link":""},"img":{"alt_text":"","src":"https:\/\/i0.wp.com\/www.nun-studio.com\/wp-content\/uploads\/2021\/11\/AMBRE-nunstudio-3.jpg?fit=1200%2C1200&ssl=1&resize=350%2C200","width":350,"height":200,"srcset":"https:\/\/i0.wp.com\/www.nun-studio.com\/wp-content\/uploads\/2021\/11\/AMBRE-nunstudio-3.jpg?fit=1200%2C1200&ssl=1&resize=350%2C200 1x, https:\/\/i0.wp.com\/www.nun-studio.com\/wp-content\/uploads\/2021\/11\/AMBRE-nunstudio-3.jpg?fit=1200%2C1200&ssl=1&resize=525%2C300 1.5x, https:\/\/i0.wp.com\/www.nun-studio.com\/wp-content\/uploads\/2021\/11\/AMBRE-nunstudio-3.jpg?fit=1200%2C1200&ssl=1&resize=700%2C400 2x, https:\/\/i0.wp.com\/www.nun-studio.com\/wp-content\/uploads\/2021\/11\/AMBRE-nunstudio-3.jpg?fit=1200%2C1200&ssl=1&resize=1050%2C600 3x"},"classes":[]}],"_links":{"self":[{"href":"https:\/\/www.nun-studio.com\/en\/wp-json\/wp\/v2\/product\/5187","targetHints":{"allow":["GET"]}}],"collection":[{"href":"https:\/\/www.nun-studio.com\/en\/wp-json\/wp\/v2\/product"}],"about":[{"href":"https:\/\/www.nun-studio.com\/en\/wp-json\/wp\/v2\/types\/product"}],"replies":[{"embeddable":true,"href":"https:\/\/www.nun-studio.com\/en\/wp-json\/wp\/v2\/comments?post=5187"}],"wp:featuredmedia":[{"embeddable":true,"href":"https:\/\/www.nun-studio.com\/en\/wp-json\/wp\/v2\/media\/5192"}],"wp:attachment":[{"href":"https:\/\/www.nun-studio.com\/en\/wp-json\/wp\/v2\/media?parent=5187"}],"wp:term":[{"taxonomy":"product_brand","embeddable":true,"href":"https:\/\/www.nun-studio.com\/en\/wp-json\/wp\/v2\/product_brand?post=5187"},{"taxonomy":"product_cat","embeddable":true,"href":"https:\/\/www.nun-studio.com\/en\/wp-json\/wp\/v2\/product_cat?post=5187"},{"taxonomy":"product_tag","embeddable":true,"href":"https:\/\/www.nun-studio.com\/en\/wp-json\/wp\/v2\/product_tag?post=5187"}],"curies":[{"name":"wp","href":"https:\/\/api.w.org\/{rel}","templated":true}]}}