{"id":4926,"date":"2018-12-07T14:48:13","date_gmt":"2018-12-07T13:48:13","guid":{"rendered":"https:\/\/www.nun-studio.com\/?post_type=product&#038;p=4926"},"modified":"2020-11-27T10:27:29","modified_gmt":"2020-11-27T09:27:29","slug":"carte-cadeau-30e","status":"publish","type":"product","link":"https:\/\/www.nun-studio.com\/en\/produit\/carte-cadeau-30e\/","title":{"rendered":"CARTE CADEAU &#8211; 30\u20ac"},"content":{"rendered":"","protected":false},"excerpt":{"rendered":"<p>Pour offrir un cadeau personnalis\u00e9 sans se tromper&#8230; la CARTE CADEAU vous permettra de combler vos proches en toute tranquillit\u00e9. Disponible en version 30, 50 et 100 euros.<\/p>\n<p>Possibilit\u00e9 de combiner plusieurs cartes cadeaux pour arriver au montant de votre choix.<\/p>\n<p>La CARTE CADEAU est envoy\u00e9e \u00e0 l&#8217;adresse de livraison que vous mentionnez dans une enveloppe ind\u00e9pendante, avec un petit mode d&#8217;emploi, pour d\u00e9poser au pied du sapin ou pour un \u00e9v\u00e9nement particulier. Si vous d\u00e9sirez que nous l&#8217;envoyions \u00e0 une autre adresse que votre adresse personnelle, mieux vaut indiquer cette autre adresse dans les notes que vous pouvez ajouter lors du processus de commande. Nous pouvons aussi personnaliser l&#8217;enveloppe avec un pr\u00e9nom selon vos d\u00e9sirs.<\/p>\n","protected":false},"featured_media":4927,"comment_status":"open","ping_status":"closed","template":"","meta":{"jetpack_post_was_ever_published":false,"jetpack_publicize_message":"","jetpack_publicize_feature_enabled":true,"jetpack_social_post_already_shared":true,"jetpack_social_options":{"image_generator_settings":{"template":"highway","default_image_id":0,"font":"","enabled":false},"version":2}},"product_brand":[],"product_cat":[83,119,75],"product_tag":[53,91,88,120],"class_list":{"0":"post-4926","1":"product","2":"type-product","3":"status-publish","4":"has-post-thumbnail","6":"product_cat-autres","7":"product_cat-carte-cadeau","8":"product_cat-nouveautes","9":"product_tag-kits","10":"product_tag-patrons-enfant","11":"product_tag-patrons-femme","12":"product_tag-poupees","13":"product_shipping_class-lettre","15":"first","16":"instock","17":"purchasable","18":"product-type-simple"},"jetpack_publicize_connections":[],"jetpack_sharing_enabled":true,"jetpack-related-posts":[{"id":4929,"url":"https:\/\/www.nun-studio.com\/en\/produit\/carte-cadeau-50e\/","url_meta":{"origin":4926,"position":0},"title":"CARTE CADEAU &#8211; 50\u20ac","author":"Alma","date":"Friday December  7th, 2018","format":false,"excerpt":"Pour offrir un cadeau personnalis\u00e9 sans se tromper... la CARTE CADEAU vous permettra de combler vos proches en toute tranquillit\u00e9. Disponible en version 30, 50 et 100 euros. Possibilit\u00e9 de combiner plusieurs cartes cadeaux pour arriver au montant de votre choix. La CARTE CADEAU est envoy\u00e9e \u00e0 l'adresse de livraison\u2026","rel":"","context":"Similar post","block_context":{"text":"Similar post","link":""},"img":{"alt_text":"","src":"https:\/\/i0.wp.com\/www.nun-studio.com\/wp-content\/uploads\/2018\/12\/P1120129a.jpg?fit=1200%2C1200&ssl=1&resize=350%2C200","width":350,"height":200,"srcset":"https:\/\/i0.wp.com\/www.nun-studio.com\/wp-content\/uploads\/2018\/12\/P1120129a.jpg?fit=1200%2C1200&ssl=1&resize=350%2C200 1x, https:\/\/i0.wp.com\/www.nun-studio.com\/wp-content\/uploads\/2018\/12\/P1120129a.jpg?fit=1200%2C1200&ssl=1&resize=525%2C300 1.5x, https:\/\/i0.wp.com\/www.nun-studio.com\/wp-content\/uploads\/2018\/12\/P1120129a.jpg?fit=1200%2C1200&ssl=1&resize=700%2C400 2x, https:\/\/i0.wp.com\/www.nun-studio.com\/wp-content\/uploads\/2018\/12\/P1120129a.jpg?fit=1200%2C1200&ssl=1&resize=1050%2C600 3x"},"classes":[]},{"id":4930,"url":"https:\/\/www.nun-studio.com\/en\/produit\/carte-cadeau-100e\/","url_meta":{"origin":4926,"position":1},"title":"CARTE CADEAU &#8211; 100\u20ac","author":"Alma","date":"Friday December  7th, 2018","format":false,"excerpt":"Pour offrir un cadeau personnalis\u00e9 sans se tromper... la CARTE CADEAU vous permettra de combler vos proches en toute tranquillit\u00e9. Disponible en version 30, 50 et 100 euros. Possibilit\u00e9 de combiner plusieurs cartes cadeaux pour arriver au montant de votre choix. La CARTE CADEAU est envoy\u00e9e \u00e0 l'adresse de livraison\u2026","rel":"","context":"Similar post","block_context":{"text":"Similar post","link":""},"img":{"alt_text":"","src":"https:\/\/i0.wp.com\/www.nun-studio.com\/wp-content\/uploads\/2018\/12\/P1120129a.jpg?fit=1200%2C1200&ssl=1&resize=350%2C200","width":350,"height":200,"srcset":"https:\/\/i0.wp.com\/www.nun-studio.com\/wp-content\/uploads\/2018\/12\/P1120129a.jpg?fit=1200%2C1200&ssl=1&resize=350%2C200 1x, https:\/\/i0.wp.com\/www.nun-studio.com\/wp-content\/uploads\/2018\/12\/P1120129a.jpg?fit=1200%2C1200&ssl=1&resize=525%2C300 1.5x, https:\/\/i0.wp.com\/www.nun-studio.com\/wp-content\/uploads\/2018\/12\/P1120129a.jpg?fit=1200%2C1200&ssl=1&resize=700%2C400 2x, https:\/\/i0.wp.com\/www.nun-studio.com\/wp-content\/uploads\/2018\/12\/P1120129a.jpg?fit=1200%2C1200&ssl=1&resize=1050%2C600 3x"},"classes":[]},{"id":1717,"url":"https:\/\/www.nun-studio.com\/en\/produit\/kit-couture-broderie-miniature\/","url_meta":{"origin":4926,"position":2},"title":"(Copie) (Copie) (Copie) (Copie) (Copie) (Copie)","author":"Alma","date":"Tuesday September 20th, 2016","format":false,"excerpt":"Sorry, this entry is only available in Fran\u00e7ais.","rel":"","context":"Similar post","block_context":{"text":"Similar post","link":""},"img":{"alt_text":"","src":"https:\/\/i0.wp.com\/www.nun-studio.com\/wp-content\/uploads\/2016\/09\/P1110353BRED-1.jpg?fit=601%2C600&ssl=1&resize=350%2C200","width":350,"height":200,"srcset":"https:\/\/i0.wp.com\/www.nun-studio.com\/wp-content\/uploads\/2016\/09\/P1110353BRED-1.jpg?fit=601%2C600&ssl=1&resize=350%2C200 1x, https:\/\/i0.wp.com\/www.nun-studio.com\/wp-content\/uploads\/2016\/09\/P1110353BRED-1.jpg?fit=601%2C600&ssl=1&resize=525%2C300 1.5x"},"classes":[]},{"id":1715,"url":"https:\/\/www.nun-studio.com\/en\/produit\/kit-machine-mercerie-brune\/","url_meta":{"origin":4926,"position":3},"title":"(Fran\u00e7ais) KIT machine &#038; mercerie (taille poup\u00e9e Brune)","author":"Alma","date":"Tuesday September 20th, 2016","format":false,"excerpt":"Sorry, this entry is only available in Fran\u00e7ais.","rel":"","context":"Similar post","block_context":{"text":"Similar post","link":""},"img":{"alt_text":"","src":"https:\/\/i0.wp.com\/www.nun-studio.com\/wp-content\/uploads\/2016\/09\/P1110344BRED.jpg?fit=599%2C600&ssl=1&resize=350%2C200","width":350,"height":200,"srcset":"https:\/\/i0.wp.com\/www.nun-studio.com\/wp-content\/uploads\/2016\/09\/P1110344BRED.jpg?fit=599%2C600&ssl=1&resize=350%2C200 1x, https:\/\/i0.wp.com\/www.nun-studio.com\/wp-content\/uploads\/2016\/09\/P1110344BRED.jpg?fit=599%2C600&ssl=1&resize=525%2C300 1.5x"},"classes":[]},{"id":2771,"url":"https:\/\/www.nun-studio.com\/en\/produit\/patron-beltsy-bag\/","url_meta":{"origin":4926,"position":4},"title":"BELTSY bag pattern","author":"Alma","date":"Tuesday February  7th, 2017","format":false,"excerpt":"petit sac girly \u00e0 adapter \u00e0 toutes les situations, \u00e0 m\u00e9langer \u00e0 tous les looks... le cadeau id\u00e9al ! tailles : small (enfant) ou medium (adulte), mais peut \u00eatre d\u00e9clin\u00e9 dans une multitude d'autres tailles par agrandissement ou r\u00e9duction \u00e0 la photocopieuse. Se ferme avec une pression centrale. niveau :\u2026","rel":"","context":"Similar post","block_context":{"text":"Similar post","link":""},"img":{"alt_text":"","src":"https:\/\/i0.wp.com\/www.nun-studio.com\/wp-content\/uploads\/2017\/02\/beltsy_bag-1.jpg?fit=600%2C600&ssl=1&resize=350%2C200","width":350,"height":200,"srcset":"https:\/\/i0.wp.com\/www.nun-studio.com\/wp-content\/uploads\/2017\/02\/beltsy_bag-1.jpg?fit=600%2C600&ssl=1&resize=350%2C200 1x, https:\/\/i0.wp.com\/www.nun-studio.com\/wp-content\/uploads\/2017\/02\/beltsy_bag-1.jpg?fit=600%2C600&ssl=1&resize=525%2C300 1.5x"},"classes":[]},{"id":1716,"url":"https:\/\/www.nun-studio.com\/en\/produit\/kit-machine-mercerie-angele-anastasia\/","url_meta":{"origin":4926,"position":5},"title":"(Copie) (Copie) (Copie) (Copie) (Copie)","author":"Alma","date":"Tuesday September 20th, 2016","format":false,"excerpt":"Sorry, this entry is only available in Fran\u00e7ais.","rel":"","context":"Similar post","block_context":{"text":"Similar post","link":""},"img":{"alt_text":"","src":"https:\/\/i0.wp.com\/www.nun-studio.com\/wp-content\/uploads\/2016\/09\/P1110344BRED.jpg?fit=599%2C600&ssl=1&resize=350%2C200","width":350,"height":200,"srcset":"https:\/\/i0.wp.com\/www.nun-studio.com\/wp-content\/uploads\/2016\/09\/P1110344BRED.jpg?fit=599%2C600&ssl=1&resize=350%2C200 1x, https:\/\/i0.wp.com\/www.nun-studio.com\/wp-content\/uploads\/2016\/09\/P1110344BRED.jpg?fit=599%2C600&ssl=1&resize=525%2C300 1.5x"},"classes":[]}],"_links":{"self":[{"href":"https:\/\/www.nun-studio.com\/en\/wp-json\/wp\/v2\/product\/4926","targetHints":{"allow":["GET"]}}],"collection":[{"href":"https:\/\/www.nun-studio.com\/en\/wp-json\/wp\/v2\/product"}],"about":[{"href":"https:\/\/www.nun-studio.com\/en\/wp-json\/wp\/v2\/types\/product"}],"replies":[{"embeddable":true,"href":"https:\/\/www.nun-studio.com\/en\/wp-json\/wp\/v2\/comments?post=4926"}],"wp:featuredmedia":[{"embeddable":true,"href":"https:\/\/www.nun-studio.com\/en\/wp-json\/wp\/v2\/media\/4927"}],"wp:attachment":[{"href":"https:\/\/www.nun-studio.com\/en\/wp-json\/wp\/v2\/media?parent=4926"}],"wp:term":[{"taxonomy":"product_brand","embeddable":true,"href":"https:\/\/www.nun-studio.com\/en\/wp-json\/wp\/v2\/product_brand?post=4926"},{"taxonomy":"product_cat","embeddable":true,"href":"https:\/\/www.nun-studio.com\/en\/wp-json\/wp\/v2\/product_cat?post=4926"},{"taxonomy":"product_tag","embeddable":true,"href":"https:\/\/www.nun-studio.com\/en\/wp-json\/wp\/v2\/product_tag?post=4926"}],"curies":[{"name":"wp","href":"https:\/\/api.w.org\/{rel}","templated":true}]}}