{"id":4041,"date":"2017-10-08T19:56:33","date_gmt":"2017-10-08T18:56:33","guid":{"rendered":"https:\/\/www.nun-studio.com\/?post_type=product&#038;p=4041"},"modified":"2023-01-12T08:28:43","modified_gmt":"2023-01-12T07:28:43","slug":"kit-tenue-arbres-collab-studio-walkie-talkie","status":"publish","type":"product","link":"https:\/\/www.nun-studio.com\/en\/produit\/kit-tenue-arbres-collab-studio-walkie-talkie\/","title":{"rendered":"&#8221;trees&#8221; outfit kit &#8211; BRUNE doll"},"content":{"rendered":"<p><\/p>\n<p style=\"text-align: justify\"><strong>Le kit est une collaboration NUN studio \/ Studio Walkie Talkie<\/strong><\/p>\n<p style=\"text-align: justify\">Il comprend le mat\u00e9riel pour r\u00e9aliser : la coiffe, le top, la jupe et les chaussures.<\/p>\n<p style=\"text-align: justify\">Il contient<strong> le tissu jacquard Studio Walkie Talkie, <\/strong>le similicuir et les lacets pour les chaussures, la feutrine (tr\u00e8s belle qualit\u00e9) et le lien pour la coiffe, ainsi que la laine pour tricoter le top (aig n\u00b03, non comprises dans le kit).<\/p>\n<p style=\"text-align: justify\"><strong>Niveau de couture requis (tenue)<\/strong> : d\u00e9butant<\/p>\n<p style=\"text-align: justify\"><strong>Niveau de tricot requis (top) :<\/strong> interm\u00e9diaire<\/p>\n<p><\/p>","protected":false},"excerpt":{"rendered":"<p style=\"text-align: justify\"><strong>Ce KIT \u00a0<\/strong>contient tout le mat\u00e9riel n\u00e9cessaire pour r\u00e9aliser cette tenue, <em>hormis les explications de montage et le patron de la poup\u00e9e et de certains v\u00eatements, que vous trouverez dans le livre <strong>\u00ab\u00a0Poup\u00e9e \u00e0 coudre, exercices de style \u00bb<\/strong> disponible <a href=\"https:\/\/www.nun-studio.com\/produit\/livre-poupee-a-coudre\/\"><strong>ICI<\/strong>.<\/a><\/em>\u00a0D\u00e9couvrez les d\u00e9tails du kit ci-dessous.<\/p>\n<p style=\"text-align: justify\"><strong>KIT TENUE EXCLUSIF<\/strong> : la jupe est un patron exclusif r\u00e9alis\u00e9 avec le magnifique tissu jacquard <strong>Studio Walkie Talkie, <\/strong>et le top est un<strong> patron de tricot in\u00e9dit.<\/strong><\/p>\n","protected":false},"featured_media":4078,"comment_status":"open","ping_status":"closed","template":"","meta":{"jetpack_post_was_ever_published":false,"jetpack_publicize_message":"","jetpack_publicize_feature_enabled":true,"jetpack_social_post_already_shared":true,"jetpack_social_options":{"image_generator_settings":{"template":"highway","default_image_id":0,"font":"","enabled":false},"version":2}},"product_brand":[],"product_cat":[100,26,75,111,16],"product_tag":[52,14],"class_list":{"0":"post-4041","1":"product","2":"type-product","3":"status-publish","4":"has-post-thumbnail","6":"product_cat-categorie1","7":"product_cat-kits-poupee","8":"product_cat-nouveautes","9":"product_cat-poupee-brune","10":"product_cat-poupe-brune-a-coudre-habiller","11":"product_tag-kit-vetement","12":"product_tag-poupee-brune","13":"product_shipping_class-colis","15":"first","16":"outofstock","17":"featured","18":"purchasable","19":"product-type-simple"},"jetpack_publicize_connections":[],"jetpack_sharing_enabled":true,"jetpack-related-posts":[{"id":4039,"url":"https:\/\/www.nun-studio.com\/en\/produit\/kit-tenue-nuage-rose-nun-studio-x-studio-walkie-talkie\/","url_meta":{"origin":4041,"position":0},"title":"&#8221;pink cloud&#8221; outfit kit &#8211; BRUNE doll","author":"Alma","date":"Sunday October  8th, 2017","format":false,"excerpt":"Ce KIT contient tout le mat\u00e9riel n\u00e9cessaire pour r\u00e9aliser cette jolie tenue, hormis les explications de montage et le patron de la poup\u00e9e et de certains v\u00eatements, que vous trouverez dans le livre \u00ab\u00a0Poup\u00e9e \u00e0 coudre, exercices de style \u00bb disponible ICI.\u00a0D\u00e9couvrez les d\u00e9tails du kit ci-dessous. KIT VESTE EXCLUSIF\u2026","rel":"","context":"Similar post","block_context":{"text":"Similar post","link":""},"img":{"alt_text":"","src":"https:\/\/i0.wp.com\/www.nun-studio.com\/wp-content\/uploads\/2017\/10\/tenue-nuage-rose-nunstudio-brune-2-scaled.jpg?fit=802%2C1200&ssl=1&resize=350%2C200","width":350,"height":200,"srcset":"https:\/\/i0.wp.com\/www.nun-studio.com\/wp-content\/uploads\/2017\/10\/tenue-nuage-rose-nunstudio-brune-2-scaled.jpg?fit=802%2C1200&ssl=1&resize=350%2C200 1x, https:\/\/i0.wp.com\/www.nun-studio.com\/wp-content\/uploads\/2017\/10\/tenue-nuage-rose-nunstudio-brune-2-scaled.jpg?fit=802%2C1200&ssl=1&resize=525%2C300 1.5x, https:\/\/i0.wp.com\/www.nun-studio.com\/wp-content\/uploads\/2017\/10\/tenue-nuage-rose-nunstudio-brune-2-scaled.jpg?fit=802%2C1200&ssl=1&resize=700%2C400 2x"},"classes":[]},{"id":4037,"url":"https:\/\/www.nun-studio.com\/en\/produit\/kit-tenue-nuage-dore-nun-studio-x-studio-walkie-talkie-copie\/","url_meta":{"origin":4041,"position":1},"title":"&#8221;gold cloud&#8221; outfit kit &#8211; BRUNE doll","author":"Alma","date":"Sunday October  8th, 2017","format":false,"excerpt":"Ce KIT contient tout le mat\u00e9riel n\u00e9cessaire pour r\u00e9aliser cette jolie tenue, hormis les explications de montage de certains v\u00eatements, que vous trouverez dans le livre \u00ab\u00a0Poup\u00e9e \u00e0 coudre, exercices de style \u00bb disponible ICI.\u00a0D\u00e9couvrez les d\u00e9tails du kit ci-dessous. KIT VESTE EXCLUSIF : la veste est un patron exclusif\u2026","rel":"","context":"Similar post","block_context":{"text":"Similar post","link":""},"img":{"alt_text":"","src":"https:\/\/i0.wp.com\/www.nun-studio.com\/wp-content\/uploads\/2017\/10\/tenue-nuage-dore-nunstudio-brune-2-scaled.jpg?fit=802%2C1200&ssl=1&resize=350%2C200","width":350,"height":200,"srcset":"https:\/\/i0.wp.com\/www.nun-studio.com\/wp-content\/uploads\/2017\/10\/tenue-nuage-dore-nunstudio-brune-2-scaled.jpg?fit=802%2C1200&ssl=1&resize=350%2C200 1x, https:\/\/i0.wp.com\/www.nun-studio.com\/wp-content\/uploads\/2017\/10\/tenue-nuage-dore-nunstudio-brune-2-scaled.jpg?fit=802%2C1200&ssl=1&resize=525%2C300 1.5x, https:\/\/i0.wp.com\/www.nun-studio.com\/wp-content\/uploads\/2017\/10\/tenue-nuage-dore-nunstudio-brune-2-scaled.jpg?fit=802%2C1200&ssl=1&resize=700%2C400 2x"},"classes":[]},{"id":545,"url":"https:\/\/www.nun-studio.com\/en\/produit\/kit-poupee-brune-livre-coloris-d\/","url_meta":{"origin":4041,"position":2},"title":"(Copier) (Copier)","author":"Alma","date":"Monday March 14th, 2016","format":false,"excerpt":"Sorry, this entry is only available in Fran\u00e7ais.","rel":"","context":"Similar post","block_context":{"text":"Similar post","link":""},"img":{"alt_text":"","src":"https:\/\/i0.wp.com\/www.nun-studio.com\/wp-content\/uploads\/2016\/04\/kitA_2b.jpg?fit=800%2C801&ssl=1&resize=350%2C200","width":350,"height":200,"srcset":"https:\/\/i0.wp.com\/www.nun-studio.com\/wp-content\/uploads\/2016\/04\/kitA_2b.jpg?fit=800%2C801&ssl=1&resize=350%2C200 1x, https:\/\/i0.wp.com\/www.nun-studio.com\/wp-content\/uploads\/2016\/04\/kitA_2b.jpg?fit=800%2C801&ssl=1&resize=525%2C300 1.5x, https:\/\/i0.wp.com\/www.nun-studio.com\/wp-content\/uploads\/2016\/04\/kitA_2b.jpg?fit=800%2C801&ssl=1&resize=700%2C400 2x"},"classes":[]},{"id":67,"url":"https:\/\/www.nun-studio.com\/en\/produit\/kit-poupee-angele-brune-beige\/","url_meta":{"origin":4041,"position":3},"title":"KIT ANGELE doll \u2018 brown hair \/ cream \u2019","author":"Alma","date":"Thursday February 18th, 2016","format":false,"excerpt":"Ang\u00e8le DIMANCHE\u00a0is a pretty little poseable doll (8' \/ 20cm tall) you will be happy to\u00a0make and dress. Please note the instructions are\u00a0currently available in FRENCH\u00a0only.\u00a0She is a NUN studio and her face has been designed by the talented illustrator\u00a0Suzy Ultman, SEE DETAILS\u00a0below\u00a0\u2013\u00a0all\u00a0ANGELE DOLL\u00a0products\u00a0HERE","rel":"","context":"Similar post","block_context":{"text":"Similar post","link":""},"img":{"alt_text":"","src":"https:\/\/i0.wp.com\/www.nun-studio.com\/wp-content\/uploads\/2016\/02\/beige_brune2-5.jpg?fit=800%2C800&ssl=1&resize=350%2C200","width":350,"height":200,"srcset":"https:\/\/i0.wp.com\/www.nun-studio.com\/wp-content\/uploads\/2016\/02\/beige_brune2-5.jpg?fit=800%2C800&ssl=1&resize=350%2C200 1x, https:\/\/i0.wp.com\/www.nun-studio.com\/wp-content\/uploads\/2016\/02\/beige_brune2-5.jpg?fit=800%2C800&ssl=1&resize=525%2C300 1.5x, https:\/\/i0.wp.com\/www.nun-studio.com\/wp-content\/uploads\/2016\/02\/beige_brune2-5.jpg?fit=800%2C800&ssl=1&resize=700%2C400 2x"},"classes":[]},{"id":114,"url":"https:\/\/www.nun-studio.com\/en\/produit\/kit-poupee-angele-blonde-bleue\/","url_meta":{"origin":4041,"position":4},"title":"KIT ANGELE doll \u2018 blond hair \/ blue \u2019","author":"Alma","date":"Thursday February 11th, 2016","format":false,"excerpt":"Ang\u00e8le DIMANCHE\u00a0is a pretty little poseable doll (8' \/ 20cm tall) you will be happy to\u00a0make and dress.\u00a0Please note\u00a0the instructions are\u00a0currently available in FRENCH only.\u00a0She is a NUN studio and her face has been designed by the talented illustrator\u00a0Suzy Ultman, SEE DETAILS\u00a0below\u00a0\u2013\u00a0all\u00a0ANGELE DOLL\u00a0products\u00a0HERE","rel":"","context":"Similar post","block_context":{"text":"Similar post","link":""},"img":{"alt_text":"","src":"https:\/\/i0.wp.com\/www.nun-studio.com\/wp-content\/uploads\/2016\/02\/bleu_bonde3-1.jpg?fit=750%2C750&ssl=1&resize=350%2C200","width":350,"height":200,"srcset":"https:\/\/i0.wp.com\/www.nun-studio.com\/wp-content\/uploads\/2016\/02\/bleu_bonde3-1.jpg?fit=750%2C750&ssl=1&resize=350%2C200 1x, https:\/\/i0.wp.com\/www.nun-studio.com\/wp-content\/uploads\/2016\/02\/bleu_bonde3-1.jpg?fit=750%2C750&ssl=1&resize=525%2C300 1.5x, https:\/\/i0.wp.com\/www.nun-studio.com\/wp-content\/uploads\/2016\/02\/bleu_bonde3-1.jpg?fit=750%2C750&ssl=1&resize=700%2C400 2x"},"classes":[]},{"id":115,"url":"https:\/\/www.nun-studio.com\/en\/produit\/kit-poupee-angele-blonde-rose\/","url_meta":{"origin":4041,"position":5},"title":"KIT ANGELE doll \u2018 blond hair \/ pink \u2019","author":"Alma","date":"Thursday February 11th, 2016","format":false,"excerpt":"Ang\u00e8le DIMANCHE\u00a0is a pretty little poseable doll (8' \/ 20cm tall) you will be happy to\u00a0make and dress.\u00a0Please note\u00a0the instructions are\u00a0currently available in FRENCH only.\u00a0She is a NUN studio and her face has been designed by the talented illustrator\u00a0Suzy Ultman, SEE DETAILS\u00a0below\u00a0\u2013\u00a0all\u00a0ANGELE DOLL\u00a0products\u00a0HERE","rel":"","context":"Similar post","block_context":{"text":"Similar post","link":""},"img":{"alt_text":"","src":"https:\/\/i0.wp.com\/www.nun-studio.com\/wp-content\/uploads\/2016\/02\/rose_bonde2.jpg?fit=693%2C693&ssl=1&resize=350%2C200","width":350,"height":200,"srcset":"https:\/\/i0.wp.com\/www.nun-studio.com\/wp-content\/uploads\/2016\/02\/rose_bonde2.jpg?fit=693%2C693&ssl=1&resize=350%2C200 1x, https:\/\/i0.wp.com\/www.nun-studio.com\/wp-content\/uploads\/2016\/02\/rose_bonde2.jpg?fit=693%2C693&ssl=1&resize=525%2C300 1.5x"},"classes":[]}],"_links":{"self":[{"href":"https:\/\/www.nun-studio.com\/en\/wp-json\/wp\/v2\/product\/4041","targetHints":{"allow":["GET"]}}],"collection":[{"href":"https:\/\/www.nun-studio.com\/en\/wp-json\/wp\/v2\/product"}],"about":[{"href":"https:\/\/www.nun-studio.com\/en\/wp-json\/wp\/v2\/types\/product"}],"replies":[{"embeddable":true,"href":"https:\/\/www.nun-studio.com\/en\/wp-json\/wp\/v2\/comments?post=4041"}],"wp:featuredmedia":[{"embeddable":true,"href":"https:\/\/www.nun-studio.com\/en\/wp-json\/wp\/v2\/media\/4078"}],"wp:attachment":[{"href":"https:\/\/www.nun-studio.com\/en\/wp-json\/wp\/v2\/media?parent=4041"}],"wp:term":[{"taxonomy":"product_brand","embeddable":true,"href":"https:\/\/www.nun-studio.com\/en\/wp-json\/wp\/v2\/product_brand?post=4041"},{"taxonomy":"product_cat","embeddable":true,"href":"https:\/\/www.nun-studio.com\/en\/wp-json\/wp\/v2\/product_cat?post=4041"},{"taxonomy":"product_tag","embeddable":true,"href":"https:\/\/www.nun-studio.com\/en\/wp-json\/wp\/v2\/product_tag?post=4041"}],"curies":[{"name":"wp","href":"https:\/\/api.w.org\/{rel}","templated":true}]}}