{"id":4037,"date":"2017-10-08T19:30:51","date_gmt":"2017-10-08T18:30:51","guid":{"rendered":"https:\/\/www.nun-studio.com\/?post_type=product&#038;p=4037"},"modified":"2024-07-16T15:35:09","modified_gmt":"2024-07-16T14:35:09","slug":"kit-tenue-nuage-dore-nun-studio-x-studio-walkie-talkie-copie","status":"publish","type":"product","link":"https:\/\/www.nun-studio.com\/en\/produit\/kit-tenue-nuage-dore-nun-studio-x-studio-walkie-talkie-copie\/","title":{"rendered":"&#8221;gold cloud&#8221; outfit kit &#8211; BRUNE doll"},"content":{"rendered":"<p style=\"text-align: justify\"><strong>Le kit est une collaboration NUN studio \/ Studio Walkie Talkie<\/strong><\/p>\n<p style=\"text-align: justify\">Il comprend le mat\u00e9riel pour r\u00e9aliser : la coiffe, le col en fourrure, la veste et le pantalon slim.<\/p>\n<p style=\"text-align: justify\">Il contient<strong> le tissu jacquard Studio Walkie Talkie, <\/strong>les attaches bronze et la mercerie pour r\u00e9aliser la veste, les tissus imprim\u00e9s pour la doublure de la veste et le pantalon slim, la feutrine (tr\u00e8s belle qualit\u00e9) et le lien en cuir pour la coiffe, ainsi que la laine pour tricoter le col en fourrure (nous vous recommandons de le tricoter avec des aig n\u00b07, non comprises dans le kit).<\/p>\n<p style=\"text-align: justify\"><strong>Niveau de couture requis (tenue)<\/strong> : d\u00e9butant \u00e0 interm\u00e9diaire<\/p>\n<p style=\"text-align: justify\"><strong>Niveau de tricot requis (col)<\/strong> : d\u00e9butant<\/p>\n","protected":false},"excerpt":{"rendered":"<p style=\"text-align: justify\"><strong>Ce KIT <\/strong>contient tout le mat\u00e9riel n\u00e9cessaire pour r\u00e9aliser cette jolie tenue, <em>hormis les explications de montage de certains v\u00eatements, que vous trouverez dans le livre <strong>\u00ab\u00a0Poup\u00e9e \u00e0 coudre, exercices de style \u00bb<\/strong> disponible <a href=\"https:\/\/www.nun-studio.com\/produit\/livre-poupee-a-coudre\/\"><strong>ICI<\/strong>.<\/a><\/em>\u00a0D\u00e9couvrez les d\u00e9tails du kit ci-dessous.<\/p>\n<p style=\"text-align: justify\"><strong>KIT VESTE EXCLUSIF<\/strong> : la veste est un patron exclusif r\u00e9alis\u00e9 avec le magnifique tissu jacquard <strong>Studio Walkie Talkie<\/strong>.<\/p>\n","protected":false},"featured_media":4074,"comment_status":"open","ping_status":"closed","template":"","meta":{"jetpack_post_was_ever_published":false,"jetpack_publicize_message":"","jetpack_publicize_feature_enabled":true,"jetpack_social_post_already_shared":true,"jetpack_social_options":{"image_generator_settings":{"template":"highway","default_image_id":0,"font":"","enabled":false},"version":2}},"product_brand":[],"product_cat":[100,26,75,111,16],"product_tag":[52,14],"class_list":{"0":"post-4037","1":"product","2":"type-product","3":"status-publish","4":"has-post-thumbnail","6":"product_cat-categorie1","7":"product_cat-kits-poupee","8":"product_cat-nouveautes","9":"product_cat-poupee-brune","10":"product_cat-poupe-brune-a-coudre-habiller","11":"product_tag-kit-vetement","12":"product_tag-poupee-brune","13":"product_shipping_class-colis","15":"first","16":"outofstock","17":"featured","18":"taxable","19":"shipping-taxable","20":"purchasable","21":"product-type-simple"},"jetpack_publicize_connections":[],"jetpack_sharing_enabled":true,"jetpack-related-posts":[{"id":4039,"url":"https:\/\/www.nun-studio.com\/en\/produit\/kit-tenue-nuage-rose-nun-studio-x-studio-walkie-talkie\/","url_meta":{"origin":4037,"position":0},"title":"&#8221;pink cloud&#8221; outfit kit &#8211; BRUNE doll","author":"Alma","date":"Sunday October  8th, 2017","format":false,"excerpt":"Ce KIT contient tout le mat\u00e9riel n\u00e9cessaire pour r\u00e9aliser cette jolie tenue, hormis les explications de montage et le patron de la poup\u00e9e et de certains v\u00eatements, que vous trouverez dans le livre \u00ab\u00a0Poup\u00e9e \u00e0 coudre, exercices de style \u00bb disponible ICI.\u00a0D\u00e9couvrez les d\u00e9tails du kit ci-dessous. KIT VESTE EXCLUSIF\u2026","rel":"","context":"Similar post","block_context":{"text":"Similar post","link":""},"img":{"alt_text":"","src":"https:\/\/i0.wp.com\/www.nun-studio.com\/wp-content\/uploads\/2017\/10\/tenue-nuage-rose-nunstudio-brune-2-scaled.jpg?fit=802%2C1200&ssl=1&resize=350%2C200","width":350,"height":200,"srcset":"https:\/\/i0.wp.com\/www.nun-studio.com\/wp-content\/uploads\/2017\/10\/tenue-nuage-rose-nunstudio-brune-2-scaled.jpg?fit=802%2C1200&ssl=1&resize=350%2C200 1x, https:\/\/i0.wp.com\/www.nun-studio.com\/wp-content\/uploads\/2017\/10\/tenue-nuage-rose-nunstudio-brune-2-scaled.jpg?fit=802%2C1200&ssl=1&resize=525%2C300 1.5x, https:\/\/i0.wp.com\/www.nun-studio.com\/wp-content\/uploads\/2017\/10\/tenue-nuage-rose-nunstudio-brune-2-scaled.jpg?fit=802%2C1200&ssl=1&resize=700%2C400 2x"},"classes":[]},{"id":4041,"url":"https:\/\/www.nun-studio.com\/en\/produit\/kit-tenue-arbres-collab-studio-walkie-talkie\/","url_meta":{"origin":4037,"position":1},"title":"&#8221;trees&#8221; outfit kit &#8211; BRUNE doll","author":"Alma","date":"Sunday October  8th, 2017","format":false,"excerpt":"Ce KIT \u00a0contient tout le mat\u00e9riel n\u00e9cessaire pour r\u00e9aliser cette tenue, hormis les explications de montage et le patron de la poup\u00e9e et de certains v\u00eatements, que vous trouverez dans le livre \u00ab\u00a0Poup\u00e9e \u00e0 coudre, exercices de style \u00bb disponible ICI.\u00a0D\u00e9couvrez les d\u00e9tails du kit ci-dessous. KIT TENUE EXCLUSIF :\u2026","rel":"","context":"Similar post","block_context":{"text":"Similar post","link":""},"img":{"alt_text":"","src":"https:\/\/i0.wp.com\/www.nun-studio.com\/wp-content\/uploads\/2017\/10\/tenue-arbres-nunstudio-brune-1-scaled.jpg?fit=762%2C1200&ssl=1&resize=350%2C200","width":350,"height":200,"srcset":"https:\/\/i0.wp.com\/www.nun-studio.com\/wp-content\/uploads\/2017\/10\/tenue-arbres-nunstudio-brune-1-scaled.jpg?fit=762%2C1200&ssl=1&resize=350%2C200 1x, https:\/\/i0.wp.com\/www.nun-studio.com\/wp-content\/uploads\/2017\/10\/tenue-arbres-nunstudio-brune-1-scaled.jpg?fit=762%2C1200&ssl=1&resize=525%2C300 1.5x, https:\/\/i0.wp.com\/www.nun-studio.com\/wp-content\/uploads\/2017\/10\/tenue-arbres-nunstudio-brune-1-scaled.jpg?fit=762%2C1200&ssl=1&resize=700%2C400 2x"},"classes":[]},{"id":6780,"url":"https:\/\/www.nun-studio.com\/en\/produit\/livret-ambre\/","url_meta":{"origin":4037,"position":2},"title":"AMBRE\/ANATOLE doll clothes patterns PDF booklet","author":"Alma","date":"Saturday November 13th, 2021","format":false,"excerpt":"The AMBRE\u00a0dollclothes PDF booklet\u00a0includes 15 dollclothes pattern for AMBRE \/ ANATOLE. The text is in french but many drawings explain you the how to. Le LIVRET PDF de 15 patrons pour la poup\u00e9e AMBRE \u00a0vous permet de r\u00e9aliser le dressing de la poup\u00e9e AMBRE ainsi que des tenues mixtes qui\u2026","rel":"","context":"Similar post","block_context":{"text":"Similar post","link":""},"img":{"alt_text":"","src":"https:\/\/i0.wp.com\/www.nun-studio.com\/wp-content\/uploads\/2021\/11\/AMBRE-nunstudio-9.jpg?fit=1200%2C1200&ssl=1&resize=350%2C200","width":350,"height":200,"srcset":"https:\/\/i0.wp.com\/www.nun-studio.com\/wp-content\/uploads\/2021\/11\/AMBRE-nunstudio-9.jpg?fit=1200%2C1200&ssl=1&resize=350%2C200 1x, https:\/\/i0.wp.com\/www.nun-studio.com\/wp-content\/uploads\/2021\/11\/AMBRE-nunstudio-9.jpg?fit=1200%2C1200&ssl=1&resize=525%2C300 1.5x, https:\/\/i0.wp.com\/www.nun-studio.com\/wp-content\/uploads\/2021\/11\/AMBRE-nunstudio-9.jpg?fit=1200%2C1200&ssl=1&resize=700%2C400 2x, https:\/\/i0.wp.com\/www.nun-studio.com\/wp-content\/uploads\/2021\/11\/AMBRE-nunstudio-9.jpg?fit=1200%2C1200&ssl=1&resize=1050%2C600 3x"},"classes":[]},{"id":6845,"url":"https:\/\/www.nun-studio.com\/en\/produit\/kit-fournitures-poupee-ambre\/","url_meta":{"origin":4037,"position":3},"title":"AMBRE doll &#8211; kit fabrics and stuff","author":"Alma","date":"Saturday November 13th, 2021","format":false,"excerpt":"Le KIT fournitures poup\u00e9e Ambre\u00a0contient des coupons de tissus et de la mercerie pour r\u00e9aliser 3 robes + 3 cols en Liberty\u00ae, 1 col fourrure, 1 paire de bottes et 1 sac.\u00a0Le kit ne comprend pas le patron de la poup\u00e9e ni les patrons des v\u00eatements et accessoires. Il ne\u2026","rel":"","context":"Similar post","block_context":{"text":"Similar post","link":""},"img":{"alt_text":"","src":"https:\/\/i0.wp.com\/www.nun-studio.com\/wp-content\/uploads\/2021\/11\/AMBRE-nunstudio-12.jpg?fit=1200%2C1200&ssl=1&resize=350%2C200","width":350,"height":200,"srcset":"https:\/\/i0.wp.com\/www.nun-studio.com\/wp-content\/uploads\/2021\/11\/AMBRE-nunstudio-12.jpg?fit=1200%2C1200&ssl=1&resize=350%2C200 1x, https:\/\/i0.wp.com\/www.nun-studio.com\/wp-content\/uploads\/2021\/11\/AMBRE-nunstudio-12.jpg?fit=1200%2C1200&ssl=1&resize=525%2C300 1.5x, https:\/\/i0.wp.com\/www.nun-studio.com\/wp-content\/uploads\/2021\/11\/AMBRE-nunstudio-12.jpg?fit=1200%2C1200&ssl=1&resize=700%2C400 2x, https:\/\/i0.wp.com\/www.nun-studio.com\/wp-content\/uploads\/2021\/11\/AMBRE-nunstudio-12.jpg?fit=1200%2C1200&ssl=1&resize=1050%2C600 3x"},"classes":[]},{"id":1738,"url":"https:\/\/www.nun-studio.com\/en\/produit\/kit-chalet-cocooning-luge\/","url_meta":{"origin":4037,"position":4},"title":"kit chalet cocooning  &amp; luge","author":"Alma","date":"Tuesday September 20th, 2016","format":false,"excerpt":"Sorry, this entry is only available in Fran\u00e7ais.","rel":"","context":"Similar post","block_context":{"text":"Similar post","link":""},"img":{"alt_text":"","src":"https:\/\/i0.wp.com\/www.nun-studio.com\/wp-content\/uploads\/2016\/09\/P1110618b2RED.jpg?fit=600%2C600&ssl=1&resize=350%2C200","width":350,"height":200,"srcset":"https:\/\/i0.wp.com\/www.nun-studio.com\/wp-content\/uploads\/2016\/09\/P1110618b2RED.jpg?fit=600%2C600&ssl=1&resize=350%2C200 1x, https:\/\/i0.wp.com\/www.nun-studio.com\/wp-content\/uploads\/2016\/09\/P1110618b2RED.jpg?fit=600%2C600&ssl=1&resize=525%2C300 1.5x"},"classes":[]},{"id":2073,"url":"https:\/\/www.nun-studio.com\/en\/produit\/nun-studio-magazine-1\/","url_meta":{"origin":4037,"position":5},"title":"NUN studio magazine &#8211; patterns booklet","author":"Alma","date":"Tuesday September 27th, 2016","format":false,"excerpt":"Sorry, this entry is only available in Fran\u00e7ais.","rel":"","context":"Similar post","block_context":{"text":"Similar post","link":""},"img":{"alt_text":"","src":"https:\/\/i0.wp.com\/www.nun-studio.com\/wp-content\/uploads\/2016\/09\/nunstudio-magazine-couvRED.png?fit=750%2C1000&ssl=1&resize=350%2C200","width":350,"height":200,"srcset":"https:\/\/i0.wp.com\/www.nun-studio.com\/wp-content\/uploads\/2016\/09\/nunstudio-magazine-couvRED.png?fit=750%2C1000&ssl=1&resize=350%2C200 1x, https:\/\/i0.wp.com\/www.nun-studio.com\/wp-content\/uploads\/2016\/09\/nunstudio-magazine-couvRED.png?fit=750%2C1000&ssl=1&resize=525%2C300 1.5x, https:\/\/i0.wp.com\/www.nun-studio.com\/wp-content\/uploads\/2016\/09\/nunstudio-magazine-couvRED.png?fit=750%2C1000&ssl=1&resize=700%2C400 2x"},"classes":[]}],"_links":{"self":[{"href":"https:\/\/www.nun-studio.com\/en\/wp-json\/wp\/v2\/product\/4037","targetHints":{"allow":["GET"]}}],"collection":[{"href":"https:\/\/www.nun-studio.com\/en\/wp-json\/wp\/v2\/product"}],"about":[{"href":"https:\/\/www.nun-studio.com\/en\/wp-json\/wp\/v2\/types\/product"}],"replies":[{"embeddable":true,"href":"https:\/\/www.nun-studio.com\/en\/wp-json\/wp\/v2\/comments?post=4037"}],"wp:featuredmedia":[{"embeddable":true,"href":"https:\/\/www.nun-studio.com\/en\/wp-json\/wp\/v2\/media\/4074"}],"wp:attachment":[{"href":"https:\/\/www.nun-studio.com\/en\/wp-json\/wp\/v2\/media?parent=4037"}],"wp:term":[{"taxonomy":"product_brand","embeddable":true,"href":"https:\/\/www.nun-studio.com\/en\/wp-json\/wp\/v2\/product_brand?post=4037"},{"taxonomy":"product_cat","embeddable":true,"href":"https:\/\/www.nun-studio.com\/en\/wp-json\/wp\/v2\/product_cat?post=4037"},{"taxonomy":"product_tag","embeddable":true,"href":"https:\/\/www.nun-studio.com\/en\/wp-json\/wp\/v2\/product_tag?post=4037"}],"curies":[{"name":"wp","href":"https:\/\/api.w.org\/{rel}","templated":true}]}}