{"id":347,"date":"2016-02-24T09:18:11","date_gmt":"2016-02-24T08:18:11","guid":{"rendered":"https:\/\/www.nun-studio.com\/?post_type=product&#038;p=347"},"modified":"2026-04-07T09:32:29","modified_gmt":"2026-04-07T08:32:29","slug":"livret-garde-robe-poupee-angele-anastasia","status":"publish","type":"product","link":"https:\/\/www.nun-studio.com\/en\/produit\/livret-garde-robe-poupee-angele-anastasia\/","title":{"rendered":"BOOKLET \u2013 17 clothes patterns for ANGELE doll"},"content":{"rendered":"<p><\/p>\n<p style=\"text-align: justify\"><span style=\"font-size: 12pt\">This booklet contains 11 sewing patterns &amp; 6 knitting patterns.<\/span><\/p>\n<p style=\"text-align: justify\"><span style=\"font-size: 12pt\">If you want to sew <strong>ANGELE<\/strong>, you can find in this shop specified <strong>DOLLKITS<\/strong> ; discover all our specified <strong>FABRICS<\/strong> &amp; <strong>WOOL<\/strong> !<\/span><\/p>\n<p style=\"text-align: justify\">\n<p><\/p>","protected":false},"excerpt":{"rendered":"<p style=\"text-align: justify\">A booklet for 17 cute patterns (to sew &amp; knit) for <strong>ANGELE doll<\/strong>. <strong>Please note this booklet is currently available in french only<\/strong>, but you will find inside many sketches for each sewing step. Real size patterns, ready to cut.<\/p>\n<p style=\"text-align: justify\"><img loading=\"lazy\" decoding=\"async\" class=\"size-full wp-image-307 alignleft\" src=\"https:\/\/www.nun-studio.com\/wp-content\/uploads\/2016\/02\/leplus1.png\" alt=\"leplus1\" width=\"50\" height=\"50\" \/><\/p>\n<p>32 sheets, colorprinted. <strong><a href=\"https:\/\/issuu.com\/cestdimanche\/docs\/livret_patrons_modeles_seuls\/1?e=2658377\/10022823\" target=\"_blank\" rel=\"noopener noreferrer\">You can see the inside book HERE<\/a><\/strong>. <em>All this patterns are rights reserved and for personal use only.<\/em><\/p>\n<p style=\"text-align: justify\"><strong>SEE DETAILS <\/strong>below<strong> \u2013 <\/strong>all<strong> <a href=\"https:\/\/www.nun-studio.com\/etiquette-produit\/poupee-angele\/\">ANGELE DOLL<\/a> <\/strong>products<strong> <a href=\"http:\/\/A booklet for 17 cute patterns (to sew &amp; knit) for ANGELE doll. Please note this booklet is currently available in french only, but you will find inside many sketches for each sewing step. Real size patterns, ready to cut. leplus1 32 sheets, colorprinted. You can see the inside book HERE. All this patterns are rights reserved and for personal use only. SEE DETAILS below \u2013 all ANGELE DOLL products HERE\">HERE<\/a><\/strong><\/p>\n","protected":false},"featured_media":357,"comment_status":"closed","ping_status":"closed","template":"","meta":{"jetpack_post_was_ever_published":false,"jetpack_publicize_message":"","jetpack_publicize_feature_enabled":true,"jetpack_social_post_already_shared":true,"jetpack_social_options":{"image_generator_settings":{"template":"highway","default_image_id":0,"font":"","enabled":false},"version":2}},"product_brand":[],"product_cat":[101,26,25,116,126,112,113],"product_tag":[13],"class_list":{"0":"post-347","1":"product","2":"type-product","3":"status-publish","4":"has-post-thumbnail","6":"product_cat-categorie2","7":"product_cat-kits-poupee","8":"product_cat-livres-livrets-magazines","9":"product_cat-poupee-adele-20cm-a-coudre-habiller","10":"product_cat-poupee-amicie-marie-claire-idees","11":"product_cat-poupee-angele-anastasia-20cm","12":"product_cat-angele-anastasia-a-coudre-habiller","13":"product_tag-poupee-angele","14":"product_shipping_class-lettre","16":"first","17":"instock","18":"featured","19":"purchasable","20":"product-type-simple"},"jetpack_publicize_connections":[],"jetpack_sharing_enabled":true,"jetpack-related-posts":[{"id":2073,"url":"https:\/\/www.nun-studio.com\/en\/produit\/nun-studio-magazine-1\/","url_meta":{"origin":347,"position":0},"title":"NUN studio magazine &#8211; patterns booklet","author":"Alma","date":"Tuesday September 27th, 2016","format":false,"excerpt":"Sorry, this entry is only available in Fran\u00e7ais.","rel":"","context":"Similar post","block_context":{"text":"Similar post","link":""},"img":{"alt_text":"","src":"https:\/\/i0.wp.com\/www.nun-studio.com\/wp-content\/uploads\/2016\/09\/nunstudio-magazine-couvRED.png?fit=750%2C1000&ssl=1&resize=350%2C200","width":350,"height":200,"srcset":"https:\/\/i0.wp.com\/www.nun-studio.com\/wp-content\/uploads\/2016\/09\/nunstudio-magazine-couvRED.png?fit=750%2C1000&ssl=1&resize=350%2C200 1x, https:\/\/i0.wp.com\/www.nun-studio.com\/wp-content\/uploads\/2016\/09\/nunstudio-magazine-couvRED.png?fit=750%2C1000&ssl=1&resize=525%2C300 1.5x, https:\/\/i0.wp.com\/www.nun-studio.com\/wp-content\/uploads\/2016\/09\/nunstudio-magazine-couvRED.png?fit=750%2C1000&ssl=1&resize=700%2C400 2x"},"classes":[]},{"id":7066,"url":"https:\/\/www.nun-studio.com\/en\/produit\/nun-studio-magazine-n2-15-patrons-poupons-durs\/","url_meta":{"origin":347,"position":1},"title":"NUN studio magazine &#8211; patterns booklet n.2","author":"Alma","date":"Sunday March 20th, 2022","format":false,"excerpt":"Le livret du magazine (format A5) comprend les\u00a0patrons tricots et couture \u00e0 taille r\u00e9elle, pour 3 tailles de poup\u00e9es (Corolle 30 et 36cm avec corps tissu, Gordi de Paola Reina et Minikane), mais s\u2019adaptera tr\u00e8s bien \u00e0 d\u2019autres marques de poupons (voir le tableau des mensurations dans les images produits\u2026","rel":"","context":"Similar post","block_context":{"text":"Similar post","link":""},"img":{"alt_text":"","src":"https:\/\/i0.wp.com\/www.nun-studio.com\/wp-content\/uploads\/2022\/03\/APC_0586a3.jpeg?fit=1200%2C1200&ssl=1&resize=350%2C200","width":350,"height":200,"srcset":"https:\/\/i0.wp.com\/www.nun-studio.com\/wp-content\/uploads\/2022\/03\/APC_0586a3.jpeg?fit=1200%2C1200&ssl=1&resize=350%2C200 1x, https:\/\/i0.wp.com\/www.nun-studio.com\/wp-content\/uploads\/2022\/03\/APC_0586a3.jpeg?fit=1200%2C1200&ssl=1&resize=525%2C300 1.5x, https:\/\/i0.wp.com\/www.nun-studio.com\/wp-content\/uploads\/2022\/03\/APC_0586a3.jpeg?fit=1200%2C1200&ssl=1&resize=700%2C400 2x, https:\/\/i0.wp.com\/www.nun-studio.com\/wp-content\/uploads\/2022\/03\/APC_0586a3.jpeg?fit=1200%2C1200&ssl=1&resize=1050%2C600 3x"},"classes":[]},{"id":6780,"url":"https:\/\/www.nun-studio.com\/en\/produit\/livret-ambre\/","url_meta":{"origin":347,"position":2},"title":"AMBRE\/ANATOLE doll clothes patterns PDF booklet","author":"Alma","date":"Saturday November 13th, 2021","format":false,"excerpt":"The AMBRE\u00a0dollclothes PDF booklet\u00a0includes 15 dollclothes pattern for AMBRE \/ ANATOLE. The text is in french but many drawings explain you the how to. Le LIVRET PDF de 15 patrons pour la poup\u00e9e AMBRE \u00a0vous permet de r\u00e9aliser le dressing de la poup\u00e9e AMBRE ainsi que des tenues mixtes qui\u2026","rel":"","context":"Similar post","block_context":{"text":"Similar post","link":""},"img":{"alt_text":"","src":"https:\/\/i0.wp.com\/www.nun-studio.com\/wp-content\/uploads\/2021\/11\/AMBRE-nunstudio-9.jpg?fit=1200%2C1200&ssl=1&resize=350%2C200","width":350,"height":200,"srcset":"https:\/\/i0.wp.com\/www.nun-studio.com\/wp-content\/uploads\/2021\/11\/AMBRE-nunstudio-9.jpg?fit=1200%2C1200&ssl=1&resize=350%2C200 1x, https:\/\/i0.wp.com\/www.nun-studio.com\/wp-content\/uploads\/2021\/11\/AMBRE-nunstudio-9.jpg?fit=1200%2C1200&ssl=1&resize=525%2C300 1.5x, https:\/\/i0.wp.com\/www.nun-studio.com\/wp-content\/uploads\/2021\/11\/AMBRE-nunstudio-9.jpg?fit=1200%2C1200&ssl=1&resize=700%2C400 2x, https:\/\/i0.wp.com\/www.nun-studio.com\/wp-content\/uploads\/2021\/11\/AMBRE-nunstudio-9.jpg?fit=1200%2C1200&ssl=1&resize=1050%2C600 3x"},"classes":[]},{"id":6812,"url":"https:\/\/www.nun-studio.com\/en\/produit\/kit-ambre-anatole-nue-livret\/","url_meta":{"origin":347,"position":3},"title":"AMBRE \/ ANATOLE dollkit (naked) + booklet","author":"Alma","date":"Saturday November 13th, 2021","format":false,"excerpt":"The AMBRE\u00a0dollkit includes the\u00a0doll pattern (paper), the \"how to\" (PDF) and all the stuff you need to\u00a0sew this\u00a0doll (naked). The text is in french but many drawings explain you the how to.You can chose the bunny or the lamb ears (same item). You will have also the AMBRE\u00a0dollclothes PDF booklet\u00a0including\u2026","rel":"","context":"Similar post","block_context":{"text":"Similar post","link":""},"img":{"alt_text":"","src":"https:\/\/i0.wp.com\/www.nun-studio.com\/wp-content\/uploads\/2021\/11\/AMBRE-nunstudio-13.jpg?fit=1200%2C1200&ssl=1&resize=350%2C200","width":350,"height":200,"srcset":"https:\/\/i0.wp.com\/www.nun-studio.com\/wp-content\/uploads\/2021\/11\/AMBRE-nunstudio-13.jpg?fit=1200%2C1200&ssl=1&resize=350%2C200 1x, https:\/\/i0.wp.com\/www.nun-studio.com\/wp-content\/uploads\/2021\/11\/AMBRE-nunstudio-13.jpg?fit=1200%2C1200&ssl=1&resize=525%2C300 1.5x, https:\/\/i0.wp.com\/www.nun-studio.com\/wp-content\/uploads\/2021\/11\/AMBRE-nunstudio-13.jpg?fit=1200%2C1200&ssl=1&resize=700%2C400 2x, https:\/\/i0.wp.com\/www.nun-studio.com\/wp-content\/uploads\/2021\/11\/AMBRE-nunstudio-13.jpg?fit=1200%2C1200&ssl=1&resize=1050%2C600 3x"},"classes":[]},{"id":1744,"url":"https:\/\/www.nun-studio.com\/en\/produit\/kit-poupee-anastasia-cheveux-roux-flamboyant\/","url_meta":{"origin":347,"position":4},"title":"KIT  ANASTASIA doll &#8211; &#8220;roux flamboyant&#8221; hair","author":"Alma","date":"Wednesday September 21st, 2016","format":false,"excerpt":"Anastasia\u00a0DIMANCHE\u00a0is a pretty little poseable doll (8' \/ 20cm tall) you will be happy to\u00a0make and dress. Please note the instructions are\u00a0currently available in FRENCH\u00a0only.\u00a0She is a NUN studio and her face has been designed by the talented illustrator\u00a0Suzy Ultman, SEE DETAILS\u00a0below\u00a0\u2013\u00a0all\u00a0ANASTASIA DOLL\u00a0products\u00a0HERE\u00a0-\u00a0all\u00a0ANGELE DOLL\u00a0products\u00a0HERE","rel":"","context":"Similar post","block_context":{"text":"Similar post","link":""},"img":{"alt_text":"","src":"https:\/\/i0.wp.com\/www.nun-studio.com\/wp-content\/uploads\/2016\/09\/P1110431aRED2A.jpg?fit=546%2C600&ssl=1&resize=350%2C200","width":350,"height":200,"srcset":"https:\/\/i0.wp.com\/www.nun-studio.com\/wp-content\/uploads\/2016\/09\/P1110431aRED2A.jpg?fit=546%2C600&ssl=1&resize=350%2C200 1x, https:\/\/i0.wp.com\/www.nun-studio.com\/wp-content\/uploads\/2016\/09\/P1110431aRED2A.jpg?fit=546%2C600&ssl=1&resize=525%2C300 1.5x"},"classes":[]},{"id":1742,"url":"https:\/\/www.nun-studio.com\/en\/produit\/kit-poupee-anastasia-noir-jais\/","url_meta":{"origin":347,"position":5},"title":"KIT ANASTASIA doll &#8211; black hair","author":"Alma","date":"Wednesday September 21st, 2016","format":false,"excerpt":"Anastasia\u00a0DIMANCHE\u00a0is a pretty little poseable doll (8' \/ 20cm tall) you will be happy to\u00a0make and dress. Please note the instructions are\u00a0currently available in FRENCH\u00a0only.\u00a0She is a NUN studio and her face has been designed by the talented illustrator\u00a0Suzy Ultman, SEE DETAILS\u00a0below\u00a0\u2013\u00a0all\u00a0ANASTASIA DOLL\u00a0products\u00a0HERE\u00a0-\u00a0all\u00a0ANGELE DOLL\u00a0products\u00a0HERE","rel":"","context":"Similar post","block_context":{"text":"Similar post","link":""},"img":{"alt_text":"","src":"https:\/\/i0.wp.com\/www.nun-studio.com\/wp-content\/uploads\/2016\/09\/P1110439a2RED.jpg?fit=599%2C600&ssl=1&resize=350%2C200","width":350,"height":200,"srcset":"https:\/\/i0.wp.com\/www.nun-studio.com\/wp-content\/uploads\/2016\/09\/P1110439a2RED.jpg?fit=599%2C600&ssl=1&resize=350%2C200 1x, https:\/\/i0.wp.com\/www.nun-studio.com\/wp-content\/uploads\/2016\/09\/P1110439a2RED.jpg?fit=599%2C600&ssl=1&resize=525%2C300 1.5x"},"classes":[]}],"_links":{"self":[{"href":"https:\/\/www.nun-studio.com\/en\/wp-json\/wp\/v2\/product\/347","targetHints":{"allow":["GET"]}}],"collection":[{"href":"https:\/\/www.nun-studio.com\/en\/wp-json\/wp\/v2\/product"}],"about":[{"href":"https:\/\/www.nun-studio.com\/en\/wp-json\/wp\/v2\/types\/product"}],"replies":[{"embeddable":true,"href":"https:\/\/www.nun-studio.com\/en\/wp-json\/wp\/v2\/comments?post=347"}],"wp:featuredmedia":[{"embeddable":true,"href":"https:\/\/www.nun-studio.com\/en\/wp-json\/wp\/v2\/media\/357"}],"wp:attachment":[{"href":"https:\/\/www.nun-studio.com\/en\/wp-json\/wp\/v2\/media?parent=347"}],"wp:term":[{"taxonomy":"product_brand","embeddable":true,"href":"https:\/\/www.nun-studio.com\/en\/wp-json\/wp\/v2\/product_brand?post=347"},{"taxonomy":"product_cat","embeddable":true,"href":"https:\/\/www.nun-studio.com\/en\/wp-json\/wp\/v2\/product_cat?post=347"},{"taxonomy":"product_tag","embeddable":true,"href":"https:\/\/www.nun-studio.com\/en\/wp-json\/wp\/v2\/product_tag?post=347"}],"curies":[{"name":"wp","href":"https:\/\/api.w.org\/{rel}","templated":true}]}}