{"id":2975,"date":"2017-02-14T15:56:40","date_gmt":"2017-02-14T14:56:40","guid":{"rendered":"https:\/\/www.nun-studio.com\/produit\/patron-syracuse-kid\/"},"modified":"2022-03-05T08:40:00","modified_gmt":"2022-03-05T07:40:00","slug":"patron-syracuse-kid","status":"publish","type":"product","link":"https:\/\/www.nun-studio.com\/en\/produit\/patron-syracuse-kid\/","title":{"rendered":"pattern SYRACUSE kid"},"content":{"rendered":"<p class=\"qtranxs-available-languages-message qtranxs-available-languages-message-en\">Sorry, this entry is only available in <a href=\"https:\/\/www.nun-studio.com\/fr\/wp-json\/wp\/v2\/product\/2975\" class=\"qtranxs-available-language-link qtranxs-available-language-link-fr\" title=\"Fran\u00e7ais\">Fran\u00e7ais<\/a>.<\/p>","protected":false},"excerpt":{"rendered":"<p style=\"text-align: justify\">Robe ou blouse bain de soleil \u00e0 plastron rond passepoil\u00e9, \u00e9lastiqu\u00e9e \u00e0 la poitrine et d\u00e9gageant les \u00e9paules. Facile et rapide \u00e0 r\u00e9aliser (la pose du passepoil est facultative).<\/p>\n<p><strong>TAILLES<\/strong> : 4 ans, 6 ans, 8 ans et 10 ans.<\/p>\n<p style=\"text-align: justify\"><strong>tissu conseill\u00e9<\/strong> : voile de coton, plumetis, liberty, cotonnades diverses. <strong>Fournitures<\/strong> : 56-60-64-70cm d\u2019\u00e9lastique rond, 8 boutons de 15mm de diam\u00e8tre, 1,20m de passepoil (facultatif), un peu de fil de coton solide pour faire des brides. Vous pouvez aussi utiliser, pour le lien \u00e0 nouer, un ruban du commerce : pr\u00e9voir 1m de ruban de 25 ou 30mm.\u00a0<strong>M\u00e9trage n\u00e9cessaire en 140<\/strong> (si vous r\u00e9alisez toute la robe dans le m\u00eame tissu :\u00a00,90m (4A) \u2013 1m30 (6A) \u2013 1m40 (8A) \u2013 1m50 (10A)<\/p>\n<pre><strong>COMMANDE EN PREVENTE<\/strong> Veuillez noter que les commandes contenant cet article seront envoy\u00e9es \u00e0 partir du <strong>1er avril 2019<\/strong><\/pre>\n","protected":false},"featured_media":2976,"comment_status":"open","ping_status":"closed","template":"","meta":{"jetpack_post_was_ever_published":false,"jetpack_publicize_message":"","jetpack_publicize_feature_enabled":true,"jetpack_social_post_already_shared":true,"jetpack_social_options":{"image_generator_settings":{"template":"highway","default_image_id":0,"font":"","enabled":false},"version":2}},"product_brand":[],"product_cat":[100,67,41,40,86,134],"product_tag":[123,91],"class_list":{"0":"post-2975","1":"product","2":"type-product","3":"status-publish","4":"has-post-thumbnail","6":"product_cat-categorie1","7":"product_cat-patrons-cest-dimanche","8":"product_cat-patrons-enfant","9":"product_cat-patrons-femme-et-enfant","10":"product_cat-soldes","11":"product_cat-soldes-patrons","12":"product_tag-patrons-archives","13":"product_tag-patrons-enfant","14":"product_shipping_class-lettre","16":"first","17":"instock","18":"purchasable","19":"product-type-simple"},"jetpack_publicize_connections":[],"jetpack_sharing_enabled":true,"jetpack-related-posts":[{"id":1711,"url":"https:\/\/www.nun-studio.com\/en\/produit\/patron-beltsy-kid\/","url_meta":{"origin":2975,"position":0},"title":"BELTSY kid pattern","author":"Alma","date":"Tuesday September 20th, 2016","format":false,"excerpt":"Robe \u00e0 manches longues fronc\u00e9es au poignet, empi\u00e8cement arrondi devant et dos et poches fantaisie. La pose du passepoil est facultative. Une version b\u00e9b\u00e9 est aussi disponible. Niveau : facile sans les poches, un peu plus long avec les poches. TAILLES : 4 ans, 6 ans, 8 ans et 10\u2026","rel":"","context":"Similar post","block_context":{"text":"Similar post","link":""},"img":{"alt_text":"","src":"https:\/\/i0.wp.com\/www.nun-studio.com\/wp-content\/uploads\/2016\/09\/beltsy_kid-1jpg.jpg?fit=600%2C600&ssl=1&resize=350%2C200","width":350,"height":200,"srcset":"https:\/\/i0.wp.com\/www.nun-studio.com\/wp-content\/uploads\/2016\/09\/beltsy_kid-1jpg.jpg?fit=600%2C600&ssl=1&resize=350%2C200 1x, https:\/\/i0.wp.com\/www.nun-studio.com\/wp-content\/uploads\/2016\/09\/beltsy_kid-1jpg.jpg?fit=600%2C600&ssl=1&resize=525%2C300 1.5x"},"classes":[]},{"id":2638,"url":"https:\/\/www.nun-studio.com\/en\/produit\/patron-oberweiden-kid\/","url_meta":{"origin":2975,"position":1},"title":"pattern OBERWEIDEN  kid","author":"Alma","date":"Saturday January 21st, 2017","format":false,"excerpt":"veste mixte (gar\u00e7on\/fille) de demi-saison avec faux revers de col tailleur et patte de boutonnage rapport\u00e9e passepoil\u00e9e, pli creux au dos et bas tr\u00e8s l\u00e9g\u00e8rement en queue de pie. Une version moins \u00e9vas\u00e9e est pr\u00e9vue pour un c\u00f4t\u00e9 plus masculin. La veste est doubl\u00e9e et n\u2019est pas con\u00e7ue pour se\u2026","rel":"","context":"Similar post","block_context":{"text":"Similar post","link":""},"img":{"alt_text":"","src":"https:\/\/i0.wp.com\/www.nun-studio.com\/wp-content\/uploads\/2017\/01\/oberweiden-1.jpg?fit=1000%2C1000&ssl=1&resize=350%2C200","width":350,"height":200,"srcset":"https:\/\/i0.wp.com\/www.nun-studio.com\/wp-content\/uploads\/2017\/01\/oberweiden-1.jpg?fit=1000%2C1000&ssl=1&resize=350%2C200 1x, https:\/\/i0.wp.com\/www.nun-studio.com\/wp-content\/uploads\/2017\/01\/oberweiden-1.jpg?fit=1000%2C1000&ssl=1&resize=525%2C300 1.5x, https:\/\/i0.wp.com\/www.nun-studio.com\/wp-content\/uploads\/2017\/01\/oberweiden-1.jpg?fit=1000%2C1000&ssl=1&resize=700%2C400 2x"},"classes":[]},{"id":1813,"url":"https:\/\/www.nun-studio.com\/en\/produit\/patron-cincinnati-kid\/","url_meta":{"origin":2975,"position":2},"title":"CINCINNATI kid pattern","author":"Alma","date":"Wednesday September 21st, 2016","format":false,"excerpt":"Robe ou tunique \u00e0 manches longues fronc\u00e9es au poignet, s'ouvrant sur les \u00e9paules, avec bretelles d\u00e9coratives devant. La pose du passepoil est facultative. Niveau : assez facile. TAILLES : 4 ans, 6 ans, 8 ans et 10 ans. Tissu conseill\u00e9 : lin, cotonnade, lainage fin ou velours milleraies.\u00a0Fournitures : 1m50\u2026","rel":"","context":"Similar post","block_context":{"text":"Similar post","link":""},"img":{"alt_text":"","src":"https:\/\/i0.wp.com\/www.nun-studio.com\/wp-content\/uploads\/2016\/09\/cincinnati-1.jpg?fit=600%2C602&ssl=1&resize=350%2C200","width":350,"height":200,"srcset":"https:\/\/i0.wp.com\/www.nun-studio.com\/wp-content\/uploads\/2016\/09\/cincinnati-1.jpg?fit=600%2C602&ssl=1&resize=350%2C200 1x, https:\/\/i0.wp.com\/www.nun-studio.com\/wp-content\/uploads\/2016\/09\/cincinnati-1.jpg?fit=600%2C602&ssl=1&resize=525%2C300 1.5x"},"classes":[]},{"id":2867,"url":"https:\/\/www.nun-studio.com\/en\/produit\/patron-deauville-kid\/","url_meta":{"origin":2975,"position":3},"title":"DEAUVILLE kid pattern","author":"Alma","date":"Sunday February 12th, 2017","format":false,"excerpt":"description : short \u00e0 plis passepoil\u00e9s et revers, poches italiennes fantaisies, ceinture \u00e9lastiqu\u00e9e. TAILLES : 2 ans, 4 ans, 6 ans et 8 ans. tissu conseill\u00e9 : lin, lainage fin, velours milleraies. 1 chute de tissu assorti plus fin (cotonnade, liberty, voile de coton) pour les fonds de poche. La\u2026","rel":"","context":"Similar post","block_context":{"text":"Similar post","link":""},"img":{"alt_text":"","src":"https:\/\/i0.wp.com\/www.nun-studio.com\/wp-content\/uploads\/2017\/02\/deauville-2.jpg?fit=1000%2C822&ssl=1&resize=350%2C200","width":350,"height":200,"srcset":"https:\/\/i0.wp.com\/www.nun-studio.com\/wp-content\/uploads\/2017\/02\/deauville-2.jpg?fit=1000%2C822&ssl=1&resize=350%2C200 1x, https:\/\/i0.wp.com\/www.nun-studio.com\/wp-content\/uploads\/2017\/02\/deauville-2.jpg?fit=1000%2C822&ssl=1&resize=525%2C300 1.5x, https:\/\/i0.wp.com\/www.nun-studio.com\/wp-content\/uploads\/2017\/02\/deauville-2.jpg?fit=1000%2C822&ssl=1&resize=700%2C400 2x"},"classes":[]},{"id":1916,"url":"https:\/\/www.nun-studio.com\/en\/produit\/patron-philadelphie-kid\/","url_meta":{"origin":2975,"position":4},"title":"PHILADELPHIE kid pattern","author":"Alma","date":"Thursday September 22nd, 2016","format":false,"excerpt":"Jupe \u00e9lastiqu\u00e9e au dos (avec passepoil ou non). 2 versions sont possibles : une avec pattes de boutonnage d\u00e9coratives sur les hanches, et l'autre avec larges poches lat\u00e9rales. TAILLES : 2-4-6-8-10 ans Tissu conseill\u00e9 : lin, coton, lainage fin pour l'hiver. M\u00e9trage n\u00e9cessaire : 0.60 \u00e0 0.75m en 140 selon\u2026","rel":"","context":"Similar post","block_context":{"text":"Similar post","link":""},"img":{"alt_text":"","src":"https:\/\/i0.wp.com\/www.nun-studio.com\/wp-content\/uploads\/2016\/09\/philadelphie_kid-1.jpg?fit=816%2C816&ssl=1&resize=350%2C200","width":350,"height":200,"srcset":"https:\/\/i0.wp.com\/www.nun-studio.com\/wp-content\/uploads\/2016\/09\/philadelphie_kid-1.jpg?fit=816%2C816&ssl=1&resize=350%2C200 1x, https:\/\/i0.wp.com\/www.nun-studio.com\/wp-content\/uploads\/2016\/09\/philadelphie_kid-1.jpg?fit=816%2C816&ssl=1&resize=525%2C300 1.5x, https:\/\/i0.wp.com\/www.nun-studio.com\/wp-content\/uploads\/2016\/09\/philadelphie_kid-1.jpg?fit=816%2C816&ssl=1&resize=700%2C400 2x"},"classes":[]},{"id":1921,"url":"https:\/\/www.nun-studio.com\/en\/produit\/patron-sydney-kid\/","url_meta":{"origin":2975,"position":5},"title":"SYDNEY kid pattern","author":"Alma","date":"Thursday September 22nd, 2016","format":false,"excerpt":"caban\/trench mixte de demi-saison, 4 ou 6 boutons, avec empi\u00e8cement \u00e9paules et dos passepoil\u00e9s (on peut omettre le passepoil), enti\u00e8rement doubl\u00e9. Peut \u00eatre r\u00e9alis\u00e9 avec une ceinture, pour un effet plus trench. Niveau : moyen TAILLES :\u00a04-6-8-10 ans Tissu conseill\u00e9 : lainage, velours, toile de coton \u00e9paisse. Doublure : choisir\u2026","rel":"","context":"Similar post","block_context":{"text":"Similar post","link":""},"img":{"alt_text":"","src":"https:\/\/i0.wp.com\/www.nun-studio.com\/wp-content\/uploads\/2016\/09\/sydney-1.jpg?fit=536%2C614&ssl=1&resize=350%2C200","width":350,"height":200,"srcset":"https:\/\/i0.wp.com\/www.nun-studio.com\/wp-content\/uploads\/2016\/09\/sydney-1.jpg?fit=536%2C614&ssl=1&resize=350%2C200 1x, https:\/\/i0.wp.com\/www.nun-studio.com\/wp-content\/uploads\/2016\/09\/sydney-1.jpg?fit=536%2C614&ssl=1&resize=525%2C300 1.5x"},"classes":[]}],"_links":{"self":[{"href":"https:\/\/www.nun-studio.com\/en\/wp-json\/wp\/v2\/product\/2975","targetHints":{"allow":["GET"]}}],"collection":[{"href":"https:\/\/www.nun-studio.com\/en\/wp-json\/wp\/v2\/product"}],"about":[{"href":"https:\/\/www.nun-studio.com\/en\/wp-json\/wp\/v2\/types\/product"}],"replies":[{"embeddable":true,"href":"https:\/\/www.nun-studio.com\/en\/wp-json\/wp\/v2\/comments?post=2975"}],"wp:featuredmedia":[{"embeddable":true,"href":"https:\/\/www.nun-studio.com\/en\/wp-json\/wp\/v2\/media\/2976"}],"wp:attachment":[{"href":"https:\/\/www.nun-studio.com\/en\/wp-json\/wp\/v2\/media?parent=2975"}],"wp:term":[{"taxonomy":"product_brand","embeddable":true,"href":"https:\/\/www.nun-studio.com\/en\/wp-json\/wp\/v2\/product_brand?post=2975"},{"taxonomy":"product_cat","embeddable":true,"href":"https:\/\/www.nun-studio.com\/en\/wp-json\/wp\/v2\/product_cat?post=2975"},{"taxonomy":"product_tag","embeddable":true,"href":"https:\/\/www.nun-studio.com\/en\/wp-json\/wp\/v2\/product_tag?post=2975"}],"curies":[{"name":"wp","href":"https:\/\/api.w.org\/{rel}","templated":true}]}}