{"id":2867,"date":"2017-02-12T15:28:41","date_gmt":"2017-02-12T14:28:41","guid":{"rendered":"https:\/\/www.nun-studio.com\/produit\/patron-deauville-kid\/"},"modified":"2026-03-04T10:20:35","modified_gmt":"2026-03-04T09:20:35","slug":"patron-deauville-kid","status":"publish","type":"product","link":"https:\/\/www.nun-studio.com\/en\/produit\/patron-deauville-kid\/","title":{"rendered":"DEAUVILLE kid pattern"},"content":{"rendered":"<p class=\"qtranxs-available-languages-message qtranxs-available-languages-message-en\">Sorry, this entry is only available in <a href=\"https:\/\/www.nun-studio.com\/fr\/wp-json\/wp\/v2\/product\/2867\" class=\"qtranxs-available-language-link qtranxs-available-language-link-fr\" title=\"Fran\u00e7ais\">Fran\u00e7ais<\/a>.<\/p>","protected":false},"excerpt":{"rendered":"<p>description : short \u00e0 plis passepoil\u00e9s et revers, poches italiennes fantaisies, ceinture \u00e9lastiqu\u00e9e.<\/p>\n<p><strong>TAILLES<\/strong> : 2 ans, 4 ans, 6 ans et 8 ans.<\/p>\n<p><strong>tissu conseill\u00e9<\/strong> : lin, lainage fin, velours milleraies. 1 chute de tissu assorti plus fin (cotonnade, liberty, voile de coton) pour les fonds de poche.<\/p>\n<p>La tunique port\u00e9e avec ce short sur les photos est le mod\u00e8le\u00a0<strong>CHELSEA <\/strong>version tunique.<\/p>\n","protected":false},"featured_media":2869,"comment_status":"open","ping_status":"closed","template":"","meta":{"jetpack_publicize_message":"","jetpack_publicize_feature_enabled":true,"jetpack_social_post_already_shared":true,"jetpack_social_options":{"image_generator_settings":{"template":"highway","default_image_id":0,"font":"","enabled":false},"version":2}},"product_brand":[],"product_cat":[100,67,41,40,86,134],"product_tag":[91],"class_list":{"0":"post-2867","1":"product","2":"type-product","3":"status-publish","4":"has-post-thumbnail","6":"product_cat-categorie1","7":"product_cat-patrons-cest-dimanche","8":"product_cat-patrons-enfant","9":"product_cat-patrons-femme-et-enfant","10":"product_cat-soldes","11":"product_cat-soldes-patrons","12":"product_tag-patrons-enfant","13":"product_shipping_class-lettre","15":"first","16":"instock","17":"purchasable","18":"product-type-simple"},"jetpack_publicize_connections":[],"jetpack_sharing_enabled":true,"jetpack-related-posts":[{"id":2696,"url":"https:\/\/www.nun-studio.com\/en\/produit\/patron-chelsea-kid\/","url_meta":{"origin":2867,"position":0},"title":"pattern CHELSEA kid","author":"Alma","date":"Wednesday February  1st, 2017","format":false,"excerpt":"Robe ou tunique de demi-saison avec col assym\u00e9trique, ceinture rapport\u00e9e et jupe \u00e0 plis plats. R\u00e9alisable en version blouse avec col sym\u00e9trique et revers de poignets. La pose du passepoil est facultative et les d\u00e9tails du col et des manches des 2 versions peuvent \u00eatre mix\u00e9s selon vos envies pour\u2026","rel":"","context":"Similar post","block_context":{"text":"Similar post","link":""},"img":{"alt_text":"","src":"https:\/\/i0.wp.com\/www.nun-studio.com\/wp-content\/uploads\/2017\/02\/chelsea-3.jpg?fit=667%2C1000&ssl=1&resize=350%2C200","width":350,"height":200,"srcset":"https:\/\/i0.wp.com\/www.nun-studio.com\/wp-content\/uploads\/2017\/02\/chelsea-3.jpg?fit=667%2C1000&ssl=1&resize=350%2C200 1x, https:\/\/i0.wp.com\/www.nun-studio.com\/wp-content\/uploads\/2017\/02\/chelsea-3.jpg?fit=667%2C1000&ssl=1&resize=525%2C300 1.5x"},"classes":[]},{"id":1828,"url":"https:\/\/www.nun-studio.com\/en\/produit\/patron-milano-kid-teen\/","url_meta":{"origin":2867,"position":1},"title":"MILANO kid &amp; teen pattern","author":"Alma","date":"Wednesday September 21st, 2016","format":false,"excerpt":"robe\/tunique \u00e9volutive, \u00e0 bretelles surpiqu\u00e9es d\u00e9bordant sur les \u00e9paules, plis plats devant et \u00e9lastiqu\u00e9e au dos. Sa forme \u00e9tudi\u00e9e permet de la porter d'abord en robe, puis en tunique et haut, sur plusieurs ann\u00e9es. Niveau : moyen \u00e0 facile. TAILLES : 2 ans \u00e0 12\/14 ans tissu conseill\u00e9 : lin,\u2026","rel":"","context":"Similar post","block_context":{"text":"Similar post","link":""},"img":{"alt_text":"","src":"https:\/\/i0.wp.com\/www.nun-studio.com\/wp-content\/uploads\/2016\/09\/milano_kid_teen-1.jpg?fit=744%2C744&ssl=1&resize=350%2C200","width":350,"height":200,"srcset":"https:\/\/i0.wp.com\/www.nun-studio.com\/wp-content\/uploads\/2016\/09\/milano_kid_teen-1.jpg?fit=744%2C744&ssl=1&resize=350%2C200 1x, https:\/\/i0.wp.com\/www.nun-studio.com\/wp-content\/uploads\/2016\/09\/milano_kid_teen-1.jpg?fit=744%2C744&ssl=1&resize=525%2C300 1.5x, https:\/\/i0.wp.com\/www.nun-studio.com\/wp-content\/uploads\/2016\/09\/milano_kid_teen-1.jpg?fit=744%2C744&ssl=1&resize=700%2C400 2x"},"classes":[]},{"id":1813,"url":"https:\/\/www.nun-studio.com\/en\/produit\/patron-cincinnati-kid\/","url_meta":{"origin":2867,"position":2},"title":"CINCINNATI kid pattern","author":"Alma","date":"Wednesday September 21st, 2016","format":false,"excerpt":"Robe ou tunique \u00e0 manches longues fronc\u00e9es au poignet, s'ouvrant sur les \u00e9paules, avec bretelles d\u00e9coratives devant. La pose du passepoil est facultative. Niveau : assez facile. TAILLES : 4 ans, 6 ans, 8 ans et 10 ans. Tissu conseill\u00e9 : lin, cotonnade, lainage fin ou velours milleraies.\u00a0Fournitures : 1m50\u2026","rel":"","context":"Similar post","block_context":{"text":"Similar post","link":""},"img":{"alt_text":"","src":"https:\/\/i0.wp.com\/www.nun-studio.com\/wp-content\/uploads\/2016\/09\/cincinnati-1.jpg?fit=600%2C602&ssl=1&resize=350%2C200","width":350,"height":200,"srcset":"https:\/\/i0.wp.com\/www.nun-studio.com\/wp-content\/uploads\/2016\/09\/cincinnati-1.jpg?fit=600%2C602&ssl=1&resize=350%2C200 1x, https:\/\/i0.wp.com\/www.nun-studio.com\/wp-content\/uploads\/2016\/09\/cincinnati-1.jpg?fit=600%2C602&ssl=1&resize=525%2C300 1.5x"},"classes":[]},{"id":1823,"url":"https:\/\/www.nun-studio.com\/en\/produit\/patron-galway-baby\/","url_meta":{"origin":2867,"position":3},"title":"GALWAY baby pattern","author":"Alma","date":"Wednesday September 21st, 2016","format":false,"excerpt":"Brassi\u00e8re assym\u00e9trique pour b\u00e9b\u00e9 ou tunique pour enfant ; une version marini\u00e8re est comprise. Niveau : facile. TAILLES : 6M-12M-2A-3A Tissu conseill\u00e9 : coton, lin tr\u00e8s doux ou velours milleraies.\u00a0M\u00e9trage de tissu : 0.60 \u00e0 0.80m en 140, selon la taille. NOTE pour le suppl\u00e9ment :\u00a0suppl\u00e9ment au mod\u00e8le galway baby\u2026","rel":"","context":"Similar post","block_context":{"text":"Similar post","link":""},"img":{"alt_text":"","src":"https:\/\/i0.wp.com\/www.nun-studio.com\/wp-content\/uploads\/2016\/09\/galway_baby-1.jpg?fit=300%2C300&ssl=1&resize=350%2C200","width":350,"height":200},"classes":[]},{"id":1915,"url":"https:\/\/www.nun-studio.com\/en\/produit\/patron-oslo-kid\/","url_meta":{"origin":2867,"position":4},"title":"(Copie)","author":"Alma","date":"Thursday September 22nd, 2016","format":false,"excerpt":"Tunique avec plis et boutonnage d\u00e9coratif sur le devant. Niveau : facile. TAILLES :\u00a04-6-8-10 ans Tissu conseill\u00e9 : lin, cotonnade, lainage fin ou velours milleraies.\u00a0M\u00e9trage n\u00e9cessaire : 1.10m en 140.","rel":"","context":"Similar post","block_context":{"text":"Similar post","link":""},"img":{"alt_text":"","src":"https:\/\/i0.wp.com\/www.nun-studio.com\/wp-content\/uploads\/2016\/09\/oslo_kid-1.jpg?fit=986%2C982&ssl=1&resize=350%2C200","width":350,"height":200,"srcset":"https:\/\/i0.wp.com\/www.nun-studio.com\/wp-content\/uploads\/2016\/09\/oslo_kid-1.jpg?fit=986%2C982&ssl=1&resize=350%2C200 1x, https:\/\/i0.wp.com\/www.nun-studio.com\/wp-content\/uploads\/2016\/09\/oslo_kid-1.jpg?fit=986%2C982&ssl=1&resize=525%2C300 1.5x, https:\/\/i0.wp.com\/www.nun-studio.com\/wp-content\/uploads\/2016\/09\/oslo_kid-1.jpg?fit=986%2C982&ssl=1&resize=700%2C400 2x"},"classes":[]},{"id":1918,"url":"https:\/\/www.nun-studio.com\/en\/produit\/patron-st-petersbourg-kid\/","url_meta":{"origin":2867,"position":5},"title":"ST PETERSBOURG kid pattern","author":"Alma","date":"Thursday September 22nd, 2016","format":false,"excerpt":"Tunique mixte fille\/gar\u00e7on \u00e0 emmanchures raglan, ouverte par des pressions sur le devant, des deux c\u00f4t\u00e9s de l'emmanchure. Revers de manche et plastron facultatifs. Fendue sur les c\u00f4t\u00e9s.\u00a0Niveau : assez facile. Un suppl\u00e9ment vous propose une version plus f\u00e9minine - \u00e0 retrouver ICI.\u00a0 TAILLES :\u00a04-6-8 ans Tissu conseill\u00e9 : tous\u2026","rel":"","context":"Similar post","block_context":{"text":"Similar post","link":""},"img":{"alt_text":"","src":"https:\/\/i0.wp.com\/www.nun-studio.com\/wp-content\/uploads\/2016\/09\/saintpetersbourg-1.jpg?fit=560%2C560&ssl=1&resize=350%2C200","width":350,"height":200,"srcset":"https:\/\/i0.wp.com\/www.nun-studio.com\/wp-content\/uploads\/2016\/09\/saintpetersbourg-1.jpg?fit=560%2C560&ssl=1&resize=350%2C200 1x, https:\/\/i0.wp.com\/www.nun-studio.com\/wp-content\/uploads\/2016\/09\/saintpetersbourg-1.jpg?fit=560%2C560&ssl=1&resize=525%2C300 1.5x"},"classes":[]}],"_links":{"self":[{"href":"https:\/\/www.nun-studio.com\/en\/wp-json\/wp\/v2\/product\/2867","targetHints":{"allow":["GET"]}}],"collection":[{"href":"https:\/\/www.nun-studio.com\/en\/wp-json\/wp\/v2\/product"}],"about":[{"href":"https:\/\/www.nun-studio.com\/en\/wp-json\/wp\/v2\/types\/product"}],"replies":[{"embeddable":true,"href":"https:\/\/www.nun-studio.com\/en\/wp-json\/wp\/v2\/comments?post=2867"}],"wp:featuredmedia":[{"embeddable":true,"href":"https:\/\/www.nun-studio.com\/en\/wp-json\/wp\/v2\/media\/2869"}],"wp:attachment":[{"href":"https:\/\/www.nun-studio.com\/en\/wp-json\/wp\/v2\/media?parent=2867"}],"wp:term":[{"taxonomy":"product_brand","embeddable":true,"href":"https:\/\/www.nun-studio.com\/en\/wp-json\/wp\/v2\/product_brand?post=2867"},{"taxonomy":"product_cat","embeddable":true,"href":"https:\/\/www.nun-studio.com\/en\/wp-json\/wp\/v2\/product_cat?post=2867"},{"taxonomy":"product_tag","embeddable":true,"href":"https:\/\/www.nun-studio.com\/en\/wp-json\/wp\/v2\/product_tag?post=2867"}],"curies":[{"name":"wp","href":"https:\/\/api.w.org\/{rel}","templated":true}]}}