{"id":2863,"date":"2017-02-12T15:18:59","date_gmt":"2017-02-12T14:18:59","guid":{"rendered":"https:\/\/www.nun-studio.com\/produit\/patron-oslo-baby\/"},"modified":"2026-03-31T15:36:39","modified_gmt":"2026-03-31T14:36:39","slug":"patron-oslo-baby","status":"publish","type":"product","link":"https:\/\/www.nun-studio.com\/en\/produit\/patron-oslo-baby\/","title":{"rendered":"pattern OSLO baby"},"content":{"rendered":"<p class=\"qtranxs-available-languages-message qtranxs-available-languages-message-en\">Sorry, this entry is only available in <a href=\"https:\/\/www.nun-studio.com\/fr\/wp-json\/wp\/v2\/product\/2863\" class=\"qtranxs-available-language-link qtranxs-available-language-link-fr\" title=\"Fran\u00e7ais\">Fran\u00e7ais<\/a>.<\/p>","protected":false},"excerpt":{"rendered":"<p style=\"text-align: justify\">Tunique avec plis et boutonnage d\u00e9coratif sur le devant. Le mod\u00e8le est boutonn\u00e9 enti\u00e8rement dans le dos, comporte aussi une version robe, et des revers de manches d\u00e9coratifs.\u00a0<strong>Niveau<\/strong> : facile.<\/p>\n<p style=\"text-align: justify\">Vous trouverez sur cette boutique un<strong> suppl\u00e9ment<\/strong> pour ajouter un col et\/ou un plastron \u00e0 cette petite tunique craquante. Vous trouverez aussi un\u00a0patron double pour r\u00e9aliser une tenue compl\u00e8te : <strong>la brassi\u00e8re OSLO et le corsaire SEVILLE<\/strong>.<\/p>\n<p style=\"text-align: justify\">Taille: 6M, 1A, 2A, 3A<\/p>\n<p style=\"text-align: justify\"><strong>Tissu conseill\u00e9<\/strong> : lin, cotonnade, lainage fin ou velours milleraies.\u00a0<strong>M\u00e9trage n\u00e9cessaire :<\/strong> 0.60 \u00e0 0.80m en 140 selon la taille.<\/p>\n<pre><strong>COMMANDE EN PREVENTE<\/strong> Veuillez noter que les commandes contenant cet article seront envoy\u00e9es \u00e0 partir du <strong>1er avril 2019<\/strong><\/pre>\n","protected":false},"featured_media":2275,"comment_status":"open","ping_status":"closed","template":"","meta":{"jetpack_post_was_ever_published":false,"jetpack_publicize_message":"","jetpack_publicize_feature_enabled":true,"jetpack_social_post_already_shared":true,"jetpack_social_options":{"image_generator_settings":{"template":"highway","default_image_id":0,"font":"","enabled":false},"version":2}},"product_brand":[],"product_cat":[100,67,40,86,134],"product_tag":[90],"class_list":{"0":"post-2863","1":"product","2":"type-product","3":"status-publish","4":"has-post-thumbnail","6":"product_cat-categorie1","7":"product_cat-patrons-cest-dimanche","8":"product_cat-patrons-femme-et-enfant","9":"product_cat-soldes","10":"product_cat-soldes-patrons","11":"product_tag-patrons-bebe","12":"product_shipping_class-lettre","14":"first","15":"instock","16":"purchasable","17":"product-type-simple"},"jetpack_publicize_connections":[],"jetpack_sharing_enabled":true,"jetpack-related-posts":[{"id":2733,"url":"https:\/\/www.nun-studio.com\/en\/produit\/patron-oslo-seville-baby\/","url_meta":{"origin":2863,"position":0},"title":"pattern OSLO SEVILLE baby","author":"Alma","date":"Tuesday February  7th, 2017","format":false,"excerpt":"patron group\u00e9 OSLO + SEVILLE, brassi\u00e8re & corsaire d\u00e9tail OSLO : tunique avec plis et boutonnage d\u00e9coratif sur le devant. Le mod\u00e8le est boutonn\u00e9 enti\u00e8rement dans le dos, comporte aussi une version robe, et des revers de manches d\u00e9coratifs. TAILLES : 6M-1A-2A-3A Tissu conseill\u00e9 : lin, cotonnade, lainage fin ou\u2026","rel":"","context":"Similar post","block_context":{"text":"Similar post","link":""},"img":{"alt_text":"","src":"https:\/\/i0.wp.com\/www.nun-studio.com\/wp-content\/uploads\/2017\/02\/oslo_seville-1.jpg?fit=300%2C300&ssl=1&resize=350%2C200","width":350,"height":200},"classes":[]},{"id":1989,"url":"https:\/\/www.nun-studio.com\/en\/produit\/supplement-oslo-baby-kid\/","url_meta":{"origin":2863,"position":1},"title":"suppl\u00e9ment OSLO baby &amp; kid","author":"Alma","date":"Friday September 23rd, 2016","format":false,"excerpt":"Suppl\u00e9ment au mod\u00e8le OSLO baby et OSLO kid, comprenant un col et un plastron, avec passepoil ou sans.\u00a0Attention ! ce suppl\u00e9ment n\u00e9cessite le patron OSLO KID ou BABY pour pouvoir r\u00e9aliser le mod\u00e8le.","rel":"","context":"Similar post","block_context":{"text":"Similar post","link":""},"img":{"alt_text":"","src":"https:\/\/i0.wp.com\/www.nun-studio.com\/wp-content\/uploads\/2016\/09\/supplement_oslo_kid-1-1.jpg?fit=300%2C300&ssl=1&resize=350%2C200","width":350,"height":200},"classes":[]},{"id":2756,"url":"https:\/\/www.nun-studio.com\/en\/produit\/patron-oslo-teen\/","url_meta":{"origin":2863,"position":2},"title":"OSLO teen pattern","author":"Alma","date":"Tuesday February  7th, 2017","format":false,"excerpt":"Tunique avec plis et boutonnage d\u00e9coratif sur le devant. NIVEAU : facile. TAILLES : 34-36-38 (soit 12-14-16 ans) TISSU CONSEILLE : lin, cotonnade, lainage fin ou velours milleraies.\u00a0METRAGE : 1.50m en 140 COMMANDE EN PREVENTE Veuillez noter que les commandes contenant cet article seront envoy\u00e9es \u00e0 partir du 1er avril\u2026","rel":"","context":"Similar post","block_context":{"text":"Similar post","link":""},"img":{"alt_text":"","src":"https:\/\/i0.wp.com\/www.nun-studio.com\/wp-content\/uploads\/2017\/02\/oslo_kid-3.jpg?fit=1000%2C1000&ssl=1&resize=350%2C200","width":350,"height":200,"srcset":"https:\/\/i0.wp.com\/www.nun-studio.com\/wp-content\/uploads\/2017\/02\/oslo_kid-3.jpg?fit=1000%2C1000&ssl=1&resize=350%2C200 1x, https:\/\/i0.wp.com\/www.nun-studio.com\/wp-content\/uploads\/2017\/02\/oslo_kid-3.jpg?fit=1000%2C1000&ssl=1&resize=525%2C300 1.5x, https:\/\/i0.wp.com\/www.nun-studio.com\/wp-content\/uploads\/2017\/02\/oslo_kid-3.jpg?fit=1000%2C1000&ssl=1&resize=700%2C400 2x"},"classes":[]},{"id":1915,"url":"https:\/\/www.nun-studio.com\/en\/produit\/patron-oslo-kid\/","url_meta":{"origin":2863,"position":3},"title":"(Copie)","author":"Alma","date":"Thursday September 22nd, 2016","format":false,"excerpt":"Tunique avec plis et boutonnage d\u00e9coratif sur le devant. Niveau : facile. TAILLES :\u00a04-6-8-10 ans Tissu conseill\u00e9 : lin, cotonnade, lainage fin ou velours milleraies.\u00a0M\u00e9trage n\u00e9cessaire : 1.10m en 140.","rel":"","context":"Similar post","block_context":{"text":"Similar post","link":""},"img":{"alt_text":"","src":"https:\/\/i0.wp.com\/www.nun-studio.com\/wp-content\/uploads\/2016\/09\/oslo_kid-1.jpg?fit=986%2C982&ssl=1&resize=350%2C200","width":350,"height":200,"srcset":"https:\/\/i0.wp.com\/www.nun-studio.com\/wp-content\/uploads\/2016\/09\/oslo_kid-1.jpg?fit=986%2C982&ssl=1&resize=350%2C200 1x, https:\/\/i0.wp.com\/www.nun-studio.com\/wp-content\/uploads\/2016\/09\/oslo_kid-1.jpg?fit=986%2C982&ssl=1&resize=525%2C300 1.5x, https:\/\/i0.wp.com\/www.nun-studio.com\/wp-content\/uploads\/2016\/09\/oslo_kid-1.jpg?fit=986%2C982&ssl=1&resize=700%2C400 2x"},"classes":[]},{"id":1823,"url":"https:\/\/www.nun-studio.com\/en\/produit\/patron-galway-baby\/","url_meta":{"origin":2863,"position":4},"title":"GALWAY baby pattern","author":"Alma","date":"Wednesday September 21st, 2016","format":false,"excerpt":"Brassi\u00e8re assym\u00e9trique pour b\u00e9b\u00e9 ou tunique pour enfant ; une version marini\u00e8re est comprise. Niveau : facile. TAILLES : 6M-12M-2A-3A Tissu conseill\u00e9 : coton, lin tr\u00e8s doux ou velours milleraies.\u00a0M\u00e9trage de tissu : 0.60 \u00e0 0.80m en 140, selon la taille. NOTE pour le suppl\u00e9ment :\u00a0suppl\u00e9ment au mod\u00e8le galway baby\u2026","rel":"","context":"Similar post","block_context":{"text":"Similar post","link":""},"img":{"alt_text":"","src":"https:\/\/i0.wp.com\/www.nun-studio.com\/wp-content\/uploads\/2016\/09\/galway_baby-1.jpg?fit=300%2C300&ssl=1&resize=350%2C200","width":350,"height":200},"classes":[]},{"id":2804,"url":"https:\/\/www.nun-studio.com\/en\/produit\/patron-beltsy-baby\/","url_meta":{"origin":2863,"position":5},"title":"BELTSY baby pattern","author":"Alma","date":"Saturday February 11th, 2017","format":false,"excerpt":"Robe ou tunique \u00e0 manches longues fronc\u00e9es au poignet, empi\u00e8cement arrondi devant et dos et poches fantaisie. La pose du passepoil est facultative. Une version enfant\u00a0est aussi disponible. Niveau : facile sans les poches, un peu plus long avec les poches (le passepoil sur les poches n'est pas propos\u00e9 pour\u2026","rel":"","context":"Similar post","block_context":{"text":"Similar post","link":""},"img":{"alt_text":"","src":"https:\/\/i0.wp.com\/www.nun-studio.com\/wp-content\/uploads\/2016\/09\/beltsy_kid-2.jpg?fit=300%2C300&ssl=1&resize=350%2C200","width":350,"height":200},"classes":[]}],"_links":{"self":[{"href":"https:\/\/www.nun-studio.com\/en\/wp-json\/wp\/v2\/product\/2863","targetHints":{"allow":["GET"]}}],"collection":[{"href":"https:\/\/www.nun-studio.com\/en\/wp-json\/wp\/v2\/product"}],"about":[{"href":"https:\/\/www.nun-studio.com\/en\/wp-json\/wp\/v2\/types\/product"}],"replies":[{"embeddable":true,"href":"https:\/\/www.nun-studio.com\/en\/wp-json\/wp\/v2\/comments?post=2863"}],"wp:featuredmedia":[{"embeddable":true,"href":"https:\/\/www.nun-studio.com\/en\/wp-json\/wp\/v2\/media\/2275"}],"wp:attachment":[{"href":"https:\/\/www.nun-studio.com\/en\/wp-json\/wp\/v2\/media?parent=2863"}],"wp:term":[{"taxonomy":"product_brand","embeddable":true,"href":"https:\/\/www.nun-studio.com\/en\/wp-json\/wp\/v2\/product_brand?post=2863"},{"taxonomy":"product_cat","embeddable":true,"href":"https:\/\/www.nun-studio.com\/en\/wp-json\/wp\/v2\/product_cat?post=2863"},{"taxonomy":"product_tag","embeddable":true,"href":"https:\/\/www.nun-studio.com\/en\/wp-json\/wp\/v2\/product_tag?post=2863"}],"curies":[{"name":"wp","href":"https:\/\/api.w.org\/{rel}","templated":true}]}}