{"id":2765,"date":"2017-02-07T16:39:08","date_gmt":"2017-02-07T15:39:08","guid":{"rendered":"https:\/\/www.nun-studio.com\/produit\/patron-milwaukee-bag\/"},"modified":"2022-04-23T12:18:09","modified_gmt":"2022-04-23T11:18:09","slug":"patron-milwaukee-bag","status":"publish","type":"product","link":"https:\/\/www.nun-studio.com\/en\/produit\/patron-milwaukee-bag\/","title":{"rendered":"pattern MILWAUKEE bag"},"content":{"rendered":"<p class=\"qtranxs-available-languages-message qtranxs-available-languages-message-en\">Sorry, this entry is only available in <a href=\"https:\/\/www.nun-studio.com\/fr\/wp-json\/wp\/v2\/product\/2765\" class=\"qtranxs-available-language-link qtranxs-available-language-link-fr\" title=\"Fran\u00e7ais\">Fran\u00e7ais<\/a>.<\/p>","protected":false},"excerpt":{"rendered":"<p style=\"text-align: justify\">sac en tissu ferm\u00e9 par un\u00a0zip, avec frise au crochet \u00e0 franges, \u00e0 d\u00e9cliner en 3 tailles selon les envies et les besoins.vLe patron comprend aussi l&#8217;explication de l&#8217;\u00e9tole (photo n\u00b05).<\/p>\n<p style=\"text-align: justify\">TAILLES : small (S), medium(M) et large(L).<\/p>\n<p style=\"text-align: justify\">TISSU &amp; FIL conseill\u00e9s\u00a0: cotonnade, lin, lainage fin, velours milleraies pour le tissu et sa doublure. Pour le fil, un fil de coton qui se croch\u00e8te avec un crochet n\u00b03.\u00a0FOURNITURES\u00a0: 1 fermeture \u00e9clair de 25-30-40cm. 15-13-11 anneaux marqueurs (facultatifs) pour le travail au crochet.\u00a0METRAGE\u00a0: 1 coupon (55&#215;45) pour la taille small, 2 coupons pour les autres, 2-2-3 pelotes de 50gr.<\/p>\n","protected":false},"featured_media":2768,"comment_status":"open","ping_status":"closed","template":"","meta":{"jetpack_post_was_ever_published":false,"jetpack_publicize_message":"","jetpack_publicize_feature_enabled":true,"jetpack_social_post_already_shared":true,"jetpack_social_options":{"image_generator_settings":{"template":"highway","default_image_id":0,"font":"","enabled":false},"version":2}},"product_brand":[],"product_cat":[100,67,41,40,86,134],"product_tag":[87],"class_list":{"0":"post-2765","1":"product","2":"type-product","3":"status-publish","4":"has-post-thumbnail","6":"product_cat-categorie1","7":"product_cat-patrons-cest-dimanche","8":"product_cat-patrons-enfant","9":"product_cat-patrons-femme-et-enfant","10":"product_cat-soldes","11":"product_cat-soldes-patrons","12":"product_tag-patron-accessoires","13":"product_shipping_class-lettre","15":"first","16":"instock","17":"purchasable","18":"product-type-simple"},"jetpack_publicize_connections":[],"jetpack_sharing_enabled":true,"jetpack-related-posts":[{"id":1712,"url":"https:\/\/www.nun-studio.com\/en\/produit\/patron-victoria-street-lady\/","url_meta":{"origin":2765,"position":0},"title":"pattern VICTORIA STREET lady","author":"Alma","date":"Tuesday September 20th, 2016","format":false,"excerpt":"Victoria street est une veste sans col \u00e0 volants et pattes passepoil\u00e9es soulignant la taille, avec une jolie martingale \u00e0 l'arri\u00e8re. Elle peut \u00eatre port\u00e9e chic ou mix\u00e9e avec un vestiaire preppy ou cool. Elle se ferme bord \u00e0 bord avec un crochet invisible et n'est pas doubl\u00e9e, ce qui\u2026","rel":"","context":"Similar post","block_context":{"text":"Similar post","link":""},"img":{"alt_text":"","src":"https:\/\/i0.wp.com\/www.nun-studio.com\/wp-content\/uploads\/2016\/09\/victoria_street_1.jpg?fit=1000%2C989&ssl=1&resize=350%2C200","width":350,"height":200,"srcset":"https:\/\/i0.wp.com\/www.nun-studio.com\/wp-content\/uploads\/2016\/09\/victoria_street_1.jpg?fit=1000%2C989&ssl=1&resize=350%2C200 1x, https:\/\/i0.wp.com\/www.nun-studio.com\/wp-content\/uploads\/2016\/09\/victoria_street_1.jpg?fit=1000%2C989&ssl=1&resize=525%2C300 1.5x, https:\/\/i0.wp.com\/www.nun-studio.com\/wp-content\/uploads\/2016\/09\/victoria_street_1.jpg?fit=1000%2C989&ssl=1&resize=700%2C400 2x"},"classes":[]},{"id":1971,"url":"https:\/\/www.nun-studio.com\/en\/produit\/patron-vienne-graz-baby\/","url_meta":{"origin":2765,"position":1},"title":"VIENNE &amp; GRAZ baby pattern","author":"Alma","date":"Friday September 23rd, 2016","format":false,"excerpt":"patron double VIENNE & GRAZ, brassi\u00e8re &\u00a0culotte courte d\u00e9tail VIENNE :\u00a0brassi\u00e8re mixte pour b\u00e9b\u00e9 et enfant en bas \u00e2ge \u00e9lastiqu\u00e9e \u00e0 l'encolure avec manches raglan, et plastron carr\u00e9 devant.\u00a0Niveau : facile.\u00a0TAILLES: 6M-9M-12M-18M-2A.\u00a0Tissu conseill\u00e9 : coton (voile, liberty, popeline), ou lin tr\u00e8s doux.\u00a0M\u00e9trage n\u00e9cessaire : 4 coupons de 55x45cm (en continu),\u2026","rel":"","context":"Similar post","block_context":{"text":"Similar post","link":""},"img":{"alt_text":"","src":"https:\/\/i0.wp.com\/www.nun-studio.com\/wp-content\/uploads\/2016\/09\/vienne_graz-1.png?fit=600%2C365&ssl=1&resize=350%2C200","width":350,"height":200,"srcset":"https:\/\/i0.wp.com\/www.nun-studio.com\/wp-content\/uploads\/2016\/09\/vienne_graz-1.png?fit=600%2C365&ssl=1&resize=350%2C200 1x, https:\/\/i0.wp.com\/www.nun-studio.com\/wp-content\/uploads\/2016\/09\/vienne_graz-1.png?fit=600%2C365&ssl=1&resize=525%2C300 1.5x"},"classes":[]},{"id":2742,"url":"https:\/\/www.nun-studio.com\/en\/produit\/patron-charleroy-baby\/","url_meta":{"origin":2765,"position":2},"title":"CHARLEROY baby pattern","author":"Alma","date":"Tuesday February  7th, 2017","format":false,"excerpt":"Sorry, this entry is only available in Fran\u00e7ais.","rel":"","context":"Similar post","block_context":{"text":"Similar post","link":""},"img":{"alt_text":"","src":"https:\/\/i0.wp.com\/www.nun-studio.com\/wp-content\/uploads\/2017\/02\/charleroy-1.jpg?fit=600%2C400&ssl=1&resize=350%2C200","width":350,"height":200,"srcset":"https:\/\/i0.wp.com\/www.nun-studio.com\/wp-content\/uploads\/2017\/02\/charleroy-1.jpg?fit=600%2C400&ssl=1&resize=350%2C200 1x, https:\/\/i0.wp.com\/www.nun-studio.com\/wp-content\/uploads\/2017\/02\/charleroy-1.jpg?fit=600%2C400&ssl=1&resize=525%2C300 1.5x"},"classes":[]},{"id":2771,"url":"https:\/\/www.nun-studio.com\/en\/produit\/patron-beltsy-bag\/","url_meta":{"origin":2765,"position":3},"title":"BELTSY bag pattern","author":"Alma","date":"Tuesday February  7th, 2017","format":false,"excerpt":"petit sac girly \u00e0 adapter \u00e0 toutes les situations, \u00e0 m\u00e9langer \u00e0 tous les looks... le cadeau id\u00e9al ! tailles : small (enfant) ou medium (adulte), mais peut \u00eatre d\u00e9clin\u00e9 dans une multitude d'autres tailles par agrandissement ou r\u00e9duction \u00e0 la photocopieuse. Se ferme avec une pression centrale. niveau :\u2026","rel":"","context":"Similar post","block_context":{"text":"Similar post","link":""},"img":{"alt_text":"","src":"https:\/\/i0.wp.com\/www.nun-studio.com\/wp-content\/uploads\/2017\/02\/beltsy_bag-1.jpg?fit=600%2C600&ssl=1&resize=350%2C200","width":350,"height":200,"srcset":"https:\/\/i0.wp.com\/www.nun-studio.com\/wp-content\/uploads\/2017\/02\/beltsy_bag-1.jpg?fit=600%2C600&ssl=1&resize=350%2C200 1x, https:\/\/i0.wp.com\/www.nun-studio.com\/wp-content\/uploads\/2017\/02\/beltsy_bag-1.jpg?fit=600%2C600&ssl=1&resize=525%2C300 1.5x"},"classes":[]},{"id":6845,"url":"https:\/\/www.nun-studio.com\/en\/produit\/kit-fournitures-poupee-ambre\/","url_meta":{"origin":2765,"position":4},"title":"AMBRE doll &#8211; kit fabrics and stuff","author":"Alma","date":"Saturday November 13th, 2021","format":false,"excerpt":"Le KIT fournitures poup\u00e9e Ambre\u00a0contient des coupons de tissus et de la mercerie pour r\u00e9aliser 3 robes + 3 cols en Liberty\u00ae, 1 col fourrure, 1 paire de bottes et 1 sac.\u00a0Le kit ne comprend pas le patron de la poup\u00e9e ni les patrons des v\u00eatements et accessoires. Il ne\u2026","rel":"","context":"Similar post","block_context":{"text":"Similar post","link":""},"img":{"alt_text":"","src":"https:\/\/i0.wp.com\/www.nun-studio.com\/wp-content\/uploads\/2021\/11\/AMBRE-nunstudio-12.jpg?fit=1200%2C1200&ssl=1&resize=350%2C200","width":350,"height":200,"srcset":"https:\/\/i0.wp.com\/www.nun-studio.com\/wp-content\/uploads\/2021\/11\/AMBRE-nunstudio-12.jpg?fit=1200%2C1200&ssl=1&resize=350%2C200 1x, https:\/\/i0.wp.com\/www.nun-studio.com\/wp-content\/uploads\/2021\/11\/AMBRE-nunstudio-12.jpg?fit=1200%2C1200&ssl=1&resize=525%2C300 1.5x, https:\/\/i0.wp.com\/www.nun-studio.com\/wp-content\/uploads\/2021\/11\/AMBRE-nunstudio-12.jpg?fit=1200%2C1200&ssl=1&resize=700%2C400 2x, https:\/\/i0.wp.com\/www.nun-studio.com\/wp-content\/uploads\/2021\/11\/AMBRE-nunstudio-12.jpg?fit=1200%2C1200&ssl=1&resize=1050%2C600 3x"},"classes":[]},{"id":1815,"url":"https:\/\/www.nun-studio.com\/en\/produit\/patron-denver-lady\/","url_meta":{"origin":2765,"position":5},"title":"DENVER lady pattern","author":"Alma","date":"Wednesday September 21st, 2016","format":false,"excerpt":"description : chemise \u00e0 manches longues ou 3\/4, avec patte polo simplifi\u00e9e et empi\u00e8cement triangulaire sous la patte. L\u2019empi\u00e8cement peut \u00eatre enti\u00e8rement cousu ou simplement pli\u00e9 pour un effet de relief (2 versions sont \u00e9galement possibles pour la hauteur de l\u2019empi\u00e8cement). Le dos est en forme liquette. Techniques expliqu\u00e9es :\u2026","rel":"","context":"Similar post","block_context":{"text":"Similar post","link":""},"img":{"alt_text":"","src":"https:\/\/i0.wp.com\/www.nun-studio.com\/wp-content\/uploads\/2016\/09\/denver_lady-1.jpg?fit=996%2C1000&ssl=1&resize=350%2C200","width":350,"height":200,"srcset":"https:\/\/i0.wp.com\/www.nun-studio.com\/wp-content\/uploads\/2016\/09\/denver_lady-1.jpg?fit=996%2C1000&ssl=1&resize=350%2C200 1x, https:\/\/i0.wp.com\/www.nun-studio.com\/wp-content\/uploads\/2016\/09\/denver_lady-1.jpg?fit=996%2C1000&ssl=1&resize=525%2C300 1.5x, https:\/\/i0.wp.com\/www.nun-studio.com\/wp-content\/uploads\/2016\/09\/denver_lady-1.jpg?fit=996%2C1000&ssl=1&resize=700%2C400 2x"},"classes":[]}],"_links":{"self":[{"href":"https:\/\/www.nun-studio.com\/en\/wp-json\/wp\/v2\/product\/2765","targetHints":{"allow":["GET"]}}],"collection":[{"href":"https:\/\/www.nun-studio.com\/en\/wp-json\/wp\/v2\/product"}],"about":[{"href":"https:\/\/www.nun-studio.com\/en\/wp-json\/wp\/v2\/types\/product"}],"replies":[{"embeddable":true,"href":"https:\/\/www.nun-studio.com\/en\/wp-json\/wp\/v2\/comments?post=2765"}],"wp:featuredmedia":[{"embeddable":true,"href":"https:\/\/www.nun-studio.com\/en\/wp-json\/wp\/v2\/media\/2768"}],"wp:attachment":[{"href":"https:\/\/www.nun-studio.com\/en\/wp-json\/wp\/v2\/media?parent=2765"}],"wp:term":[{"taxonomy":"product_brand","embeddable":true,"href":"https:\/\/www.nun-studio.com\/en\/wp-json\/wp\/v2\/product_brand?post=2765"},{"taxonomy":"product_cat","embeddable":true,"href":"https:\/\/www.nun-studio.com\/en\/wp-json\/wp\/v2\/product_cat?post=2765"},{"taxonomy":"product_tag","embeddable":true,"href":"https:\/\/www.nun-studio.com\/en\/wp-json\/wp\/v2\/product_tag?post=2765"}],"curies":[{"name":"wp","href":"https:\/\/api.w.org\/{rel}","templated":true}]}}