{"id":2748,"date":"2017-02-07T16:18:11","date_gmt":"2017-02-07T15:18:11","guid":{"rendered":"https:\/\/www.nun-studio.com\/produit\/patron-chantilly-baby\/"},"modified":"2024-02-11T11:25:35","modified_gmt":"2024-02-11T10:25:35","slug":"patron-chantilly-baby","status":"publish","type":"product","link":"https:\/\/www.nun-studio.com\/en\/produit\/patron-chantilly-baby\/","title":{"rendered":"CHANTILLY baby pattern"},"content":{"rendered":"<p class=\"qtranxs-available-languages-message qtranxs-available-languages-message-en\">Sorry, this entry is only available in <a href=\"https:\/\/www.nun-studio.com\/fr\/wp-json\/wp\/v2\/product\/2748\" class=\"qtranxs-available-language-link qtranxs-available-language-link-fr\" title=\"Fran\u00e7ais\">Fran\u00e7ais<\/a>.<\/p>","protected":false},"excerpt":{"rendered":"<p style=\"text-align: justify\">Description : barboteuse r\u00e9tro r\u00e9alisable en 2 versions (plus 2 robes), avec bretelles boutonn\u00e9es dans le dos et pressions \u00e0 l\u2019entrejambe. Le tour de cuisse et le dos sont \u00e9lastiqu\u00e9s. Des poches sont brod\u00e9es en trompe l\u2019\u0153il sur le devant.\u00a0<em>Astuce ! si la barboteuse est trop grande au niveau des bretelles, croisez-les au dos, cela remontera le tout.<\/em><\/p>\n<p style=\"text-align: justify\"><strong>TAILLES<\/strong> : 3M, 6M, 9M et 12M.<\/p>\n<p style=\"text-align: justify\"><strong>Fournitures<\/strong> : version 1: 40cm de passepoil ; quelques m\u00e8tres de fil \u00e0 broder assorti au passepoil ; 4 boutons de 15mm de diam\u00e8tre ; 26-27-28-29cm d\u2019\u00e9lastique de 1cm de large pour la ceinture ; 50-52-54-56cm d\u2019\u00e9lastique de 4 \u00e0 5mm de large pour les tours de cuisse ; 5 pressions assez grosses. Version 2: 60cm de passepoil ; un peu de fil \u00e0 broder assorti au passepoil ; 2 boutons de 15mm de diam\u00e8tre ; 26-27-28-29cm d\u2019\u00e9lastique de 1,5cm de large pour la ceinture ; 50-52-54-56cm d\u2019\u00e9lastique de 4 \u00e0 5mm de large pour le tour de cuisse ; 5 pressions assez grosses. Version 2 : comme la version 1 mais sans le passepoil, et avec un \u00e9lastique de 1cm au lieu de 1,5cm.<strong> M\u00e9trage en 110<\/strong> : 0,90cm. <strong>M\u00e9trage en 140<\/strong> : 0,65m.<\/p>\n","protected":false},"featured_media":2749,"comment_status":"open","ping_status":"closed","template":"","meta":{"jetpack_post_was_ever_published":false,"jetpack_publicize_message":"","jetpack_publicize_feature_enabled":true,"jetpack_social_post_already_shared":true,"jetpack_social_options":{"image_generator_settings":{"template":"highway","default_image_id":0,"font":"","enabled":false},"version":2}},"product_brand":[],"product_cat":[100,67,41,40,86,134],"product_tag":[90],"class_list":{"0":"post-2748","1":"product","2":"type-product","3":"status-publish","4":"has-post-thumbnail","6":"product_cat-categorie1","7":"product_cat-patrons-cest-dimanche","8":"product_cat-patrons-enfant","9":"product_cat-patrons-femme-et-enfant","10":"product_cat-soldes","11":"product_cat-soldes-patrons","12":"product_tag-patrons-bebe","13":"product_shipping_class-lettre","15":"first","16":"instock","17":"purchasable","18":"product-type-simple"},"jetpack_publicize_connections":[],"jetpack_sharing_enabled":true,"jetpack-related-posts":[{"id":6633,"url":"https:\/\/www.nun-studio.com\/en\/produit\/patron-montmartre-baby\/","url_meta":{"origin":2748,"position":0},"title":"MONTMARTRE baby pattern","author":"Alma","date":"Saturday June 26th, 2021","format":false,"excerpt":"MONTMARTRE est un mod\u00e8le b\u00e9b\u00e9 mixte tr\u00e8s versatile avec plein de charme, ses petits coeurs font tout ! il est d\u00e9clinable en barboteuse, robe (avec bloomer int\u00e9gr\u00e9) et combi-pantalon. Vous pouvez opter aussi pour une version bloomer ou pantalon sans bavette. Le bloomer s'ouvre \u00e0 l'entrejambe pour faciliter le change.\u2026","rel":"","context":"Similar post","block_context":{"text":"Similar post","link":""},"img":{"alt_text":"","src":"https:\/\/i0.wp.com\/www.nun-studio.com\/wp-content\/uploads\/2021\/06\/montmartre-baby-2.png?fit=1190%2C1200&ssl=1&resize=350%2C200","width":350,"height":200,"srcset":"https:\/\/i0.wp.com\/www.nun-studio.com\/wp-content\/uploads\/2021\/06\/montmartre-baby-2.png?fit=1190%2C1200&ssl=1&resize=350%2C200 1x, https:\/\/i0.wp.com\/www.nun-studio.com\/wp-content\/uploads\/2021\/06\/montmartre-baby-2.png?fit=1190%2C1200&ssl=1&resize=525%2C300 1.5x, https:\/\/i0.wp.com\/www.nun-studio.com\/wp-content\/uploads\/2021\/06\/montmartre-baby-2.png?fit=1190%2C1200&ssl=1&resize=700%2C400 2x, https:\/\/i0.wp.com\/www.nun-studio.com\/wp-content\/uploads\/2021\/06\/montmartre-baby-2.png?fit=1190%2C1200&ssl=1&resize=1050%2C600 3x"},"classes":[]},{"id":2742,"url":"https:\/\/www.nun-studio.com\/en\/produit\/patron-charleroy-baby\/","url_meta":{"origin":2748,"position":1},"title":"CHARLEROY baby pattern","author":"Alma","date":"Tuesday February  7th, 2017","format":false,"excerpt":"Sorry, this entry is only available in Fran\u00e7ais.","rel":"","context":"Similar post","block_context":{"text":"Similar post","link":""},"img":{"alt_text":"","src":"https:\/\/i0.wp.com\/www.nun-studio.com\/wp-content\/uploads\/2017\/02\/charleroy-1.jpg?fit=600%2C400&ssl=1&resize=350%2C200","width":350,"height":200,"srcset":"https:\/\/i0.wp.com\/www.nun-studio.com\/wp-content\/uploads\/2017\/02\/charleroy-1.jpg?fit=600%2C400&ssl=1&resize=350%2C200 1x, https:\/\/i0.wp.com\/www.nun-studio.com\/wp-content\/uploads\/2017\/02\/charleroy-1.jpg?fit=600%2C400&ssl=1&resize=525%2C300 1.5x"},"classes":[]},{"id":1827,"url":"https:\/\/www.nun-studio.com\/en\/produit\/patron-memphis\/","url_meta":{"origin":2748,"position":2},"title":"MEMPHIS pattern &#8211; 2A \u00e0 44","author":"Alma","date":"Wednesday September 21st, 2016","format":false,"excerpt":"Jupe ample \u00e9lastiqu\u00e9e \u00e0 la taille, avec poches \u00e0 revers passepoil\u00e9s (facultatifs).\u00a0Niveau : facile. TAILLES : 2-4-6-8-10-12 \/ 34(14A)-36-38-40-42-44 METRAGE :\u00a02-6A en version petit ourlet : 4 coupons de 55x45cm.\u00a0Enfant 4A \u00e0 adulte : 6 coupons de 55x45cm jusqu'\u00e0 la taille 38, 7 coupons pour les tailles 40 \u00e0 44.\u00a0Fournitures\u2026","rel":"","context":"Similar post","block_context":{"text":"Similar post","link":""},"img":{"alt_text":"","src":"https:\/\/i0.wp.com\/www.nun-studio.com\/wp-content\/uploads\/2016\/09\/memphis_kid_a_lady-1.jpg?fit=600%2C800&ssl=1&resize=350%2C200","width":350,"height":200,"srcset":"https:\/\/i0.wp.com\/www.nun-studio.com\/wp-content\/uploads\/2016\/09\/memphis_kid_a_lady-1.jpg?fit=600%2C800&ssl=1&resize=350%2C200 1x, https:\/\/i0.wp.com\/www.nun-studio.com\/wp-content\/uploads\/2016\/09\/memphis_kid_a_lady-1.jpg?fit=600%2C800&ssl=1&resize=525%2C300 1.5x"},"classes":[]},{"id":2804,"url":"https:\/\/www.nun-studio.com\/en\/produit\/patron-beltsy-baby\/","url_meta":{"origin":2748,"position":3},"title":"BELTSY baby pattern","author":"Alma","date":"Saturday February 11th, 2017","format":false,"excerpt":"Robe ou tunique \u00e0 manches longues fronc\u00e9es au poignet, empi\u00e8cement arrondi devant et dos et poches fantaisie. La pose du passepoil est facultative. Une version enfant\u00a0est aussi disponible. Niveau : facile sans les poches, un peu plus long avec les poches (le passepoil sur les poches n'est pas propos\u00e9 pour\u2026","rel":"","context":"Similar post","block_context":{"text":"Similar post","link":""},"img":{"alt_text":"","src":"https:\/\/i0.wp.com\/www.nun-studio.com\/wp-content\/uploads\/2016\/09\/beltsy_kid-2.jpg?fit=300%2C300&ssl=1&resize=350%2C200","width":350,"height":200},"classes":[]},{"id":2975,"url":"https:\/\/www.nun-studio.com\/en\/produit\/patron-syracuse-kid\/","url_meta":{"origin":2748,"position":4},"title":"pattern SYRACUSE kid","author":"Alma","date":"Tuesday February 14th, 2017","format":false,"excerpt":"Robe ou blouse bain de soleil \u00e0 plastron rond passepoil\u00e9, \u00e9lastiqu\u00e9e \u00e0 la poitrine et d\u00e9gageant les \u00e9paules. Facile et rapide \u00e0 r\u00e9aliser (la pose du passepoil est facultative). TAILLES : 4 ans, 6 ans, 8 ans et 10 ans. tissu conseill\u00e9 : voile de coton, plumetis, liberty, cotonnades diverses.\u2026","rel":"","context":"Similar post","block_context":{"text":"Similar post","link":""},"img":{"alt_text":"","src":"https:\/\/i0.wp.com\/www.nun-studio.com\/wp-content\/uploads\/2017\/02\/syracuse-1.jpg?fit=1000%2C1000&ssl=1&resize=350%2C200","width":350,"height":200,"srcset":"https:\/\/i0.wp.com\/www.nun-studio.com\/wp-content\/uploads\/2017\/02\/syracuse-1.jpg?fit=1000%2C1000&ssl=1&resize=350%2C200 1x, https:\/\/i0.wp.com\/www.nun-studio.com\/wp-content\/uploads\/2017\/02\/syracuse-1.jpg?fit=1000%2C1000&ssl=1&resize=525%2C300 1.5x, https:\/\/i0.wp.com\/www.nun-studio.com\/wp-content\/uploads\/2017\/02\/syracuse-1.jpg?fit=1000%2C1000&ssl=1&resize=700%2C400 2x"},"classes":[]},{"id":2696,"url":"https:\/\/www.nun-studio.com\/en\/produit\/patron-chelsea-kid\/","url_meta":{"origin":2748,"position":5},"title":"pattern CHELSEA kid","author":"Alma","date":"Wednesday February  1st, 2017","format":false,"excerpt":"Robe ou tunique de demi-saison avec col assym\u00e9trique, ceinture rapport\u00e9e et jupe \u00e0 plis plats. R\u00e9alisable en version blouse avec col sym\u00e9trique et revers de poignets. La pose du passepoil est facultative et les d\u00e9tails du col et des manches des 2 versions peuvent \u00eatre mix\u00e9s selon vos envies pour\u2026","rel":"","context":"Similar post","block_context":{"text":"Similar post","link":""},"img":{"alt_text":"","src":"https:\/\/i0.wp.com\/www.nun-studio.com\/wp-content\/uploads\/2017\/02\/chelsea-3.jpg?fit=667%2C1000&ssl=1&resize=350%2C200","width":350,"height":200,"srcset":"https:\/\/i0.wp.com\/www.nun-studio.com\/wp-content\/uploads\/2017\/02\/chelsea-3.jpg?fit=667%2C1000&ssl=1&resize=350%2C200 1x, https:\/\/i0.wp.com\/www.nun-studio.com\/wp-content\/uploads\/2017\/02\/chelsea-3.jpg?fit=667%2C1000&ssl=1&resize=525%2C300 1.5x"},"classes":[]}],"_links":{"self":[{"href":"https:\/\/www.nun-studio.com\/en\/wp-json\/wp\/v2\/product\/2748","targetHints":{"allow":["GET"]}}],"collection":[{"href":"https:\/\/www.nun-studio.com\/en\/wp-json\/wp\/v2\/product"}],"about":[{"href":"https:\/\/www.nun-studio.com\/en\/wp-json\/wp\/v2\/types\/product"}],"replies":[{"embeddable":true,"href":"https:\/\/www.nun-studio.com\/en\/wp-json\/wp\/v2\/comments?post=2748"}],"wp:featuredmedia":[{"embeddable":true,"href":"https:\/\/www.nun-studio.com\/en\/wp-json\/wp\/v2\/media\/2749"}],"wp:attachment":[{"href":"https:\/\/www.nun-studio.com\/en\/wp-json\/wp\/v2\/media?parent=2748"}],"wp:term":[{"taxonomy":"product_brand","embeddable":true,"href":"https:\/\/www.nun-studio.com\/en\/wp-json\/wp\/v2\/product_brand?post=2748"},{"taxonomy":"product_cat","embeddable":true,"href":"https:\/\/www.nun-studio.com\/en\/wp-json\/wp\/v2\/product_cat?post=2748"},{"taxonomy":"product_tag","embeddable":true,"href":"https:\/\/www.nun-studio.com\/en\/wp-json\/wp\/v2\/product_tag?post=2748"}],"curies":[{"name":"wp","href":"https:\/\/api.w.org\/{rel}","templated":true}]}}