{"id":2742,"date":"2017-02-07T16:13:16","date_gmt":"2017-02-07T15:13:16","guid":{"rendered":"https:\/\/www.nun-studio.com\/produit\/patron-charleroy-baby\/"},"modified":"2024-01-14T15:02:39","modified_gmt":"2024-01-14T14:02:39","slug":"patron-charleroy-baby","status":"publish","type":"product","link":"https:\/\/www.nun-studio.com\/en\/produit\/patron-charleroy-baby\/","title":{"rendered":"CHARLEROY baby pattern"},"content":{"rendered":"<p class=\"qtranxs-available-languages-message qtranxs-available-languages-message-en\">Sorry, this entry is only available in <a href=\"https:\/\/www.nun-studio.com\/fr\/wp-json\/wp\/v2\/product\/2742\" class=\"qtranxs-available-language-link qtranxs-available-language-link-fr\" title=\"Fran\u00e7ais\">Fran\u00e7ais<\/a>.<\/p>","protected":false},"excerpt":{"rendered":"<p class=\"qtranxs-available-languages-message qtranxs-available-languages-message-en\">Sorry, this entry is only available in <a href=\"https:\/\/www.nun-studio.com\/fr\/wp-json\/wp\/v2\/product\/2742\" class=\"qtranxs-available-language-link qtranxs-available-language-link-fr\" title=\"Fran\u00e7ais\">Fran\u00e7ais<\/a>.<\/p>\n","protected":false},"featured_media":2743,"comment_status":"open","ping_status":"closed","template":"","meta":{"jetpack_post_was_ever_published":false,"jetpack_publicize_message":"","jetpack_publicize_feature_enabled":true,"jetpack_social_post_already_shared":true,"jetpack_social_options":{"image_generator_settings":{"template":"highway","default_image_id":0,"font":"","enabled":false},"version":2}},"product_brand":[],"product_cat":[100,67,41,40,86,134],"product_tag":[90],"class_list":{"0":"post-2742","1":"product","2":"type-product","3":"status-publish","4":"has-post-thumbnail","6":"product_cat-categorie1","7":"product_cat-patrons-cest-dimanche","8":"product_cat-patrons-enfant","9":"product_cat-patrons-femme-et-enfant","10":"product_cat-soldes","11":"product_cat-soldes-patrons","12":"product_tag-patrons-bebe","13":"product_shipping_class-lettre","15":"first","16":"instock","17":"purchasable","18":"product-type-simple"},"jetpack_publicize_connections":[],"jetpack_sharing_enabled":true,"jetpack-related-posts":[{"id":1971,"url":"https:\/\/www.nun-studio.com\/en\/produit\/patron-vienne-graz-baby\/","url_meta":{"origin":2742,"position":0},"title":"VIENNE &amp; GRAZ baby pattern","author":"Alma","date":"Friday September 23rd, 2016","format":false,"excerpt":"patron double VIENNE & GRAZ, brassi\u00e8re &\u00a0culotte courte d\u00e9tail VIENNE :\u00a0brassi\u00e8re mixte pour b\u00e9b\u00e9 et enfant en bas \u00e2ge \u00e9lastiqu\u00e9e \u00e0 l'encolure avec manches raglan, et plastron carr\u00e9 devant.\u00a0Niveau : facile.\u00a0TAILLES: 6M-9M-12M-18M-2A.\u00a0Tissu conseill\u00e9 : coton (voile, liberty, popeline), ou lin tr\u00e8s doux.\u00a0M\u00e9trage n\u00e9cessaire : 4 coupons de 55x45cm (en continu),\u2026","rel":"","context":"Similar post","block_context":{"text":"Similar post","link":""},"img":{"alt_text":"","src":"https:\/\/i0.wp.com\/www.nun-studio.com\/wp-content\/uploads\/2016\/09\/vienne_graz-1.png?fit=600%2C365&ssl=1&resize=350%2C200","width":350,"height":200,"srcset":"https:\/\/i0.wp.com\/www.nun-studio.com\/wp-content\/uploads\/2016\/09\/vienne_graz-1.png?fit=600%2C365&ssl=1&resize=350%2C200 1x, https:\/\/i0.wp.com\/www.nun-studio.com\/wp-content\/uploads\/2016\/09\/vienne_graz-1.png?fit=600%2C365&ssl=1&resize=525%2C300 1.5x"},"classes":[]},{"id":2867,"url":"https:\/\/www.nun-studio.com\/en\/produit\/patron-deauville-kid\/","url_meta":{"origin":2742,"position":1},"title":"DEAUVILLE kid pattern","author":"Alma","date":"Sunday February 12th, 2017","format":false,"excerpt":"description : short \u00e0 plis passepoil\u00e9s et revers, poches italiennes fantaisies, ceinture \u00e9lastiqu\u00e9e. TAILLES : 2 ans, 4 ans, 6 ans et 8 ans. tissu conseill\u00e9 : lin, lainage fin, velours milleraies. 1 chute de tissu assorti plus fin (cotonnade, liberty, voile de coton) pour les fonds de poche. La\u2026","rel":"","context":"Similar post","block_context":{"text":"Similar post","link":""},"img":{"alt_text":"","src":"https:\/\/i0.wp.com\/www.nun-studio.com\/wp-content\/uploads\/2017\/02\/deauville-2.jpg?fit=1000%2C822&ssl=1&resize=350%2C200","width":350,"height":200,"srcset":"https:\/\/i0.wp.com\/www.nun-studio.com\/wp-content\/uploads\/2017\/02\/deauville-2.jpg?fit=1000%2C822&ssl=1&resize=350%2C200 1x, https:\/\/i0.wp.com\/www.nun-studio.com\/wp-content\/uploads\/2017\/02\/deauville-2.jpg?fit=1000%2C822&ssl=1&resize=525%2C300 1.5x, https:\/\/i0.wp.com\/www.nun-studio.com\/wp-content\/uploads\/2017\/02\/deauville-2.jpg?fit=1000%2C822&ssl=1&resize=700%2C400 2x"},"classes":[]},{"id":2696,"url":"https:\/\/www.nun-studio.com\/en\/produit\/patron-chelsea-kid\/","url_meta":{"origin":2742,"position":2},"title":"pattern CHELSEA kid","author":"Alma","date":"Wednesday February  1st, 2017","format":false,"excerpt":"Robe ou tunique de demi-saison avec col assym\u00e9trique, ceinture rapport\u00e9e et jupe \u00e0 plis plats. R\u00e9alisable en version blouse avec col sym\u00e9trique et revers de poignets. La pose du passepoil est facultative et les d\u00e9tails du col et des manches des 2 versions peuvent \u00eatre mix\u00e9s selon vos envies pour\u2026","rel":"","context":"Similar post","block_context":{"text":"Similar post","link":""},"img":{"alt_text":"","src":"https:\/\/i0.wp.com\/www.nun-studio.com\/wp-content\/uploads\/2017\/02\/chelsea-3.jpg?fit=667%2C1000&ssl=1&resize=350%2C200","width":350,"height":200,"srcset":"https:\/\/i0.wp.com\/www.nun-studio.com\/wp-content\/uploads\/2017\/02\/chelsea-3.jpg?fit=667%2C1000&ssl=1&resize=350%2C200 1x, https:\/\/i0.wp.com\/www.nun-studio.com\/wp-content\/uploads\/2017\/02\/chelsea-3.jpg?fit=667%2C1000&ssl=1&resize=525%2C300 1.5x"},"classes":[]},{"id":1920,"url":"https:\/\/www.nun-studio.com\/en\/produit\/patron-sofia-teen\/","url_meta":{"origin":2742,"position":3},"title":"SOFIA teen pattern","author":"Alma","date":"Thursday September 22nd, 2016","format":false,"excerpt":"Sur-blouse, \u00e0 porter sur le mod\u00e8le OSLO par exemple ; large d\u00e9collet\u00e9 et pli assym\u00e9trique sur le devant. Col doubl\u00e9 en tissu contrast\u00e9. Pas de syst\u00e8me de fermeture. 2 versions sont possibles (voir sch\u00e9mas). Niveau : facile. TAILLES : 34-36-38 Tissu conseill\u00e9 : coton ou lin, velours milleraies ; liberty\u2026","rel":"","context":"Similar post","block_context":{"text":"Similar post","link":""},"img":{"alt_text":"","src":"https:\/\/i0.wp.com\/www.nun-studio.com\/wp-content\/uploads\/2016\/09\/sofia-teen-1.jpg?fit=1000%2C1000&ssl=1&resize=350%2C200","width":350,"height":200,"srcset":"https:\/\/i0.wp.com\/www.nun-studio.com\/wp-content\/uploads\/2016\/09\/sofia-teen-1.jpg?fit=1000%2C1000&ssl=1&resize=350%2C200 1x, https:\/\/i0.wp.com\/www.nun-studio.com\/wp-content\/uploads\/2016\/09\/sofia-teen-1.jpg?fit=1000%2C1000&ssl=1&resize=525%2C300 1.5x, https:\/\/i0.wp.com\/www.nun-studio.com\/wp-content\/uploads\/2016\/09\/sofia-teen-1.jpg?fit=1000%2C1000&ssl=1&resize=700%2C400 2x"},"classes":[]},{"id":2863,"url":"https:\/\/www.nun-studio.com\/en\/produit\/patron-oslo-baby\/","url_meta":{"origin":2742,"position":4},"title":"pattern OSLO baby","author":"Alma","date":"Sunday February 12th, 2017","format":false,"excerpt":"Tunique avec plis et boutonnage d\u00e9coratif sur le devant. Le mod\u00e8le est boutonn\u00e9 enti\u00e8rement dans le dos, comporte aussi une version robe, et des revers de manches d\u00e9coratifs.\u00a0Niveau : facile. Vous trouverez sur cette boutique un suppl\u00e9ment pour ajouter un col et\/ou un plastron \u00e0 cette petite tunique craquante. Vous\u2026","rel":"","context":"Similar post","block_context":{"text":"Similar post","link":""},"img":{"alt_text":"","src":"https:\/\/i0.wp.com\/www.nun-studio.com\/wp-content\/uploads\/2016\/11\/oslok.jpg?fit=300%2C300&ssl=1&resize=350%2C200","width":350,"height":200},"classes":[]},{"id":2638,"url":"https:\/\/www.nun-studio.com\/en\/produit\/patron-oberweiden-kid\/","url_meta":{"origin":2742,"position":5},"title":"pattern OBERWEIDEN  kid","author":"Alma","date":"Saturday January 21st, 2017","format":false,"excerpt":"veste mixte (gar\u00e7on\/fille) de demi-saison avec faux revers de col tailleur et patte de boutonnage rapport\u00e9e passepoil\u00e9e, pli creux au dos et bas tr\u00e8s l\u00e9g\u00e8rement en queue de pie. Une version moins \u00e9vas\u00e9e est pr\u00e9vue pour un c\u00f4t\u00e9 plus masculin. La veste est doubl\u00e9e et n\u2019est pas con\u00e7ue pour se\u2026","rel":"","context":"Similar post","block_context":{"text":"Similar post","link":""},"img":{"alt_text":"","src":"https:\/\/i0.wp.com\/www.nun-studio.com\/wp-content\/uploads\/2017\/01\/oberweiden-1.jpg?fit=1000%2C1000&ssl=1&resize=350%2C200","width":350,"height":200,"srcset":"https:\/\/i0.wp.com\/www.nun-studio.com\/wp-content\/uploads\/2017\/01\/oberweiden-1.jpg?fit=1000%2C1000&ssl=1&resize=350%2C200 1x, https:\/\/i0.wp.com\/www.nun-studio.com\/wp-content\/uploads\/2017\/01\/oberweiden-1.jpg?fit=1000%2C1000&ssl=1&resize=525%2C300 1.5x, https:\/\/i0.wp.com\/www.nun-studio.com\/wp-content\/uploads\/2017\/01\/oberweiden-1.jpg?fit=1000%2C1000&ssl=1&resize=700%2C400 2x"},"classes":[]}],"_links":{"self":[{"href":"https:\/\/www.nun-studio.com\/en\/wp-json\/wp\/v2\/product\/2742","targetHints":{"allow":["GET"]}}],"collection":[{"href":"https:\/\/www.nun-studio.com\/en\/wp-json\/wp\/v2\/product"}],"about":[{"href":"https:\/\/www.nun-studio.com\/en\/wp-json\/wp\/v2\/types\/product"}],"replies":[{"embeddable":true,"href":"https:\/\/www.nun-studio.com\/en\/wp-json\/wp\/v2\/comments?post=2742"}],"wp:featuredmedia":[{"embeddable":true,"href":"https:\/\/www.nun-studio.com\/en\/wp-json\/wp\/v2\/media\/2743"}],"wp:attachment":[{"href":"https:\/\/www.nun-studio.com\/en\/wp-json\/wp\/v2\/media?parent=2742"}],"wp:term":[{"taxonomy":"product_brand","embeddable":true,"href":"https:\/\/www.nun-studio.com\/en\/wp-json\/wp\/v2\/product_brand?post=2742"},{"taxonomy":"product_cat","embeddable":true,"href":"https:\/\/www.nun-studio.com\/en\/wp-json\/wp\/v2\/product_cat?post=2742"},{"taxonomy":"product_tag","embeddable":true,"href":"https:\/\/www.nun-studio.com\/en\/wp-json\/wp\/v2\/product_tag?post=2742"}],"curies":[{"name":"wp","href":"https:\/\/api.w.org\/{rel}","templated":true}]}}