{"id":2739,"date":"2017-02-07T16:07:06","date_gmt":"2017-02-07T15:07:06","guid":{"rendered":"https:\/\/www.nun-studio.com\/produit\/patron-galway-seville-baby\/"},"modified":"2024-01-28T16:27:25","modified_gmt":"2024-01-28T15:27:25","slug":"patron-galway-seville-baby","status":"publish","type":"product","link":"https:\/\/www.nun-studio.com\/en\/produit\/patron-galway-seville-baby\/","title":{"rendered":"pattern GALWAY SEVILLE baby"},"content":{"rendered":"<p class=\"qtranxs-available-languages-message qtranxs-available-languages-message-en\">Sorry, this entry is only available in <a href=\"https:\/\/www.nun-studio.com\/fr\/wp-json\/wp\/v2\/product\/2739\" class=\"qtranxs-available-language-link qtranxs-available-language-link-fr\" title=\"Fran\u00e7ais\">Fran\u00e7ais<\/a>.<\/p>","protected":false},"excerpt":{"rendered":"<p style=\"text-align: justify\"><strong>patron group\u00e9 GALWAY baby + SEVILLE, brassi\u00e8re &amp;\u00a0corsaire<\/strong><\/p>\n<p style=\"text-align: justify\"><strong>d\u00e9tail GALWAY<\/strong> : brassi\u00e8re assym\u00e9trique pour b\u00e9b\u00e9 et enfant en bas \u00e2ge, boutonn\u00e9e dans le dos. Une version marini\u00e8re et une version simplifi\u00e9e sont possibles (voir patron galway seul dans la boutique).\u00a0<strong>TAILLES<\/strong> : 6M-12M-1A-2A-3A<strong>\u00a0NIVEAU\u00a0<\/strong>: facile.\u00a0<strong>Tissu conseill\u00e9<\/strong> : coton, lin tr\u00e8s doux ou velours milleraies. <strong>M\u00e9trage de tissu<\/strong> : 0.60 \u00e0 0.80m en 140, selon la taille.<\/p>\n<p style=\"text-align: justify\"><strong>d\u00e9tail SEVILLE<\/strong> : corsaire pour b\u00e9b\u00e9\u00a0avec fente sur le c\u00f4t\u00e9 (passepoil\u00e9e ou non), r\u00e9versible.\u00a0<strong>TAILLES<\/strong> :\u00a06M et 1A. <strong>Tissu conseill\u00e9<\/strong> : coton, lin tr\u00e8s doux ou velours milleraies. <strong>M\u00e9trage de tissu<\/strong> : 0.40 en 140.<strong> Niveau<\/strong>\u00a0: facile et rapide.<\/p>\n<pre style=\"text-align: justify\"><strong>COMMANDE EN PREVENTE<\/strong> Veuillez noter que les commandes contenant cet article seront envoy\u00e9es \u00e0 partir du <strong>1er avril 2019<\/strong><\/pre>\n","protected":false},"featured_media":2740,"comment_status":"open","ping_status":"closed","template":"","meta":{"jetpack_post_was_ever_published":false,"jetpack_publicize_message":"","jetpack_publicize_feature_enabled":true,"jetpack_social_post_already_shared":true,"jetpack_social_options":{"image_generator_settings":{"template":"highway","default_image_id":0,"font":"","enabled":false},"version":2}},"product_brand":[],"product_cat":[100,67,41,40,86,134],"product_tag":[98,97,90],"class_list":{"0":"post-2739","1":"product","2":"type-product","3":"status-publish","4":"has-post-thumbnail","6":"product_cat-categorie1","7":"product_cat-patrons-cest-dimanche","8":"product_cat-patrons-enfant","9":"product_cat-patrons-femme-et-enfant","10":"product_cat-soldes","11":"product_cat-soldes-patrons","12":"product_tag-patron-double","13":"product_tag-patron-galway","14":"product_tag-patrons-bebe","15":"product_shipping_class-lettre","17":"first","18":"instock","19":"purchasable","20":"product-type-simple"},"jetpack_publicize_connections":[],"jetpack_sharing_enabled":true,"jetpack-related-posts":[{"id":1823,"url":"https:\/\/www.nun-studio.com\/en\/produit\/patron-galway-baby\/","url_meta":{"origin":2739,"position":0},"title":"GALWAY baby pattern","author":"Alma","date":"Wednesday September 21st, 2016","format":false,"excerpt":"Brassi\u00e8re assym\u00e9trique pour b\u00e9b\u00e9 ou tunique pour enfant ; une version marini\u00e8re est comprise. Niveau : facile. TAILLES : 6M-12M-2A-3A Tissu conseill\u00e9 : coton, lin tr\u00e8s doux ou velours milleraies.\u00a0M\u00e9trage de tissu : 0.60 \u00e0 0.80m en 140, selon la taille. NOTE pour le suppl\u00e9ment :\u00a0suppl\u00e9ment au mod\u00e8le galway baby\u2026","rel":"","context":"Similar post","block_context":{"text":"Similar post","link":""},"img":{"alt_text":"","src":"https:\/\/i0.wp.com\/www.nun-studio.com\/wp-content\/uploads\/2016\/09\/galway_baby-1.jpg?fit=300%2C300&ssl=1&resize=350%2C200","width":350,"height":200},"classes":[]},{"id":2733,"url":"https:\/\/www.nun-studio.com\/en\/produit\/patron-oslo-seville-baby\/","url_meta":{"origin":2739,"position":1},"title":"pattern OSLO SEVILLE baby","author":"Alma","date":"Tuesday February  7th, 2017","format":false,"excerpt":"patron group\u00e9 OSLO + SEVILLE, brassi\u00e8re & corsaire d\u00e9tail OSLO : tunique avec plis et boutonnage d\u00e9coratif sur le devant. Le mod\u00e8le est boutonn\u00e9 enti\u00e8rement dans le dos, comporte aussi une version robe, et des revers de manches d\u00e9coratifs. TAILLES : 6M-1A-2A-3A Tissu conseill\u00e9 : lin, cotonnade, lainage fin ou\u2026","rel":"","context":"Similar post","block_context":{"text":"Similar post","link":""},"img":{"alt_text":"","src":"https:\/\/i0.wp.com\/www.nun-studio.com\/wp-content\/uploads\/2017\/02\/oslo_seville-1.jpg?fit=300%2C300&ssl=1&resize=350%2C200","width":350,"height":200},"classes":[]},{"id":2863,"url":"https:\/\/www.nun-studio.com\/en\/produit\/patron-oslo-baby\/","url_meta":{"origin":2739,"position":2},"title":"pattern OSLO baby","author":"Alma","date":"Sunday February 12th, 2017","format":false,"excerpt":"Tunique avec plis et boutonnage d\u00e9coratif sur le devant. Le mod\u00e8le est boutonn\u00e9 enti\u00e8rement dans le dos, comporte aussi une version robe, et des revers de manches d\u00e9coratifs.\u00a0Niveau : facile. Vous trouverez sur cette boutique un suppl\u00e9ment pour ajouter un col et\/ou un plastron \u00e0 cette petite tunique craquante. Vous\u2026","rel":"","context":"Similar post","block_context":{"text":"Similar post","link":""},"img":{"alt_text":"","src":"https:\/\/i0.wp.com\/www.nun-studio.com\/wp-content\/uploads\/2016\/11\/oslok.jpg?fit=300%2C300&ssl=1&resize=350%2C200","width":350,"height":200},"classes":[]},{"id":1971,"url":"https:\/\/www.nun-studio.com\/en\/produit\/patron-vienne-graz-baby\/","url_meta":{"origin":2739,"position":3},"title":"VIENNE &amp; GRAZ baby pattern","author":"Alma","date":"Friday September 23rd, 2016","format":false,"excerpt":"patron double VIENNE & GRAZ, brassi\u00e8re &\u00a0culotte courte d\u00e9tail VIENNE :\u00a0brassi\u00e8re mixte pour b\u00e9b\u00e9 et enfant en bas \u00e2ge \u00e9lastiqu\u00e9e \u00e0 l'encolure avec manches raglan, et plastron carr\u00e9 devant.\u00a0Niveau : facile.\u00a0TAILLES: 6M-9M-12M-18M-2A.\u00a0Tissu conseill\u00e9 : coton (voile, liberty, popeline), ou lin tr\u00e8s doux.\u00a0M\u00e9trage n\u00e9cessaire : 4 coupons de 55x45cm (en continu),\u2026","rel":"","context":"Similar post","block_context":{"text":"Similar post","link":""},"img":{"alt_text":"","src":"https:\/\/i0.wp.com\/www.nun-studio.com\/wp-content\/uploads\/2016\/09\/vienne_graz-1.png?fit=600%2C365&ssl=1&resize=350%2C200","width":350,"height":200,"srcset":"https:\/\/i0.wp.com\/www.nun-studio.com\/wp-content\/uploads\/2016\/09\/vienne_graz-1.png?fit=600%2C365&ssl=1&resize=350%2C200 1x, https:\/\/i0.wp.com\/www.nun-studio.com\/wp-content\/uploads\/2016\/09\/vienne_graz-1.png?fit=600%2C365&ssl=1&resize=525%2C300 1.5x"},"classes":[]},{"id":1824,"url":"https:\/\/www.nun-studio.com\/en\/produit\/patron-galway-kid\/","url_meta":{"origin":2739,"position":4},"title":"GALWAY kid pattern","author":"Alma","date":"Wednesday September 21st, 2016","format":false,"excerpt":"Tunique assym\u00e9trique mixte fille\/gar\u00e7on. Niveau : facile. Un suppl\u00e9ment avec col est disponible ICI. TAILLES : 4-6-8-10 ans Tissu conseill\u00e9 : coton, lin tr\u00e8s doux ou velours milleraies.","rel":"","context":"Similar post","block_context":{"text":"Similar post","link":""},"img":{"alt_text":"","src":"https:\/\/i0.wp.com\/www.nun-studio.com\/wp-content\/uploads\/2016\/09\/galway_kid-1.jpg?fit=600%2C600&ssl=1&resize=350%2C200","width":350,"height":200,"srcset":"https:\/\/i0.wp.com\/www.nun-studio.com\/wp-content\/uploads\/2016\/09\/galway_kid-1.jpg?fit=600%2C600&ssl=1&resize=350%2C200 1x, https:\/\/i0.wp.com\/www.nun-studio.com\/wp-content\/uploads\/2016\/09\/galway_kid-1.jpg?fit=600%2C600&ssl=1&resize=525%2C300 1.5x"},"classes":[]},{"id":2730,"url":"https:\/\/www.nun-studio.com\/en\/produit\/patron-vienne-baby\/","url_meta":{"origin":2739,"position":5},"title":"pattern VIENNE baby","author":"Alma","date":"Tuesday February  7th, 2017","format":false,"excerpt":"Brassi\u00e8re mixte pour b\u00e9b\u00e9 et enfant en bas \u00e2ge \u00e9lastiqu\u00e9e \u00e0 l'encolure avec manches raglan, et plastron carr\u00e9 devant. NIVEAU : facile. TAILLES : 6M-9M-18M-2A Tissu conseill\u00e9 : coton (voile, liberty, popeline), ou lin tr\u00e8s doux. M\u00e9trage n\u00e9cessaire : 4 coupons de 55x45cm (en continu), ou bien 0.65 \u00e0 0.80m\u2026","rel":"","context":"Similar post","block_context":{"text":"Similar post","link":""},"img":{"alt_text":"","src":"https:\/\/i0.wp.com\/www.nun-studio.com\/wp-content\/uploads\/2017\/02\/vienne-1.png?fit=600%2C308&ssl=1&resize=350%2C200","width":350,"height":200,"srcset":"https:\/\/i0.wp.com\/www.nun-studio.com\/wp-content\/uploads\/2017\/02\/vienne-1.png?fit=600%2C308&ssl=1&resize=350%2C200 1x, https:\/\/i0.wp.com\/www.nun-studio.com\/wp-content\/uploads\/2017\/02\/vienne-1.png?fit=600%2C308&ssl=1&resize=525%2C300 1.5x"},"classes":[]}],"_links":{"self":[{"href":"https:\/\/www.nun-studio.com\/en\/wp-json\/wp\/v2\/product\/2739","targetHints":{"allow":["GET"]}}],"collection":[{"href":"https:\/\/www.nun-studio.com\/en\/wp-json\/wp\/v2\/product"}],"about":[{"href":"https:\/\/www.nun-studio.com\/en\/wp-json\/wp\/v2\/types\/product"}],"replies":[{"embeddable":true,"href":"https:\/\/www.nun-studio.com\/en\/wp-json\/wp\/v2\/comments?post=2739"}],"wp:featuredmedia":[{"embeddable":true,"href":"https:\/\/www.nun-studio.com\/en\/wp-json\/wp\/v2\/media\/2740"}],"wp:attachment":[{"href":"https:\/\/www.nun-studio.com\/en\/wp-json\/wp\/v2\/media?parent=2739"}],"wp:term":[{"taxonomy":"product_brand","embeddable":true,"href":"https:\/\/www.nun-studio.com\/en\/wp-json\/wp\/v2\/product_brand?post=2739"},{"taxonomy":"product_cat","embeddable":true,"href":"https:\/\/www.nun-studio.com\/en\/wp-json\/wp\/v2\/product_cat?post=2739"},{"taxonomy":"product_tag","embeddable":true,"href":"https:\/\/www.nun-studio.com\/en\/wp-json\/wp\/v2\/product_tag?post=2739"}],"curies":[{"name":"wp","href":"https:\/\/api.w.org\/{rel}","templated":true}]}}