{"id":2722,"date":"2017-02-07T15:43:18","date_gmt":"2017-02-07T14:43:18","guid":{"rendered":"https:\/\/www.nun-studio.com\/produit\/patron-st-malo-kid\/"},"modified":"2024-02-08T15:45:51","modified_gmt":"2024-02-08T14:45:51","slug":"patron-st-malo-kid","status":"publish","type":"product","link":"https:\/\/www.nun-studio.com\/en\/produit\/patron-st-malo-kid\/","title":{"rendered":"pattern ST MALO  kid"},"content":{"rendered":"<p class=\"qtranxs-available-languages-message qtranxs-available-languages-message-en\">Sorry, this entry is only available in <a href=\"https:\/\/www.nun-studio.com\/fr\/wp-json\/wp\/v2\/product\/2722\" class=\"qtranxs-available-language-link qtranxs-available-language-link-fr\" title=\"Fran\u00e7ais\">Fran\u00e7ais<\/a>.<\/p>","protected":false},"excerpt":{"rendered":"<p>Charmante tunique assym\u00e9trique \u00e0 col, forme l\u00e9g\u00e8rement liquette. Passepoil facultatif.\u00a0<strong>Niveau<\/strong> : moyen.<\/p>\n<p style=\"text-align: justify\"><strong>TAILLES : 4-6-8-10 ans<\/strong><\/p>\n<p style=\"text-align: justify\"><strong>M\u00e9trage n\u00e9cessaire<\/strong> : 1.20m en 140. <strong>Fournitures<\/strong> : 3\u00a0boutons de 15mm, 30cm d&#8217;\u00e9lastique rond, 2 pressions invisibles, biais.<\/p>\n<pre><strong>COMMANDE EN PREVENTE<\/strong> Veuillez noter que les commandes contenant cet article seront envoy\u00e9es \u00e0 partir du <strong>1er avril 2019<\/strong><\/pre>\n","protected":false},"featured_media":2723,"comment_status":"open","ping_status":"closed","template":"","meta":{"jetpack_post_was_ever_published":false,"jetpack_publicize_message":"","jetpack_publicize_feature_enabled":true,"jetpack_social_post_already_shared":true,"jetpack_social_options":{"image_generator_settings":{"template":"highway","default_image_id":0,"font":"","enabled":false},"version":2}},"product_brand":[],"product_cat":[100,67,41,40,86,134],"product_tag":[91],"class_list":{"0":"post-2722","1":"product","2":"type-product","3":"status-publish","4":"has-post-thumbnail","6":"product_cat-categorie1","7":"product_cat-patrons-cest-dimanche","8":"product_cat-patrons-enfant","9":"product_cat-patrons-femme-et-enfant","10":"product_cat-soldes","11":"product_cat-soldes-patrons","12":"product_tag-patrons-enfant","13":"product_shipping_class-lettre","15":"first","16":"instock","17":"purchasable","18":"product-type-simple"},"jetpack_publicize_connections":[],"jetpack_sharing_enabled":true,"jetpack-related-posts":[{"id":1993,"url":"https:\/\/www.nun-studio.com\/en\/produit\/supplement-st-petersbourg-kid\/","url_meta":{"origin":2722,"position":0},"title":"suppl\u00e9ment ST PETERSBOURG kid","author":"Alma","date":"Friday September 23rd, 2016","format":false,"excerpt":"suppl\u00e9ment au patron ST PETERSBOURG kid - voir le patron de base ICI.","rel":"","context":"Similar post","block_context":{"text":"Similar post","link":""},"img":{"alt_text":"","src":"https:\/\/i0.wp.com\/www.nun-studio.com\/wp-content\/uploads\/2016\/09\/supplement_stpetersbourg-1-1.jpg?fit=300%2C300&ssl=1&resize=350%2C200","width":350,"height":200},"classes":[]},{"id":1918,"url":"https:\/\/www.nun-studio.com\/en\/produit\/patron-st-petersbourg-kid\/","url_meta":{"origin":2722,"position":1},"title":"ST PETERSBOURG kid pattern","author":"Alma","date":"Thursday September 22nd, 2016","format":false,"excerpt":"Tunique mixte fille\/gar\u00e7on \u00e0 emmanchures raglan, ouverte par des pressions sur le devant, des deux c\u00f4t\u00e9s de l'emmanchure. Revers de manche et plastron facultatifs. Fendue sur les c\u00f4t\u00e9s.\u00a0Niveau : assez facile. Un suppl\u00e9ment vous propose une version plus f\u00e9minine - \u00e0 retrouver ICI.\u00a0 TAILLES :\u00a04-6-8 ans Tissu conseill\u00e9 : tous\u2026","rel":"","context":"Similar post","block_context":{"text":"Similar post","link":""},"img":{"alt_text":"","src":"https:\/\/i0.wp.com\/www.nun-studio.com\/wp-content\/uploads\/2016\/09\/saintpetersbourg-1.jpg?fit=560%2C560&ssl=1&resize=350%2C200","width":350,"height":200,"srcset":"https:\/\/i0.wp.com\/www.nun-studio.com\/wp-content\/uploads\/2016\/09\/saintpetersbourg-1.jpg?fit=560%2C560&ssl=1&resize=350%2C200 1x, https:\/\/i0.wp.com\/www.nun-studio.com\/wp-content\/uploads\/2016\/09\/saintpetersbourg-1.jpg?fit=560%2C560&ssl=1&resize=525%2C300 1.5x"},"classes":[]},{"id":2867,"url":"https:\/\/www.nun-studio.com\/en\/produit\/patron-deauville-kid\/","url_meta":{"origin":2722,"position":2},"title":"DEAUVILLE kid pattern","author":"Alma","date":"Sunday February 12th, 2017","format":false,"excerpt":"description : short \u00e0 plis passepoil\u00e9s et revers, poches italiennes fantaisies, ceinture \u00e9lastiqu\u00e9e. TAILLES : 2 ans, 4 ans, 6 ans et 8 ans. tissu conseill\u00e9 : lin, lainage fin, velours milleraies. 1 chute de tissu assorti plus fin (cotonnade, liberty, voile de coton) pour les fonds de poche. La\u2026","rel":"","context":"Similar post","block_context":{"text":"Similar post","link":""},"img":{"alt_text":"","src":"https:\/\/i0.wp.com\/www.nun-studio.com\/wp-content\/uploads\/2017\/02\/deauville-2.jpg?fit=1000%2C822&ssl=1&resize=350%2C200","width":350,"height":200,"srcset":"https:\/\/i0.wp.com\/www.nun-studio.com\/wp-content\/uploads\/2017\/02\/deauville-2.jpg?fit=1000%2C822&ssl=1&resize=350%2C200 1x, https:\/\/i0.wp.com\/www.nun-studio.com\/wp-content\/uploads\/2017\/02\/deauville-2.jpg?fit=1000%2C822&ssl=1&resize=525%2C300 1.5x, https:\/\/i0.wp.com\/www.nun-studio.com\/wp-content\/uploads\/2017\/02\/deauville-2.jpg?fit=1000%2C822&ssl=1&resize=700%2C400 2x"},"classes":[]},{"id":2975,"url":"https:\/\/www.nun-studio.com\/en\/produit\/patron-syracuse-kid\/","url_meta":{"origin":2722,"position":3},"title":"pattern SYRACUSE kid","author":"Alma","date":"Tuesday February 14th, 2017","format":false,"excerpt":"Robe ou blouse bain de soleil \u00e0 plastron rond passepoil\u00e9, \u00e9lastiqu\u00e9e \u00e0 la poitrine et d\u00e9gageant les \u00e9paules. Facile et rapide \u00e0 r\u00e9aliser (la pose du passepoil est facultative). TAILLES : 4 ans, 6 ans, 8 ans et 10 ans. tissu conseill\u00e9 : voile de coton, plumetis, liberty, cotonnades diverses.\u2026","rel":"","context":"Similar post","block_context":{"text":"Similar post","link":""},"img":{"alt_text":"","src":"https:\/\/i0.wp.com\/www.nun-studio.com\/wp-content\/uploads\/2017\/02\/syracuse-1.jpg?fit=1000%2C1000&ssl=1&resize=350%2C200","width":350,"height":200,"srcset":"https:\/\/i0.wp.com\/www.nun-studio.com\/wp-content\/uploads\/2017\/02\/syracuse-1.jpg?fit=1000%2C1000&ssl=1&resize=350%2C200 1x, https:\/\/i0.wp.com\/www.nun-studio.com\/wp-content\/uploads\/2017\/02\/syracuse-1.jpg?fit=1000%2C1000&ssl=1&resize=525%2C300 1.5x, https:\/\/i0.wp.com\/www.nun-studio.com\/wp-content\/uploads\/2017\/02\/syracuse-1.jpg?fit=1000%2C1000&ssl=1&resize=700%2C400 2x"},"classes":[]},{"id":1823,"url":"https:\/\/www.nun-studio.com\/en\/produit\/patron-galway-baby\/","url_meta":{"origin":2722,"position":4},"title":"GALWAY baby pattern","author":"Alma","date":"Wednesday September 21st, 2016","format":false,"excerpt":"Brassi\u00e8re assym\u00e9trique pour b\u00e9b\u00e9 ou tunique pour enfant ; une version marini\u00e8re est comprise. Niveau : facile. TAILLES : 6M-12M-2A-3A Tissu conseill\u00e9 : coton, lin tr\u00e8s doux ou velours milleraies.\u00a0M\u00e9trage de tissu : 0.60 \u00e0 0.80m en 140, selon la taille. NOTE pour le suppl\u00e9ment :\u00a0suppl\u00e9ment au mod\u00e8le galway baby\u2026","rel":"","context":"Similar post","block_context":{"text":"Similar post","link":""},"img":{"alt_text":"","src":"https:\/\/i0.wp.com\/www.nun-studio.com\/wp-content\/uploads\/2016\/09\/galway_baby-1.jpg?fit=300%2C300&ssl=1&resize=350%2C200","width":350,"height":200},"classes":[]},{"id":1989,"url":"https:\/\/www.nun-studio.com\/en\/produit\/supplement-oslo-baby-kid\/","url_meta":{"origin":2722,"position":5},"title":"suppl\u00e9ment OSLO baby &amp; kid","author":"Alma","date":"Friday September 23rd, 2016","format":false,"excerpt":"Suppl\u00e9ment au mod\u00e8le OSLO baby et OSLO kid, comprenant un col et un plastron, avec passepoil ou sans.\u00a0Attention ! ce suppl\u00e9ment n\u00e9cessite le patron OSLO KID ou BABY pour pouvoir r\u00e9aliser le mod\u00e8le.","rel":"","context":"Similar post","block_context":{"text":"Similar post","link":""},"img":{"alt_text":"","src":"https:\/\/i0.wp.com\/www.nun-studio.com\/wp-content\/uploads\/2016\/09\/supplement_oslo_kid-1-1.jpg?fit=300%2C300&ssl=1&resize=350%2C200","width":350,"height":200},"classes":[]}],"_links":{"self":[{"href":"https:\/\/www.nun-studio.com\/en\/wp-json\/wp\/v2\/product\/2722","targetHints":{"allow":["GET"]}}],"collection":[{"href":"https:\/\/www.nun-studio.com\/en\/wp-json\/wp\/v2\/product"}],"about":[{"href":"https:\/\/www.nun-studio.com\/en\/wp-json\/wp\/v2\/types\/product"}],"replies":[{"embeddable":true,"href":"https:\/\/www.nun-studio.com\/en\/wp-json\/wp\/v2\/comments?post=2722"}],"wp:featuredmedia":[{"embeddable":true,"href":"https:\/\/www.nun-studio.com\/en\/wp-json\/wp\/v2\/media\/2723"}],"wp:attachment":[{"href":"https:\/\/www.nun-studio.com\/en\/wp-json\/wp\/v2\/media?parent=2722"}],"wp:term":[{"taxonomy":"product_brand","embeddable":true,"href":"https:\/\/www.nun-studio.com\/en\/wp-json\/wp\/v2\/product_brand?post=2722"},{"taxonomy":"product_cat","embeddable":true,"href":"https:\/\/www.nun-studio.com\/en\/wp-json\/wp\/v2\/product_cat?post=2722"},{"taxonomy":"product_tag","embeddable":true,"href":"https:\/\/www.nun-studio.com\/en\/wp-json\/wp\/v2\/product_tag?post=2722"}],"curies":[{"name":"wp","href":"https:\/\/api.w.org\/{rel}","templated":true}]}}