{"id":2696,"date":"2017-02-01T15:39:47","date_gmt":"2017-02-01T14:39:47","guid":{"rendered":"https:\/\/www.nun-studio.com\/produit\/patron-chelsea-kid\/"},"modified":"2024-01-28T16:07:55","modified_gmt":"2024-01-28T15:07:55","slug":"patron-chelsea-kid","status":"publish","type":"product","link":"https:\/\/www.nun-studio.com\/en\/produit\/patron-chelsea-kid\/","title":{"rendered":"pattern CHELSEA kid"},"content":{"rendered":"<p class=\"qtranxs-available-languages-message qtranxs-available-languages-message-en\">Sorry, this entry is only available in <a href=\"https:\/\/www.nun-studio.com\/fr\/wp-json\/wp\/v2\/product\/2696\" class=\"qtranxs-available-language-link qtranxs-available-language-link-fr\" title=\"Fran\u00e7ais\">Fran\u00e7ais<\/a>.<\/p>","protected":false},"excerpt":{"rendered":"<p style=\"text-align: justify\">Robe ou tunique de demi-saison avec col assym\u00e9trique, ceinture rapport\u00e9e et jupe \u00e0 plis plats. R\u00e9alisable en version blouse avec col sym\u00e9trique et revers de poignets. La pose du passepoil est facultative et les d\u00e9tails du col et des manches des 2 versions peuvent \u00eatre mix\u00e9s selon vos envies pour r\u00e9aliser de nombreuses combinaisons.<\/p>\n<p><strong>TAILLES<\/strong> : 2 ans, 4 ans, 6 ans et 8 ans.<\/p>\n<p style=\"text-align: justify\"><strong>Tissu conseill\u00e9<\/strong> : cotonnade, lin, lainage fin, velours milleraies. Une chute de lin blanc ou de cotonnade pour le col.<strong> Fournitures<\/strong> : 1 chute de lin ou cotonnade (pour le col) de 30cm de haut sur 70cm de large environ ; 0,50m de biais assorti, 1,80m(2A)-2m (4-6A)- 2,20m(8A)de passepoil (facultatif) (2A), 4 pressions et\/ou boutons de 15mm de diam\u00e8tre pour l\u2019ouverture dos ; 1 bouton de 20mm pour la ceinture de la version robe.\u00a0<strong>M\u00e9trage en 140<\/strong>: \u00a0robe : 1m40 \u00e0 1m80 \u00a0\/ \u00a0tunique : 0,90m \u00e0 1m25\u00a0<strong>M\u00e9trage en 110<\/strong>: \u00a0robe : 1m40 \u00e0 1m80 \u00a0\/ \u00a0tunique: 0,90m \u00e0 1m30.<\/p>\n<pre><strong>COMMANDE EN PREVENTE<\/strong> Veuillez noter que les commandes contenant cet article seront envoy\u00e9es \u00e0 partir du <strong>1er avril 2019<\/strong><\/pre>\n","protected":false},"featured_media":2699,"comment_status":"open","ping_status":"closed","template":"","meta":{"jetpack_post_was_ever_published":false,"jetpack_publicize_message":"","jetpack_publicize_feature_enabled":true,"jetpack_social_post_already_shared":true,"jetpack_social_options":{"image_generator_settings":{"template":"highway","default_image_id":0,"font":"","enabled":false},"version":2}},"product_brand":[],"product_cat":[100,67,41,40,86,134],"product_tag":[91],"class_list":{"0":"post-2696","1":"product","2":"type-product","3":"status-publish","4":"has-post-thumbnail","6":"product_cat-categorie1","7":"product_cat-patrons-cest-dimanche","8":"product_cat-patrons-enfant","9":"product_cat-patrons-femme-et-enfant","10":"product_cat-soldes","11":"product_cat-soldes-patrons","12":"product_tag-patrons-enfant","13":"product_shipping_class-lettre","15":"first","16":"instock","17":"purchasable","18":"product-type-simple"},"jetpack_publicize_connections":[],"jetpack_sharing_enabled":true,"jetpack-related-posts":[],"_links":{"self":[{"href":"https:\/\/www.nun-studio.com\/en\/wp-json\/wp\/v2\/product\/2696","targetHints":{"allow":["GET"]}}],"collection":[{"href":"https:\/\/www.nun-studio.com\/en\/wp-json\/wp\/v2\/product"}],"about":[{"href":"https:\/\/www.nun-studio.com\/en\/wp-json\/wp\/v2\/types\/product"}],"replies":[{"embeddable":true,"href":"https:\/\/www.nun-studio.com\/en\/wp-json\/wp\/v2\/comments?post=2696"}],"wp:featuredmedia":[{"embeddable":true,"href":"https:\/\/www.nun-studio.com\/en\/wp-json\/wp\/v2\/media\/2699"}],"wp:attachment":[{"href":"https:\/\/www.nun-studio.com\/en\/wp-json\/wp\/v2\/media?parent=2696"}],"wp:term":[{"taxonomy":"product_brand","embeddable":true,"href":"https:\/\/www.nun-studio.com\/en\/wp-json\/wp\/v2\/product_brand?post=2696"},{"taxonomy":"product_cat","embeddable":true,"href":"https:\/\/www.nun-studio.com\/en\/wp-json\/wp\/v2\/product_cat?post=2696"},{"taxonomy":"product_tag","embeddable":true,"href":"https:\/\/www.nun-studio.com\/en\/wp-json\/wp\/v2\/product_tag?post=2696"}],"curies":[{"name":"wp","href":"https:\/\/api.w.org\/{rel}","templated":true}]}}