{"id":2645,"date":"2017-01-21T17:51:22","date_gmt":"2017-01-21T16:51:22","guid":{"rendered":"https:\/\/www.nun-studio.com\/produit\/patron-twickenham-kid\/"},"modified":"2022-03-05T12:23:50","modified_gmt":"2022-03-05T11:23:50","slug":"patron-twickenham-kid","status":"publish","type":"product","link":"https:\/\/www.nun-studio.com\/en\/produit\/patron-twickenham-kid\/","title":{"rendered":"pattern TWICKENHAM kid"},"content":{"rendered":"","protected":false},"excerpt":{"rendered":"<p style=\"text-align: justify\">Polo de rugby avec bandes de couleurs. Les manches sont doubl\u00e9es dans le bas (option facultative).Le mod\u00e8le peut \u00eatre r\u00e9alis\u00e9 plut\u00f4t pour un usage \u00ab vareuse \u00bb (en toile ayant un peu de tenue) ou \u00ab chemise \u00bb (en coton ou lin plus souple). Pour la doublure des manches : coton comme le col, ou liberty.\u00a0<strong>Niveau<\/strong> : moyen \u00e0 facile<\/p>\n<p style=\"text-align: justify\"><strong>TAILLES<\/strong> : 4 ans, 6 ans, 8 ans et 10 ans.<\/p>\n<p style=\"text-align: justify\"><strong>Tissu conseill\u00e9<\/strong> : toile de coton ou de lin, lainage fin, velours milleraies. Une chute de coton ou lin blanc pour le col.<\/p>\n<p>&nbsp;<\/p>\n","protected":false},"featured_media":2648,"comment_status":"open","ping_status":"closed","template":"","meta":{"jetpack_post_was_ever_published":false,"jetpack_publicize_message":"","jetpack_publicize_feature_enabled":true,"jetpack_social_post_already_shared":true,"jetpack_social_options":{"image_generator_settings":{"template":"highway","default_image_id":0,"font":"","enabled":false},"version":2}},"product_brand":[],"product_cat":[100,67,41,40,86,134],"product_tag":[91],"class_list":{"0":"post-2645","1":"product","2":"type-product","3":"status-publish","4":"has-post-thumbnail","6":"product_cat-categorie1","7":"product_cat-patrons-cest-dimanche","8":"product_cat-patrons-enfant","9":"product_cat-patrons-femme-et-enfant","10":"product_cat-soldes","11":"product_cat-soldes-patrons","12":"product_tag-patrons-enfant","13":"product_shipping_class-lettre","15":"first","16":"instock","17":"purchasable","18":"product-type-simple"},"jetpack_publicize_connections":[],"jetpack_sharing_enabled":true,"jetpack-related-posts":[{"id":2634,"url":"https:\/\/www.nun-studio.com\/en\/produit\/patron-denver-kid\/","url_meta":{"origin":2645,"position":0},"title":"pattern DENVER kid","author":"Alma","date":"Saturday January 21st, 2017","format":false,"excerpt":"description : chemise sans col pour gar\u00e7on ou fille \u00e0 manches longues avec patte polo simplifi\u00e9e et empi\u00e8cement triangulaire sous la patte. L\u2019empi\u00e8cement peut \u00eatre enti\u00e8rement cousu ou simplement pli\u00e9 pour un effet de relief. La r\u00e9alisation de cette chemise est simple mais demande un peu de temps. Techniques expliqu\u00e9es\u2026","rel":"","context":"Similar post","block_context":{"text":"Similar post","link":""},"img":{"alt_text":"","src":"https:\/\/i0.wp.com\/www.nun-studio.com\/wp-content\/uploads\/2017\/01\/denver-kid-2.jpg?fit=998%2C1000&ssl=1&resize=350%2C200","width":350,"height":200,"srcset":"https:\/\/i0.wp.com\/www.nun-studio.com\/wp-content\/uploads\/2017\/01\/denver-kid-2.jpg?fit=998%2C1000&ssl=1&resize=350%2C200 1x, https:\/\/i0.wp.com\/www.nun-studio.com\/wp-content\/uploads\/2017\/01\/denver-kid-2.jpg?fit=998%2C1000&ssl=1&resize=525%2C300 1.5x, https:\/\/i0.wp.com\/www.nun-studio.com\/wp-content\/uploads\/2017\/01\/denver-kid-2.jpg?fit=998%2C1000&ssl=1&resize=700%2C400 2x"},"classes":[]},{"id":1825,"url":"https:\/\/www.nun-studio.com\/en\/produit\/patron-glasgow-kid\/","url_meta":{"origin":2645,"position":1},"title":"GLASGOW kid pattern","author":"Alma","date":"Wednesday September 21st, 2016","format":false,"excerpt":"Vareuse boutonn\u00e9e devant, fendue sur les c\u00f4t\u00e9s, avec col contrast\u00e9. Niveau : facile. TAILLES :\u00a04-6-8-10 ans. Tissu conseill\u00e9 : toile de coton ou de lin, velours milleraies.\u00a0M\u00e9trage n\u00e9cessaire : 1m \u00e0 1.25m en 140 selon la taille.","rel":"","context":"Similar post","block_context":{"text":"Similar post","link":""},"img":{"alt_text":"","src":"https:\/\/i0.wp.com\/www.nun-studio.com\/wp-content\/uploads\/2016\/09\/glasgow-1.jpg?fit=748%2C748&ssl=1&resize=350%2C200","width":350,"height":200,"srcset":"https:\/\/i0.wp.com\/www.nun-studio.com\/wp-content\/uploads\/2016\/09\/glasgow-1.jpg?fit=748%2C748&ssl=1&resize=350%2C200 1x, https:\/\/i0.wp.com\/www.nun-studio.com\/wp-content\/uploads\/2016\/09\/glasgow-1.jpg?fit=748%2C748&ssl=1&resize=525%2C300 1.5x, https:\/\/i0.wp.com\/www.nun-studio.com\/wp-content\/uploads\/2016\/09\/glasgow-1.jpg?fit=748%2C748&ssl=1&resize=700%2C400 2x"},"classes":[]},{"id":1816,"url":"https:\/\/www.nun-studio.com\/en\/produit\/patron-dublin-kid\/","url_meta":{"origin":2645,"position":2},"title":"DUBLIN kid pattern","author":"Alma","date":"Wednesday September 21st, 2016","format":false,"excerpt":"Vareuse pour fille \u00e0 col rond et plis plats, fendue devant, avec patte de boutonnage, manches 3\/4 et revers en tissu contrast\u00e9. Niveau : plut\u00f4t facile. Un suppl\u00e9ment pour r\u00e9aliser ce mod\u00e8le en veste est aussi disponible ! TAILLES : 4-6-8-10 ans Tissu conseill\u00e9 : lin ou coton pour l'\u00e9t\u00e9,\u2026","rel":"","context":"Similar post","block_context":{"text":"Similar post","link":""},"img":{"alt_text":"","src":"https:\/\/i0.wp.com\/www.nun-studio.com\/wp-content\/uploads\/2016\/09\/dublin_kid-1.jpg?fit=600%2C505&ssl=1&resize=350%2C200","width":350,"height":200,"srcset":"https:\/\/i0.wp.com\/www.nun-studio.com\/wp-content\/uploads\/2016\/09\/dublin_kid-1.jpg?fit=600%2C505&ssl=1&resize=350%2C200 1x, https:\/\/i0.wp.com\/www.nun-studio.com\/wp-content\/uploads\/2016\/09\/dublin_kid-1.jpg?fit=600%2C505&ssl=1&resize=525%2C300 1.5x"},"classes":[]},{"id":2638,"url":"https:\/\/www.nun-studio.com\/en\/produit\/patron-oberweiden-kid\/","url_meta":{"origin":2645,"position":3},"title":"pattern OBERWEIDEN  kid","author":"Alma","date":"Saturday January 21st, 2017","format":false,"excerpt":"veste mixte (gar\u00e7on\/fille) de demi-saison avec faux revers de col tailleur et patte de boutonnage rapport\u00e9e passepoil\u00e9e, pli creux au dos et bas tr\u00e8s l\u00e9g\u00e8rement en queue de pie. Une version moins \u00e9vas\u00e9e est pr\u00e9vue pour un c\u00f4t\u00e9 plus masculin. La veste est doubl\u00e9e et n\u2019est pas con\u00e7ue pour se\u2026","rel":"","context":"Similar post","block_context":{"text":"Similar post","link":""},"img":{"alt_text":"","src":"https:\/\/i0.wp.com\/www.nun-studio.com\/wp-content\/uploads\/2017\/01\/oberweiden-1.jpg?fit=1000%2C1000&ssl=1&resize=350%2C200","width":350,"height":200,"srcset":"https:\/\/i0.wp.com\/www.nun-studio.com\/wp-content\/uploads\/2017\/01\/oberweiden-1.jpg?fit=1000%2C1000&ssl=1&resize=350%2C200 1x, https:\/\/i0.wp.com\/www.nun-studio.com\/wp-content\/uploads\/2017\/01\/oberweiden-1.jpg?fit=1000%2C1000&ssl=1&resize=525%2C300 1.5x, https:\/\/i0.wp.com\/www.nun-studio.com\/wp-content\/uploads\/2017\/01\/oberweiden-1.jpg?fit=1000%2C1000&ssl=1&resize=700%2C400 2x"},"classes":[]},{"id":2629,"url":"https:\/\/www.nun-studio.com\/en\/produit\/patron-sofia-kid\/","url_meta":{"origin":2645,"position":4},"title":"pattern SOFIA kid","author":"Alma","date":"Saturday January 21st, 2017","format":false,"excerpt":"Sur-blouse, \u00e0 porter sur le mod\u00e8le OSLO par exemple ; large d\u00e9collet\u00e9 et pli assym\u00e9trique sur le devant. Col doubl\u00e9 en tissu contrast\u00e9. 2 versions sont possibles (voir sch\u00e9mas). Niveau : facile. TAILLES : 4-6-8-10 ans Tissu conseill\u00e9 : coton ou lin, velours milleraies ; liberty pour la doublure du\u2026","rel":"","context":"Similar post","block_context":{"text":"Similar post","link":""},"img":{"alt_text":"","src":"https:\/\/i0.wp.com\/www.nun-studio.com\/wp-content\/uploads\/2017\/01\/sofia-teen-1.jpg?fit=1000%2C1000&ssl=1&resize=350%2C200","width":350,"height":200,"srcset":"https:\/\/i0.wp.com\/www.nun-studio.com\/wp-content\/uploads\/2017\/01\/sofia-teen-1.jpg?fit=1000%2C1000&ssl=1&resize=350%2C200 1x, https:\/\/i0.wp.com\/www.nun-studio.com\/wp-content\/uploads\/2017\/01\/sofia-teen-1.jpg?fit=1000%2C1000&ssl=1&resize=525%2C300 1.5x, https:\/\/i0.wp.com\/www.nun-studio.com\/wp-content\/uploads\/2017\/01\/sofia-teen-1.jpg?fit=1000%2C1000&ssl=1&resize=700%2C400 2x"},"classes":[]},{"id":2696,"url":"https:\/\/www.nun-studio.com\/en\/produit\/patron-chelsea-kid\/","url_meta":{"origin":2645,"position":5},"title":"pattern CHELSEA kid","author":"Alma","date":"Wednesday February  1st, 2017","format":false,"excerpt":"Robe ou tunique de demi-saison avec col assym\u00e9trique, ceinture rapport\u00e9e et jupe \u00e0 plis plats. R\u00e9alisable en version blouse avec col sym\u00e9trique et revers de poignets. La pose du passepoil est facultative et les d\u00e9tails du col et des manches des 2 versions peuvent \u00eatre mix\u00e9s selon vos envies pour\u2026","rel":"","context":"Similar post","block_context":{"text":"Similar post","link":""},"img":{"alt_text":"","src":"https:\/\/i0.wp.com\/www.nun-studio.com\/wp-content\/uploads\/2017\/02\/chelsea-3.jpg?fit=667%2C1000&ssl=1&resize=350%2C200","width":350,"height":200,"srcset":"https:\/\/i0.wp.com\/www.nun-studio.com\/wp-content\/uploads\/2017\/02\/chelsea-3.jpg?fit=667%2C1000&ssl=1&resize=350%2C200 1x, https:\/\/i0.wp.com\/www.nun-studio.com\/wp-content\/uploads\/2017\/02\/chelsea-3.jpg?fit=667%2C1000&ssl=1&resize=525%2C300 1.5x"},"classes":[]}],"_links":{"self":[{"href":"https:\/\/www.nun-studio.com\/en\/wp-json\/wp\/v2\/product\/2645","targetHints":{"allow":["GET"]}}],"collection":[{"href":"https:\/\/www.nun-studio.com\/en\/wp-json\/wp\/v2\/product"}],"about":[{"href":"https:\/\/www.nun-studio.com\/en\/wp-json\/wp\/v2\/types\/product"}],"replies":[{"embeddable":true,"href":"https:\/\/www.nun-studio.com\/en\/wp-json\/wp\/v2\/comments?post=2645"}],"wp:featuredmedia":[{"embeddable":true,"href":"https:\/\/www.nun-studio.com\/en\/wp-json\/wp\/v2\/media\/2648"}],"wp:attachment":[{"href":"https:\/\/www.nun-studio.com\/en\/wp-json\/wp\/v2\/media?parent=2645"}],"wp:term":[{"taxonomy":"product_brand","embeddable":true,"href":"https:\/\/www.nun-studio.com\/en\/wp-json\/wp\/v2\/product_brand?post=2645"},{"taxonomy":"product_cat","embeddable":true,"href":"https:\/\/www.nun-studio.com\/en\/wp-json\/wp\/v2\/product_cat?post=2645"},{"taxonomy":"product_tag","embeddable":true,"href":"https:\/\/www.nun-studio.com\/en\/wp-json\/wp\/v2\/product_tag?post=2645"}],"curies":[{"name":"wp","href":"https:\/\/api.w.org\/{rel}","templated":true}]}}