{"id":2638,"date":"2017-01-21T17:44:53","date_gmt":"2017-01-21T16:44:53","guid":{"rendered":"https:\/\/www.nun-studio.com\/produit\/patron-oberweiden-kid\/"},"modified":"2024-01-28T16:31:05","modified_gmt":"2024-01-28T15:31:05","slug":"patron-oberweiden-kid","status":"publish","type":"product","link":"https:\/\/www.nun-studio.com\/en\/produit\/patron-oberweiden-kid\/","title":{"rendered":"pattern OBERWEIDEN  kid"},"content":{"rendered":"","protected":false},"excerpt":{"rendered":"<p style=\"text-align: justify\">veste mixte (gar\u00e7on\/fille) de demi-saison avec faux revers de col tailleur et patte de boutonnage rapport\u00e9e passepoil\u00e9e, pli creux au dos et bas tr\u00e8s l\u00e9g\u00e8rement en queue de pie. Une version moins \u00e9vas\u00e9e est pr\u00e9vue pour un c\u00f4t\u00e9 plus masculin. La veste est doubl\u00e9e et n\u2019est pas con\u00e7ue pour se fermer ; la pose du passepoil est facultative. <strong>Niveau<\/strong> : moyen<\/p>\n<p style=\"text-align: justify\"><strong>Tailles<\/strong> : 6-8-10-12 ans.<\/p>\n<p style=\"text-align: justify\"><strong>m\u00e9trage n\u00e9cessaire<\/strong> (tissu principal) : 1,10m &#8211; 1,20m &#8211; 1,40m &#8211; 1,50m en 140. (doublure : 0,65m en 140).\u00a0tissu conseill\u00e9 : toile de coton, m\u00e9tis ou lin ayant une certaine tenue, sans \u00eatre raide. Nous vous conseillons pour la doublure un voile de coton de couleur assortie. <strong>Fournitures<\/strong> : doublure (0.65m en 140), 2 bandes de thermocollant de 15&#215;40 cm (facultatif, mais conseill\u00e9), 1m de passepoil (facultatif), 4 (6\/10A) \u00e0 5 (12A) boutons de 18mm de diam\u00e8tre.<\/p>\n","protected":false},"featured_media":2639,"comment_status":"open","ping_status":"closed","template":"","meta":{"jetpack_post_was_ever_published":false,"jetpack_publicize_message":"","jetpack_publicize_feature_enabled":true,"jetpack_social_post_already_shared":true,"jetpack_social_options":{"image_generator_settings":{"template":"highway","default_image_id":0,"font":"","enabled":false},"version":2}},"product_brand":[],"product_cat":[100,67,41,40,86,134],"product_tag":[91],"class_list":{"0":"post-2638","1":"product","2":"type-product","3":"status-publish","4":"has-post-thumbnail","6":"product_cat-categorie1","7":"product_cat-patrons-cest-dimanche","8":"product_cat-patrons-enfant","9":"product_cat-patrons-femme-et-enfant","10":"product_cat-soldes","11":"product_cat-soldes-patrons","12":"product_tag-patrons-enfant","13":"product_shipping_class-lettre","15":"first","16":"instock","17":"purchasable","18":"product-type-simple"},"jetpack_publicize_connections":[],"jetpack_sharing_enabled":true,"jetpack-related-posts":[{"id":2629,"url":"https:\/\/www.nun-studio.com\/en\/produit\/patron-sofia-kid\/","url_meta":{"origin":2638,"position":0},"title":"pattern SOFIA kid","author":"Alma","date":"Saturday January 21st, 2017","format":false,"excerpt":"Sur-blouse, \u00e0 porter sur le mod\u00e8le OSLO par exemple ; large d\u00e9collet\u00e9 et pli assym\u00e9trique sur le devant. Col doubl\u00e9 en tissu contrast\u00e9. 2 versions sont possibles (voir sch\u00e9mas). Niveau : facile. TAILLES : 4-6-8-10 ans Tissu conseill\u00e9 : coton ou lin, velours milleraies ; liberty pour la doublure du\u2026","rel":"","context":"Similar post","block_context":{"text":"Similar post","link":""},"img":{"alt_text":"","src":"https:\/\/i0.wp.com\/www.nun-studio.com\/wp-content\/uploads\/2017\/01\/sofia-teen-1.jpg?fit=1000%2C1000&ssl=1&resize=350%2C200","width":350,"height":200,"srcset":"https:\/\/i0.wp.com\/www.nun-studio.com\/wp-content\/uploads\/2017\/01\/sofia-teen-1.jpg?fit=1000%2C1000&ssl=1&resize=350%2C200 1x, https:\/\/i0.wp.com\/www.nun-studio.com\/wp-content\/uploads\/2017\/01\/sofia-teen-1.jpg?fit=1000%2C1000&ssl=1&resize=525%2C300 1.5x, https:\/\/i0.wp.com\/www.nun-studio.com\/wp-content\/uploads\/2017\/01\/sofia-teen-1.jpg?fit=1000%2C1000&ssl=1&resize=700%2C400 2x"},"classes":[]},{"id":1977,"url":"https:\/\/www.nun-studio.com\/en\/produit\/patron-volga-kid\/","url_meta":{"origin":2638,"position":1},"title":"VOLGA kid pattern","author":"Alma","date":"Friday September 23rd, 2016","format":false,"excerpt":"Manteau \u00e0 boutonnage double devant et manches l\u00e9g\u00e8rement bouffantes. D\u00e9tails : martingale au dos et pattes de boutonnage sur les manches ; poches prises dans les coutures c\u00f4t\u00e9s. Le mod\u00e8le ne n\u00e9cessite pas de faire des boutonni\u00e8res, certaines se font toutes seules dans les coutures des empi\u00e8cements, les autres sont\u2026","rel":"","context":"Similar post","block_context":{"text":"Similar post","link":""},"img":{"alt_text":"","src":"https:\/\/i0.wp.com\/www.nun-studio.com\/wp-content\/uploads\/2016\/09\/Volga-1.jpg?fit=1000%2C952&ssl=1&resize=350%2C200","width":350,"height":200,"srcset":"https:\/\/i0.wp.com\/www.nun-studio.com\/wp-content\/uploads\/2016\/09\/Volga-1.jpg?fit=1000%2C952&ssl=1&resize=350%2C200 1x, https:\/\/i0.wp.com\/www.nun-studio.com\/wp-content\/uploads\/2016\/09\/Volga-1.jpg?fit=1000%2C952&ssl=1&resize=525%2C300 1.5x, https:\/\/i0.wp.com\/www.nun-studio.com\/wp-content\/uploads\/2016\/09\/Volga-1.jpg?fit=1000%2C952&ssl=1&resize=700%2C400 2x"},"classes":[]},{"id":1921,"url":"https:\/\/www.nun-studio.com\/en\/produit\/patron-sydney-kid\/","url_meta":{"origin":2638,"position":2},"title":"SYDNEY kid pattern","author":"Alma","date":"Thursday September 22nd, 2016","format":false,"excerpt":"caban\/trench mixte de demi-saison, 4 ou 6 boutons, avec empi\u00e8cement \u00e9paules et dos passepoil\u00e9s (on peut omettre le passepoil), enti\u00e8rement doubl\u00e9. Peut \u00eatre r\u00e9alis\u00e9 avec une ceinture, pour un effet plus trench. Niveau : moyen TAILLES :\u00a04-6-8-10 ans Tissu conseill\u00e9 : lainage, velours, toile de coton \u00e9paisse. Doublure : choisir\u2026","rel":"","context":"Similar post","block_context":{"text":"Similar post","link":""},"img":{"alt_text":"","src":"https:\/\/i0.wp.com\/www.nun-studio.com\/wp-content\/uploads\/2016\/09\/sydney-1.jpg?fit=536%2C614&ssl=1&resize=350%2C200","width":350,"height":200,"srcset":"https:\/\/i0.wp.com\/www.nun-studio.com\/wp-content\/uploads\/2016\/09\/sydney-1.jpg?fit=536%2C614&ssl=1&resize=350%2C200 1x, https:\/\/i0.wp.com\/www.nun-studio.com\/wp-content\/uploads\/2016\/09\/sydney-1.jpg?fit=536%2C614&ssl=1&resize=525%2C300 1.5x"},"classes":[]},{"id":1693,"url":"https:\/\/www.nun-studio.com\/en\/produit\/patron-roma-kid\/","url_meta":{"origin":2638,"position":3},"title":"ROMA kid pattern","author":"Alma","date":"Tuesday September 20th, 2016","format":false,"excerpt":"NEW ! this pattern is now available with ENGLISH TEXTS. Just note that the packaging is in french. description : sleeveless, belted dress with yoke of front collar, which can be worn in 2 different positions (peter pan collar ou V-neck, see the last picture). The bodice is completely lined\u2026","rel":"","context":"Similar post","block_context":{"text":"Similar post","link":""},"img":{"alt_text":"","src":"https:\/\/i0.wp.com\/www.nun-studio.com\/wp-content\/uploads\/2016\/09\/roma_kid-2.jpg?fit=542%2C542&ssl=1&resize=350%2C200","width":350,"height":200,"srcset":"https:\/\/i0.wp.com\/www.nun-studio.com\/wp-content\/uploads\/2016\/09\/roma_kid-2.jpg?fit=542%2C542&ssl=1&resize=350%2C200 1x, https:\/\/i0.wp.com\/www.nun-studio.com\/wp-content\/uploads\/2016\/09\/roma_kid-2.jpg?fit=542%2C542&ssl=1&resize=525%2C300 1.5x"},"classes":[]},{"id":2752,"url":"https:\/\/www.nun-studio.com\/en\/produit\/patron-roma-teen\/","url_meta":{"origin":2638,"position":4},"title":"pattern ROMA teen","author":"Alma","date":"Tuesday February  7th, 2017","format":false,"excerpt":"Haut sans manches, empi\u00e8cement faux col devant pouvant \u00eatre mis dans deux positions diff\u00e9rentes. Le bustier est enti\u00e8rement doubl\u00e9 et la pose du passepoil est facultative. TAILLES\u00a0: 10ans, 12ans (32\/34), 14ans (36\/38), 16ans (38\/40) TISSU CONSEILLE\u00a0: cotonnade, lin. Vous pouvez utiliser un autre tissu, plus fin, pour la doublure du\u2026","rel":"","context":"Similar post","block_context":{"text":"Similar post","link":""},"img":{"alt_text":"","src":"https:\/\/i0.wp.com\/www.nun-studio.com\/wp-content\/uploads\/2017\/02\/roma_teen-1.jpg?fit=1000%2C999&ssl=1&resize=350%2C200","width":350,"height":200,"srcset":"https:\/\/i0.wp.com\/www.nun-studio.com\/wp-content\/uploads\/2017\/02\/roma_teen-1.jpg?fit=1000%2C999&ssl=1&resize=350%2C200 1x, https:\/\/i0.wp.com\/www.nun-studio.com\/wp-content\/uploads\/2017\/02\/roma_teen-1.jpg?fit=1000%2C999&ssl=1&resize=525%2C300 1.5x, https:\/\/i0.wp.com\/www.nun-studio.com\/wp-content\/uploads\/2017\/02\/roma_teen-1.jpg?fit=1000%2C999&ssl=1&resize=700%2C400 2x"},"classes":[]},{"id":1971,"url":"https:\/\/www.nun-studio.com\/en\/produit\/patron-vienne-graz-baby\/","url_meta":{"origin":2638,"position":5},"title":"VIENNE &amp; GRAZ baby pattern","author":"Alma","date":"Friday September 23rd, 2016","format":false,"excerpt":"patron double VIENNE & GRAZ, brassi\u00e8re &\u00a0culotte courte d\u00e9tail VIENNE :\u00a0brassi\u00e8re mixte pour b\u00e9b\u00e9 et enfant en bas \u00e2ge \u00e9lastiqu\u00e9e \u00e0 l'encolure avec manches raglan, et plastron carr\u00e9 devant.\u00a0Niveau : facile.\u00a0TAILLES: 6M-9M-12M-18M-2A.\u00a0Tissu conseill\u00e9 : coton (voile, liberty, popeline), ou lin tr\u00e8s doux.\u00a0M\u00e9trage n\u00e9cessaire : 4 coupons de 55x45cm (en continu),\u2026","rel":"","context":"Similar post","block_context":{"text":"Similar post","link":""},"img":{"alt_text":"","src":"https:\/\/i0.wp.com\/www.nun-studio.com\/wp-content\/uploads\/2016\/09\/vienne_graz-1.png?fit=600%2C365&ssl=1&resize=350%2C200","width":350,"height":200,"srcset":"https:\/\/i0.wp.com\/www.nun-studio.com\/wp-content\/uploads\/2016\/09\/vienne_graz-1.png?fit=600%2C365&ssl=1&resize=350%2C200 1x, https:\/\/i0.wp.com\/www.nun-studio.com\/wp-content\/uploads\/2016\/09\/vienne_graz-1.png?fit=600%2C365&ssl=1&resize=525%2C300 1.5x"},"classes":[]}],"_links":{"self":[{"href":"https:\/\/www.nun-studio.com\/en\/wp-json\/wp\/v2\/product\/2638","targetHints":{"allow":["GET"]}}],"collection":[{"href":"https:\/\/www.nun-studio.com\/en\/wp-json\/wp\/v2\/product"}],"about":[{"href":"https:\/\/www.nun-studio.com\/en\/wp-json\/wp\/v2\/types\/product"}],"replies":[{"embeddable":true,"href":"https:\/\/www.nun-studio.com\/en\/wp-json\/wp\/v2\/comments?post=2638"}],"wp:featuredmedia":[{"embeddable":true,"href":"https:\/\/www.nun-studio.com\/en\/wp-json\/wp\/v2\/media\/2639"}],"wp:attachment":[{"href":"https:\/\/www.nun-studio.com\/en\/wp-json\/wp\/v2\/media?parent=2638"}],"wp:term":[{"taxonomy":"product_brand","embeddable":true,"href":"https:\/\/www.nun-studio.com\/en\/wp-json\/wp\/v2\/product_brand?post=2638"},{"taxonomy":"product_cat","embeddable":true,"href":"https:\/\/www.nun-studio.com\/en\/wp-json\/wp\/v2\/product_cat?post=2638"},{"taxonomy":"product_tag","embeddable":true,"href":"https:\/\/www.nun-studio.com\/en\/wp-json\/wp\/v2\/product_tag?post=2638"}],"curies":[{"name":"wp","href":"https:\/\/api.w.org\/{rel}","templated":true}]}}