{"id":2294,"date":"2016-11-28T11:41:36","date_gmt":"2016-11-28T10:41:36","guid":{"rendered":"https:\/\/www.nun-studio.com\/produit\/kit-duffle-coat-rouille-poupee-brune\/"},"modified":"2026-04-21T21:22:54","modified_gmt":"2026-04-21T20:22:54","slug":"kit-duffle-coat-rouille-poupee-brune","status":"publish","type":"product","link":"https:\/\/www.nun-studio.com\/en\/produit\/kit-duffle-coat-rouille-poupee-brune\/","title":{"rendered":"KIT duffle coat (pattern and notions)  BLEU MARINE &#8211; poup\u00e9e BRUNE"},"content":{"rendered":"","protected":false},"excerpt":{"rendered":"<p style=\"text-align: justify\">Ce KIT complet contient tout le mat\u00e9riel n\u00e9cessaire pour r\u00e9aliser ce joli manteau : le patron, les explications de montage, la feutrine (tr\u00e8s belle qualit\u00e9), les attaches &amp; boutons, ainsi que\u00a0le &#8220;tag&#8221; monogramme pour orner la poche. Le niveau de couture requis est interm\u00e9diaire \/\u00a0un peu minutieux sans \u00eatre technique ou compliqu\u00e9.<\/p>\n<p style=\"text-align: justify\"><strong>COULEUR<\/strong> : bleu marine<\/p>\n<p style=\"text-align: justify\"><img loading=\"lazy\" decoding=\"async\" class=\"alignnone size-thumbnail wp-image-6417\" src=\"https:\/\/www.nun-studio.com\/wp-content\/uploads\/2021\/01\/feutrine-feuille-a-4-bleu-marine-150x150.jpg\" alt=\"\" width=\"150\" height=\"150\" srcset=\"https:\/\/i0.wp.com\/www.nun-studio.com\/wp-content\/uploads\/2021\/01\/feutrine-feuille-a-4-bleu-marine.jpg?resize=150%2C150&amp;ssl=1 150w, https:\/\/i0.wp.com\/www.nun-studio.com\/wp-content\/uploads\/2021\/01\/feutrine-feuille-a-4-bleu-marine.jpg?resize=300%2C300&amp;ssl=1 300w, https:\/\/i0.wp.com\/www.nun-studio.com\/wp-content\/uploads\/2021\/01\/feutrine-feuille-a-4-bleu-marine.jpg?resize=373%2C373&amp;ssl=1 373w, https:\/\/i0.wp.com\/www.nun-studio.com\/wp-content\/uploads\/2021\/01\/feutrine-feuille-a-4-bleu-marine.jpg?resize=100%2C100&amp;ssl=1 100w, https:\/\/i0.wp.com\/www.nun-studio.com\/wp-content\/uploads\/2021\/01\/feutrine-feuille-a-4-bleu-marine.jpg?w=500&amp;ssl=1 500w\" sizes=\"auto, (max-width: 150px) 100vw, 150px\" \/><\/p>\n","protected":false},"featured_media":2304,"comment_status":"open","ping_status":"closed","template":"","meta":{"jetpack_post_was_ever_published":false,"jetpack_publicize_message":"","jetpack_publicize_feature_enabled":true,"jetpack_social_post_already_shared":true,"jetpack_social_options":{"image_generator_settings":{"template":"highway","default_image_id":0,"font":"","enabled":false},"version":2}},"product_brand":[],"product_cat":[100,26,75,111,16],"product_tag":[52,53,14],"class_list":{"0":"post-2294","1":"product","2":"type-product","3":"status-publish","4":"has-post-thumbnail","6":"product_cat-categorie1","7":"product_cat-kits-poupee","8":"product_cat-nouveautes","9":"product_cat-poupee-brune","10":"product_cat-poupe-brune-a-coudre-habiller","11":"product_tag-kit-vetement","12":"product_tag-kits","13":"product_tag-poupee-brune","14":"product_shipping_class-lettre","16":"first","17":"instock","18":"purchasable","19":"product-type-simple"},"jetpack_publicize_connections":[],"jetpack_sharing_enabled":true,"jetpack-related-posts":[{"id":4039,"url":"https:\/\/www.nun-studio.com\/en\/produit\/kit-tenue-nuage-rose-nun-studio-x-studio-walkie-talkie\/","url_meta":{"origin":2294,"position":0},"title":"&#8221;pink cloud&#8221; outfit kit &#8211; BRUNE doll","author":"Alma","date":"Sunday October  8th, 2017","format":false,"excerpt":"Ce KIT contient tout le mat\u00e9riel n\u00e9cessaire pour r\u00e9aliser cette jolie tenue, hormis les explications de montage et le patron de la poup\u00e9e et de certains v\u00eatements, que vous trouverez dans le livre \u00ab\u00a0Poup\u00e9e \u00e0 coudre, exercices de style \u00bb disponible ICI.\u00a0D\u00e9couvrez les d\u00e9tails du kit ci-dessous. KIT VESTE EXCLUSIF\u2026","rel":"","context":"Similar post","block_context":{"text":"Similar post","link":""},"img":{"alt_text":"","src":"https:\/\/i0.wp.com\/www.nun-studio.com\/wp-content\/uploads\/2017\/10\/tenue-nuage-rose-nunstudio-brune-2-scaled.jpg?fit=802%2C1200&ssl=1&resize=350%2C200","width":350,"height":200,"srcset":"https:\/\/i0.wp.com\/www.nun-studio.com\/wp-content\/uploads\/2017\/10\/tenue-nuage-rose-nunstudio-brune-2-scaled.jpg?fit=802%2C1200&ssl=1&resize=350%2C200 1x, https:\/\/i0.wp.com\/www.nun-studio.com\/wp-content\/uploads\/2017\/10\/tenue-nuage-rose-nunstudio-brune-2-scaled.jpg?fit=802%2C1200&ssl=1&resize=525%2C300 1.5x, https:\/\/i0.wp.com\/www.nun-studio.com\/wp-content\/uploads\/2017\/10\/tenue-nuage-rose-nunstudio-brune-2-scaled.jpg?fit=802%2C1200&ssl=1&resize=700%2C400 2x"},"classes":[]},{"id":4041,"url":"https:\/\/www.nun-studio.com\/en\/produit\/kit-tenue-arbres-collab-studio-walkie-talkie\/","url_meta":{"origin":2294,"position":1},"title":"&#8221;trees&#8221; outfit kit &#8211; BRUNE doll","author":"Alma","date":"Sunday October  8th, 2017","format":false,"excerpt":"Ce KIT \u00a0contient tout le mat\u00e9riel n\u00e9cessaire pour r\u00e9aliser cette tenue, hormis les explications de montage et le patron de la poup\u00e9e et de certains v\u00eatements, que vous trouverez dans le livre \u00ab\u00a0Poup\u00e9e \u00e0 coudre, exercices de style \u00bb disponible ICI.\u00a0D\u00e9couvrez les d\u00e9tails du kit ci-dessous. KIT TENUE EXCLUSIF :\u2026","rel":"","context":"Similar post","block_context":{"text":"Similar post","link":""},"img":{"alt_text":"","src":"https:\/\/i0.wp.com\/www.nun-studio.com\/wp-content\/uploads\/2017\/10\/tenue-arbres-nunstudio-brune-1-scaled.jpg?fit=762%2C1200&ssl=1&resize=350%2C200","width":350,"height":200,"srcset":"https:\/\/i0.wp.com\/www.nun-studio.com\/wp-content\/uploads\/2017\/10\/tenue-arbres-nunstudio-brune-1-scaled.jpg?fit=762%2C1200&ssl=1&resize=350%2C200 1x, https:\/\/i0.wp.com\/www.nun-studio.com\/wp-content\/uploads\/2017\/10\/tenue-arbres-nunstudio-brune-1-scaled.jpg?fit=762%2C1200&ssl=1&resize=525%2C300 1.5x, https:\/\/i0.wp.com\/www.nun-studio.com\/wp-content\/uploads\/2017\/10\/tenue-arbres-nunstudio-brune-1-scaled.jpg?fit=762%2C1200&ssl=1&resize=700%2C400 2x"},"classes":[]},{"id":4037,"url":"https:\/\/www.nun-studio.com\/en\/produit\/kit-tenue-nuage-dore-nun-studio-x-studio-walkie-talkie-copie\/","url_meta":{"origin":2294,"position":2},"title":"&#8221;gold cloud&#8221; outfit kit &#8211; BRUNE doll","author":"Alma","date":"Sunday October  8th, 2017","format":false,"excerpt":"Ce KIT contient tout le mat\u00e9riel n\u00e9cessaire pour r\u00e9aliser cette jolie tenue, hormis les explications de montage de certains v\u00eatements, que vous trouverez dans le livre \u00ab\u00a0Poup\u00e9e \u00e0 coudre, exercices de style \u00bb disponible ICI.\u00a0D\u00e9couvrez les d\u00e9tails du kit ci-dessous. KIT VESTE EXCLUSIF : la veste est un patron exclusif\u2026","rel":"","context":"Similar post","block_context":{"text":"Similar post","link":""},"img":{"alt_text":"","src":"https:\/\/i0.wp.com\/www.nun-studio.com\/wp-content\/uploads\/2017\/10\/tenue-nuage-dore-nunstudio-brune-2-scaled.jpg?fit=802%2C1200&ssl=1&resize=350%2C200","width":350,"height":200,"srcset":"https:\/\/i0.wp.com\/www.nun-studio.com\/wp-content\/uploads\/2017\/10\/tenue-nuage-dore-nunstudio-brune-2-scaled.jpg?fit=802%2C1200&ssl=1&resize=350%2C200 1x, https:\/\/i0.wp.com\/www.nun-studio.com\/wp-content\/uploads\/2017\/10\/tenue-nuage-dore-nunstudio-brune-2-scaled.jpg?fit=802%2C1200&ssl=1&resize=525%2C300 1.5x, https:\/\/i0.wp.com\/www.nun-studio.com\/wp-content\/uploads\/2017\/10\/tenue-nuage-dore-nunstudio-brune-2-scaled.jpg?fit=802%2C1200&ssl=1&resize=700%2C400 2x"},"classes":[]},{"id":545,"url":"https:\/\/www.nun-studio.com\/en\/produit\/kit-poupee-brune-livre-coloris-d\/","url_meta":{"origin":2294,"position":3},"title":"(Copier) (Copier)","author":"Alma","date":"Monday March 14th, 2016","format":false,"excerpt":"Sorry, this entry is only available in Fran\u00e7ais.","rel":"","context":"Similar post","block_context":{"text":"Similar post","link":""},"img":{"alt_text":"","src":"https:\/\/i0.wp.com\/www.nun-studio.com\/wp-content\/uploads\/2016\/04\/kitA_2b.jpg?fit=800%2C801&ssl=1&resize=350%2C200","width":350,"height":200,"srcset":"https:\/\/i0.wp.com\/www.nun-studio.com\/wp-content\/uploads\/2016\/04\/kitA_2b.jpg?fit=800%2C801&ssl=1&resize=350%2C200 1x, https:\/\/i0.wp.com\/www.nun-studio.com\/wp-content\/uploads\/2016\/04\/kitA_2b.jpg?fit=800%2C801&ssl=1&resize=525%2C300 1.5x, https:\/\/i0.wp.com\/www.nun-studio.com\/wp-content\/uploads\/2016\/04\/kitA_2b.jpg?fit=800%2C801&ssl=1&resize=700%2C400 2x"},"classes":[]},{"id":6845,"url":"https:\/\/www.nun-studio.com\/en\/produit\/kit-fournitures-poupee-ambre\/","url_meta":{"origin":2294,"position":4},"title":"AMBRE doll &#8211; kit fabrics and stuff","author":"Alma","date":"Saturday November 13th, 2021","format":false,"excerpt":"Le KIT fournitures poup\u00e9e Ambre\u00a0contient des coupons de tissus et de la mercerie pour r\u00e9aliser 3 robes + 3 cols en Liberty\u00ae, 1 col fourrure, 1 paire de bottes et 1 sac.\u00a0Le kit ne comprend pas le patron de la poup\u00e9e ni les patrons des v\u00eatements et accessoires. Il ne\u2026","rel":"","context":"Similar post","block_context":{"text":"Similar post","link":""},"img":{"alt_text":"","src":"https:\/\/i0.wp.com\/www.nun-studio.com\/wp-content\/uploads\/2021\/11\/AMBRE-nunstudio-12.jpg?fit=1200%2C1200&ssl=1&resize=350%2C200","width":350,"height":200,"srcset":"https:\/\/i0.wp.com\/www.nun-studio.com\/wp-content\/uploads\/2021\/11\/AMBRE-nunstudio-12.jpg?fit=1200%2C1200&ssl=1&resize=350%2C200 1x, https:\/\/i0.wp.com\/www.nun-studio.com\/wp-content\/uploads\/2021\/11\/AMBRE-nunstudio-12.jpg?fit=1200%2C1200&ssl=1&resize=525%2C300 1.5x, https:\/\/i0.wp.com\/www.nun-studio.com\/wp-content\/uploads\/2021\/11\/AMBRE-nunstudio-12.jpg?fit=1200%2C1200&ssl=1&resize=700%2C400 2x, https:\/\/i0.wp.com\/www.nun-studio.com\/wp-content\/uploads\/2021\/11\/AMBRE-nunstudio-12.jpg?fit=1200%2C1200&ssl=1&resize=1050%2C600 3x"},"classes":[]},{"id":6852,"url":"https:\/\/www.nun-studio.com\/en\/produit\/kit-complet-poupee-ambre-4\/","url_meta":{"origin":2294,"position":5},"title":"AMBRE dollkit + outfit n\u00b04","author":"Alma","date":"Thursday November 13th, 2008","format":false,"excerpt":"The AMBRE\u00a0dollkit + outfit\u00a0includes the\u00a0doll + outfit pattern and all the stuff you need to\u00a0sew this\u00a0doll. The text is in french but many drawings explain you the how to. You can chose the bunny or the lamb ears (same item). Le KIT complet poup\u00e9e AMBRE\u00a0n\u00b04\u00a0contient les patrons imprim\u00e9s \u00e0 taille\u2026","rel":"","context":"Similar post","block_context":{"text":"Similar post","link":""},"img":{"alt_text":"","src":"https:\/\/i0.wp.com\/www.nun-studio.com\/wp-content\/uploads\/2021\/11\/AMBRE-nunstudio-6.jpg?fit=1200%2C1200&ssl=1&resize=350%2C200","width":350,"height":200,"srcset":"https:\/\/i0.wp.com\/www.nun-studio.com\/wp-content\/uploads\/2021\/11\/AMBRE-nunstudio-6.jpg?fit=1200%2C1200&ssl=1&resize=350%2C200 1x, https:\/\/i0.wp.com\/www.nun-studio.com\/wp-content\/uploads\/2021\/11\/AMBRE-nunstudio-6.jpg?fit=1200%2C1200&ssl=1&resize=525%2C300 1.5x, https:\/\/i0.wp.com\/www.nun-studio.com\/wp-content\/uploads\/2021\/11\/AMBRE-nunstudio-6.jpg?fit=1200%2C1200&ssl=1&resize=700%2C400 2x, https:\/\/i0.wp.com\/www.nun-studio.com\/wp-content\/uploads\/2021\/11\/AMBRE-nunstudio-6.jpg?fit=1200%2C1200&ssl=1&resize=1050%2C600 3x"},"classes":[]}],"_links":{"self":[{"href":"https:\/\/www.nun-studio.com\/en\/wp-json\/wp\/v2\/product\/2294","targetHints":{"allow":["GET"]}}],"collection":[{"href":"https:\/\/www.nun-studio.com\/en\/wp-json\/wp\/v2\/product"}],"about":[{"href":"https:\/\/www.nun-studio.com\/en\/wp-json\/wp\/v2\/types\/product"}],"replies":[{"embeddable":true,"href":"https:\/\/www.nun-studio.com\/en\/wp-json\/wp\/v2\/comments?post=2294"}],"wp:featuredmedia":[{"embeddable":true,"href":"https:\/\/www.nun-studio.com\/en\/wp-json\/wp\/v2\/media\/2304"}],"wp:attachment":[{"href":"https:\/\/www.nun-studio.com\/en\/wp-json\/wp\/v2\/media?parent=2294"}],"wp:term":[{"taxonomy":"product_brand","embeddable":true,"href":"https:\/\/www.nun-studio.com\/en\/wp-json\/wp\/v2\/product_brand?post=2294"},{"taxonomy":"product_cat","embeddable":true,"href":"https:\/\/www.nun-studio.com\/en\/wp-json\/wp\/v2\/product_cat?post=2294"},{"taxonomy":"product_tag","embeddable":true,"href":"https:\/\/www.nun-studio.com\/en\/wp-json\/wp\/v2\/product_tag?post=2294"}],"curies":[{"name":"wp","href":"https:\/\/api.w.org\/{rel}","templated":true}]}}