{"id":1987,"date":"2016-09-23T14:28:02","date_gmt":"2016-09-23T13:28:02","guid":{"rendered":"https:\/\/www.nun-studio.com\/produit\/supplement-galway-kid\/"},"modified":"2025-04-10T16:10:02","modified_gmt":"2025-04-10T15:10:02","slug":"supplement-galway-kid","status":"publish","type":"product","link":"https:\/\/www.nun-studio.com\/en\/produit\/supplement-galway-kid\/","title":{"rendered":"suppl\u00e9ment GALWAY kid"},"content":{"rendered":"<p class=\"qtranxs-available-languages-message qtranxs-available-languages-message-en\">Sorry, this entry is only available in <a href=\"https:\/\/www.nun-studio.com\/fr\/wp-json\/wp\/v2\/product\/1987\" class=\"qtranxs-available-language-link qtranxs-available-language-link-fr\" title=\"Fran\u00e7ais\">Fran\u00e7ais<\/a>.<\/p>","protected":false},"excerpt":{"rendered":"<p>Suppl\u00e9ment au mod\u00e8le<a href=\"https:\/\/www.nun-studio.com\/produit\/patron-galway-kid\/\"> <strong>GALWAY\u00a0kid<\/strong>,<\/a> comprenant un col assym\u00e9trique, avec passepoil ou sans. C<em>e suppl\u00e9ment n\u00e9cessite le patron GALWAY pour pouvoir r\u00e9aliser le mod\u00e8le.<\/em><\/p>\n","protected":false},"featured_media":1988,"comment_status":"open","ping_status":"closed","template":"","meta":{"jetpack_post_was_ever_published":false,"jetpack_publicize_message":"","jetpack_publicize_feature_enabled":true,"jetpack_social_post_already_shared":true,"jetpack_social_options":{"image_generator_settings":{"template":"highway","default_image_id":0,"font":"","enabled":false},"version":2}},"product_brand":[],"product_cat":[100,67,86,134],"product_tag":[91,92],"class_list":{"0":"post-1987","1":"product","2":"type-product","3":"status-publish","4":"has-post-thumbnail","6":"product_cat-categorie1","7":"product_cat-patrons-cest-dimanche","8":"product_cat-soldes","9":"product_cat-soldes-patrons","10":"product_tag-patrons-enfant","11":"product_tag-supplements","12":"product_shipping_class-lettre","14":"first","15":"instock","16":"purchasable","17":"product-type-simple"},"jetpack_publicize_connections":[],"jetpack_sharing_enabled":true,"jetpack-related-posts":[{"id":1823,"url":"https:\/\/www.nun-studio.com\/en\/produit\/patron-galway-baby\/","url_meta":{"origin":1987,"position":0},"title":"GALWAY baby pattern","author":"Alma","date":"Wednesday September 21st, 2016","format":false,"excerpt":"Brassi\u00e8re assym\u00e9trique pour b\u00e9b\u00e9 ou tunique pour enfant ; une version marini\u00e8re est comprise. Niveau : facile. TAILLES : 6M-12M-2A-3A Tissu conseill\u00e9 : coton, lin tr\u00e8s doux ou velours milleraies.\u00a0M\u00e9trage de tissu : 0.60 \u00e0 0.80m en 140, selon la taille. NOTE pour le suppl\u00e9ment :\u00a0suppl\u00e9ment au mod\u00e8le galway baby\u2026","rel":"","context":"Similar post","block_context":{"text":"Similar post","link":""},"img":{"alt_text":"","src":"https:\/\/i0.wp.com\/www.nun-studio.com\/wp-content\/uploads\/2016\/09\/galway_baby-1.jpg?fit=300%2C300&ssl=1&resize=350%2C200","width":350,"height":200},"classes":[]},{"id":1985,"url":"https:\/\/www.nun-studio.com\/en\/produit\/supplement-galway-baby\/","url_meta":{"origin":1987,"position":1},"title":"suppl\u00e9ment GALWAY baby","author":"Alma","date":"Friday September 23rd, 2016","format":false,"excerpt":"Suppl\u00e9ment au mod\u00e8le GALWAY\u00a0baby, comprenant un col assym\u00e9trique, avec passepoil ou sans.\u00a0Ce suppl\u00e9ment n\u00e9cessite le patron GALWAY baby pour pouvoir r\u00e9aliser le mod\u00e8le.","rel":"","context":"Similar post","block_context":{"text":"Similar post","link":""},"img":{"alt_text":"","src":"https:\/\/i0.wp.com\/www.nun-studio.com\/wp-content\/uploads\/2016\/09\/supplement_galway_baby-1.jpg?fit=300%2C300&ssl=1&resize=350%2C200","width":350,"height":200},"classes":[]},{"id":1824,"url":"https:\/\/www.nun-studio.com\/en\/produit\/patron-galway-kid\/","url_meta":{"origin":1987,"position":2},"title":"GALWAY kid pattern","author":"Alma","date":"Wednesday September 21st, 2016","format":false,"excerpt":"Tunique assym\u00e9trique mixte fille\/gar\u00e7on. Niveau : facile. Un suppl\u00e9ment avec col est disponible ICI. TAILLES : 4-6-8-10 ans Tissu conseill\u00e9 : coton, lin tr\u00e8s doux ou velours milleraies.","rel":"","context":"Similar post","block_context":{"text":"Similar post","link":""},"img":{"alt_text":"","src":"https:\/\/i0.wp.com\/www.nun-studio.com\/wp-content\/uploads\/2016\/09\/galway_kid-1.jpg?fit=600%2C600&ssl=1&resize=350%2C200","width":350,"height":200,"srcset":"https:\/\/i0.wp.com\/www.nun-studio.com\/wp-content\/uploads\/2016\/09\/galway_kid-1.jpg?fit=600%2C600&ssl=1&resize=350%2C200 1x, https:\/\/i0.wp.com\/www.nun-studio.com\/wp-content\/uploads\/2016\/09\/galway_kid-1.jpg?fit=600%2C600&ssl=1&resize=525%2C300 1.5x"},"classes":[]},{"id":2739,"url":"https:\/\/www.nun-studio.com\/en\/produit\/patron-galway-seville-baby\/","url_meta":{"origin":1987,"position":3},"title":"pattern GALWAY SEVILLE baby","author":"Alma","date":"Tuesday February  7th, 2017","format":false,"excerpt":"patron group\u00e9 GALWAY baby + SEVILLE, brassi\u00e8re &\u00a0corsaire d\u00e9tail GALWAY : brassi\u00e8re assym\u00e9trique pour b\u00e9b\u00e9 et enfant en bas \u00e2ge, boutonn\u00e9e dans le dos. Une version marini\u00e8re et une version simplifi\u00e9e sont possibles (voir patron galway seul dans la boutique).\u00a0TAILLES : 6M-12M-1A-2A-3A\u00a0NIVEAU\u00a0: facile.\u00a0Tissu conseill\u00e9 : coton, lin tr\u00e8s doux ou\u2026","rel":"","context":"Similar post","block_context":{"text":"Similar post","link":""},"img":{"alt_text":"","src":"https:\/\/i0.wp.com\/www.nun-studio.com\/wp-content\/uploads\/2017\/02\/galway-seville-1.jpg?fit=300%2C300&ssl=1&resize=350%2C200","width":350,"height":200},"classes":[]},{"id":1989,"url":"https:\/\/www.nun-studio.com\/en\/produit\/supplement-oslo-baby-kid\/","url_meta":{"origin":1987,"position":4},"title":"suppl\u00e9ment OSLO baby &amp; kid","author":"Alma","date":"Friday September 23rd, 2016","format":false,"excerpt":"Suppl\u00e9ment au mod\u00e8le OSLO baby et OSLO kid, comprenant un col et un plastron, avec passepoil ou sans.\u00a0Attention ! ce suppl\u00e9ment n\u00e9cessite le patron OSLO KID ou BABY pour pouvoir r\u00e9aliser le mod\u00e8le.","rel":"","context":"Similar post","block_context":{"text":"Similar post","link":""},"img":{"alt_text":"","src":"https:\/\/i0.wp.com\/www.nun-studio.com\/wp-content\/uploads\/2016\/09\/supplement_oslo_kid-1-1.jpg?fit=300%2C300&ssl=1&resize=350%2C200","width":350,"height":200},"classes":[]},{"id":1983,"url":"https:\/\/www.nun-studio.com\/en\/produit\/supplement-dublin-kid-lady\/","url_meta":{"origin":1987,"position":5},"title":"suppl\u00e9ment DUBLIN kid &amp; lady","author":"Alma","date":"Friday September 23rd, 2016","format":false,"excerpt":"Suppl\u00e9ment au patron DUBLIN\u00a0kid & au patron DUBLIN lady pour r\u00e9aliser une veste \u00e0 col rond et plis plats, boutonn\u00e9e ou ferm\u00e9e par un noeud. Le suppl\u00e9ment permet de r\u00e9aliser les 2 VERSIONS visibles sur les sch\u00e9mas. Ce suppl\u00e9ment n\u00e9cessite le patron DUBLIN (kid ou lady) pour pouvoir r\u00e9aliser le\u2026","rel":"","context":"Similar post","block_context":{"text":"Similar post","link":""},"img":{"alt_text":"","src":"https:\/\/i0.wp.com\/www.nun-studio.com\/wp-content\/uploads\/2016\/09\/supplement_dublin-1.jpg?fit=300%2C300&ssl=1&resize=350%2C200","width":350,"height":200},"classes":[]}],"_links":{"self":[{"href":"https:\/\/www.nun-studio.com\/en\/wp-json\/wp\/v2\/product\/1987","targetHints":{"allow":["GET"]}}],"collection":[{"href":"https:\/\/www.nun-studio.com\/en\/wp-json\/wp\/v2\/product"}],"about":[{"href":"https:\/\/www.nun-studio.com\/en\/wp-json\/wp\/v2\/types\/product"}],"replies":[{"embeddable":true,"href":"https:\/\/www.nun-studio.com\/en\/wp-json\/wp\/v2\/comments?post=1987"}],"wp:featuredmedia":[{"embeddable":true,"href":"https:\/\/www.nun-studio.com\/en\/wp-json\/wp\/v2\/media\/1988"}],"wp:attachment":[{"href":"https:\/\/www.nun-studio.com\/en\/wp-json\/wp\/v2\/media?parent=1987"}],"wp:term":[{"taxonomy":"product_brand","embeddable":true,"href":"https:\/\/www.nun-studio.com\/en\/wp-json\/wp\/v2\/product_brand?post=1987"},{"taxonomy":"product_cat","embeddable":true,"href":"https:\/\/www.nun-studio.com\/en\/wp-json\/wp\/v2\/product_cat?post=1987"},{"taxonomy":"product_tag","embeddable":true,"href":"https:\/\/www.nun-studio.com\/en\/wp-json\/wp\/v2\/product_tag?post=1987"}],"curies":[{"name":"wp","href":"https:\/\/api.w.org\/{rel}","templated":true}]}}