{"id":1918,"date":"2016-09-22T16:08:59","date_gmt":"2016-09-22T15:08:59","guid":{"rendered":"https:\/\/www.nun-studio.com\/produit\/patron-st-petersbourg-kid\/"},"modified":"2026-01-04T21:16:37","modified_gmt":"2026-01-04T20:16:37","slug":"patron-st-petersbourg-kid","status":"publish","type":"product","link":"https:\/\/www.nun-studio.com\/en\/produit\/patron-st-petersbourg-kid\/","title":{"rendered":"ST PETERSBOURG kid pattern"},"content":{"rendered":"<p class=\"qtranxs-available-languages-message qtranxs-available-languages-message-en\">Sorry, this entry is only available in <a href=\"https:\/\/www.nun-studio.com\/fr\/wp-json\/wp\/v2\/product\/1918\" class=\"qtranxs-available-language-link qtranxs-available-language-link-fr\" title=\"Fran\u00e7ais\">Fran\u00e7ais<\/a>.<\/p>","protected":false},"excerpt":{"rendered":"<p style=\"text-align: justify\">Tunique mixte fille\/gar\u00e7on \u00e0 emmanchures raglan, ouverte par des pressions sur le devant, des deux c\u00f4t\u00e9s de l&#8217;emmanchure. Revers de manche et plastron facultatifs. Fendue sur les c\u00f4t\u00e9s.\u00a0<strong>Niveau<\/strong> : assez facile.<\/p>\n<p style=\"text-align: justify\"><em>Un <strong>suppl\u00e9ment<\/strong> vous propose une version plus f\u00e9minine &#8211; \u00e0 retrouver <a href=\"https:\/\/www.nun-studio.com\/produit\/supplement-st-petersbourg-kid\/\"><strong>ICI<\/strong>.\u00a0<\/a><\/em><\/p>\n<p><strong>TAILLES<\/strong> :\u00a04-6-8 ans<\/p>\n<p><strong>Tissu conseill\u00e9<\/strong> : tous les types de tissu, selon le rendu souhait\u00e9. <strong>\u00a0M\u00e9trage n\u00e9cessaire<\/strong> : 1m \u00e0 1m20 en 140, selon la taille.<\/p>\n","protected":false},"featured_media":1861,"comment_status":"open","ping_status":"closed","template":"","meta":{"jetpack_post_was_ever_published":false,"jetpack_publicize_message":"","jetpack_publicize_feature_enabled":true,"jetpack_social_post_already_shared":true,"jetpack_social_options":{"image_generator_settings":{"template":"highway","default_image_id":0,"font":"","enabled":false},"version":2}},"product_brand":[],"product_cat":[100,67,41,40,86,134],"product_tag":[91],"class_list":{"0":"post-1918","1":"product","2":"type-product","3":"status-publish","4":"has-post-thumbnail","6":"product_cat-categorie1","7":"product_cat-patrons-cest-dimanche","8":"product_cat-patrons-enfant","9":"product_cat-patrons-femme-et-enfant","10":"product_cat-soldes","11":"product_cat-soldes-patrons","12":"product_tag-patrons-enfant","13":"product_shipping_class-lettre","15":"first","16":"instock","17":"purchasable","18":"product-type-simple"},"jetpack_publicize_connections":[],"jetpack_sharing_enabled":true,"jetpack-related-posts":[{"id":1993,"url":"https:\/\/www.nun-studio.com\/en\/produit\/supplement-st-petersbourg-kid\/","url_meta":{"origin":1918,"position":0},"title":"suppl\u00e9ment ST PETERSBOURG kid","author":"Alma","date":"Friday September 23rd, 2016","format":false,"excerpt":"suppl\u00e9ment au patron ST PETERSBOURG kid - voir le patron de base ICI.","rel":"","context":"Similar post","block_context":{"text":"Similar post","link":""},"img":{"alt_text":"","src":"https:\/\/i0.wp.com\/www.nun-studio.com\/wp-content\/uploads\/2016\/09\/supplement_stpetersbourg-1-1.jpg?fit=300%2C300&ssl=1&resize=350%2C200","width":350,"height":200},"classes":[]},{"id":1825,"url":"https:\/\/www.nun-studio.com\/en\/produit\/patron-glasgow-kid\/","url_meta":{"origin":1918,"position":1},"title":"GLASGOW kid pattern","author":"Alma","date":"Wednesday September 21st, 2016","format":false,"excerpt":"Vareuse boutonn\u00e9e devant, fendue sur les c\u00f4t\u00e9s, avec col contrast\u00e9. Niveau : facile. TAILLES :\u00a04-6-8-10 ans. Tissu conseill\u00e9 : toile de coton ou de lin, velours milleraies.\u00a0M\u00e9trage n\u00e9cessaire : 1m \u00e0 1.25m en 140 selon la taille.","rel":"","context":"Similar post","block_context":{"text":"Similar post","link":""},"img":{"alt_text":"","src":"https:\/\/i0.wp.com\/www.nun-studio.com\/wp-content\/uploads\/2016\/09\/glasgow-1.jpg?fit=748%2C748&ssl=1&resize=350%2C200","width":350,"height":200,"srcset":"https:\/\/i0.wp.com\/www.nun-studio.com\/wp-content\/uploads\/2016\/09\/glasgow-1.jpg?fit=748%2C748&ssl=1&resize=350%2C200 1x, https:\/\/i0.wp.com\/www.nun-studio.com\/wp-content\/uploads\/2016\/09\/glasgow-1.jpg?fit=748%2C748&ssl=1&resize=525%2C300 1.5x, https:\/\/i0.wp.com\/www.nun-studio.com\/wp-content\/uploads\/2016\/09\/glasgow-1.jpg?fit=748%2C748&ssl=1&resize=700%2C400 2x"},"classes":[]},{"id":1711,"url":"https:\/\/www.nun-studio.com\/en\/produit\/patron-beltsy-kid\/","url_meta":{"origin":1918,"position":2},"title":"BELTSY kid pattern","author":"Alma","date":"Tuesday September 20th, 2016","format":false,"excerpt":"Robe \u00e0 manches longues fronc\u00e9es au poignet, empi\u00e8cement arrondi devant et dos et poches fantaisie. La pose du passepoil est facultative. Une version b\u00e9b\u00e9 est aussi disponible. Niveau : facile sans les poches, un peu plus long avec les poches. TAILLES : 4 ans, 6 ans, 8 ans et 10\u2026","rel":"","context":"Similar post","block_context":{"text":"Similar post","link":""},"img":{"alt_text":"","src":"https:\/\/i0.wp.com\/www.nun-studio.com\/wp-content\/uploads\/2016\/09\/beltsy_kid-1jpg.jpg?fit=600%2C600&ssl=1&resize=350%2C200","width":350,"height":200,"srcset":"https:\/\/i0.wp.com\/www.nun-studio.com\/wp-content\/uploads\/2016\/09\/beltsy_kid-1jpg.jpg?fit=600%2C600&ssl=1&resize=350%2C200 1x, https:\/\/i0.wp.com\/www.nun-studio.com\/wp-content\/uploads\/2016\/09\/beltsy_kid-1jpg.jpg?fit=600%2C600&ssl=1&resize=525%2C300 1.5x"},"classes":[]},{"id":1816,"url":"https:\/\/www.nun-studio.com\/en\/produit\/patron-dublin-kid\/","url_meta":{"origin":1918,"position":3},"title":"DUBLIN kid pattern","author":"Alma","date":"Wednesday September 21st, 2016","format":false,"excerpt":"Vareuse pour fille \u00e0 col rond et plis plats, fendue devant, avec patte de boutonnage, manches 3\/4 et revers en tissu contrast\u00e9. Niveau : plut\u00f4t facile. Un suppl\u00e9ment pour r\u00e9aliser ce mod\u00e8le en veste est aussi disponible ! TAILLES : 4-6-8-10 ans Tissu conseill\u00e9 : lin ou coton pour l'\u00e9t\u00e9,\u2026","rel":"","context":"Similar post","block_context":{"text":"Similar post","link":""},"img":{"alt_text":"","src":"https:\/\/i0.wp.com\/www.nun-studio.com\/wp-content\/uploads\/2016\/09\/dublin_kid-1.jpg?fit=600%2C505&ssl=1&resize=350%2C200","width":350,"height":200,"srcset":"https:\/\/i0.wp.com\/www.nun-studio.com\/wp-content\/uploads\/2016\/09\/dublin_kid-1.jpg?fit=600%2C505&ssl=1&resize=350%2C200 1x, https:\/\/i0.wp.com\/www.nun-studio.com\/wp-content\/uploads\/2016\/09\/dublin_kid-1.jpg?fit=600%2C505&ssl=1&resize=525%2C300 1.5x"},"classes":[]},{"id":1921,"url":"https:\/\/www.nun-studio.com\/en\/produit\/patron-sydney-kid\/","url_meta":{"origin":1918,"position":4},"title":"SYDNEY kid pattern","author":"Alma","date":"Thursday September 22nd, 2016","format":false,"excerpt":"caban\/trench mixte de demi-saison, 4 ou 6 boutons, avec empi\u00e8cement \u00e9paules et dos passepoil\u00e9s (on peut omettre le passepoil), enti\u00e8rement doubl\u00e9. Peut \u00eatre r\u00e9alis\u00e9 avec une ceinture, pour un effet plus trench. Niveau : moyen TAILLES :\u00a04-6-8-10 ans Tissu conseill\u00e9 : lainage, velours, toile de coton \u00e9paisse. Doublure : choisir\u2026","rel":"","context":"Similar post","block_context":{"text":"Similar post","link":""},"img":{"alt_text":"","src":"https:\/\/i0.wp.com\/www.nun-studio.com\/wp-content\/uploads\/2016\/09\/sydney-1.jpg?fit=536%2C614&ssl=1&resize=350%2C200","width":350,"height":200,"srcset":"https:\/\/i0.wp.com\/www.nun-studio.com\/wp-content\/uploads\/2016\/09\/sydney-1.jpg?fit=536%2C614&ssl=1&resize=350%2C200 1x, https:\/\/i0.wp.com\/www.nun-studio.com\/wp-content\/uploads\/2016\/09\/sydney-1.jpg?fit=536%2C614&ssl=1&resize=525%2C300 1.5x"},"classes":[]},{"id":1828,"url":"https:\/\/www.nun-studio.com\/en\/produit\/patron-milano-kid-teen\/","url_meta":{"origin":1918,"position":5},"title":"MILANO kid &amp; teen pattern","author":"Alma","date":"Wednesday September 21st, 2016","format":false,"excerpt":"robe\/tunique \u00e9volutive, \u00e0 bretelles surpiqu\u00e9es d\u00e9bordant sur les \u00e9paules, plis plats devant et \u00e9lastiqu\u00e9e au dos. Sa forme \u00e9tudi\u00e9e permet de la porter d'abord en robe, puis en tunique et haut, sur plusieurs ann\u00e9es. Niveau : moyen \u00e0 facile. TAILLES : 2 ans \u00e0 12\/14 ans tissu conseill\u00e9 : lin,\u2026","rel":"","context":"Similar post","block_context":{"text":"Similar post","link":""},"img":{"alt_text":"","src":"https:\/\/i0.wp.com\/www.nun-studio.com\/wp-content\/uploads\/2016\/09\/milano_kid_teen-1.jpg?fit=744%2C744&ssl=1&resize=350%2C200","width":350,"height":200,"srcset":"https:\/\/i0.wp.com\/www.nun-studio.com\/wp-content\/uploads\/2016\/09\/milano_kid_teen-1.jpg?fit=744%2C744&ssl=1&resize=350%2C200 1x, https:\/\/i0.wp.com\/www.nun-studio.com\/wp-content\/uploads\/2016\/09\/milano_kid_teen-1.jpg?fit=744%2C744&ssl=1&resize=525%2C300 1.5x, https:\/\/i0.wp.com\/www.nun-studio.com\/wp-content\/uploads\/2016\/09\/milano_kid_teen-1.jpg?fit=744%2C744&ssl=1&resize=700%2C400 2x"},"classes":[]}],"_links":{"self":[{"href":"https:\/\/www.nun-studio.com\/en\/wp-json\/wp\/v2\/product\/1918","targetHints":{"allow":["GET"]}}],"collection":[{"href":"https:\/\/www.nun-studio.com\/en\/wp-json\/wp\/v2\/product"}],"about":[{"href":"https:\/\/www.nun-studio.com\/en\/wp-json\/wp\/v2\/types\/product"}],"replies":[{"embeddable":true,"href":"https:\/\/www.nun-studio.com\/en\/wp-json\/wp\/v2\/comments?post=1918"}],"wp:featuredmedia":[{"embeddable":true,"href":"https:\/\/www.nun-studio.com\/en\/wp-json\/wp\/v2\/media\/1861"}],"wp:attachment":[{"href":"https:\/\/www.nun-studio.com\/en\/wp-json\/wp\/v2\/media?parent=1918"}],"wp:term":[{"taxonomy":"product_brand","embeddable":true,"href":"https:\/\/www.nun-studio.com\/en\/wp-json\/wp\/v2\/product_brand?post=1918"},{"taxonomy":"product_cat","embeddable":true,"href":"https:\/\/www.nun-studio.com\/en\/wp-json\/wp\/v2\/product_cat?post=1918"},{"taxonomy":"product_tag","embeddable":true,"href":"https:\/\/www.nun-studio.com\/en\/wp-json\/wp\/v2\/product_tag?post=1918"}],"curies":[{"name":"wp","href":"https:\/\/api.w.org\/{rel}","templated":true}]}}