{"id":1917,"date":"2016-09-22T16:04:15","date_gmt":"2016-09-22T15:04:15","guid":{"rendered":"https:\/\/www.nun-studio.com\/produit\/patron-philadelphie-teen-lady\/"},"modified":"2026-04-16T14:26:08","modified_gmt":"2026-04-16T13:26:08","slug":"patron-philadelphie-teen-lady","status":"publish","type":"product","link":"https:\/\/www.nun-studio.com\/en\/produit\/patron-philadelphie-teen-lady\/","title":{"rendered":"PHILADELPHIE teen &amp; lady pattern"},"content":{"rendered":"<p class=\"qtranxs-available-languages-message qtranxs-available-languages-message-en\">Sorry, this entry is only available in <a href=\"https:\/\/www.nun-studio.com\/fr\/wp-json\/wp\/v2\/product\/1917\" class=\"qtranxs-available-language-link qtranxs-available-language-link-fr\" title=\"Fran\u00e7ais\">Fran\u00e7ais<\/a>.<\/p>","protected":false},"excerpt":{"rendered":"<p style=\"text-align: justify\">Jupe avec empi\u00e8cement et pattes de boutonnages sur les hanches. Fermeture \u00e9clair sur un des c\u00f4t\u00e9s ; la pose du passepoil est facultative.<\/p>\n<p style=\"text-align: justify\"><strong>TAILLES<\/strong> : 34(14ans)-36-38-40-42-44.<\/p>\n<p style=\"text-align: justify\"><strong>Tissu conseill\u00e9<\/strong> : lin, coton pour l&#8217;\u00e9t\u00e9 ; lainage fin pour l&#8217;hiver.\u00a0<strong>Fournitures<\/strong> : 2 boutons de 15mm de diam\u00e8tre, 2m de passepoil (facultatif), 1 pression, une fermeture \u00e9clair pour jupe de 22 cm. <strong>M\u00e9trage n\u00e9cessaire<\/strong> : \u00a0en 140 : 1,20m \u00a0 \/ \u00a0\u00a0en 110 : 1,20m(34 \u00e0 38) &#8211; 1,60m (40 \u00e0 44)<\/p>\n<p style=\"text-align: justify\">CE PATRON EXISTE AUSSI EN<a href=\"https:\/\/www.nun-studio.com\/produit\/patron-philadelphie-kid\/\"><strong> 2-10ANS<\/strong><\/a><\/p>\n","protected":false},"featured_media":1854,"comment_status":"open","ping_status":"closed","template":"","meta":{"jetpack_post_was_ever_published":false,"jetpack_publicize_message":"","jetpack_publicize_feature_enabled":true,"jetpack_social_post_already_shared":true,"jetpack_social_options":{"image_generator_settings":{"template":"highway","default_image_id":0,"font":"","enabled":false},"version":2}},"product_brand":[],"product_cat":[100,67,40,86,134],"product_tag":[89,88],"class_list":{"0":"post-1917","1":"product","2":"type-product","3":"status-publish","4":"has-post-thumbnail","6":"product_cat-categorie1","7":"product_cat-patrons-cest-dimanche","8":"product_cat-patrons-femme-et-enfant","9":"product_cat-soldes","10":"product_cat-soldes-patrons","11":"product_tag-patrons-adolescent","12":"product_tag-patrons-femme","13":"product_shipping_class-lettre","15":"first","16":"instock","17":"purchasable","18":"product-type-simple"},"jetpack_publicize_connections":[],"jetpack_sharing_enabled":true,"jetpack-related-posts":[{"id":2752,"url":"https:\/\/www.nun-studio.com\/en\/produit\/patron-roma-teen\/","url_meta":{"origin":1917,"position":0},"title":"pattern ROMA teen","author":"Alma","date":"Tuesday February  7th, 2017","format":false,"excerpt":"Haut sans manches, empi\u00e8cement faux col devant pouvant \u00eatre mis dans deux positions diff\u00e9rentes. Le bustier est enti\u00e8rement doubl\u00e9 et la pose du passepoil est facultative. TAILLES\u00a0: 10ans, 12ans (32\/34), 14ans (36\/38), 16ans (38\/40) TISSU CONSEILLE\u00a0: cotonnade, lin. Vous pouvez utiliser un autre tissu, plus fin, pour la doublure du\u2026","rel":"","context":"Similar post","block_context":{"text":"Similar post","link":""},"img":{"alt_text":"","src":"https:\/\/i0.wp.com\/www.nun-studio.com\/wp-content\/uploads\/2017\/02\/roma_teen-1.jpg?fit=1000%2C999&ssl=1&resize=350%2C200","width":350,"height":200,"srcset":"https:\/\/i0.wp.com\/www.nun-studio.com\/wp-content\/uploads\/2017\/02\/roma_teen-1.jpg?fit=1000%2C999&ssl=1&resize=350%2C200 1x, https:\/\/i0.wp.com\/www.nun-studio.com\/wp-content\/uploads\/2017\/02\/roma_teen-1.jpg?fit=1000%2C999&ssl=1&resize=525%2C300 1.5x, https:\/\/i0.wp.com\/www.nun-studio.com\/wp-content\/uploads\/2017\/02\/roma_teen-1.jpg?fit=1000%2C999&ssl=1&resize=700%2C400 2x"},"classes":[]},{"id":1827,"url":"https:\/\/www.nun-studio.com\/en\/produit\/patron-memphis\/","url_meta":{"origin":1917,"position":1},"title":"MEMPHIS pattern &#8211; 2A \u00e0 44","author":"Alma","date":"Wednesday September 21st, 2016","format":false,"excerpt":"Jupe ample \u00e9lastiqu\u00e9e \u00e0 la taille, avec poches \u00e0 revers passepoil\u00e9s (facultatifs).\u00a0Niveau : facile. TAILLES : 2-4-6-8-10-12 \/ 34(14A)-36-38-40-42-44 METRAGE :\u00a02-6A en version petit ourlet : 4 coupons de 55x45cm.\u00a0Enfant 4A \u00e0 adulte : 6 coupons de 55x45cm jusqu'\u00e0 la taille 38, 7 coupons pour les tailles 40 \u00e0 44.\u00a0Fournitures\u2026","rel":"","context":"Similar post","block_context":{"text":"Similar post","link":""},"img":{"alt_text":"","src":"https:\/\/i0.wp.com\/www.nun-studio.com\/wp-content\/uploads\/2016\/09\/memphis_kid_a_lady-1.jpg?fit=600%2C800&ssl=1&resize=350%2C200","width":350,"height":200,"srcset":"https:\/\/i0.wp.com\/www.nun-studio.com\/wp-content\/uploads\/2016\/09\/memphis_kid_a_lady-1.jpg?fit=600%2C800&ssl=1&resize=350%2C200 1x, https:\/\/i0.wp.com\/www.nun-studio.com\/wp-content\/uploads\/2016\/09\/memphis_kid_a_lady-1.jpg?fit=600%2C800&ssl=1&resize=525%2C300 1.5x"},"classes":[]},{"id":1693,"url":"https:\/\/www.nun-studio.com\/en\/produit\/patron-roma-kid\/","url_meta":{"origin":1917,"position":2},"title":"ROMA kid pattern","author":"Alma","date":"Tuesday September 20th, 2016","format":false,"excerpt":"NEW ! this pattern is now available with ENGLISH TEXTS. Just note that the packaging is in french. description : sleeveless, belted dress with yoke of front collar, which can be worn in 2 different positions (peter pan collar ou V-neck, see the last picture). The bodice is completely lined\u2026","rel":"","context":"Similar post","block_context":{"text":"Similar post","link":""},"img":{"alt_text":"","src":"https:\/\/i0.wp.com\/www.nun-studio.com\/wp-content\/uploads\/2016\/09\/roma_kid-2.jpg?fit=542%2C542&ssl=1&resize=350%2C200","width":350,"height":200,"srcset":"https:\/\/i0.wp.com\/www.nun-studio.com\/wp-content\/uploads\/2016\/09\/roma_kid-2.jpg?fit=542%2C542&ssl=1&resize=350%2C200 1x, https:\/\/i0.wp.com\/www.nun-studio.com\/wp-content\/uploads\/2016\/09\/roma_kid-2.jpg?fit=542%2C542&ssl=1&resize=525%2C300 1.5x"},"classes":[]},{"id":1712,"url":"https:\/\/www.nun-studio.com\/en\/produit\/patron-victoria-street-lady\/","url_meta":{"origin":1917,"position":3},"title":"pattern VICTORIA STREET lady","author":"Alma","date":"Tuesday September 20th, 2016","format":false,"excerpt":"Victoria street est une veste sans col \u00e0 volants et pattes passepoil\u00e9es soulignant la taille, avec une jolie martingale \u00e0 l'arri\u00e8re. Elle peut \u00eatre port\u00e9e chic ou mix\u00e9e avec un vestiaire preppy ou cool. Elle se ferme bord \u00e0 bord avec un crochet invisible et n'est pas doubl\u00e9e, ce qui\u2026","rel":"","context":"Similar post","block_context":{"text":"Similar post","link":""},"img":{"alt_text":"","src":"https:\/\/i0.wp.com\/www.nun-studio.com\/wp-content\/uploads\/2016\/09\/victoria_street_1.jpg?fit=1000%2C989&ssl=1&resize=350%2C200","width":350,"height":200,"srcset":"https:\/\/i0.wp.com\/www.nun-studio.com\/wp-content\/uploads\/2016\/09\/victoria_street_1.jpg?fit=1000%2C989&ssl=1&resize=350%2C200 1x, https:\/\/i0.wp.com\/www.nun-studio.com\/wp-content\/uploads\/2016\/09\/victoria_street_1.jpg?fit=1000%2C989&ssl=1&resize=525%2C300 1.5x, https:\/\/i0.wp.com\/www.nun-studio.com\/wp-content\/uploads\/2016\/09\/victoria_street_1.jpg?fit=1000%2C989&ssl=1&resize=700%2C400 2x"},"classes":[]},{"id":2975,"url":"https:\/\/www.nun-studio.com\/en\/produit\/patron-syracuse-kid\/","url_meta":{"origin":1917,"position":4},"title":"pattern SYRACUSE kid","author":"Alma","date":"Tuesday February 14th, 2017","format":false,"excerpt":"Robe ou blouse bain de soleil \u00e0 plastron rond passepoil\u00e9, \u00e9lastiqu\u00e9e \u00e0 la poitrine et d\u00e9gageant les \u00e9paules. Facile et rapide \u00e0 r\u00e9aliser (la pose du passepoil est facultative). TAILLES : 4 ans, 6 ans, 8 ans et 10 ans. tissu conseill\u00e9 : voile de coton, plumetis, liberty, cotonnades diverses.\u2026","rel":"","context":"Similar post","block_context":{"text":"Similar post","link":""},"img":{"alt_text":"","src":"https:\/\/i0.wp.com\/www.nun-studio.com\/wp-content\/uploads\/2017\/02\/syracuse-1.jpg?fit=1000%2C1000&ssl=1&resize=350%2C200","width":350,"height":200,"srcset":"https:\/\/i0.wp.com\/www.nun-studio.com\/wp-content\/uploads\/2017\/02\/syracuse-1.jpg?fit=1000%2C1000&ssl=1&resize=350%2C200 1x, https:\/\/i0.wp.com\/www.nun-studio.com\/wp-content\/uploads\/2017\/02\/syracuse-1.jpg?fit=1000%2C1000&ssl=1&resize=525%2C300 1.5x, https:\/\/i0.wp.com\/www.nun-studio.com\/wp-content\/uploads\/2017\/02\/syracuse-1.jpg?fit=1000%2C1000&ssl=1&resize=700%2C400 2x"},"classes":[]},{"id":1916,"url":"https:\/\/www.nun-studio.com\/en\/produit\/patron-philadelphie-kid\/","url_meta":{"origin":1917,"position":5},"title":"PHILADELPHIE kid pattern","author":"Alma","date":"Thursday September 22nd, 2016","format":false,"excerpt":"Jupe \u00e9lastiqu\u00e9e au dos (avec passepoil ou non). 2 versions sont possibles : une avec pattes de boutonnage d\u00e9coratives sur les hanches, et l'autre avec larges poches lat\u00e9rales. TAILLES : 2-4-6-8-10 ans Tissu conseill\u00e9 : lin, coton, lainage fin pour l'hiver. M\u00e9trage n\u00e9cessaire : 0.60 \u00e0 0.75m en 140 selon\u2026","rel":"","context":"Similar post","block_context":{"text":"Similar post","link":""},"img":{"alt_text":"","src":"https:\/\/i0.wp.com\/www.nun-studio.com\/wp-content\/uploads\/2016\/09\/philadelphie_kid-1.jpg?fit=816%2C816&ssl=1&resize=350%2C200","width":350,"height":200,"srcset":"https:\/\/i0.wp.com\/www.nun-studio.com\/wp-content\/uploads\/2016\/09\/philadelphie_kid-1.jpg?fit=816%2C816&ssl=1&resize=350%2C200 1x, https:\/\/i0.wp.com\/www.nun-studio.com\/wp-content\/uploads\/2016\/09\/philadelphie_kid-1.jpg?fit=816%2C816&ssl=1&resize=525%2C300 1.5x, https:\/\/i0.wp.com\/www.nun-studio.com\/wp-content\/uploads\/2016\/09\/philadelphie_kid-1.jpg?fit=816%2C816&ssl=1&resize=700%2C400 2x"},"classes":[]}],"_links":{"self":[{"href":"https:\/\/www.nun-studio.com\/en\/wp-json\/wp\/v2\/product\/1917","targetHints":{"allow":["GET"]}}],"collection":[{"href":"https:\/\/www.nun-studio.com\/en\/wp-json\/wp\/v2\/product"}],"about":[{"href":"https:\/\/www.nun-studio.com\/en\/wp-json\/wp\/v2\/types\/product"}],"replies":[{"embeddable":true,"href":"https:\/\/www.nun-studio.com\/en\/wp-json\/wp\/v2\/comments?post=1917"}],"wp:featuredmedia":[{"embeddable":true,"href":"https:\/\/www.nun-studio.com\/en\/wp-json\/wp\/v2\/media\/1854"}],"wp:attachment":[{"href":"https:\/\/www.nun-studio.com\/en\/wp-json\/wp\/v2\/media?parent=1917"}],"wp:term":[{"taxonomy":"product_brand","embeddable":true,"href":"https:\/\/www.nun-studio.com\/en\/wp-json\/wp\/v2\/product_brand?post=1917"},{"taxonomy":"product_cat","embeddable":true,"href":"https:\/\/www.nun-studio.com\/en\/wp-json\/wp\/v2\/product_cat?post=1917"},{"taxonomy":"product_tag","embeddable":true,"href":"https:\/\/www.nun-studio.com\/en\/wp-json\/wp\/v2\/product_tag?post=1917"}],"curies":[{"name":"wp","href":"https:\/\/api.w.org\/{rel}","templated":true}]}}