{"id":1915,"date":"2016-09-22T15:57:31","date_gmt":"2016-09-22T14:57:31","guid":{"rendered":"https:\/\/www.nun-studio.com\/produit\/patron-oslo-kid\/"},"modified":"2024-02-11T11:30:10","modified_gmt":"2024-02-11T10:30:10","slug":"patron-oslo-kid","status":"publish","type":"product","link":"https:\/\/www.nun-studio.com\/en\/produit\/patron-oslo-kid\/","title":{"rendered":"(Copie)"},"content":{"rendered":"<p class=\"qtranxs-available-languages-message qtranxs-available-languages-message-en\">Sorry, this entry is only available in <a href=\"https:\/\/www.nun-studio.com\/fr\/wp-json\/wp\/v2\/product\/1915\" class=\"qtranxs-available-language-link qtranxs-available-language-link-fr\" title=\"Fran\u00e7ais\">Fran\u00e7ais<\/a>.<\/p>","protected":false},"excerpt":{"rendered":"<p>Tunique avec plis et boutonnage d\u00e9coratif sur le devant. <strong>Niveau<\/strong> : facile.<\/p>\n<p><strong>TAILLES<\/strong> :\u00a04-6-8-10 ans<\/p>\n<p><strong>Tissu conseill\u00e9<\/strong> : lin, cotonnade, lainage fin ou velours milleraies.\u00a0<strong>M\u00e9trage n\u00e9cessaire<\/strong> : 1.10m en 140.<\/p>\n","protected":false},"featured_media":1837,"comment_status":"open","ping_status":"closed","template":"","meta":{"jetpack_post_was_ever_published":false,"jetpack_publicize_message":"","jetpack_publicize_feature_enabled":true,"jetpack_social_post_already_shared":true,"jetpack_social_options":{"image_generator_settings":{"template":"highway","default_image_id":0,"font":"","enabled":false},"version":2}},"product_brand":[],"product_cat":[100,67,41,40,86,134],"product_tag":[91],"class_list":{"0":"post-1915","1":"product","2":"type-product","3":"status-publish","4":"has-post-thumbnail","6":"product_cat-categorie1","7":"product_cat-patrons-cest-dimanche","8":"product_cat-patrons-enfant","9":"product_cat-patrons-femme-et-enfant","10":"product_cat-soldes","11":"product_cat-soldes-patrons","12":"product_tag-patrons-enfant","13":"product_shipping_class-lettre","15":"first","16":"instock","17":"purchasable","18":"product-type-simple"},"jetpack_publicize_connections":[],"jetpack_sharing_enabled":true,"jetpack-related-posts":[{"id":1985,"url":"https:\/\/www.nun-studio.com\/en\/produit\/supplement-galway-baby\/","url_meta":{"origin":1915,"position":0},"title":"suppl\u00e9ment GALWAY baby","author":"Alma","date":"Friday September 23rd, 2016","format":false,"excerpt":"Suppl\u00e9ment au mod\u00e8le GALWAY\u00a0baby, comprenant un col assym\u00e9trique, avec passepoil ou sans.\u00a0Ce suppl\u00e9ment n\u00e9cessite le patron GALWAY baby pour pouvoir r\u00e9aliser le mod\u00e8le.","rel":"","context":"Similar post","block_context":{"text":"Similar post","link":""},"img":{"alt_text":"","src":"https:\/\/i0.wp.com\/www.nun-studio.com\/wp-content\/uploads\/2016\/09\/supplement_galway_baby-1.jpg?fit=300%2C300&ssl=1&resize=350%2C200","width":350,"height":200},"classes":[]},{"id":1825,"url":"https:\/\/www.nun-studio.com\/en\/produit\/patron-glasgow-kid\/","url_meta":{"origin":1915,"position":1},"title":"GLASGOW kid pattern","author":"Alma","date":"Wednesday September 21st, 2016","format":false,"excerpt":"Vareuse boutonn\u00e9e devant, fendue sur les c\u00f4t\u00e9s, avec col contrast\u00e9. Niveau : facile. TAILLES :\u00a04-6-8-10 ans. Tissu conseill\u00e9 : toile de coton ou de lin, velours milleraies.\u00a0M\u00e9trage n\u00e9cessaire : 1m \u00e0 1.25m en 140 selon la taille.","rel":"","context":"Similar post","block_context":{"text":"Similar post","link":""},"img":{"alt_text":"","src":"https:\/\/i0.wp.com\/www.nun-studio.com\/wp-content\/uploads\/2016\/09\/glasgow-1.jpg?fit=748%2C748&ssl=1&resize=350%2C200","width":350,"height":200,"srcset":"https:\/\/i0.wp.com\/www.nun-studio.com\/wp-content\/uploads\/2016\/09\/glasgow-1.jpg?fit=748%2C748&ssl=1&resize=350%2C200 1x, https:\/\/i0.wp.com\/www.nun-studio.com\/wp-content\/uploads\/2016\/09\/glasgow-1.jpg?fit=748%2C748&ssl=1&resize=525%2C300 1.5x, https:\/\/i0.wp.com\/www.nun-studio.com\/wp-content\/uploads\/2016\/09\/glasgow-1.jpg?fit=748%2C748&ssl=1&resize=700%2C400 2x"},"classes":[]},{"id":1829,"url":"https:\/\/www.nun-studio.com\/en\/produit\/patron-new-orleans-teen\/","url_meta":{"origin":1915,"position":2},"title":"NEW ORLEANS teen pattern","author":"Alma","date":"Wednesday September 21st, 2016","format":false,"excerpt":"Sorry, this entry is only available in Fran\u00e7ais.","rel":"","context":"Similar post","block_context":{"text":"Similar post","link":""},"img":{"alt_text":"","src":"https:\/\/i0.wp.com\/www.nun-studio.com\/wp-content\/uploads\/2016\/09\/new_orleans-1.jpg?fit=1000%2C984&ssl=1&resize=350%2C200","width":350,"height":200,"srcset":"https:\/\/i0.wp.com\/www.nun-studio.com\/wp-content\/uploads\/2016\/09\/new_orleans-1.jpg?fit=1000%2C984&ssl=1&resize=350%2C200 1x, https:\/\/i0.wp.com\/www.nun-studio.com\/wp-content\/uploads\/2016\/09\/new_orleans-1.jpg?fit=1000%2C984&ssl=1&resize=525%2C300 1.5x, https:\/\/i0.wp.com\/www.nun-studio.com\/wp-content\/uploads\/2016\/09\/new_orleans-1.jpg?fit=1000%2C984&ssl=1&resize=700%2C400 2x"},"classes":[]},{"id":2742,"url":"https:\/\/www.nun-studio.com\/en\/produit\/patron-charleroy-baby\/","url_meta":{"origin":1915,"position":3},"title":"CHARLEROY baby pattern","author":"Alma","date":"Tuesday February  7th, 2017","format":false,"excerpt":"Sorry, this entry is only available in Fran\u00e7ais.","rel":"","context":"Similar post","block_context":{"text":"Similar post","link":""},"img":{"alt_text":"","src":"https:\/\/i0.wp.com\/www.nun-studio.com\/wp-content\/uploads\/2017\/02\/charleroy-1.jpg?fit=600%2C400&ssl=1&resize=350%2C200","width":350,"height":200,"srcset":"https:\/\/i0.wp.com\/www.nun-studio.com\/wp-content\/uploads\/2017\/02\/charleroy-1.jpg?fit=600%2C400&ssl=1&resize=350%2C200 1x, https:\/\/i0.wp.com\/www.nun-studio.com\/wp-content\/uploads\/2017\/02\/charleroy-1.jpg?fit=600%2C400&ssl=1&resize=525%2C300 1.5x"},"classes":[]},{"id":1826,"url":"https:\/\/www.nun-studio.com\/en\/produit\/patron-houston-kid\/","url_meta":{"origin":1915,"position":4},"title":"HOUSTON kid pattern","author":"Alma","date":"Wednesday September 21st, 2016","format":false,"excerpt":"Liquette gar\u00e7on boutonn\u00e9e (ou pressionn\u00e9e) sur les \u00e9paules et fendue sur les c\u00f4t\u00e9s. L'empi\u00e8cement des \u00e9paules est r\u00e9hauss\u00e9 d'un passepoil, qui peut \u00eatre omis. Niveau : facile. TAILLES : 4-6-8-10 ans","rel":"","context":"Similar post","block_context":{"text":"Similar post","link":""},"img":{"alt_text":"","src":"https:\/\/i0.wp.com\/www.nun-studio.com\/wp-content\/uploads\/2016\/09\/houston-1.jpg?fit=941%2C1000&ssl=1&resize=350%2C200","width":350,"height":200,"srcset":"https:\/\/i0.wp.com\/www.nun-studio.com\/wp-content\/uploads\/2016\/09\/houston-1.jpg?fit=941%2C1000&ssl=1&resize=350%2C200 1x, https:\/\/i0.wp.com\/www.nun-studio.com\/wp-content\/uploads\/2016\/09\/houston-1.jpg?fit=941%2C1000&ssl=1&resize=525%2C300 1.5x, https:\/\/i0.wp.com\/www.nun-studio.com\/wp-content\/uploads\/2016\/09\/houston-1.jpg?fit=941%2C1000&ssl=1&resize=700%2C400 2x"},"classes":[]},{"id":2756,"url":"https:\/\/www.nun-studio.com\/en\/produit\/patron-oslo-teen\/","url_meta":{"origin":1915,"position":5},"title":"OSLO teen pattern","author":"Alma","date":"Tuesday February  7th, 2017","format":false,"excerpt":"Tunique avec plis et boutonnage d\u00e9coratif sur le devant. NIVEAU : facile. TAILLES : 34-36-38 (soit 12-14-16 ans) TISSU CONSEILLE : lin, cotonnade, lainage fin ou velours milleraies.\u00a0METRAGE : 1.50m en 140 COMMANDE EN PREVENTE Veuillez noter que les commandes contenant cet article seront envoy\u00e9es \u00e0 partir du 1er avril\u2026","rel":"","context":"Similar post","block_context":{"text":"Similar post","link":""},"img":{"alt_text":"","src":"https:\/\/i0.wp.com\/www.nun-studio.com\/wp-content\/uploads\/2017\/02\/oslo_kid-3.jpg?fit=1000%2C1000&ssl=1&resize=350%2C200","width":350,"height":200,"srcset":"https:\/\/i0.wp.com\/www.nun-studio.com\/wp-content\/uploads\/2017\/02\/oslo_kid-3.jpg?fit=1000%2C1000&ssl=1&resize=350%2C200 1x, https:\/\/i0.wp.com\/www.nun-studio.com\/wp-content\/uploads\/2017\/02\/oslo_kid-3.jpg?fit=1000%2C1000&ssl=1&resize=525%2C300 1.5x, https:\/\/i0.wp.com\/www.nun-studio.com\/wp-content\/uploads\/2017\/02\/oslo_kid-3.jpg?fit=1000%2C1000&ssl=1&resize=700%2C400 2x"},"classes":[]}],"_links":{"self":[{"href":"https:\/\/www.nun-studio.com\/en\/wp-json\/wp\/v2\/product\/1915","targetHints":{"allow":["GET"]}}],"collection":[{"href":"https:\/\/www.nun-studio.com\/en\/wp-json\/wp\/v2\/product"}],"about":[{"href":"https:\/\/www.nun-studio.com\/en\/wp-json\/wp\/v2\/types\/product"}],"replies":[{"embeddable":true,"href":"https:\/\/www.nun-studio.com\/en\/wp-json\/wp\/v2\/comments?post=1915"}],"wp:featuredmedia":[{"embeddable":true,"href":"https:\/\/www.nun-studio.com\/en\/wp-json\/wp\/v2\/media\/1837"}],"wp:attachment":[{"href":"https:\/\/www.nun-studio.com\/en\/wp-json\/wp\/v2\/media?parent=1915"}],"wp:term":[{"taxonomy":"product_brand","embeddable":true,"href":"https:\/\/www.nun-studio.com\/en\/wp-json\/wp\/v2\/product_brand?post=1915"},{"taxonomy":"product_cat","embeddable":true,"href":"https:\/\/www.nun-studio.com\/en\/wp-json\/wp\/v2\/product_cat?post=1915"},{"taxonomy":"product_tag","embeddable":true,"href":"https:\/\/www.nun-studio.com\/en\/wp-json\/wp\/v2\/product_tag?post=1915"}],"curies":[{"name":"wp","href":"https:\/\/api.w.org\/{rel}","templated":true}]}}