{"id":1913,"date":"2016-09-22T15:54:45","date_gmt":"2016-09-22T14:54:45","guid":{"rendered":"https:\/\/www.nun-studio.com\/produit\/patron-paris-kid\/"},"modified":"2024-10-17T15:22:40","modified_gmt":"2024-10-17T14:22:40","slug":"patron-paris-kid","status":"publish","type":"product","link":"https:\/\/www.nun-studio.com\/en\/produit\/patron-paris-kid\/","title":{"rendered":"PARIS kid pattern"},"content":{"rendered":"<p class=\"qtranxs-available-languages-message qtranxs-available-languages-message-en\">Sorry, this entry is only available in <a href=\"https:\/\/www.nun-studio.com\/fr\/wp-json\/wp\/v2\/product\/1913\" class=\"qtranxs-available-language-link qtranxs-available-language-link-fr\" title=\"Fran\u00e7ais\">Fran\u00e7ais<\/a>.<\/p>","protected":false},"excerpt":{"rendered":"<p>D\u00e9licieuse petite robe vintage avec plastron et fausses poches, empi\u00e8cement jupe \u00e0 pli creux. <strong>Niveau<\/strong>\u00a0: facile<\/p>\n<p><strong>TAILLES<\/strong> : 2\/4 ans, 4\/6 ans, 6\/8 ans, 8\/10 ans<\/p>\n<p><strong>M\u00e9trage n\u00e9cessaire<\/strong> en 140 : 1.20m. M\u00e9trage n\u00e9cessaire en 110 :\u00a01,40m<\/p>\n","protected":false},"featured_media":1845,"comment_status":"open","ping_status":"closed","template":"","meta":{"jetpack_post_was_ever_published":false,"jetpack_publicize_message":"","jetpack_publicize_feature_enabled":true,"jetpack_social_post_already_shared":true,"jetpack_social_options":{"image_generator_settings":{"template":"highway","default_image_id":0,"font":"","enabled":false},"version":2}},"product_brand":[],"product_cat":[100,67,41,40,86,134],"product_tag":[91],"class_list":{"0":"post-1913","1":"product","2":"type-product","3":"status-publish","4":"has-post-thumbnail","6":"product_cat-categorie1","7":"product_cat-patrons-cest-dimanche","8":"product_cat-patrons-enfant","9":"product_cat-patrons-femme-et-enfant","10":"product_cat-soldes","11":"product_cat-soldes-patrons","12":"product_tag-patrons-enfant","13":"product_shipping_class-lettre","15":"first","16":"instock","17":"purchasable","18":"product-type-simple"},"jetpack_publicize_connections":[],"jetpack_sharing_enabled":true,"jetpack-related-posts":[{"id":1825,"url":"https:\/\/www.nun-studio.com\/en\/produit\/patron-glasgow-kid\/","url_meta":{"origin":1913,"position":0},"title":"GLASGOW kid pattern","author":"Alma","date":"Wednesday September 21st, 2016","format":false,"excerpt":"Vareuse boutonn\u00e9e devant, fendue sur les c\u00f4t\u00e9s, avec col contrast\u00e9. Niveau : facile. TAILLES :\u00a04-6-8-10 ans. Tissu conseill\u00e9 : toile de coton ou de lin, velours milleraies.\u00a0M\u00e9trage n\u00e9cessaire : 1m \u00e0 1.25m en 140 selon la taille.","rel":"","context":"Similar post","block_context":{"text":"Similar post","link":""},"img":{"alt_text":"","src":"https:\/\/i0.wp.com\/www.nun-studio.com\/wp-content\/uploads\/2016\/09\/glasgow-1.jpg?fit=748%2C748&ssl=1&resize=350%2C200","width":350,"height":200,"srcset":"https:\/\/i0.wp.com\/www.nun-studio.com\/wp-content\/uploads\/2016\/09\/glasgow-1.jpg?fit=748%2C748&ssl=1&resize=350%2C200 1x, https:\/\/i0.wp.com\/www.nun-studio.com\/wp-content\/uploads\/2016\/09\/glasgow-1.jpg?fit=748%2C748&ssl=1&resize=525%2C300 1.5x, https:\/\/i0.wp.com\/www.nun-studio.com\/wp-content\/uploads\/2016\/09\/glasgow-1.jpg?fit=748%2C748&ssl=1&resize=700%2C400 2x"},"classes":[]},{"id":2624,"url":"https:\/\/www.nun-studio.com\/en\/produit\/patron-manhattan-kid\/","url_meta":{"origin":1913,"position":1},"title":"pattern MANHATTAN kid","author":"Alma","date":"Saturday January 21st, 2017","format":false,"excerpt":"Blouse romantique et moderne, inspir\u00e9 du chic new-yorkais. Manches raglan volant\u00e9es et col claudine volant\u00e9, blouse \u00e9lastiqu\u00e9e dans le bas. Niveau : plut\u00f4t facile TAILLES : 4 ans, 6 ans et 8 ans. Tissu conseill\u00e9 : voile de coton, plumetis, liberty\u2026 ou tout autre cotonnade assez souple. M\u00e9trage n\u00e9cessaire :\u2026","rel":"","context":"Similar post","block_context":{"text":"Similar post","link":""},"img":{"alt_text":"","src":"https:\/\/i0.wp.com\/www.nun-studio.com\/wp-content\/uploads\/2017\/01\/manattan-1.jpg?fit=1000%2C1000&ssl=1&resize=350%2C200","width":350,"height":200,"srcset":"https:\/\/i0.wp.com\/www.nun-studio.com\/wp-content\/uploads\/2017\/01\/manattan-1.jpg?fit=1000%2C1000&ssl=1&resize=350%2C200 1x, https:\/\/i0.wp.com\/www.nun-studio.com\/wp-content\/uploads\/2017\/01\/manattan-1.jpg?fit=1000%2C1000&ssl=1&resize=525%2C300 1.5x, https:\/\/i0.wp.com\/www.nun-studio.com\/wp-content\/uploads\/2017\/01\/manattan-1.jpg?fit=1000%2C1000&ssl=1&resize=700%2C400 2x"},"classes":[]},{"id":1915,"url":"https:\/\/www.nun-studio.com\/en\/produit\/patron-oslo-kid\/","url_meta":{"origin":1913,"position":2},"title":"(Copie)","author":"Alma","date":"Thursday September 22nd, 2016","format":false,"excerpt":"Tunique avec plis et boutonnage d\u00e9coratif sur le devant. Niveau : facile. TAILLES :\u00a04-6-8-10 ans Tissu conseill\u00e9 : lin, cotonnade, lainage fin ou velours milleraies.\u00a0M\u00e9trage n\u00e9cessaire : 1.10m en 140.","rel":"","context":"Similar post","block_context":{"text":"Similar post","link":""},"img":{"alt_text":"","src":"https:\/\/i0.wp.com\/www.nun-studio.com\/wp-content\/uploads\/2016\/09\/oslo_kid-1.jpg?fit=986%2C982&ssl=1&resize=350%2C200","width":350,"height":200,"srcset":"https:\/\/i0.wp.com\/www.nun-studio.com\/wp-content\/uploads\/2016\/09\/oslo_kid-1.jpg?fit=986%2C982&ssl=1&resize=350%2C200 1x, https:\/\/i0.wp.com\/www.nun-studio.com\/wp-content\/uploads\/2016\/09\/oslo_kid-1.jpg?fit=986%2C982&ssl=1&resize=525%2C300 1.5x, https:\/\/i0.wp.com\/www.nun-studio.com\/wp-content\/uploads\/2016\/09\/oslo_kid-1.jpg?fit=986%2C982&ssl=1&resize=700%2C400 2x"},"classes":[]},{"id":2629,"url":"https:\/\/www.nun-studio.com\/en\/produit\/patron-sofia-kid\/","url_meta":{"origin":1913,"position":3},"title":"pattern SOFIA kid","author":"Alma","date":"Saturday January 21st, 2017","format":false,"excerpt":"Sur-blouse, \u00e0 porter sur le mod\u00e8le OSLO par exemple ; large d\u00e9collet\u00e9 et pli assym\u00e9trique sur le devant. Col doubl\u00e9 en tissu contrast\u00e9. 2 versions sont possibles (voir sch\u00e9mas). Niveau : facile. TAILLES : 4-6-8-10 ans Tissu conseill\u00e9 : coton ou lin, velours milleraies ; liberty pour la doublure du\u2026","rel":"","context":"Similar post","block_context":{"text":"Similar post","link":""},"img":{"alt_text":"","src":"https:\/\/i0.wp.com\/www.nun-studio.com\/wp-content\/uploads\/2017\/01\/sofia-teen-1.jpg?fit=1000%2C1000&ssl=1&resize=350%2C200","width":350,"height":200,"srcset":"https:\/\/i0.wp.com\/www.nun-studio.com\/wp-content\/uploads\/2017\/01\/sofia-teen-1.jpg?fit=1000%2C1000&ssl=1&resize=350%2C200 1x, https:\/\/i0.wp.com\/www.nun-studio.com\/wp-content\/uploads\/2017\/01\/sofia-teen-1.jpg?fit=1000%2C1000&ssl=1&resize=525%2C300 1.5x, https:\/\/i0.wp.com\/www.nun-studio.com\/wp-content\/uploads\/2017\/01\/sofia-teen-1.jpg?fit=1000%2C1000&ssl=1&resize=700%2C400 2x"},"classes":[]},{"id":1921,"url":"https:\/\/www.nun-studio.com\/en\/produit\/patron-sydney-kid\/","url_meta":{"origin":1913,"position":4},"title":"SYDNEY kid pattern","author":"Alma","date":"Thursday September 22nd, 2016","format":false,"excerpt":"caban\/trench mixte de demi-saison, 4 ou 6 boutons, avec empi\u00e8cement \u00e9paules et dos passepoil\u00e9s (on peut omettre le passepoil), enti\u00e8rement doubl\u00e9. Peut \u00eatre r\u00e9alis\u00e9 avec une ceinture, pour un effet plus trench. Niveau : moyen TAILLES :\u00a04-6-8-10 ans Tissu conseill\u00e9 : lainage, velours, toile de coton \u00e9paisse. Doublure : choisir\u2026","rel":"","context":"Similar post","block_context":{"text":"Similar post","link":""},"img":{"alt_text":"","src":"https:\/\/i0.wp.com\/www.nun-studio.com\/wp-content\/uploads\/2016\/09\/sydney-1.jpg?fit=536%2C614&ssl=1&resize=350%2C200","width":350,"height":200,"srcset":"https:\/\/i0.wp.com\/www.nun-studio.com\/wp-content\/uploads\/2016\/09\/sydney-1.jpg?fit=536%2C614&ssl=1&resize=350%2C200 1x, https:\/\/i0.wp.com\/www.nun-studio.com\/wp-content\/uploads\/2016\/09\/sydney-1.jpg?fit=536%2C614&ssl=1&resize=525%2C300 1.5x"},"classes":[]},{"id":2975,"url":"https:\/\/www.nun-studio.com\/en\/produit\/patron-syracuse-kid\/","url_meta":{"origin":1913,"position":5},"title":"pattern SYRACUSE kid","author":"Alma","date":"Tuesday February 14th, 2017","format":false,"excerpt":"Robe ou blouse bain de soleil \u00e0 plastron rond passepoil\u00e9, \u00e9lastiqu\u00e9e \u00e0 la poitrine et d\u00e9gageant les \u00e9paules. Facile et rapide \u00e0 r\u00e9aliser (la pose du passepoil est facultative). TAILLES : 4 ans, 6 ans, 8 ans et 10 ans. tissu conseill\u00e9 : voile de coton, plumetis, liberty, cotonnades diverses.\u2026","rel":"","context":"Similar post","block_context":{"text":"Similar post","link":""},"img":{"alt_text":"","src":"https:\/\/i0.wp.com\/www.nun-studio.com\/wp-content\/uploads\/2017\/02\/syracuse-1.jpg?fit=1000%2C1000&ssl=1&resize=350%2C200","width":350,"height":200,"srcset":"https:\/\/i0.wp.com\/www.nun-studio.com\/wp-content\/uploads\/2017\/02\/syracuse-1.jpg?fit=1000%2C1000&ssl=1&resize=350%2C200 1x, https:\/\/i0.wp.com\/www.nun-studio.com\/wp-content\/uploads\/2017\/02\/syracuse-1.jpg?fit=1000%2C1000&ssl=1&resize=525%2C300 1.5x, https:\/\/i0.wp.com\/www.nun-studio.com\/wp-content\/uploads\/2017\/02\/syracuse-1.jpg?fit=1000%2C1000&ssl=1&resize=700%2C400 2x"},"classes":[]}],"_links":{"self":[{"href":"https:\/\/www.nun-studio.com\/en\/wp-json\/wp\/v2\/product\/1913","targetHints":{"allow":["GET"]}}],"collection":[{"href":"https:\/\/www.nun-studio.com\/en\/wp-json\/wp\/v2\/product"}],"about":[{"href":"https:\/\/www.nun-studio.com\/en\/wp-json\/wp\/v2\/types\/product"}],"replies":[{"embeddable":true,"href":"https:\/\/www.nun-studio.com\/en\/wp-json\/wp\/v2\/comments?post=1913"}],"wp:featuredmedia":[{"embeddable":true,"href":"https:\/\/www.nun-studio.com\/en\/wp-json\/wp\/v2\/media\/1845"}],"wp:attachment":[{"href":"https:\/\/www.nun-studio.com\/en\/wp-json\/wp\/v2\/media?parent=1913"}],"wp:term":[{"taxonomy":"product_brand","embeddable":true,"href":"https:\/\/www.nun-studio.com\/en\/wp-json\/wp\/v2\/product_brand?post=1913"},{"taxonomy":"product_cat","embeddable":true,"href":"https:\/\/www.nun-studio.com\/en\/wp-json\/wp\/v2\/product_cat?post=1913"},{"taxonomy":"product_tag","embeddable":true,"href":"https:\/\/www.nun-studio.com\/en\/wp-json\/wp\/v2\/product_tag?post=1913"}],"curies":[{"name":"wp","href":"https:\/\/api.w.org\/{rel}","templated":true}]}}