{"id":1911,"date":"2016-09-22T15:48:35","date_gmt":"2016-09-22T14:48:35","guid":{"rendered":"https:\/\/www.nun-studio.com\/produit\/patron-osaka-lady\/"},"modified":"2022-03-05T08:54:40","modified_gmt":"2022-03-05T07:54:40","slug":"patron-osaka-lady","status":"publish","type":"product","link":"https:\/\/www.nun-studio.com\/en\/produit\/patron-osaka-lady\/","title":{"rendered":"OSAKA lady pattern"},"content":{"rendered":"<p class=\"qtranxs-available-languages-message qtranxs-available-languages-message-en\">Sorry, this entry is only available in <a href=\"https:\/\/www.nun-studio.com\/fr\/wp-json\/wp\/v2\/product\/1911\" class=\"qtranxs-available-language-link qtranxs-available-language-link-fr\" title=\"Fran\u00e7ais\">Fran\u00e7ais<\/a>.<\/p>","protected":false},"excerpt":{"rendered":"<p style=\"text-align: justify\"><em><span style=\"font-family: 'times new roman', times;font-size: 12pt\">pour celles qui aiment l&#8217;\u00e9pure&#8230; une tunique effet &#8220;loose&#8221; avec un empi\u00e8cement raffin\u00e9.<\/span><\/em><\/p>\n<p style=\"text-align: justify\"><span style=\"font-family: 'times new roman', times;font-size: 12pt\"><em><strong>description :<\/strong> <\/em>tunique \u00e0 manches mi-longues avec empi\u00e8cement triangulaire \u00e0 l\u2019encolure. Deux longueurs sont possibles : effet \u00ab cropped \u00bb (court) ou normal. Un pas \u00e0 pas tr\u00e8s d\u00e9taill\u00e9 avec photos et textes vous est envoy\u00e9 en pdf pour l\u2019empi\u00e8cement, qui est la seule chose un petit peu d\u00e9licate \u00e0 r\u00e9aliser. Le reste est extr\u00eamement simple et rapide. Si vous \u00eates d\u00e9butante, vous pouvez r\u00e9aliser la tunique sans l\u2019empi\u00e8cement. <em>Technique expliqu\u00e9e hors empi\u00e8cement : pose d\u2019un parement.<\/em><\/span><\/p>\n<p style=\"text-align: justify\"><span style=\"font-family: 'times new roman', times;font-size: 12pt\"><strong>TAILLES :<\/strong> 34-36-38-40-42-44-46 (tableau des tailles <strong><a href=\"http:\/\/p5.storage.canalblog.com\/59\/12\/513712\/98552247.pdf\">ICI<\/a><\/strong>)<\/span><\/p>\n<p style=\"text-align: justify\"><span style=\"font-family: 'times new roman', times;font-size: 12pt\"><em><strong>tissu conseill\u00e9 :<\/strong><\/em> tous types de tissus, selon le rendu d\u00e9sir\u00e9. Evitez cependant les tissus qui s\u2019effilochent tr\u00e8s vite, et, si vous r\u00e9alisez l\u2019empi\u00e8cement, les tissus qui ne marquent pas les plis au fer (trop \u00e9pais ou pas repassables).\u00a0<\/span><span style=\"font-family: 'times new roman', times;font-size: 12pt\"><em><strong>m\u00e9trage :<\/strong><\/em> tous les renseignements sur le m\u00e9trage et le plan de coupe sont disponibles en PDF <a href=\"http:\/\/p5.storage.canalblog.com\/59\/12\/513712\/98552247.pdf\"><strong>ICI<\/strong><\/a>.\u00a0<\/span><span style=\"font-family: 'times new roman', times;font-size: 12pt\"><em><strong>fournitures :<\/strong> <\/em>1 chute de tissu thermocollant adapt\u00e9 \u00e0 l\u2019\u00e9paisseur du tissu.<\/span><\/p>\n","protected":false},"featured_media":1832,"comment_status":"open","ping_status":"closed","template":"","meta":{"jetpack_post_was_ever_published":false,"jetpack_publicize_message":"","jetpack_publicize_feature_enabled":true,"jetpack_social_post_already_shared":true,"jetpack_social_options":{"image_generator_settings":{"template":"highway","default_image_id":0,"font":"","enabled":false},"version":2}},"product_brand":[],"product_cat":[100,67,86,134],"product_tag":[89,88],"class_list":{"0":"post-1911","1":"product","2":"type-product","3":"status-publish","4":"has-post-thumbnail","6":"product_cat-categorie1","7":"product_cat-patrons-cest-dimanche","8":"product_cat-soldes","9":"product_cat-soldes-patrons","10":"product_tag-patrons-adolescent","11":"product_tag-patrons-femme","12":"product_shipping_class-lettre","14":"first","15":"instock","16":"purchasable","17":"product-type-simple"},"jetpack_publicize_connections":[],"jetpack_sharing_enabled":true,"jetpack-related-posts":[{"id":1830,"url":"https:\/\/www.nun-studio.com\/en\/produit\/patron-osaka-kid\/","url_meta":{"origin":1911,"position":0},"title":"OSAKA kid pattern","author":"Alma","date":"Wednesday September 21st, 2016","format":false,"excerpt":"description : tunique \u00e0 manches mi-longues effet loose, avec empi\u00e8cement triangulaire \u00e0 l\u2019encolure. Un pas \u00e0 pas tr\u00e8s d\u00e9taill\u00e9 avec photos et textes vous est envoy\u00e9 en pdf pour l\u2019empi\u00e8cement, qui est la seule chose un petit peu d\u00e9licate \u00e0 r\u00e9aliser. Le reste est extr\u00eamement simple et rapide. Si vous\u2026","rel":"","context":"Similar post","block_context":{"text":"Similar post","link":""},"img":{"alt_text":"","src":"https:\/\/i0.wp.com\/www.nun-studio.com\/wp-content\/uploads\/2016\/09\/osaka_kid-1.jpg?fit=1000%2C740&ssl=1&resize=350%2C200","width":350,"height":200,"srcset":"https:\/\/i0.wp.com\/www.nun-studio.com\/wp-content\/uploads\/2016\/09\/osaka_kid-1.jpg?fit=1000%2C740&ssl=1&resize=350%2C200 1x, https:\/\/i0.wp.com\/www.nun-studio.com\/wp-content\/uploads\/2016\/09\/osaka_kid-1.jpg?fit=1000%2C740&ssl=1&resize=525%2C300 1.5x, https:\/\/i0.wp.com\/www.nun-studio.com\/wp-content\/uploads\/2016\/09\/osaka_kid-1.jpg?fit=1000%2C740&ssl=1&resize=700%2C400 2x"},"classes":[]},{"id":1815,"url":"https:\/\/www.nun-studio.com\/en\/produit\/patron-denver-lady\/","url_meta":{"origin":1911,"position":1},"title":"DENVER lady pattern","author":"Alma","date":"Wednesday September 21st, 2016","format":false,"excerpt":"description : chemise \u00e0 manches longues ou 3\/4, avec patte polo simplifi\u00e9e et empi\u00e8cement triangulaire sous la patte. L\u2019empi\u00e8cement peut \u00eatre enti\u00e8rement cousu ou simplement pli\u00e9 pour un effet de relief (2 versions sont \u00e9galement possibles pour la hauteur de l\u2019empi\u00e8cement). Le dos est en forme liquette. Techniques expliqu\u00e9es :\u2026","rel":"","context":"Similar post","block_context":{"text":"Similar post","link":""},"img":{"alt_text":"","src":"https:\/\/i0.wp.com\/www.nun-studio.com\/wp-content\/uploads\/2016\/09\/denver_lady-1.jpg?fit=996%2C1000&ssl=1&resize=350%2C200","width":350,"height":200,"srcset":"https:\/\/i0.wp.com\/www.nun-studio.com\/wp-content\/uploads\/2016\/09\/denver_lady-1.jpg?fit=996%2C1000&ssl=1&resize=350%2C200 1x, https:\/\/i0.wp.com\/www.nun-studio.com\/wp-content\/uploads\/2016\/09\/denver_lady-1.jpg?fit=996%2C1000&ssl=1&resize=525%2C300 1.5x, https:\/\/i0.wp.com\/www.nun-studio.com\/wp-content\/uploads\/2016\/09\/denver_lady-1.jpg?fit=996%2C1000&ssl=1&resize=700%2C400 2x"},"classes":[]},{"id":2634,"url":"https:\/\/www.nun-studio.com\/en\/produit\/patron-denver-kid\/","url_meta":{"origin":1911,"position":2},"title":"pattern DENVER kid","author":"Alma","date":"Saturday January 21st, 2017","format":false,"excerpt":"description : chemise sans col pour gar\u00e7on ou fille \u00e0 manches longues avec patte polo simplifi\u00e9e et empi\u00e8cement triangulaire sous la patte. L\u2019empi\u00e8cement peut \u00eatre enti\u00e8rement cousu ou simplement pli\u00e9 pour un effet de relief. La r\u00e9alisation de cette chemise est simple mais demande un peu de temps. Techniques expliqu\u00e9es\u2026","rel":"","context":"Similar post","block_context":{"text":"Similar post","link":""},"img":{"alt_text":"","src":"https:\/\/i0.wp.com\/www.nun-studio.com\/wp-content\/uploads\/2017\/01\/denver-kid-2.jpg?fit=998%2C1000&ssl=1&resize=350%2C200","width":350,"height":200,"srcset":"https:\/\/i0.wp.com\/www.nun-studio.com\/wp-content\/uploads\/2017\/01\/denver-kid-2.jpg?fit=998%2C1000&ssl=1&resize=350%2C200 1x, https:\/\/i0.wp.com\/www.nun-studio.com\/wp-content\/uploads\/2017\/01\/denver-kid-2.jpg?fit=998%2C1000&ssl=1&resize=525%2C300 1.5x, https:\/\/i0.wp.com\/www.nun-studio.com\/wp-content\/uploads\/2017\/01\/denver-kid-2.jpg?fit=998%2C1000&ssl=1&resize=700%2C400 2x"},"classes":[]},{"id":2702,"url":"https:\/\/www.nun-studio.com\/en\/produit\/patron-saint-germain-des-pres-kid\/","url_meta":{"origin":1911,"position":3},"title":"pattern SAINT GERMAIN DES PRES kid","author":"Alma","date":"Wednesday February  1st, 2017","format":false,"excerpt":"Robe ou tunique manches courtes avec empi\u00e8cement devant boutonn\u00e9. Niveau : moyen. TAILLES: 2-4-6-8-10A. M\u00e9trage : 1 - 1.10 - 1.20 - 1.40 - 1.50m en 140. Fournitures : 1.50m de biais, 4 boutons de 15mm, 2 pressions.","rel":"","context":"Similar post","block_context":{"text":"Similar post","link":""},"img":{"alt_text":"","src":"https:\/\/i0.wp.com\/www.nun-studio.com\/wp-content\/uploads\/2017\/02\/saint_germain_des_pres-1.jpg?fit=1000%2C751&ssl=1&resize=350%2C200","width":350,"height":200,"srcset":"https:\/\/i0.wp.com\/www.nun-studio.com\/wp-content\/uploads\/2017\/02\/saint_germain_des_pres-1.jpg?fit=1000%2C751&ssl=1&resize=350%2C200 1x, https:\/\/i0.wp.com\/www.nun-studio.com\/wp-content\/uploads\/2017\/02\/saint_germain_des_pres-1.jpg?fit=1000%2C751&ssl=1&resize=525%2C300 1.5x, https:\/\/i0.wp.com\/www.nun-studio.com\/wp-content\/uploads\/2017\/02\/saint_germain_des_pres-1.jpg?fit=1000%2C751&ssl=1&resize=700%2C400 2x"},"classes":[]},{"id":2804,"url":"https:\/\/www.nun-studio.com\/en\/produit\/patron-beltsy-baby\/","url_meta":{"origin":1911,"position":4},"title":"BELTSY baby pattern","author":"Alma","date":"Saturday February 11th, 2017","format":false,"excerpt":"Robe ou tunique \u00e0 manches longues fronc\u00e9es au poignet, empi\u00e8cement arrondi devant et dos et poches fantaisie. La pose du passepoil est facultative. Une version enfant\u00a0est aussi disponible. Niveau : facile sans les poches, un peu plus long avec les poches (le passepoil sur les poches n'est pas propos\u00e9 pour\u2026","rel":"","context":"Similar post","block_context":{"text":"Similar post","link":""},"img":{"alt_text":"","src":"https:\/\/i0.wp.com\/www.nun-studio.com\/wp-content\/uploads\/2016\/09\/beltsy_kid-2.jpg?fit=300%2C300&ssl=1&resize=350%2C200","width":350,"height":200},"classes":[]},{"id":1917,"url":"https:\/\/www.nun-studio.com\/en\/produit\/patron-philadelphie-teen-lady\/","url_meta":{"origin":1911,"position":5},"title":"PHILADELPHIE teen &amp; lady pattern","author":"Alma","date":"Thursday September 22nd, 2016","format":false,"excerpt":"Jupe avec empi\u00e8cement et pattes de boutonnages sur les hanches. Fermeture \u00e9clair sur un des c\u00f4t\u00e9s ; la pose du passepoil est facultative. TAILLES : 34(14ans)-36-38-40-42-44. Tissu conseill\u00e9 : lin, coton pour l'\u00e9t\u00e9 ; lainage fin pour l'hiver.\u00a0Fournitures : 2 boutons de 15mm de diam\u00e8tre, 2m de passepoil (facultatif), 1\u2026","rel":"","context":"Similar post","block_context":{"text":"Similar post","link":""},"img":{"alt_text":"","src":"https:\/\/i0.wp.com\/www.nun-studio.com\/wp-content\/uploads\/2016\/09\/philadelphie_teen_lady-1.jpg?fit=686%2C687&ssl=1&resize=350%2C200","width":350,"height":200,"srcset":"https:\/\/i0.wp.com\/www.nun-studio.com\/wp-content\/uploads\/2016\/09\/philadelphie_teen_lady-1.jpg?fit=686%2C687&ssl=1&resize=350%2C200 1x, https:\/\/i0.wp.com\/www.nun-studio.com\/wp-content\/uploads\/2016\/09\/philadelphie_teen_lady-1.jpg?fit=686%2C687&ssl=1&resize=525%2C300 1.5x"},"classes":[]}],"_links":{"self":[{"href":"https:\/\/www.nun-studio.com\/en\/wp-json\/wp\/v2\/product\/1911","targetHints":{"allow":["GET"]}}],"collection":[{"href":"https:\/\/www.nun-studio.com\/en\/wp-json\/wp\/v2\/product"}],"about":[{"href":"https:\/\/www.nun-studio.com\/en\/wp-json\/wp\/v2\/types\/product"}],"replies":[{"embeddable":true,"href":"https:\/\/www.nun-studio.com\/en\/wp-json\/wp\/v2\/comments?post=1911"}],"wp:featuredmedia":[{"embeddable":true,"href":"https:\/\/www.nun-studio.com\/en\/wp-json\/wp\/v2\/media\/1832"}],"wp:attachment":[{"href":"https:\/\/www.nun-studio.com\/en\/wp-json\/wp\/v2\/media?parent=1911"}],"wp:term":[{"taxonomy":"product_brand","embeddable":true,"href":"https:\/\/www.nun-studio.com\/en\/wp-json\/wp\/v2\/product_brand?post=1911"},{"taxonomy":"product_cat","embeddable":true,"href":"https:\/\/www.nun-studio.com\/en\/wp-json\/wp\/v2\/product_cat?post=1911"},{"taxonomy":"product_tag","embeddable":true,"href":"https:\/\/www.nun-studio.com\/en\/wp-json\/wp\/v2\/product_tag?post=1911"}],"curies":[{"name":"wp","href":"https:\/\/api.w.org\/{rel}","templated":true}]}}