{"id":1830,"date":"2016-09-21T16:24:16","date_gmt":"2016-09-21T15:24:16","guid":{"rendered":"https:\/\/www.nun-studio.com\/produit\/patron-osaka-kid\/"},"modified":"2024-01-28T16:37:36","modified_gmt":"2024-01-28T15:37:36","slug":"patron-osaka-kid","status":"publish","type":"product","link":"https:\/\/www.nun-studio.com\/en\/produit\/patron-osaka-kid\/","title":{"rendered":"OSAKA kid pattern"},"content":{"rendered":"<p class=\"qtranxs-available-languages-message qtranxs-available-languages-message-en\">Sorry, this entry is only available in <a href=\"https:\/\/www.nun-studio.com\/fr\/wp-json\/wp\/v2\/product\/1830\" class=\"qtranxs-available-language-link qtranxs-available-language-link-fr\" title=\"Fran\u00e7ais\">Fran\u00e7ais<\/a>.<\/p>","protected":false},"excerpt":{"rendered":"<p style=\"text-align: justify\"><span style=\"font-family: 'times new roman', times;font-size: 12pt\"><em><strong>description :<\/strong><\/em> tunique \u00e0 manches mi-longues effet loose, avec empi\u00e8cement triangulaire \u00e0 l\u2019encolure. Un pas \u00e0 pas tr\u00e8s d\u00e9taill\u00e9 avec photos et textes vous est envoy\u00e9 en pdf pour l\u2019empi\u00e8cement, qui est la seule chose un petit peu d\u00e9licate \u00e0 r\u00e9aliser. Le reste est extr\u00eamement simple et rapide. Si vous \u00eates d\u00e9butante, vous pouvez r\u00e9aliser la tunique sans l\u2019empi\u00e8cement. Techniques expliqu\u00e9es hors empi\u00e8cement : pose d\u2019un parement.<\/span><\/p>\n<p style=\"text-align: justify\"><span style=\"font-family: 'times new roman', times;font-size: 12pt\"><em><strong>TAILLES :<\/strong><\/em> 4-6-8-10-12ans<\/span><\/p>\n<p style=\"text-align: justify\"><span style=\"font-family: 'times new roman', times;font-size: 12pt\"><em><strong>tissu conseill\u00e9 :<\/strong> <\/em>tous types de tissus, selon le rendu d\u00e9sir\u00e9. Evitez cependant les tissus qui s\u2019effilochent tr\u00e8s vite, et, si vous r\u00e9alisez l\u2019empi\u00e8cement, les tissus qui ne marquent pas les plis au fer (trop \u00e9pais ou pas repassables).\u00a0<\/span><span style=\"font-family: 'times new roman', times;font-size: 12pt\"><strong><em>m\u00e9trage et plan de coupe :<\/em> <\/strong>voir <a href=\"http:\/\/p7.storage.canalblog.com\/75\/76\/513712\/98552296.pdf\"><strong>ICI<\/strong><\/a>.\u00a0<\/span><span style=\"font-family: 'times new roman', times;font-size: 12pt\"><em><strong>fournitures :<\/strong> <\/em>1 chute de tissu thermocollant adapt\u00e9 \u00e0 l\u2019\u00e9paisseur du tissu (en vente sur notre boutique en ligne ci-dessous avec l\u2019achat du patron, ou bien seul <a href=\"http:\/\/cestdimanche.bigcartel.com\/product\/thermocollant-pour-osaka\"><strong>ICI <\/strong><\/a>).<\/span><\/p>\n","protected":false},"featured_media":1831,"comment_status":"open","ping_status":"closed","template":"","meta":{"jetpack_post_was_ever_published":false,"jetpack_publicize_message":"","jetpack_publicize_feature_enabled":true,"jetpack_social_post_already_shared":true,"jetpack_social_options":{"image_generator_settings":{"template":"highway","default_image_id":0,"font":"","enabled":false},"version":2}},"product_brand":[],"product_cat":[100,67,40,86,134],"product_tag":[91],"class_list":{"0":"post-1830","1":"product","2":"type-product","3":"status-publish","4":"has-post-thumbnail","6":"product_cat-categorie1","7":"product_cat-patrons-cest-dimanche","8":"product_cat-patrons-femme-et-enfant","9":"product_cat-soldes","10":"product_cat-soldes-patrons","11":"product_tag-patrons-enfant","12":"product_shipping_class-lettre","14":"first","15":"instock","16":"purchasable","17":"product-type-simple"},"jetpack_publicize_connections":[],"jetpack_sharing_enabled":true,"jetpack-related-posts":[{"id":1911,"url":"https:\/\/www.nun-studio.com\/en\/produit\/patron-osaka-lady\/","url_meta":{"origin":1830,"position":0},"title":"OSAKA lady pattern","author":"Alma","date":"Thursday September 22nd, 2016","format":false,"excerpt":"pour celles qui aiment l'\u00e9pure... une tunique effet \"loose\" avec un empi\u00e8cement raffin\u00e9. description : tunique \u00e0 manches mi-longues avec empi\u00e8cement triangulaire \u00e0 l\u2019encolure. Deux longueurs sont possibles : effet \u00ab cropped \u00bb (court) ou normal. Un pas \u00e0 pas tr\u00e8s d\u00e9taill\u00e9 avec photos et textes vous est envoy\u00e9 en\u2026","rel":"","context":"Similar post","block_context":{"text":"Similar post","link":""},"img":{"alt_text":"","src":"https:\/\/i0.wp.com\/www.nun-studio.com\/wp-content\/uploads\/2016\/09\/osaka_lady-1.jpg?fit=998%2C1000&ssl=1&resize=350%2C200","width":350,"height":200,"srcset":"https:\/\/i0.wp.com\/www.nun-studio.com\/wp-content\/uploads\/2016\/09\/osaka_lady-1.jpg?fit=998%2C1000&ssl=1&resize=350%2C200 1x, https:\/\/i0.wp.com\/www.nun-studio.com\/wp-content\/uploads\/2016\/09\/osaka_lady-1.jpg?fit=998%2C1000&ssl=1&resize=525%2C300 1.5x, https:\/\/i0.wp.com\/www.nun-studio.com\/wp-content\/uploads\/2016\/09\/osaka_lady-1.jpg?fit=998%2C1000&ssl=1&resize=700%2C400 2x"},"classes":[]},{"id":2634,"url":"https:\/\/www.nun-studio.com\/en\/produit\/patron-denver-kid\/","url_meta":{"origin":1830,"position":1},"title":"pattern DENVER kid","author":"Alma","date":"Saturday January 21st, 2017","format":false,"excerpt":"description : chemise sans col pour gar\u00e7on ou fille \u00e0 manches longues avec patte polo simplifi\u00e9e et empi\u00e8cement triangulaire sous la patte. L\u2019empi\u00e8cement peut \u00eatre enti\u00e8rement cousu ou simplement pli\u00e9 pour un effet de relief. La r\u00e9alisation de cette chemise est simple mais demande un peu de temps. Techniques expliqu\u00e9es\u2026","rel":"","context":"Similar post","block_context":{"text":"Similar post","link":""},"img":{"alt_text":"","src":"https:\/\/i0.wp.com\/www.nun-studio.com\/wp-content\/uploads\/2017\/01\/denver-kid-2.jpg?fit=998%2C1000&ssl=1&resize=350%2C200","width":350,"height":200,"srcset":"https:\/\/i0.wp.com\/www.nun-studio.com\/wp-content\/uploads\/2017\/01\/denver-kid-2.jpg?fit=998%2C1000&ssl=1&resize=350%2C200 1x, https:\/\/i0.wp.com\/www.nun-studio.com\/wp-content\/uploads\/2017\/01\/denver-kid-2.jpg?fit=998%2C1000&ssl=1&resize=525%2C300 1.5x, https:\/\/i0.wp.com\/www.nun-studio.com\/wp-content\/uploads\/2017\/01\/denver-kid-2.jpg?fit=998%2C1000&ssl=1&resize=700%2C400 2x"},"classes":[]},{"id":2702,"url":"https:\/\/www.nun-studio.com\/en\/produit\/patron-saint-germain-des-pres-kid\/","url_meta":{"origin":1830,"position":2},"title":"pattern SAINT GERMAIN DES PRES kid","author":"Alma","date":"Wednesday February  1st, 2017","format":false,"excerpt":"Robe ou tunique manches courtes avec empi\u00e8cement devant boutonn\u00e9. Niveau : moyen. TAILLES: 2-4-6-8-10A. M\u00e9trage : 1 - 1.10 - 1.20 - 1.40 - 1.50m en 140. Fournitures : 1.50m de biais, 4 boutons de 15mm, 2 pressions.","rel":"","context":"Similar post","block_context":{"text":"Similar post","link":""},"img":{"alt_text":"","src":"https:\/\/i0.wp.com\/www.nun-studio.com\/wp-content\/uploads\/2017\/02\/saint_germain_des_pres-1.jpg?fit=1000%2C751&ssl=1&resize=350%2C200","width":350,"height":200,"srcset":"https:\/\/i0.wp.com\/www.nun-studio.com\/wp-content\/uploads\/2017\/02\/saint_germain_des_pres-1.jpg?fit=1000%2C751&ssl=1&resize=350%2C200 1x, https:\/\/i0.wp.com\/www.nun-studio.com\/wp-content\/uploads\/2017\/02\/saint_germain_des_pres-1.jpg?fit=1000%2C751&ssl=1&resize=525%2C300 1.5x, https:\/\/i0.wp.com\/www.nun-studio.com\/wp-content\/uploads\/2017\/02\/saint_germain_des_pres-1.jpg?fit=1000%2C751&ssl=1&resize=700%2C400 2x"},"classes":[]},{"id":1711,"url":"https:\/\/www.nun-studio.com\/en\/produit\/patron-beltsy-kid\/","url_meta":{"origin":1830,"position":3},"title":"BELTSY kid pattern","author":"Alma","date":"Tuesday September 20th, 2016","format":false,"excerpt":"Robe \u00e0 manches longues fronc\u00e9es au poignet, empi\u00e8cement arrondi devant et dos et poches fantaisie. La pose du passepoil est facultative. Une version b\u00e9b\u00e9 est aussi disponible. Niveau : facile sans les poches, un peu plus long avec les poches. TAILLES : 4 ans, 6 ans, 8 ans et 10\u2026","rel":"","context":"Similar post","block_context":{"text":"Similar post","link":""},"img":{"alt_text":"","src":"https:\/\/i0.wp.com\/www.nun-studio.com\/wp-content\/uploads\/2016\/09\/beltsy_kid-1jpg.jpg?fit=600%2C600&ssl=1&resize=350%2C200","width":350,"height":200,"srcset":"https:\/\/i0.wp.com\/www.nun-studio.com\/wp-content\/uploads\/2016\/09\/beltsy_kid-1jpg.jpg?fit=600%2C600&ssl=1&resize=350%2C200 1x, https:\/\/i0.wp.com\/www.nun-studio.com\/wp-content\/uploads\/2016\/09\/beltsy_kid-1jpg.jpg?fit=600%2C600&ssl=1&resize=525%2C300 1.5x"},"classes":[]},{"id":1826,"url":"https:\/\/www.nun-studio.com\/en\/produit\/patron-houston-kid\/","url_meta":{"origin":1830,"position":4},"title":"HOUSTON kid pattern","author":"Alma","date":"Wednesday September 21st, 2016","format":false,"excerpt":"Liquette gar\u00e7on boutonn\u00e9e (ou pressionn\u00e9e) sur les \u00e9paules et fendue sur les c\u00f4t\u00e9s. L'empi\u00e8cement des \u00e9paules est r\u00e9hauss\u00e9 d'un passepoil, qui peut \u00eatre omis. Niveau : facile. TAILLES : 4-6-8-10 ans","rel":"","context":"Similar post","block_context":{"text":"Similar post","link":""},"img":{"alt_text":"","src":"https:\/\/i0.wp.com\/www.nun-studio.com\/wp-content\/uploads\/2016\/09\/houston-1.jpg?fit=941%2C1000&ssl=1&resize=350%2C200","width":350,"height":200,"srcset":"https:\/\/i0.wp.com\/www.nun-studio.com\/wp-content\/uploads\/2016\/09\/houston-1.jpg?fit=941%2C1000&ssl=1&resize=350%2C200 1x, https:\/\/i0.wp.com\/www.nun-studio.com\/wp-content\/uploads\/2016\/09\/houston-1.jpg?fit=941%2C1000&ssl=1&resize=525%2C300 1.5x, https:\/\/i0.wp.com\/www.nun-studio.com\/wp-content\/uploads\/2016\/09\/houston-1.jpg?fit=941%2C1000&ssl=1&resize=700%2C400 2x"},"classes":[]},{"id":1921,"url":"https:\/\/www.nun-studio.com\/en\/produit\/patron-sydney-kid\/","url_meta":{"origin":1830,"position":5},"title":"SYDNEY kid pattern","author":"Alma","date":"Thursday September 22nd, 2016","format":false,"excerpt":"caban\/trench mixte de demi-saison, 4 ou 6 boutons, avec empi\u00e8cement \u00e9paules et dos passepoil\u00e9s (on peut omettre le passepoil), enti\u00e8rement doubl\u00e9. Peut \u00eatre r\u00e9alis\u00e9 avec une ceinture, pour un effet plus trench. Niveau : moyen TAILLES :\u00a04-6-8-10 ans Tissu conseill\u00e9 : lainage, velours, toile de coton \u00e9paisse. Doublure : choisir\u2026","rel":"","context":"Similar post","block_context":{"text":"Similar post","link":""},"img":{"alt_text":"","src":"https:\/\/i0.wp.com\/www.nun-studio.com\/wp-content\/uploads\/2016\/09\/sydney-1.jpg?fit=536%2C614&ssl=1&resize=350%2C200","width":350,"height":200,"srcset":"https:\/\/i0.wp.com\/www.nun-studio.com\/wp-content\/uploads\/2016\/09\/sydney-1.jpg?fit=536%2C614&ssl=1&resize=350%2C200 1x, https:\/\/i0.wp.com\/www.nun-studio.com\/wp-content\/uploads\/2016\/09\/sydney-1.jpg?fit=536%2C614&ssl=1&resize=525%2C300 1.5x"},"classes":[]}],"_links":{"self":[{"href":"https:\/\/www.nun-studio.com\/en\/wp-json\/wp\/v2\/product\/1830","targetHints":{"allow":["GET"]}}],"collection":[{"href":"https:\/\/www.nun-studio.com\/en\/wp-json\/wp\/v2\/product"}],"about":[{"href":"https:\/\/www.nun-studio.com\/en\/wp-json\/wp\/v2\/types\/product"}],"replies":[{"embeddable":true,"href":"https:\/\/www.nun-studio.com\/en\/wp-json\/wp\/v2\/comments?post=1830"}],"wp:featuredmedia":[{"embeddable":true,"href":"https:\/\/www.nun-studio.com\/en\/wp-json\/wp\/v2\/media\/1831"}],"wp:attachment":[{"href":"https:\/\/www.nun-studio.com\/en\/wp-json\/wp\/v2\/media?parent=1830"}],"wp:term":[{"taxonomy":"product_brand","embeddable":true,"href":"https:\/\/www.nun-studio.com\/en\/wp-json\/wp\/v2\/product_brand?post=1830"},{"taxonomy":"product_cat","embeddable":true,"href":"https:\/\/www.nun-studio.com\/en\/wp-json\/wp\/v2\/product_cat?post=1830"},{"taxonomy":"product_tag","embeddable":true,"href":"https:\/\/www.nun-studio.com\/en\/wp-json\/wp\/v2\/product_tag?post=1830"}],"curies":[{"name":"wp","href":"https:\/\/api.w.org\/{rel}","templated":true}]}}