{"id":1828,"date":"2016-09-21T16:14:36","date_gmt":"2016-09-21T15:14:36","guid":{"rendered":"https:\/\/www.nun-studio.com\/produit\/patron-milano-kid-teen\/"},"modified":"2025-03-11T05:23:28","modified_gmt":"2025-03-11T04:23:28","slug":"patron-milano-kid-teen","status":"publish","type":"product","link":"https:\/\/www.nun-studio.com\/en\/produit\/patron-milano-kid-teen\/","title":{"rendered":"MILANO kid &amp; teen pattern"},"content":{"rendered":"<p class=\"qtranxs-available-languages-message qtranxs-available-languages-message-en\">Sorry, this entry is only available in <a href=\"https:\/\/www.nun-studio.com\/fr\/wp-json\/wp\/v2\/product\/1828\" class=\"qtranxs-available-language-link qtranxs-available-language-link-fr\" title=\"Fran\u00e7ais\">Fran\u00e7ais<\/a>.<\/p>","protected":false},"excerpt":{"rendered":"<p style=\"text-align: justify\">robe\/tunique \u00e9volutive, \u00e0 bretelles surpiqu\u00e9es d\u00e9bordant sur les \u00e9paules, plis plats devant et \u00e9lastiqu\u00e9e au dos. Sa forme \u00e9tudi\u00e9e permet de la porter d&#8217;abord en robe, puis en tunique et haut, sur plusieurs ann\u00e9es. <strong>Niveau<\/strong> : moyen \u00e0 facile.<\/p>\n<p style=\"text-align: justify\"><strong>TAILLES<\/strong> : 2 ans \u00e0 12\/14 ans<\/p>\n<p style=\"text-align: justify\"><strong>tissu conseill\u00e9<\/strong> : lin, popeline, liberty ou voile de coton<\/p>\n<p style=\"text-align: justify\">m\u00e9trage n\u00e9cessaire : 1m \u00e0 1m20 en 140, selon la taille.<\/p>\n","protected":false},"featured_media":1806,"comment_status":"open","ping_status":"closed","template":"","meta":{"jetpack_post_was_ever_published":false,"jetpack_publicize_message":"","jetpack_publicize_feature_enabled":true,"jetpack_social_post_already_shared":true,"jetpack_social_options":{"image_generator_settings":{"template":"highway","default_image_id":0,"font":"","enabled":false},"version":2}},"product_brand":[],"product_cat":[100,67,41,40,86,134],"product_tag":[89,91],"class_list":{"0":"post-1828","1":"product","2":"type-product","3":"status-publish","4":"has-post-thumbnail","6":"product_cat-categorie1","7":"product_cat-patrons-cest-dimanche","8":"product_cat-patrons-enfant","9":"product_cat-patrons-femme-et-enfant","10":"product_cat-soldes","11":"product_cat-soldes-patrons","12":"product_tag-patrons-adolescent","13":"product_tag-patrons-enfant","14":"product_shipping_class-lettre","16":"first","17":"instock","18":"purchasable","19":"product-type-simple"},"jetpack_publicize_connections":[],"jetpack_sharing_enabled":true,"jetpack-related-posts":[{"id":1813,"url":"https:\/\/www.nun-studio.com\/en\/produit\/patron-cincinnati-kid\/","url_meta":{"origin":1828,"position":0},"title":"CINCINNATI kid pattern","author":"Alma","date":"Wednesday September 21st, 2016","format":false,"excerpt":"Robe ou tunique \u00e0 manches longues fronc\u00e9es au poignet, s'ouvrant sur les \u00e9paules, avec bretelles d\u00e9coratives devant. La pose du passepoil est facultative. Niveau : assez facile. TAILLES : 4 ans, 6 ans, 8 ans et 10 ans. Tissu conseill\u00e9 : lin, cotonnade, lainage fin ou velours milleraies.\u00a0Fournitures : 1m50\u2026","rel":"","context":"Similar post","block_context":{"text":"Similar post","link":""},"img":{"alt_text":"","src":"https:\/\/i0.wp.com\/www.nun-studio.com\/wp-content\/uploads\/2016\/09\/cincinnati-1.jpg?fit=600%2C602&ssl=1&resize=350%2C200","width":350,"height":200,"srcset":"https:\/\/i0.wp.com\/www.nun-studio.com\/wp-content\/uploads\/2016\/09\/cincinnati-1.jpg?fit=600%2C602&ssl=1&resize=350%2C200 1x, https:\/\/i0.wp.com\/www.nun-studio.com\/wp-content\/uploads\/2016\/09\/cincinnati-1.jpg?fit=600%2C602&ssl=1&resize=525%2C300 1.5x"},"classes":[]},{"id":2696,"url":"https:\/\/www.nun-studio.com\/en\/produit\/patron-chelsea-kid\/","url_meta":{"origin":1828,"position":1},"title":"pattern CHELSEA kid","author":"Alma","date":"Wednesday February  1st, 2017","format":false,"excerpt":"Robe ou tunique de demi-saison avec col assym\u00e9trique, ceinture rapport\u00e9e et jupe \u00e0 plis plats. R\u00e9alisable en version blouse avec col sym\u00e9trique et revers de poignets. La pose du passepoil est facultative et les d\u00e9tails du col et des manches des 2 versions peuvent \u00eatre mix\u00e9s selon vos envies pour\u2026","rel":"","context":"Similar post","block_context":{"text":"Similar post","link":""},"img":{"alt_text":"","src":"https:\/\/i0.wp.com\/www.nun-studio.com\/wp-content\/uploads\/2017\/02\/chelsea-3.jpg?fit=667%2C1000&ssl=1&resize=350%2C200","width":350,"height":200,"srcset":"https:\/\/i0.wp.com\/www.nun-studio.com\/wp-content\/uploads\/2017\/02\/chelsea-3.jpg?fit=667%2C1000&ssl=1&resize=350%2C200 1x, https:\/\/i0.wp.com\/www.nun-studio.com\/wp-content\/uploads\/2017\/02\/chelsea-3.jpg?fit=667%2C1000&ssl=1&resize=525%2C300 1.5x"},"classes":[]},{"id":2702,"url":"https:\/\/www.nun-studio.com\/en\/produit\/patron-saint-germain-des-pres-kid\/","url_meta":{"origin":1828,"position":2},"title":"pattern SAINT GERMAIN DES PRES kid","author":"Alma","date":"Wednesday February  1st, 2017","format":false,"excerpt":"Robe ou tunique manches courtes avec empi\u00e8cement devant boutonn\u00e9. Niveau : moyen. TAILLES: 2-4-6-8-10A. M\u00e9trage : 1 - 1.10 - 1.20 - 1.40 - 1.50m en 140. Fournitures : 1.50m de biais, 4 boutons de 15mm, 2 pressions.","rel":"","context":"Similar post","block_context":{"text":"Similar post","link":""},"img":{"alt_text":"","src":"https:\/\/i0.wp.com\/www.nun-studio.com\/wp-content\/uploads\/2017\/02\/saint_germain_des_pres-1.jpg?fit=1000%2C751&ssl=1&resize=350%2C200","width":350,"height":200,"srcset":"https:\/\/i0.wp.com\/www.nun-studio.com\/wp-content\/uploads\/2017\/02\/saint_germain_des_pres-1.jpg?fit=1000%2C751&ssl=1&resize=350%2C200 1x, https:\/\/i0.wp.com\/www.nun-studio.com\/wp-content\/uploads\/2017\/02\/saint_germain_des_pres-1.jpg?fit=1000%2C751&ssl=1&resize=525%2C300 1.5x, https:\/\/i0.wp.com\/www.nun-studio.com\/wp-content\/uploads\/2017\/02\/saint_germain_des_pres-1.jpg?fit=1000%2C751&ssl=1&resize=700%2C400 2x"},"classes":[]},{"id":2756,"url":"https:\/\/www.nun-studio.com\/en\/produit\/patron-oslo-teen\/","url_meta":{"origin":1828,"position":3},"title":"OSLO teen pattern","author":"Alma","date":"Tuesday February  7th, 2017","format":false,"excerpt":"Tunique avec plis et boutonnage d\u00e9coratif sur le devant. NIVEAU : facile. TAILLES : 34-36-38 (soit 12-14-16 ans) TISSU CONSEILLE : lin, cotonnade, lainage fin ou velours milleraies.\u00a0METRAGE : 1.50m en 140 COMMANDE EN PREVENTE Veuillez noter que les commandes contenant cet article seront envoy\u00e9es \u00e0 partir du 1er avril\u2026","rel":"","context":"Similar post","block_context":{"text":"Similar post","link":""},"img":{"alt_text":"","src":"https:\/\/i0.wp.com\/www.nun-studio.com\/wp-content\/uploads\/2017\/02\/oslo_kid-3.jpg?fit=1000%2C1000&ssl=1&resize=350%2C200","width":350,"height":200,"srcset":"https:\/\/i0.wp.com\/www.nun-studio.com\/wp-content\/uploads\/2017\/02\/oslo_kid-3.jpg?fit=1000%2C1000&ssl=1&resize=350%2C200 1x, https:\/\/i0.wp.com\/www.nun-studio.com\/wp-content\/uploads\/2017\/02\/oslo_kid-3.jpg?fit=1000%2C1000&ssl=1&resize=525%2C300 1.5x, https:\/\/i0.wp.com\/www.nun-studio.com\/wp-content\/uploads\/2017\/02\/oslo_kid-3.jpg?fit=1000%2C1000&ssl=1&resize=700%2C400 2x"},"classes":[]},{"id":2867,"url":"https:\/\/www.nun-studio.com\/en\/produit\/patron-deauville-kid\/","url_meta":{"origin":1828,"position":4},"title":"DEAUVILLE kid pattern","author":"Alma","date":"Sunday February 12th, 2017","format":false,"excerpt":"description : short \u00e0 plis passepoil\u00e9s et revers, poches italiennes fantaisies, ceinture \u00e9lastiqu\u00e9e. TAILLES : 2 ans, 4 ans, 6 ans et 8 ans. tissu conseill\u00e9 : lin, lainage fin, velours milleraies. 1 chute de tissu assorti plus fin (cotonnade, liberty, voile de coton) pour les fonds de poche. La\u2026","rel":"","context":"Similar post","block_context":{"text":"Similar post","link":""},"img":{"alt_text":"","src":"https:\/\/i0.wp.com\/www.nun-studio.com\/wp-content\/uploads\/2017\/02\/deauville-2.jpg?fit=1000%2C822&ssl=1&resize=350%2C200","width":350,"height":200,"srcset":"https:\/\/i0.wp.com\/www.nun-studio.com\/wp-content\/uploads\/2017\/02\/deauville-2.jpg?fit=1000%2C822&ssl=1&resize=350%2C200 1x, https:\/\/i0.wp.com\/www.nun-studio.com\/wp-content\/uploads\/2017\/02\/deauville-2.jpg?fit=1000%2C822&ssl=1&resize=525%2C300 1.5x, https:\/\/i0.wp.com\/www.nun-studio.com\/wp-content\/uploads\/2017\/02\/deauville-2.jpg?fit=1000%2C822&ssl=1&resize=700%2C400 2x"},"classes":[]},{"id":7017,"url":"https:\/\/www.nun-studio.com\/en\/produit\/patron-atlanta-kid-2\/","url_meta":{"origin":1828,"position":5},"title":"ATLANTA kid pattern","author":"Alma","date":"Monday February  7th, 2022","format":false,"excerpt":"ATLANTA is a charming pattern, with ruffled sleeves. You can sew the tunic or dress version. SIZE\u00a04-6-8-10 years. Level\u00a0:\u00a0\u2666\u2666\u25ca\u25ca\u25ca The paper sewing pattern will come with a 16 sheets \u00a0booklet ; you can discover here a booklet excerpt.\u00a0Note the instructions are currently only in french, but you can find many\u2026","rel":"","context":"Similar post","block_context":{"text":"Similar post","link":""},"img":{"alt_text":"","src":"https:\/\/i0.wp.com\/www.nun-studio.com\/wp-content\/uploads\/2016\/04\/25728711143_87aa4dcbf4_k.jpg?fit=800%2C798&ssl=1&resize=350%2C200","width":350,"height":200,"srcset":"https:\/\/i0.wp.com\/www.nun-studio.com\/wp-content\/uploads\/2016\/04\/25728711143_87aa4dcbf4_k.jpg?fit=800%2C798&ssl=1&resize=350%2C200 1x, https:\/\/i0.wp.com\/www.nun-studio.com\/wp-content\/uploads\/2016\/04\/25728711143_87aa4dcbf4_k.jpg?fit=800%2C798&ssl=1&resize=525%2C300 1.5x, https:\/\/i0.wp.com\/www.nun-studio.com\/wp-content\/uploads\/2016\/04\/25728711143_87aa4dcbf4_k.jpg?fit=800%2C798&ssl=1&resize=700%2C400 2x"},"classes":[]}],"_links":{"self":[{"href":"https:\/\/www.nun-studio.com\/en\/wp-json\/wp\/v2\/product\/1828","targetHints":{"allow":["GET"]}}],"collection":[{"href":"https:\/\/www.nun-studio.com\/en\/wp-json\/wp\/v2\/product"}],"about":[{"href":"https:\/\/www.nun-studio.com\/en\/wp-json\/wp\/v2\/types\/product"}],"replies":[{"embeddable":true,"href":"https:\/\/www.nun-studio.com\/en\/wp-json\/wp\/v2\/comments?post=1828"}],"wp:featuredmedia":[{"embeddable":true,"href":"https:\/\/www.nun-studio.com\/en\/wp-json\/wp\/v2\/media\/1806"}],"wp:attachment":[{"href":"https:\/\/www.nun-studio.com\/en\/wp-json\/wp\/v2\/media?parent=1828"}],"wp:term":[{"taxonomy":"product_brand","embeddable":true,"href":"https:\/\/www.nun-studio.com\/en\/wp-json\/wp\/v2\/product_brand?post=1828"},{"taxonomy":"product_cat","embeddable":true,"href":"https:\/\/www.nun-studio.com\/en\/wp-json\/wp\/v2\/product_cat?post=1828"},{"taxonomy":"product_tag","embeddable":true,"href":"https:\/\/www.nun-studio.com\/en\/wp-json\/wp\/v2\/product_tag?post=1828"}],"curies":[{"name":"wp","href":"https:\/\/api.w.org\/{rel}","templated":true}]}}