{"id":1827,"date":"2016-09-21T16:00:54","date_gmt":"2016-09-21T15:00:54","guid":{"rendered":"https:\/\/www.nun-studio.com\/produit\/patron-memphis\/"},"modified":"2024-02-11T11:25:08","modified_gmt":"2024-02-11T10:25:08","slug":"patron-memphis","status":"publish","type":"product","link":"https:\/\/www.nun-studio.com\/en\/produit\/patron-memphis\/","title":{"rendered":"MEMPHIS pattern &#8211; 2A \u00e0 44"},"content":{"rendered":"<p class=\"qtranxs-available-languages-message qtranxs-available-languages-message-en\">Sorry, this entry is only available in <a href=\"https:\/\/www.nun-studio.com\/fr\/wp-json\/wp\/v2\/product\/1827\" class=\"qtranxs-available-language-link qtranxs-available-language-link-fr\" title=\"Fran\u00e7ais\">Fran\u00e7ais<\/a>.<\/p>","protected":false},"excerpt":{"rendered":"<p>Jupe ample \u00e9lastiqu\u00e9e \u00e0 la taille, avec poches \u00e0 revers passepoil\u00e9s (facultatifs).\u00a0<strong>Niveau<\/strong> : facile.<\/p>\n<p><strong>TAILLES<\/strong> : 2-4-6-8-10-12 \/ 34(14A)-36-38-40-42-44<\/p>\n<p style=\"text-align: justify\"><strong>METRAGE<\/strong> :\u00a02-6A en version petit ourlet : 4 coupons de 55x45cm.\u00a0Enfant 4A \u00e0 adulte : 6 coupons de 55x45cm jusqu&#8217;\u00e0 la taille 38, 7 coupons pour les tailles 40 \u00e0 44.\u00a0<strong>Fournitures<\/strong> : 0.80m de passepoil pour les poches (facultatif),\u00a0\u00e9lastique plat de 25mm : enfant 50-52-54-56-58-60cm\/adulte 62-66-70-74-78-82cm,\u00a0cordon de 2mm de large : enfant 1 \u00e0 1.10m \/ adulte 1.20 \u00e0 1.40m.<\/p>\n","protected":false},"featured_media":1797,"comment_status":"open","ping_status":"closed","template":"","meta":{"jetpack_post_was_ever_published":false,"jetpack_publicize_message":"","jetpack_publicize_feature_enabled":true,"jetpack_social_post_already_shared":true,"jetpack_social_options":{"image_generator_settings":{"template":"highway","default_image_id":0,"font":"","enabled":false},"version":2}},"product_brand":[],"product_cat":[100,67,41,40,86,134],"product_tag":[89,91,88],"class_list":{"0":"post-1827","1":"product","2":"type-product","3":"status-publish","4":"has-post-thumbnail","6":"product_cat-categorie1","7":"product_cat-patrons-cest-dimanche","8":"product_cat-patrons-enfant","9":"product_cat-patrons-femme-et-enfant","10":"product_cat-soldes","11":"product_cat-soldes-patrons","12":"product_tag-patrons-adolescent","13":"product_tag-patrons-enfant","14":"product_tag-patrons-femme","15":"product_shipping_class-lettre","17":"first","18":"instock","19":"purchasable","20":"product-type-simple"},"jetpack_publicize_connections":[],"jetpack_sharing_enabled":true,"jetpack-related-posts":[{"id":2696,"url":"https:\/\/www.nun-studio.com\/en\/produit\/patron-chelsea-kid\/","url_meta":{"origin":1827,"position":0},"title":"pattern CHELSEA kid","author":"Alma","date":"Wednesday February  1st, 2017","format":false,"excerpt":"Robe ou tunique de demi-saison avec col assym\u00e9trique, ceinture rapport\u00e9e et jupe \u00e0 plis plats. R\u00e9alisable en version blouse avec col sym\u00e9trique et revers de poignets. La pose du passepoil est facultative et les d\u00e9tails du col et des manches des 2 versions peuvent \u00eatre mix\u00e9s selon vos envies pour\u2026","rel":"","context":"Similar post","block_context":{"text":"Similar post","link":""},"img":{"alt_text":"","src":"https:\/\/i0.wp.com\/www.nun-studio.com\/wp-content\/uploads\/2017\/02\/chelsea-3.jpg?fit=667%2C1000&ssl=1&resize=350%2C200","width":350,"height":200,"srcset":"https:\/\/i0.wp.com\/www.nun-studio.com\/wp-content\/uploads\/2017\/02\/chelsea-3.jpg?fit=667%2C1000&ssl=1&resize=350%2C200 1x, https:\/\/i0.wp.com\/www.nun-studio.com\/wp-content\/uploads\/2017\/02\/chelsea-3.jpg?fit=667%2C1000&ssl=1&resize=525%2C300 1.5x"},"classes":[]},{"id":1917,"url":"https:\/\/www.nun-studio.com\/en\/produit\/patron-philadelphie-teen-lady\/","url_meta":{"origin":1827,"position":1},"title":"PHILADELPHIE teen &amp; lady pattern","author":"Alma","date":"Thursday September 22nd, 2016","format":false,"excerpt":"Jupe avec empi\u00e8cement et pattes de boutonnages sur les hanches. Fermeture \u00e9clair sur un des c\u00f4t\u00e9s ; la pose du passepoil est facultative. TAILLES : 34(14ans)-36-38-40-42-44. Tissu conseill\u00e9 : lin, coton pour l'\u00e9t\u00e9 ; lainage fin pour l'hiver.\u00a0Fournitures : 2 boutons de 15mm de diam\u00e8tre, 2m de passepoil (facultatif), 1\u2026","rel":"","context":"Similar post","block_context":{"text":"Similar post","link":""},"img":{"alt_text":"","src":"https:\/\/i0.wp.com\/www.nun-studio.com\/wp-content\/uploads\/2016\/09\/philadelphie_teen_lady-1.jpg?fit=686%2C687&ssl=1&resize=350%2C200","width":350,"height":200,"srcset":"https:\/\/i0.wp.com\/www.nun-studio.com\/wp-content\/uploads\/2016\/09\/philadelphie_teen_lady-1.jpg?fit=686%2C687&ssl=1&resize=350%2C200 1x, https:\/\/i0.wp.com\/www.nun-studio.com\/wp-content\/uploads\/2016\/09\/philadelphie_teen_lady-1.jpg?fit=686%2C687&ssl=1&resize=525%2C300 1.5x"},"classes":[]},{"id":2804,"url":"https:\/\/www.nun-studio.com\/en\/produit\/patron-beltsy-baby\/","url_meta":{"origin":1827,"position":2},"title":"BELTSY baby pattern","author":"Alma","date":"Saturday February 11th, 2017","format":false,"excerpt":"Robe ou tunique \u00e0 manches longues fronc\u00e9es au poignet, empi\u00e8cement arrondi devant et dos et poches fantaisie. La pose du passepoil est facultative. Une version enfant\u00a0est aussi disponible. Niveau : facile sans les poches, un peu plus long avec les poches (le passepoil sur les poches n'est pas propos\u00e9 pour\u2026","rel":"","context":"Similar post","block_context":{"text":"Similar post","link":""},"img":{"alt_text":"","src":"https:\/\/i0.wp.com\/www.nun-studio.com\/wp-content\/uploads\/2016\/09\/beltsy_kid-2.jpg?fit=300%2C300&ssl=1&resize=350%2C200","width":350,"height":200},"classes":[]},{"id":1711,"url":"https:\/\/www.nun-studio.com\/en\/produit\/patron-beltsy-kid\/","url_meta":{"origin":1827,"position":3},"title":"BELTSY kid pattern","author":"Alma","date":"Tuesday September 20th, 2016","format":false,"excerpt":"Robe \u00e0 manches longues fronc\u00e9es au poignet, empi\u00e8cement arrondi devant et dos et poches fantaisie. La pose du passepoil est facultative. Une version b\u00e9b\u00e9 est aussi disponible. Niveau : facile sans les poches, un peu plus long avec les poches. TAILLES : 4 ans, 6 ans, 8 ans et 10\u2026","rel":"","context":"Similar post","block_context":{"text":"Similar post","link":""},"img":{"alt_text":"","src":"https:\/\/i0.wp.com\/www.nun-studio.com\/wp-content\/uploads\/2016\/09\/beltsy_kid-1jpg.jpg?fit=600%2C600&ssl=1&resize=350%2C200","width":350,"height":200,"srcset":"https:\/\/i0.wp.com\/www.nun-studio.com\/wp-content\/uploads\/2016\/09\/beltsy_kid-1jpg.jpg?fit=600%2C600&ssl=1&resize=350%2C200 1x, https:\/\/i0.wp.com\/www.nun-studio.com\/wp-content\/uploads\/2016\/09\/beltsy_kid-1jpg.jpg?fit=600%2C600&ssl=1&resize=525%2C300 1.5x"},"classes":[]},{"id":1971,"url":"https:\/\/www.nun-studio.com\/en\/produit\/patron-vienne-graz-baby\/","url_meta":{"origin":1827,"position":4},"title":"VIENNE &amp; GRAZ baby pattern","author":"Alma","date":"Friday September 23rd, 2016","format":false,"excerpt":"patron double VIENNE & GRAZ, brassi\u00e8re &\u00a0culotte courte d\u00e9tail VIENNE :\u00a0brassi\u00e8re mixte pour b\u00e9b\u00e9 et enfant en bas \u00e2ge \u00e9lastiqu\u00e9e \u00e0 l'encolure avec manches raglan, et plastron carr\u00e9 devant.\u00a0Niveau : facile.\u00a0TAILLES: 6M-9M-12M-18M-2A.\u00a0Tissu conseill\u00e9 : coton (voile, liberty, popeline), ou lin tr\u00e8s doux.\u00a0M\u00e9trage n\u00e9cessaire : 4 coupons de 55x45cm (en continu),\u2026","rel":"","context":"Similar post","block_context":{"text":"Similar post","link":""},"img":{"alt_text":"","src":"https:\/\/i0.wp.com\/www.nun-studio.com\/wp-content\/uploads\/2016\/09\/vienne_graz-1.png?fit=600%2C365&ssl=1&resize=350%2C200","width":350,"height":200,"srcset":"https:\/\/i0.wp.com\/www.nun-studio.com\/wp-content\/uploads\/2016\/09\/vienne_graz-1.png?fit=600%2C365&ssl=1&resize=350%2C200 1x, https:\/\/i0.wp.com\/www.nun-studio.com\/wp-content\/uploads\/2016\/09\/vienne_graz-1.png?fit=600%2C365&ssl=1&resize=525%2C300 1.5x"},"classes":[]},{"id":2742,"url":"https:\/\/www.nun-studio.com\/en\/produit\/patron-charleroy-baby\/","url_meta":{"origin":1827,"position":5},"title":"CHARLEROY baby pattern","author":"Alma","date":"Tuesday February  7th, 2017","format":false,"excerpt":"Sorry, this entry is only available in Fran\u00e7ais.","rel":"","context":"Similar post","block_context":{"text":"Similar post","link":""},"img":{"alt_text":"","src":"https:\/\/i0.wp.com\/www.nun-studio.com\/wp-content\/uploads\/2017\/02\/charleroy-1.jpg?fit=600%2C400&ssl=1&resize=350%2C200","width":350,"height":200,"srcset":"https:\/\/i0.wp.com\/www.nun-studio.com\/wp-content\/uploads\/2017\/02\/charleroy-1.jpg?fit=600%2C400&ssl=1&resize=350%2C200 1x, https:\/\/i0.wp.com\/www.nun-studio.com\/wp-content\/uploads\/2017\/02\/charleroy-1.jpg?fit=600%2C400&ssl=1&resize=525%2C300 1.5x"},"classes":[]}],"_links":{"self":[{"href":"https:\/\/www.nun-studio.com\/en\/wp-json\/wp\/v2\/product\/1827","targetHints":{"allow":["GET"]}}],"collection":[{"href":"https:\/\/www.nun-studio.com\/en\/wp-json\/wp\/v2\/product"}],"about":[{"href":"https:\/\/www.nun-studio.com\/en\/wp-json\/wp\/v2\/types\/product"}],"replies":[{"embeddable":true,"href":"https:\/\/www.nun-studio.com\/en\/wp-json\/wp\/v2\/comments?post=1827"}],"wp:featuredmedia":[{"embeddable":true,"href":"https:\/\/www.nun-studio.com\/en\/wp-json\/wp\/v2\/media\/1797"}],"wp:attachment":[{"href":"https:\/\/www.nun-studio.com\/en\/wp-json\/wp\/v2\/media?parent=1827"}],"wp:term":[{"taxonomy":"product_brand","embeddable":true,"href":"https:\/\/www.nun-studio.com\/en\/wp-json\/wp\/v2\/product_brand?post=1827"},{"taxonomy":"product_cat","embeddable":true,"href":"https:\/\/www.nun-studio.com\/en\/wp-json\/wp\/v2\/product_cat?post=1827"},{"taxonomy":"product_tag","embeddable":true,"href":"https:\/\/www.nun-studio.com\/en\/wp-json\/wp\/v2\/product_tag?post=1827"}],"curies":[{"name":"wp","href":"https:\/\/api.w.org\/{rel}","templated":true}]}}