{"id":1826,"date":"2016-09-21T15:56:32","date_gmt":"2016-09-21T14:56:32","guid":{"rendered":"https:\/\/www.nun-studio.com\/produit\/patron-houston-kid\/"},"modified":"2024-02-11T11:28:14","modified_gmt":"2024-02-11T10:28:14","slug":"patron-houston-kid","status":"publish","type":"product","link":"https:\/\/www.nun-studio.com\/en\/produit\/patron-houston-kid\/","title":{"rendered":"HOUSTON kid pattern"},"content":{"rendered":"<p class=\"qtranxs-available-languages-message qtranxs-available-languages-message-en\">Sorry, this entry is only available in <a href=\"https:\/\/www.nun-studio.com\/fr\/wp-json\/wp\/v2\/product\/1826\" class=\"qtranxs-available-language-link qtranxs-available-language-link-fr\" title=\"Fran\u00e7ais\">Fran\u00e7ais<\/a>.<\/p>","protected":false},"excerpt":{"rendered":"<p>Liquette gar\u00e7on boutonn\u00e9e (ou pressionn\u00e9e) sur les \u00e9paules et fendue sur les c\u00f4t\u00e9s. L&#8217;empi\u00e8cement des \u00e9paules est r\u00e9hauss\u00e9 d&#8217;un passepoil, qui peut \u00eatre omis. <strong>Niveau<\/strong> : facile.<\/p>\n<p><strong>TAILLES<\/strong> : 4-6-8-10 ans<\/p>\n","protected":false},"featured_media":1794,"comment_status":"open","ping_status":"closed","template":"","meta":{"jetpack_post_was_ever_published":false,"jetpack_publicize_message":"","jetpack_publicize_feature_enabled":true,"jetpack_social_post_already_shared":true,"jetpack_social_options":{"image_generator_settings":{"template":"highway","default_image_id":0,"font":"","enabled":false},"version":2}},"product_brand":[],"product_cat":[100,67,41,40,86,134],"product_tag":[91],"class_list":{"0":"post-1826","1":"product","2":"type-product","3":"status-publish","4":"has-post-thumbnail","6":"product_cat-categorie1","7":"product_cat-patrons-cest-dimanche","8":"product_cat-patrons-enfant","9":"product_cat-patrons-femme-et-enfant","10":"product_cat-soldes","11":"product_cat-soldes-patrons","12":"product_tag-patrons-enfant","13":"product_shipping_class-lettre","15":"first","16":"instock","17":"purchasable","18":"product-type-simple"},"jetpack_publicize_connections":[],"jetpack_sharing_enabled":true,"jetpack-related-posts":[{"id":1828,"url":"https:\/\/www.nun-studio.com\/en\/produit\/patron-milano-kid-teen\/","url_meta":{"origin":1826,"position":0},"title":"MILANO kid &amp; teen pattern","author":"Alma","date":"Wednesday September 21st, 2016","format":false,"excerpt":"robe\/tunique \u00e9volutive, \u00e0 bretelles surpiqu\u00e9es d\u00e9bordant sur les \u00e9paules, plis plats devant et \u00e9lastiqu\u00e9e au dos. Sa forme \u00e9tudi\u00e9e permet de la porter d'abord en robe, puis en tunique et haut, sur plusieurs ann\u00e9es. Niveau : moyen \u00e0 facile. TAILLES : 2 ans \u00e0 12\/14 ans tissu conseill\u00e9 : lin,\u2026","rel":"","context":"Similar post","block_context":{"text":"Similar post","link":""},"img":{"alt_text":"","src":"https:\/\/i0.wp.com\/www.nun-studio.com\/wp-content\/uploads\/2016\/09\/milano_kid_teen-1.jpg?fit=744%2C744&ssl=1&resize=350%2C200","width":350,"height":200,"srcset":"https:\/\/i0.wp.com\/www.nun-studio.com\/wp-content\/uploads\/2016\/09\/milano_kid_teen-1.jpg?fit=744%2C744&ssl=1&resize=350%2C200 1x, https:\/\/i0.wp.com\/www.nun-studio.com\/wp-content\/uploads\/2016\/09\/milano_kid_teen-1.jpg?fit=744%2C744&ssl=1&resize=525%2C300 1.5x, https:\/\/i0.wp.com\/www.nun-studio.com\/wp-content\/uploads\/2016\/09\/milano_kid_teen-1.jpg?fit=744%2C744&ssl=1&resize=700%2C400 2x"},"classes":[]},{"id":1813,"url":"https:\/\/www.nun-studio.com\/en\/produit\/patron-cincinnati-kid\/","url_meta":{"origin":1826,"position":1},"title":"CINCINNATI kid pattern","author":"Alma","date":"Wednesday September 21st, 2016","format":false,"excerpt":"Robe ou tunique \u00e0 manches longues fronc\u00e9es au poignet, s'ouvrant sur les \u00e9paules, avec bretelles d\u00e9coratives devant. La pose du passepoil est facultative. Niveau : assez facile. TAILLES : 4 ans, 6 ans, 8 ans et 10 ans. Tissu conseill\u00e9 : lin, cotonnade, lainage fin ou velours milleraies.\u00a0Fournitures : 1m50\u2026","rel":"","context":"Similar post","block_context":{"text":"Similar post","link":""},"img":{"alt_text":"","src":"https:\/\/i0.wp.com\/www.nun-studio.com\/wp-content\/uploads\/2016\/09\/cincinnati-1.jpg?fit=600%2C602&ssl=1&resize=350%2C200","width":350,"height":200,"srcset":"https:\/\/i0.wp.com\/www.nun-studio.com\/wp-content\/uploads\/2016\/09\/cincinnati-1.jpg?fit=600%2C602&ssl=1&resize=350%2C200 1x, https:\/\/i0.wp.com\/www.nun-studio.com\/wp-content\/uploads\/2016\/09\/cincinnati-1.jpg?fit=600%2C602&ssl=1&resize=525%2C300 1.5x"},"classes":[]},{"id":1921,"url":"https:\/\/www.nun-studio.com\/en\/produit\/patron-sydney-kid\/","url_meta":{"origin":1826,"position":2},"title":"SYDNEY kid pattern","author":"Alma","date":"Thursday September 22nd, 2016","format":false,"excerpt":"caban\/trench mixte de demi-saison, 4 ou 6 boutons, avec empi\u00e8cement \u00e9paules et dos passepoil\u00e9s (on peut omettre le passepoil), enti\u00e8rement doubl\u00e9. Peut \u00eatre r\u00e9alis\u00e9 avec une ceinture, pour un effet plus trench. Niveau : moyen TAILLES :\u00a04-6-8-10 ans Tissu conseill\u00e9 : lainage, velours, toile de coton \u00e9paisse. Doublure : choisir\u2026","rel":"","context":"Similar post","block_context":{"text":"Similar post","link":""},"img":{"alt_text":"","src":"https:\/\/i0.wp.com\/www.nun-studio.com\/wp-content\/uploads\/2016\/09\/sydney-1.jpg?fit=536%2C614&ssl=1&resize=350%2C200","width":350,"height":200,"srcset":"https:\/\/i0.wp.com\/www.nun-studio.com\/wp-content\/uploads\/2016\/09\/sydney-1.jpg?fit=536%2C614&ssl=1&resize=350%2C200 1x, https:\/\/i0.wp.com\/www.nun-studio.com\/wp-content\/uploads\/2016\/09\/sydney-1.jpg?fit=536%2C614&ssl=1&resize=525%2C300 1.5x"},"classes":[]},{"id":2975,"url":"https:\/\/www.nun-studio.com\/en\/produit\/patron-syracuse-kid\/","url_meta":{"origin":1826,"position":3},"title":"pattern SYRACUSE kid","author":"Alma","date":"Tuesday February 14th, 2017","format":false,"excerpt":"Robe ou blouse bain de soleil \u00e0 plastron rond passepoil\u00e9, \u00e9lastiqu\u00e9e \u00e0 la poitrine et d\u00e9gageant les \u00e9paules. Facile et rapide \u00e0 r\u00e9aliser (la pose du passepoil est facultative). TAILLES : 4 ans, 6 ans, 8 ans et 10 ans. tissu conseill\u00e9 : voile de coton, plumetis, liberty, cotonnades diverses.\u2026","rel":"","context":"Similar post","block_context":{"text":"Similar post","link":""},"img":{"alt_text":"","src":"https:\/\/i0.wp.com\/www.nun-studio.com\/wp-content\/uploads\/2017\/02\/syracuse-1.jpg?fit=1000%2C1000&ssl=1&resize=350%2C200","width":350,"height":200,"srcset":"https:\/\/i0.wp.com\/www.nun-studio.com\/wp-content\/uploads\/2017\/02\/syracuse-1.jpg?fit=1000%2C1000&ssl=1&resize=350%2C200 1x, https:\/\/i0.wp.com\/www.nun-studio.com\/wp-content\/uploads\/2017\/02\/syracuse-1.jpg?fit=1000%2C1000&ssl=1&resize=525%2C300 1.5x, https:\/\/i0.wp.com\/www.nun-studio.com\/wp-content\/uploads\/2017\/02\/syracuse-1.jpg?fit=1000%2C1000&ssl=1&resize=700%2C400 2x"},"classes":[]},{"id":1989,"url":"https:\/\/www.nun-studio.com\/en\/produit\/supplement-oslo-baby-kid\/","url_meta":{"origin":1826,"position":4},"title":"suppl\u00e9ment OSLO baby &amp; kid","author":"Alma","date":"Friday September 23rd, 2016","format":false,"excerpt":"Suppl\u00e9ment au mod\u00e8le OSLO baby et OSLO kid, comprenant un col et un plastron, avec passepoil ou sans.\u00a0Attention ! ce suppl\u00e9ment n\u00e9cessite le patron OSLO KID ou BABY pour pouvoir r\u00e9aliser le mod\u00e8le.","rel":"","context":"Similar post","block_context":{"text":"Similar post","link":""},"img":{"alt_text":"","src":"https:\/\/i0.wp.com\/www.nun-studio.com\/wp-content\/uploads\/2016\/09\/supplement_oslo_kid-1-1.jpg?fit=300%2C300&ssl=1&resize=350%2C200","width":350,"height":200},"classes":[]},{"id":1993,"url":"https:\/\/www.nun-studio.com\/en\/produit\/supplement-st-petersbourg-kid\/","url_meta":{"origin":1826,"position":5},"title":"suppl\u00e9ment ST PETERSBOURG kid","author":"Alma","date":"Friday September 23rd, 2016","format":false,"excerpt":"suppl\u00e9ment au patron ST PETERSBOURG kid - voir le patron de base ICI.","rel":"","context":"Similar post","block_context":{"text":"Similar post","link":""},"img":{"alt_text":"","src":"https:\/\/i0.wp.com\/www.nun-studio.com\/wp-content\/uploads\/2016\/09\/supplement_stpetersbourg-1-1.jpg?fit=300%2C300&ssl=1&resize=350%2C200","width":350,"height":200},"classes":[]}],"_links":{"self":[{"href":"https:\/\/www.nun-studio.com\/en\/wp-json\/wp\/v2\/product\/1826","targetHints":{"allow":["GET"]}}],"collection":[{"href":"https:\/\/www.nun-studio.com\/en\/wp-json\/wp\/v2\/product"}],"about":[{"href":"https:\/\/www.nun-studio.com\/en\/wp-json\/wp\/v2\/types\/product"}],"replies":[{"embeddable":true,"href":"https:\/\/www.nun-studio.com\/en\/wp-json\/wp\/v2\/comments?post=1826"}],"wp:featuredmedia":[{"embeddable":true,"href":"https:\/\/www.nun-studio.com\/en\/wp-json\/wp\/v2\/media\/1794"}],"wp:attachment":[{"href":"https:\/\/www.nun-studio.com\/en\/wp-json\/wp\/v2\/media?parent=1826"}],"wp:term":[{"taxonomy":"product_brand","embeddable":true,"href":"https:\/\/www.nun-studio.com\/en\/wp-json\/wp\/v2\/product_brand?post=1826"},{"taxonomy":"product_cat","embeddable":true,"href":"https:\/\/www.nun-studio.com\/en\/wp-json\/wp\/v2\/product_cat?post=1826"},{"taxonomy":"product_tag","embeddable":true,"href":"https:\/\/www.nun-studio.com\/en\/wp-json\/wp\/v2\/product_tag?post=1826"}],"curies":[{"name":"wp","href":"https:\/\/api.w.org\/{rel}","templated":true}]}}