{"id":1824,"date":"2016-09-21T15:43:03","date_gmt":"2016-09-21T14:43:03","guid":{"rendered":"https:\/\/www.nun-studio.com\/produit\/patron-galway-kid\/"},"modified":"2026-04-26T18:43:52","modified_gmt":"2026-04-26T17:43:52","slug":"patron-galway-kid","status":"publish","type":"product","link":"https:\/\/www.nun-studio.com\/en\/produit\/patron-galway-kid\/","title":{"rendered":"GALWAY kid pattern"},"content":{"rendered":"<p class=\"qtranxs-available-languages-message qtranxs-available-languages-message-en\">Sorry, this entry is only available in <a href=\"https:\/\/www.nun-studio.com\/fr\/wp-json\/wp\/v2\/product\/1824\" class=\"qtranxs-available-language-link qtranxs-available-language-link-fr\" title=\"Fran\u00e7ais\">Fran\u00e7ais<\/a>.<\/p>","protected":false},"excerpt":{"rendered":"<p style=\"text-align: justify\">Tunique assym\u00e9trique mixte fille\/gar\u00e7on. <strong>Niveau<\/strong> : facile. Un <a href=\"https:\/\/www.nun-studio.com\/produit\/supplement-st-petersbourg-kid\/\"><strong>suppl\u00e9ment<\/strong> <\/a>avec col est disponible <a href=\"https:\/\/www.nun-studio.com\/produit\/supplement-st-petersbourg-kid\/\"><strong>ICI<\/strong><\/a>.<\/p>\n<p><strong>TAILLES<\/strong> : 4-6-8-10 ans<\/p>\n<p><strong>Tissu conseill\u00e9<\/strong> : coton, lin tr\u00e8s doux ou velours milleraies.<\/p>\n","protected":false},"featured_media":1786,"comment_status":"open","ping_status":"closed","template":"","meta":{"jetpack_post_was_ever_published":false,"jetpack_publicize_message":"","jetpack_publicize_feature_enabled":true,"jetpack_social_post_already_shared":true,"jetpack_social_options":{"image_generator_settings":{"template":"highway","default_image_id":0,"font":"","enabled":false},"version":2}},"product_brand":[],"product_cat":[100,67,41,40,86,134],"product_tag":[91],"class_list":{"0":"post-1824","1":"product","2":"type-product","3":"status-publish","4":"has-post-thumbnail","6":"product_cat-categorie1","7":"product_cat-patrons-cest-dimanche","8":"product_cat-patrons-enfant","9":"product_cat-patrons-femme-et-enfant","10":"product_cat-soldes","11":"product_cat-soldes-patrons","12":"product_tag-patrons-enfant","13":"product_shipping_class-lettre","15":"first","16":"instock","17":"purchasable","18":"product-type-simple"},"jetpack_publicize_connections":[],"jetpack_sharing_enabled":true,"jetpack-related-posts":[{"id":1987,"url":"https:\/\/www.nun-studio.com\/en\/produit\/supplement-galway-kid\/","url_meta":{"origin":1824,"position":0},"title":"suppl\u00e9ment GALWAY kid","author":"Alma","date":"Friday September 23rd, 2016","format":false,"excerpt":"Suppl\u00e9ment au mod\u00e8le GALWAY\u00a0kid, comprenant un col assym\u00e9trique, avec passepoil ou sans. Ce suppl\u00e9ment n\u00e9cessite le patron GALWAY pour pouvoir r\u00e9aliser le mod\u00e8le.","rel":"","context":"Similar post","block_context":{"text":"Similar post","link":""},"img":{"alt_text":"","src":"https:\/\/i0.wp.com\/www.nun-studio.com\/wp-content\/uploads\/2016\/09\/supplement_galway_kid-1.jpg?fit=300%2C300&ssl=1&resize=350%2C200","width":350,"height":200},"classes":[]},{"id":1823,"url":"https:\/\/www.nun-studio.com\/en\/produit\/patron-galway-baby\/","url_meta":{"origin":1824,"position":1},"title":"GALWAY baby pattern","author":"Alma","date":"Wednesday September 21st, 2016","format":false,"excerpt":"Brassi\u00e8re assym\u00e9trique pour b\u00e9b\u00e9 ou tunique pour enfant ; une version marini\u00e8re est comprise. Niveau : facile. TAILLES : 6M-12M-2A-3A Tissu conseill\u00e9 : coton, lin tr\u00e8s doux ou velours milleraies.\u00a0M\u00e9trage de tissu : 0.60 \u00e0 0.80m en 140, selon la taille. NOTE pour le suppl\u00e9ment :\u00a0suppl\u00e9ment au mod\u00e8le galway baby\u2026","rel":"","context":"Similar post","block_context":{"text":"Similar post","link":""},"img":{"alt_text":"","src":"https:\/\/i0.wp.com\/www.nun-studio.com\/wp-content\/uploads\/2016\/09\/galway_baby-1.jpg?fit=300%2C300&ssl=1&resize=350%2C200","width":350,"height":200},"classes":[]},{"id":1985,"url":"https:\/\/www.nun-studio.com\/en\/produit\/supplement-galway-baby\/","url_meta":{"origin":1824,"position":2},"title":"suppl\u00e9ment GALWAY baby","author":"Alma","date":"Friday September 23rd, 2016","format":false,"excerpt":"Suppl\u00e9ment au mod\u00e8le GALWAY\u00a0baby, comprenant un col assym\u00e9trique, avec passepoil ou sans.\u00a0Ce suppl\u00e9ment n\u00e9cessite le patron GALWAY baby pour pouvoir r\u00e9aliser le mod\u00e8le.","rel":"","context":"Similar post","block_context":{"text":"Similar post","link":""},"img":{"alt_text":"","src":"https:\/\/i0.wp.com\/www.nun-studio.com\/wp-content\/uploads\/2016\/09\/supplement_galway_baby-1.jpg?fit=300%2C300&ssl=1&resize=350%2C200","width":350,"height":200},"classes":[]},{"id":2739,"url":"https:\/\/www.nun-studio.com\/en\/produit\/patron-galway-seville-baby\/","url_meta":{"origin":1824,"position":3},"title":"pattern GALWAY SEVILLE baby","author":"Alma","date":"Tuesday February  7th, 2017","format":false,"excerpt":"patron group\u00e9 GALWAY baby + SEVILLE, brassi\u00e8re &\u00a0corsaire d\u00e9tail GALWAY : brassi\u00e8re assym\u00e9trique pour b\u00e9b\u00e9 et enfant en bas \u00e2ge, boutonn\u00e9e dans le dos. Une version marini\u00e8re et une version simplifi\u00e9e sont possibles (voir patron galway seul dans la boutique).\u00a0TAILLES : 6M-12M-1A-2A-3A\u00a0NIVEAU\u00a0: facile.\u00a0Tissu conseill\u00e9 : coton, lin tr\u00e8s doux ou\u2026","rel":"","context":"Similar post","block_context":{"text":"Similar post","link":""},"img":{"alt_text":"","src":"https:\/\/i0.wp.com\/www.nun-studio.com\/wp-content\/uploads\/2017\/02\/galway-seville-1.jpg?fit=300%2C300&ssl=1&resize=350%2C200","width":350,"height":200},"classes":[]},{"id":1989,"url":"https:\/\/www.nun-studio.com\/en\/produit\/supplement-oslo-baby-kid\/","url_meta":{"origin":1824,"position":4},"title":"suppl\u00e9ment OSLO baby &amp; kid","author":"Alma","date":"Friday September 23rd, 2016","format":false,"excerpt":"Suppl\u00e9ment au mod\u00e8le OSLO baby et OSLO kid, comprenant un col et un plastron, avec passepoil ou sans.\u00a0Attention ! ce suppl\u00e9ment n\u00e9cessite le patron OSLO KID ou BABY pour pouvoir r\u00e9aliser le mod\u00e8le.","rel":"","context":"Similar post","block_context":{"text":"Similar post","link":""},"img":{"alt_text":"","src":"https:\/\/i0.wp.com\/www.nun-studio.com\/wp-content\/uploads\/2016\/09\/supplement_oslo_kid-1-1.jpg?fit=300%2C300&ssl=1&resize=350%2C200","width":350,"height":200},"classes":[]},{"id":1993,"url":"https:\/\/www.nun-studio.com\/en\/produit\/supplement-st-petersbourg-kid\/","url_meta":{"origin":1824,"position":5},"title":"suppl\u00e9ment ST PETERSBOURG kid","author":"Alma","date":"Friday September 23rd, 2016","format":false,"excerpt":"suppl\u00e9ment au patron ST PETERSBOURG kid - voir le patron de base ICI.","rel":"","context":"Similar post","block_context":{"text":"Similar post","link":""},"img":{"alt_text":"","src":"https:\/\/i0.wp.com\/www.nun-studio.com\/wp-content\/uploads\/2016\/09\/supplement_stpetersbourg-1-1.jpg?fit=300%2C300&ssl=1&resize=350%2C200","width":350,"height":200},"classes":[]}],"_links":{"self":[{"href":"https:\/\/www.nun-studio.com\/en\/wp-json\/wp\/v2\/product\/1824","targetHints":{"allow":["GET"]}}],"collection":[{"href":"https:\/\/www.nun-studio.com\/en\/wp-json\/wp\/v2\/product"}],"about":[{"href":"https:\/\/www.nun-studio.com\/en\/wp-json\/wp\/v2\/types\/product"}],"replies":[{"embeddable":true,"href":"https:\/\/www.nun-studio.com\/en\/wp-json\/wp\/v2\/comments?post=1824"}],"wp:featuredmedia":[{"embeddable":true,"href":"https:\/\/www.nun-studio.com\/en\/wp-json\/wp\/v2\/media\/1786"}],"wp:attachment":[{"href":"https:\/\/www.nun-studio.com\/en\/wp-json\/wp\/v2\/media?parent=1824"}],"wp:term":[{"taxonomy":"product_brand","embeddable":true,"href":"https:\/\/www.nun-studio.com\/en\/wp-json\/wp\/v2\/product_brand?post=1824"},{"taxonomy":"product_cat","embeddable":true,"href":"https:\/\/www.nun-studio.com\/en\/wp-json\/wp\/v2\/product_cat?post=1824"},{"taxonomy":"product_tag","embeddable":true,"href":"https:\/\/www.nun-studio.com\/en\/wp-json\/wp\/v2\/product_tag?post=1824"}],"curies":[{"name":"wp","href":"https:\/\/api.w.org\/{rel}","templated":true}]}}