{"id":1823,"date":"2016-09-21T15:28:33","date_gmt":"2016-09-21T14:28:33","guid":{"rendered":"https:\/\/www.nun-studio.com\/produit\/patron-galway-baby\/"},"modified":"2026-03-31T15:36:39","modified_gmt":"2026-03-31T14:36:39","slug":"patron-galway-baby","status":"publish","type":"product","link":"https:\/\/www.nun-studio.com\/en\/produit\/patron-galway-baby\/","title":{"rendered":"GALWAY baby pattern"},"content":{"rendered":"<p class=\"qtranxs-available-languages-message qtranxs-available-languages-message-en\">Sorry, this entry is only available in <a href=\"https:\/\/www.nun-studio.com\/fr\/wp-json\/wp\/v2\/product\/1823\" class=\"qtranxs-available-language-link qtranxs-available-language-link-fr\" title=\"Fran\u00e7ais\">Fran\u00e7ais<\/a>.<\/p>","protected":false},"excerpt":{"rendered":"<p style=\"text-align: justify\">Brassi\u00e8re assym\u00e9trique pour b\u00e9b\u00e9 ou tunique pour enfant ; une version marini\u00e8re est comprise. <strong>Niveau<\/strong> : facile.<\/p>\n<p style=\"text-align: justify\">TAILLES : 6M-12M-2A-3A<\/p>\n<p style=\"text-align: justify\"><strong>Tissu conseill\u00e9 :<\/strong> coton, lin tr\u00e8s doux ou velours milleraies.\u00a0<strong>M\u00e9trage de tissu<\/strong> : 0.60 \u00e0 0.80m en 140, selon la taille.<\/p>\n<p style=\"text-align: justify\">NOTE pour le suppl\u00e9ment :\u00a0suppl\u00e9ment au mod\u00e8le galway baby ou kid, comprenant un col assym\u00e9trique, avec passepoil ou sans.\u00a0Attention ! ce suppl\u00e9ment n\u00e9cessite le patron GALWAY pour pouvoir r\u00e9aliser le mod\u00e8le.<\/p>\n<pre><strong>COMMANDE EN PREVENTE<\/strong> Veuillez noter que les commandes contenant cet article seront envoy\u00e9es \u00e0 partir du <strong>1er avril 2019<\/strong><\/pre>\n","protected":false},"featured_media":1782,"comment_status":"open","ping_status":"closed","template":"","meta":{"jetpack_post_was_ever_published":false,"jetpack_publicize_message":"","jetpack_publicize_feature_enabled":true,"jetpack_social_post_already_shared":true,"jetpack_social_options":{"image_generator_settings":{"template":"highway","default_image_id":0,"font":"","enabled":false},"version":2}},"product_brand":[],"product_cat":[100,67,41,40,86,134],"product_tag":[90],"class_list":{"0":"post-1823","1":"product","2":"type-product","3":"status-publish","4":"has-post-thumbnail","6":"product_cat-categorie1","7":"product_cat-patrons-cest-dimanche","8":"product_cat-patrons-enfant","9":"product_cat-patrons-femme-et-enfant","10":"product_cat-soldes","11":"product_cat-soldes-patrons","12":"product_tag-patrons-bebe","13":"product_shipping_class-lettre","15":"first","16":"instock","17":"purchasable","18":"product-type-simple"},"jetpack_publicize_connections":[],"jetpack_sharing_enabled":true,"jetpack-related-posts":[{"id":1985,"url":"https:\/\/www.nun-studio.com\/en\/produit\/supplement-galway-baby\/","url_meta":{"origin":1823,"position":0},"title":"suppl\u00e9ment GALWAY baby","author":"Alma","date":"Friday September 23rd, 2016","format":false,"excerpt":"Suppl\u00e9ment au mod\u00e8le GALWAY\u00a0baby, comprenant un col assym\u00e9trique, avec passepoil ou sans.\u00a0Ce suppl\u00e9ment n\u00e9cessite le patron GALWAY baby pour pouvoir r\u00e9aliser le mod\u00e8le.","rel":"","context":"Similar post","block_context":{"text":"Similar post","link":""},"img":{"alt_text":"","src":"https:\/\/i0.wp.com\/www.nun-studio.com\/wp-content\/uploads\/2016\/09\/supplement_galway_baby-1.jpg?fit=300%2C300&ssl=1&resize=350%2C200","width":350,"height":200},"classes":[]},{"id":2739,"url":"https:\/\/www.nun-studio.com\/en\/produit\/patron-galway-seville-baby\/","url_meta":{"origin":1823,"position":1},"title":"pattern GALWAY SEVILLE baby","author":"Alma","date":"Tuesday February  7th, 2017","format":false,"excerpt":"patron group\u00e9 GALWAY baby + SEVILLE, brassi\u00e8re &\u00a0corsaire d\u00e9tail GALWAY : brassi\u00e8re assym\u00e9trique pour b\u00e9b\u00e9 et enfant en bas \u00e2ge, boutonn\u00e9e dans le dos. Une version marini\u00e8re et une version simplifi\u00e9e sont possibles (voir patron galway seul dans la boutique).\u00a0TAILLES : 6M-12M-1A-2A-3A\u00a0NIVEAU\u00a0: facile.\u00a0Tissu conseill\u00e9 : coton, lin tr\u00e8s doux ou\u2026","rel":"","context":"Similar post","block_context":{"text":"Similar post","link":""},"img":{"alt_text":"","src":"https:\/\/i0.wp.com\/www.nun-studio.com\/wp-content\/uploads\/2017\/02\/galway-seville-1.jpg?fit=300%2C300&ssl=1&resize=350%2C200","width":350,"height":200},"classes":[]},{"id":1987,"url":"https:\/\/www.nun-studio.com\/en\/produit\/supplement-galway-kid\/","url_meta":{"origin":1823,"position":2},"title":"suppl\u00e9ment GALWAY kid","author":"Alma","date":"Friday September 23rd, 2016","format":false,"excerpt":"Suppl\u00e9ment au mod\u00e8le GALWAY\u00a0kid, comprenant un col assym\u00e9trique, avec passepoil ou sans. Ce suppl\u00e9ment n\u00e9cessite le patron GALWAY pour pouvoir r\u00e9aliser le mod\u00e8le.","rel":"","context":"Similar post","block_context":{"text":"Similar post","link":""},"img":{"alt_text":"","src":"https:\/\/i0.wp.com\/www.nun-studio.com\/wp-content\/uploads\/2016\/09\/supplement_galway_kid-1.jpg?fit=300%2C300&ssl=1&resize=350%2C200","width":350,"height":200},"classes":[]},{"id":1824,"url":"https:\/\/www.nun-studio.com\/en\/produit\/patron-galway-kid\/","url_meta":{"origin":1823,"position":3},"title":"GALWAY kid pattern","author":"Alma","date":"Wednesday September 21st, 2016","format":false,"excerpt":"Tunique assym\u00e9trique mixte fille\/gar\u00e7on. Niveau : facile. Un suppl\u00e9ment avec col est disponible ICI. TAILLES : 4-6-8-10 ans Tissu conseill\u00e9 : coton, lin tr\u00e8s doux ou velours milleraies.","rel":"","context":"Similar post","block_context":{"text":"Similar post","link":""},"img":{"alt_text":"","src":"https:\/\/i0.wp.com\/www.nun-studio.com\/wp-content\/uploads\/2016\/09\/galway_kid-1.jpg?fit=600%2C600&ssl=1&resize=350%2C200","width":350,"height":200,"srcset":"https:\/\/i0.wp.com\/www.nun-studio.com\/wp-content\/uploads\/2016\/09\/galway_kid-1.jpg?fit=600%2C600&ssl=1&resize=350%2C200 1x, https:\/\/i0.wp.com\/www.nun-studio.com\/wp-content\/uploads\/2016\/09\/galway_kid-1.jpg?fit=600%2C600&ssl=1&resize=525%2C300 1.5x"},"classes":[]},{"id":2863,"url":"https:\/\/www.nun-studio.com\/en\/produit\/patron-oslo-baby\/","url_meta":{"origin":1823,"position":4},"title":"pattern OSLO baby","author":"Alma","date":"Sunday February 12th, 2017","format":false,"excerpt":"Tunique avec plis et boutonnage d\u00e9coratif sur le devant. Le mod\u00e8le est boutonn\u00e9 enti\u00e8rement dans le dos, comporte aussi une version robe, et des revers de manches d\u00e9coratifs.\u00a0Niveau : facile. Vous trouverez sur cette boutique un suppl\u00e9ment pour ajouter un col et\/ou un plastron \u00e0 cette petite tunique craquante. Vous\u2026","rel":"","context":"Similar post","block_context":{"text":"Similar post","link":""},"img":{"alt_text":"","src":"https:\/\/i0.wp.com\/www.nun-studio.com\/wp-content\/uploads\/2016\/11\/oslok.jpg?fit=300%2C300&ssl=1&resize=350%2C200","width":350,"height":200},"classes":[]},{"id":1920,"url":"https:\/\/www.nun-studio.com\/en\/produit\/patron-sofia-teen\/","url_meta":{"origin":1823,"position":5},"title":"SOFIA teen pattern","author":"Alma","date":"Thursday September 22nd, 2016","format":false,"excerpt":"Sur-blouse, \u00e0 porter sur le mod\u00e8le OSLO par exemple ; large d\u00e9collet\u00e9 et pli assym\u00e9trique sur le devant. Col doubl\u00e9 en tissu contrast\u00e9. Pas de syst\u00e8me de fermeture. 2 versions sont possibles (voir sch\u00e9mas). Niveau : facile. TAILLES : 34-36-38 Tissu conseill\u00e9 : coton ou lin, velours milleraies ; liberty\u2026","rel":"","context":"Similar post","block_context":{"text":"Similar post","link":""},"img":{"alt_text":"","src":"https:\/\/i0.wp.com\/www.nun-studio.com\/wp-content\/uploads\/2016\/09\/sofia-teen-1.jpg?fit=1000%2C1000&ssl=1&resize=350%2C200","width":350,"height":200,"srcset":"https:\/\/i0.wp.com\/www.nun-studio.com\/wp-content\/uploads\/2016\/09\/sofia-teen-1.jpg?fit=1000%2C1000&ssl=1&resize=350%2C200 1x, https:\/\/i0.wp.com\/www.nun-studio.com\/wp-content\/uploads\/2016\/09\/sofia-teen-1.jpg?fit=1000%2C1000&ssl=1&resize=525%2C300 1.5x, https:\/\/i0.wp.com\/www.nun-studio.com\/wp-content\/uploads\/2016\/09\/sofia-teen-1.jpg?fit=1000%2C1000&ssl=1&resize=700%2C400 2x"},"classes":[]}],"_links":{"self":[{"href":"https:\/\/www.nun-studio.com\/en\/wp-json\/wp\/v2\/product\/1823","targetHints":{"allow":["GET"]}}],"collection":[{"href":"https:\/\/www.nun-studio.com\/en\/wp-json\/wp\/v2\/product"}],"about":[{"href":"https:\/\/www.nun-studio.com\/en\/wp-json\/wp\/v2\/types\/product"}],"replies":[{"embeddable":true,"href":"https:\/\/www.nun-studio.com\/en\/wp-json\/wp\/v2\/comments?post=1823"}],"wp:featuredmedia":[{"embeddable":true,"href":"https:\/\/www.nun-studio.com\/en\/wp-json\/wp\/v2\/media\/1782"}],"wp:attachment":[{"href":"https:\/\/www.nun-studio.com\/en\/wp-json\/wp\/v2\/media?parent=1823"}],"wp:term":[{"taxonomy":"product_brand","embeddable":true,"href":"https:\/\/www.nun-studio.com\/en\/wp-json\/wp\/v2\/product_brand?post=1823"},{"taxonomy":"product_cat","embeddable":true,"href":"https:\/\/www.nun-studio.com\/en\/wp-json\/wp\/v2\/product_cat?post=1823"},{"taxonomy":"product_tag","embeddable":true,"href":"https:\/\/www.nun-studio.com\/en\/wp-json\/wp\/v2\/product_tag?post=1823"}],"curies":[{"name":"wp","href":"https:\/\/api.w.org\/{rel}","templated":true}]}}