{"id":1817,"date":"2016-09-21T14:48:41","date_gmt":"2016-09-21T13:48:41","guid":{"rendered":"https:\/\/www.nun-studio.com\/produit\/patron-dublin-lady\/"},"modified":"2026-04-26T18:45:31","modified_gmt":"2026-04-26T17:45:31","slug":"patron-dublin-lady","status":"publish","type":"product","link":"https:\/\/www.nun-studio.com\/en\/produit\/patron-dublin-lady\/","title":{"rendered":"DUBLIN lady pattern"},"content":{"rendered":"<p class=\"qtranxs-available-languages-message qtranxs-available-languages-message-en\">Sorry, this entry is only available in <a href=\"https:\/\/www.nun-studio.com\/fr\/wp-json\/wp\/v2\/product\/1817\" class=\"qtranxs-available-language-link qtranxs-available-language-link-fr\" title=\"Fran\u00e7ais\">Fran\u00e7ais<\/a>.<\/p>","protected":false},"excerpt":{"rendered":"<p style=\"text-align: justify\">Vareuse pour femme ou jeune fille \u00e0 col rond et plis plats, fendue devant, avec patte de boutonnage, manches 3\/4 et revers en tissu contrast\u00e9.<\/p>\n<p style=\"text-align: justify\"><strong>TAILLES : 34-36-38-40-42-44<\/strong><\/p>\n<p style=\"text-align: justify\"><strong>TISSU CONSEILLE<\/strong> : lin ou coton pour l&#8217;\u00e9t\u00e9, \u00e9pais ou fin selon le rendu souhait\u00e9, lainage plut\u00f4t souple pour l&#8217;hiver.<strong> Niveau<\/strong> : plut\u00f4t facile.<\/p>\n<p style=\"text-align: justify\"><strong>METRAGE<\/strong> : 2m en 140.\u00a0<strong>FOURNITURES<\/strong> : 2 boutons de 15mm de diam\u00e8tre.<\/p>\n<p style=\"text-align: justify\"><em>Un suppl\u00e9ment (unique) pour r\u00e9aliser ce mod\u00e8le en veste (2 versions possibles) est aussi disponible !<\/em><\/p>\n","protected":false},"featured_media":1774,"comment_status":"open","ping_status":"closed","template":"","meta":{"jetpack_publicize_message":"","jetpack_publicize_feature_enabled":true,"jetpack_social_post_already_shared":true,"jetpack_social_options":{"image_generator_settings":{"template":"highway","default_image_id":0,"font":"","enabled":false},"version":2}},"product_brand":[],"product_cat":[100,67,60,40,86,134],"product_tag":[88],"class_list":{"0":"post-1817","1":"product","2":"type-product","3":"status-publish","4":"has-post-thumbnail","6":"product_cat-categorie1","7":"product_cat-patrons-cest-dimanche","8":"product_cat-patrons-femme","9":"product_cat-patrons-femme-et-enfant","10":"product_cat-soldes","11":"product_cat-soldes-patrons","12":"product_tag-patrons-femme","13":"product_shipping_class-lettre","15":"first","16":"instock","17":"purchasable","18":"product-type-simple"},"jetpack_publicize_connections":[],"jetpack_sharing_enabled":true,"jetpack-related-posts":[{"id":1983,"url":"https:\/\/www.nun-studio.com\/en\/produit\/supplement-dublin-kid-lady\/","url_meta":{"origin":1817,"position":0},"title":"suppl\u00e9ment DUBLIN kid &amp; lady","author":"Alma","date":"Friday September 23rd, 2016","format":false,"excerpt":"Suppl\u00e9ment au patron DUBLIN\u00a0kid & au patron DUBLIN lady pour r\u00e9aliser une veste \u00e0 col rond et plis plats, boutonn\u00e9e ou ferm\u00e9e par un noeud. Le suppl\u00e9ment permet de r\u00e9aliser les 2 VERSIONS visibles sur les sch\u00e9mas. Ce suppl\u00e9ment n\u00e9cessite le patron DUBLIN (kid ou lady) pour pouvoir r\u00e9aliser le\u2026","rel":"","context":"Similar post","block_context":{"text":"Similar post","link":""},"img":{"alt_text":"","src":"https:\/\/i0.wp.com\/www.nun-studio.com\/wp-content\/uploads\/2016\/09\/supplement_dublin-1.jpg?fit=300%2C300&ssl=1&resize=350%2C200","width":350,"height":200},"classes":[]},{"id":1816,"url":"https:\/\/www.nun-studio.com\/en\/produit\/patron-dublin-kid\/","url_meta":{"origin":1817,"position":1},"title":"DUBLIN kid pattern","author":"Alma","date":"Wednesday September 21st, 2016","format":false,"excerpt":"Vareuse pour fille \u00e0 col rond et plis plats, fendue devant, avec patte de boutonnage, manches 3\/4 et revers en tissu contrast\u00e9. Niveau : plut\u00f4t facile. Un suppl\u00e9ment pour r\u00e9aliser ce mod\u00e8le en veste est aussi disponible ! TAILLES : 4-6-8-10 ans Tissu conseill\u00e9 : lin ou coton pour l'\u00e9t\u00e9,\u2026","rel":"","context":"Similar post","block_context":{"text":"Similar post","link":""},"img":{"alt_text":"","src":"https:\/\/i0.wp.com\/www.nun-studio.com\/wp-content\/uploads\/2016\/09\/dublin_kid-1.jpg?fit=600%2C505&ssl=1&resize=350%2C200","width":350,"height":200,"srcset":"https:\/\/i0.wp.com\/www.nun-studio.com\/wp-content\/uploads\/2016\/09\/dublin_kid-1.jpg?fit=600%2C505&ssl=1&resize=350%2C200 1x, https:\/\/i0.wp.com\/www.nun-studio.com\/wp-content\/uploads\/2016\/09\/dublin_kid-1.jpg?fit=600%2C505&ssl=1&resize=525%2C300 1.5x"},"classes":[]},{"id":1815,"url":"https:\/\/www.nun-studio.com\/en\/produit\/patron-denver-lady\/","url_meta":{"origin":1817,"position":2},"title":"DENVER lady pattern","author":"Alma","date":"Wednesday September 21st, 2016","format":false,"excerpt":"description : chemise \u00e0 manches longues ou 3\/4, avec patte polo simplifi\u00e9e et empi\u00e8cement triangulaire sous la patte. L\u2019empi\u00e8cement peut \u00eatre enti\u00e8rement cousu ou simplement pli\u00e9 pour un effet de relief (2 versions sont \u00e9galement possibles pour la hauteur de l\u2019empi\u00e8cement). Le dos est en forme liquette. Techniques expliqu\u00e9es :\u2026","rel":"","context":"Similar post","block_context":{"text":"Similar post","link":""},"img":{"alt_text":"","src":"https:\/\/i0.wp.com\/www.nun-studio.com\/wp-content\/uploads\/2016\/09\/denver_lady-1.jpg?fit=996%2C1000&ssl=1&resize=350%2C200","width":350,"height":200,"srcset":"https:\/\/i0.wp.com\/www.nun-studio.com\/wp-content\/uploads\/2016\/09\/denver_lady-1.jpg?fit=996%2C1000&ssl=1&resize=350%2C200 1x, https:\/\/i0.wp.com\/www.nun-studio.com\/wp-content\/uploads\/2016\/09\/denver_lady-1.jpg?fit=996%2C1000&ssl=1&resize=525%2C300 1.5x, https:\/\/i0.wp.com\/www.nun-studio.com\/wp-content\/uploads\/2016\/09\/denver_lady-1.jpg?fit=996%2C1000&ssl=1&resize=700%2C400 2x"},"classes":[]},{"id":1712,"url":"https:\/\/www.nun-studio.com\/en\/produit\/patron-victoria-street-lady\/","url_meta":{"origin":1817,"position":3},"title":"pattern VICTORIA STREET lady","author":"Alma","date":"Tuesday September 20th, 2016","format":false,"excerpt":"Victoria street est une veste sans col \u00e0 volants et pattes passepoil\u00e9es soulignant la taille, avec une jolie martingale \u00e0 l'arri\u00e8re. Elle peut \u00eatre port\u00e9e chic ou mix\u00e9e avec un vestiaire preppy ou cool. Elle se ferme bord \u00e0 bord avec un crochet invisible et n'est pas doubl\u00e9e, ce qui\u2026","rel":"","context":"Similar post","block_context":{"text":"Similar post","link":""},"img":{"alt_text":"","src":"https:\/\/i0.wp.com\/www.nun-studio.com\/wp-content\/uploads\/2016\/09\/victoria_street_1.jpg?fit=1000%2C989&ssl=1&resize=350%2C200","width":350,"height":200,"srcset":"https:\/\/i0.wp.com\/www.nun-studio.com\/wp-content\/uploads\/2016\/09\/victoria_street_1.jpg?fit=1000%2C989&ssl=1&resize=350%2C200 1x, https:\/\/i0.wp.com\/www.nun-studio.com\/wp-content\/uploads\/2016\/09\/victoria_street_1.jpg?fit=1000%2C989&ssl=1&resize=525%2C300 1.5x, https:\/\/i0.wp.com\/www.nun-studio.com\/wp-content\/uploads\/2016\/09\/victoria_street_1.jpg?fit=1000%2C989&ssl=1&resize=700%2C400 2x"},"classes":[]},{"id":1917,"url":"https:\/\/www.nun-studio.com\/en\/produit\/patron-philadelphie-teen-lady\/","url_meta":{"origin":1817,"position":4},"title":"PHILADELPHIE teen &amp; lady pattern","author":"Alma","date":"Thursday September 22nd, 2016","format":false,"excerpt":"Jupe avec empi\u00e8cement et pattes de boutonnages sur les hanches. Fermeture \u00e9clair sur un des c\u00f4t\u00e9s ; la pose du passepoil est facultative. TAILLES : 34(14ans)-36-38-40-42-44. Tissu conseill\u00e9 : lin, coton pour l'\u00e9t\u00e9 ; lainage fin pour l'hiver.\u00a0Fournitures : 2 boutons de 15mm de diam\u00e8tre, 2m de passepoil (facultatif), 1\u2026","rel":"","context":"Similar post","block_context":{"text":"Similar post","link":""},"img":{"alt_text":"","src":"https:\/\/i0.wp.com\/www.nun-studio.com\/wp-content\/uploads\/2016\/09\/philadelphie_teen_lady-1.jpg?fit=686%2C687&ssl=1&resize=350%2C200","width":350,"height":200,"srcset":"https:\/\/i0.wp.com\/www.nun-studio.com\/wp-content\/uploads\/2016\/09\/philadelphie_teen_lady-1.jpg?fit=686%2C687&ssl=1&resize=350%2C200 1x, https:\/\/i0.wp.com\/www.nun-studio.com\/wp-content\/uploads\/2016\/09\/philadelphie_teen_lady-1.jpg?fit=686%2C687&ssl=1&resize=525%2C300 1.5x"},"classes":[]},{"id":1911,"url":"https:\/\/www.nun-studio.com\/en\/produit\/patron-osaka-lady\/","url_meta":{"origin":1817,"position":5},"title":"OSAKA lady pattern","author":"Alma","date":"Thursday September 22nd, 2016","format":false,"excerpt":"pour celles qui aiment l'\u00e9pure... une tunique effet \"loose\" avec un empi\u00e8cement raffin\u00e9. description : tunique \u00e0 manches mi-longues avec empi\u00e8cement triangulaire \u00e0 l\u2019encolure. Deux longueurs sont possibles : effet \u00ab cropped \u00bb (court) ou normal. Un pas \u00e0 pas tr\u00e8s d\u00e9taill\u00e9 avec photos et textes vous est envoy\u00e9 en\u2026","rel":"","context":"Similar post","block_context":{"text":"Similar post","link":""},"img":{"alt_text":"","src":"https:\/\/i0.wp.com\/www.nun-studio.com\/wp-content\/uploads\/2016\/09\/osaka_lady-1.jpg?fit=998%2C1000&ssl=1&resize=350%2C200","width":350,"height":200,"srcset":"https:\/\/i0.wp.com\/www.nun-studio.com\/wp-content\/uploads\/2016\/09\/osaka_lady-1.jpg?fit=998%2C1000&ssl=1&resize=350%2C200 1x, https:\/\/i0.wp.com\/www.nun-studio.com\/wp-content\/uploads\/2016\/09\/osaka_lady-1.jpg?fit=998%2C1000&ssl=1&resize=525%2C300 1.5x, https:\/\/i0.wp.com\/www.nun-studio.com\/wp-content\/uploads\/2016\/09\/osaka_lady-1.jpg?fit=998%2C1000&ssl=1&resize=700%2C400 2x"},"classes":[]}],"_links":{"self":[{"href":"https:\/\/www.nun-studio.com\/en\/wp-json\/wp\/v2\/product\/1817","targetHints":{"allow":["GET"]}}],"collection":[{"href":"https:\/\/www.nun-studio.com\/en\/wp-json\/wp\/v2\/product"}],"about":[{"href":"https:\/\/www.nun-studio.com\/en\/wp-json\/wp\/v2\/types\/product"}],"replies":[{"embeddable":true,"href":"https:\/\/www.nun-studio.com\/en\/wp-json\/wp\/v2\/comments?post=1817"}],"wp:featuredmedia":[{"embeddable":true,"href":"https:\/\/www.nun-studio.com\/en\/wp-json\/wp\/v2\/media\/1774"}],"wp:attachment":[{"href":"https:\/\/www.nun-studio.com\/en\/wp-json\/wp\/v2\/media?parent=1817"}],"wp:term":[{"taxonomy":"product_brand","embeddable":true,"href":"https:\/\/www.nun-studio.com\/en\/wp-json\/wp\/v2\/product_brand?post=1817"},{"taxonomy":"product_cat","embeddable":true,"href":"https:\/\/www.nun-studio.com\/en\/wp-json\/wp\/v2\/product_cat?post=1817"},{"taxonomy":"product_tag","embeddable":true,"href":"https:\/\/www.nun-studio.com\/en\/wp-json\/wp\/v2\/product_tag?post=1817"}],"curies":[{"name":"wp","href":"https:\/\/api.w.org\/{rel}","templated":true}]}}