{"id":1815,"date":"2016-09-21T14:36:57","date_gmt":"2016-09-21T13:36:57","guid":{"rendered":"https:\/\/www.nun-studio.com\/produit\/patron-denver-lady\/"},"modified":"2026-04-16T14:26:08","modified_gmt":"2026-04-16T13:26:08","slug":"patron-denver-lady","status":"publish","type":"product","link":"https:\/\/www.nun-studio.com\/en\/produit\/patron-denver-lady\/","title":{"rendered":"DENVER lady pattern"},"content":{"rendered":"<p class=\"qtranxs-available-languages-message qtranxs-available-languages-message-en\">Sorry, this entry is only available in <a href=\"https:\/\/www.nun-studio.com\/fr\/wp-json\/wp\/v2\/product\/1815\" class=\"qtranxs-available-language-link qtranxs-available-language-link-fr\" title=\"Fran\u00e7ais\">Fran\u00e7ais<\/a>.<\/p>","protected":false},"excerpt":{"rendered":"<p style=\"text-align: justify\"><span style=\"font-family: 'times new roman', times;font-size: 12pt\"><em><strong>description<\/strong><\/em> : chemise \u00e0 manches longues ou 3\/4, avec patte polo simplifi\u00e9e et empi\u00e8cement triangulaire sous la patte. L\u2019empi\u00e8cement peut \u00eatre enti\u00e8rement cousu ou simplement pli\u00e9 pour un effet de relief (2 versions sont \u00e9galement possibles pour la hauteur de l\u2019empi\u00e8cement). Le dos est en forme liquette. <em>Techniques expliqu\u00e9es : pose de bais, couture anglaise<\/em>. La r\u00e9alisation de cette chemise est simple, mais demande un peu de temps. La coupe est plut\u00f4t ajust\u00e9e et f\u00e9minine.<\/span><\/p>\n<p style=\"text-align: justify\"><span style=\"font-family: 'times new roman', times;font-size: 12pt\"><em><strong>plus :<\/strong> <\/em>un tuto pas \u00e0 pas avec photos vous explique comment r\u00e9aliser une patte passepoil\u00e9e pour ce mod\u00e8le\u00a0<strong><a href=\"http:\/\/cestdimanche.canalblog.com\/archives\/2014\/05\/21\/30451394.html\">ICI<\/a>.<br \/>\n<\/strong><\/span><\/p>\n<p style=\"text-align: justify\"><span style=\"font-family: 'times new roman', times;font-size: 12pt\"><strong>TAILLES<\/strong> : 36-38-40-42-44<\/span><\/p>\n<p style=\"text-align: justify\"><span style=\"font-family: 'times new roman', times;font-size: 12pt\"><strong><em>tissu conseill\u00e9<\/em> :<\/strong> tous types de tissus, selon le rendu d\u00e9sir\u00e9 : voile de coton, baptiste, lin, lainage fin&#8230; Evitez les tissus \u00e9pais.\u00a0<\/span><span style=\"font-family: 'times new roman', times;font-size: 12pt\"><em><strong>m\u00e9trage :<\/strong><\/em> 2,20m en 110 (soit 10 coupons) ou 1,70m en 140.\u00a0<\/span><span style=\"font-family: 'times new roman', times;font-size: 12pt\"><em><strong>fournitures :<\/strong> <\/em>m\u00e9trage tissu voir ci-contre. 3 ou 4 pressions ou boutons (selon la version de patte, longue ou courte). 2,50m de biais (encolure et bas).<\/span><\/p>\n<pre><strong>COMMANDE EN PREVENTE<\/strong> Veuillez noter que les commandes contenant cet article seront envoy\u00e9es \u00e0 partir du <strong>1er avril 2019<\/strong><\/pre>\n","protected":false},"featured_media":1767,"comment_status":"open","ping_status":"closed","template":"","meta":{"jetpack_post_was_ever_published":false,"jetpack_publicize_message":"","jetpack_publicize_feature_enabled":true,"jetpack_social_post_already_shared":true,"jetpack_social_options":{"image_generator_settings":{"template":"highway","default_image_id":0,"font":"","enabled":false},"version":2}},"product_brand":[],"product_cat":[100,67,40,86,134],"product_tag":[88],"class_list":{"0":"post-1815","1":"product","2":"type-product","3":"status-publish","4":"has-post-thumbnail","6":"product_cat-categorie1","7":"product_cat-patrons-cest-dimanche","8":"product_cat-patrons-femme-et-enfant","9":"product_cat-soldes","10":"product_cat-soldes-patrons","11":"product_tag-patrons-femme","12":"product_shipping_class-lettre","14":"first","15":"instock","16":"purchasable","17":"product-type-simple"},"jetpack_publicize_connections":[],"jetpack_sharing_enabled":true,"jetpack-related-posts":[{"id":2634,"url":"https:\/\/www.nun-studio.com\/en\/produit\/patron-denver-kid\/","url_meta":{"origin":1815,"position":0},"title":"pattern DENVER kid","author":"Alma","date":"Saturday January 21st, 2017","format":false,"excerpt":"description : chemise sans col pour gar\u00e7on ou fille \u00e0 manches longues avec patte polo simplifi\u00e9e et empi\u00e8cement triangulaire sous la patte. L\u2019empi\u00e8cement peut \u00eatre enti\u00e8rement cousu ou simplement pli\u00e9 pour un effet de relief. La r\u00e9alisation de cette chemise est simple mais demande un peu de temps. Techniques expliqu\u00e9es\u2026","rel":"","context":"Similar post","block_context":{"text":"Similar post","link":""},"img":{"alt_text":"","src":"https:\/\/i0.wp.com\/www.nun-studio.com\/wp-content\/uploads\/2017\/01\/denver-kid-2.jpg?fit=998%2C1000&ssl=1&resize=350%2C200","width":350,"height":200,"srcset":"https:\/\/i0.wp.com\/www.nun-studio.com\/wp-content\/uploads\/2017\/01\/denver-kid-2.jpg?fit=998%2C1000&ssl=1&resize=350%2C200 1x, https:\/\/i0.wp.com\/www.nun-studio.com\/wp-content\/uploads\/2017\/01\/denver-kid-2.jpg?fit=998%2C1000&ssl=1&resize=525%2C300 1.5x, https:\/\/i0.wp.com\/www.nun-studio.com\/wp-content\/uploads\/2017\/01\/denver-kid-2.jpg?fit=998%2C1000&ssl=1&resize=700%2C400 2x"},"classes":[]},{"id":1911,"url":"https:\/\/www.nun-studio.com\/en\/produit\/patron-osaka-lady\/","url_meta":{"origin":1815,"position":1},"title":"OSAKA lady pattern","author":"Alma","date":"Thursday September 22nd, 2016","format":false,"excerpt":"pour celles qui aiment l'\u00e9pure... une tunique effet \"loose\" avec un empi\u00e8cement raffin\u00e9. description : tunique \u00e0 manches mi-longues avec empi\u00e8cement triangulaire \u00e0 l\u2019encolure. Deux longueurs sont possibles : effet \u00ab cropped \u00bb (court) ou normal. Un pas \u00e0 pas tr\u00e8s d\u00e9taill\u00e9 avec photos et textes vous est envoy\u00e9 en\u2026","rel":"","context":"Similar post","block_context":{"text":"Similar post","link":""},"img":{"alt_text":"","src":"https:\/\/i0.wp.com\/www.nun-studio.com\/wp-content\/uploads\/2016\/09\/osaka_lady-1.jpg?fit=998%2C1000&ssl=1&resize=350%2C200","width":350,"height":200,"srcset":"https:\/\/i0.wp.com\/www.nun-studio.com\/wp-content\/uploads\/2016\/09\/osaka_lady-1.jpg?fit=998%2C1000&ssl=1&resize=350%2C200 1x, https:\/\/i0.wp.com\/www.nun-studio.com\/wp-content\/uploads\/2016\/09\/osaka_lady-1.jpg?fit=998%2C1000&ssl=1&resize=525%2C300 1.5x, https:\/\/i0.wp.com\/www.nun-studio.com\/wp-content\/uploads\/2016\/09\/osaka_lady-1.jpg?fit=998%2C1000&ssl=1&resize=700%2C400 2x"},"classes":[]},{"id":1917,"url":"https:\/\/www.nun-studio.com\/en\/produit\/patron-philadelphie-teen-lady\/","url_meta":{"origin":1815,"position":2},"title":"PHILADELPHIE teen &amp; lady pattern","author":"Alma","date":"Thursday September 22nd, 2016","format":false,"excerpt":"Jupe avec empi\u00e8cement et pattes de boutonnages sur les hanches. Fermeture \u00e9clair sur un des c\u00f4t\u00e9s ; la pose du passepoil est facultative. TAILLES : 34(14ans)-36-38-40-42-44. Tissu conseill\u00e9 : lin, coton pour l'\u00e9t\u00e9 ; lainage fin pour l'hiver.\u00a0Fournitures : 2 boutons de 15mm de diam\u00e8tre, 2m de passepoil (facultatif), 1\u2026","rel":"","context":"Similar post","block_context":{"text":"Similar post","link":""},"img":{"alt_text":"","src":"https:\/\/i0.wp.com\/www.nun-studio.com\/wp-content\/uploads\/2016\/09\/philadelphie_teen_lady-1.jpg?fit=686%2C687&ssl=1&resize=350%2C200","width":350,"height":200,"srcset":"https:\/\/i0.wp.com\/www.nun-studio.com\/wp-content\/uploads\/2016\/09\/philadelphie_teen_lady-1.jpg?fit=686%2C687&ssl=1&resize=350%2C200 1x, https:\/\/i0.wp.com\/www.nun-studio.com\/wp-content\/uploads\/2016\/09\/philadelphie_teen_lady-1.jpg?fit=686%2C687&ssl=1&resize=525%2C300 1.5x"},"classes":[]},{"id":1830,"url":"https:\/\/www.nun-studio.com\/en\/produit\/patron-osaka-kid\/","url_meta":{"origin":1815,"position":3},"title":"OSAKA kid pattern","author":"Alma","date":"Wednesday September 21st, 2016","format":false,"excerpt":"description : tunique \u00e0 manches mi-longues effet loose, avec empi\u00e8cement triangulaire \u00e0 l\u2019encolure. Un pas \u00e0 pas tr\u00e8s d\u00e9taill\u00e9 avec photos et textes vous est envoy\u00e9 en pdf pour l\u2019empi\u00e8cement, qui est la seule chose un petit peu d\u00e9licate \u00e0 r\u00e9aliser. Le reste est extr\u00eamement simple et rapide. Si vous\u2026","rel":"","context":"Similar post","block_context":{"text":"Similar post","link":""},"img":{"alt_text":"","src":"https:\/\/i0.wp.com\/www.nun-studio.com\/wp-content\/uploads\/2016\/09\/osaka_kid-1.jpg?fit=1000%2C740&ssl=1&resize=350%2C200","width":350,"height":200,"srcset":"https:\/\/i0.wp.com\/www.nun-studio.com\/wp-content\/uploads\/2016\/09\/osaka_kid-1.jpg?fit=1000%2C740&ssl=1&resize=350%2C200 1x, https:\/\/i0.wp.com\/www.nun-studio.com\/wp-content\/uploads\/2016\/09\/osaka_kid-1.jpg?fit=1000%2C740&ssl=1&resize=525%2C300 1.5x, https:\/\/i0.wp.com\/www.nun-studio.com\/wp-content\/uploads\/2016\/09\/osaka_kid-1.jpg?fit=1000%2C740&ssl=1&resize=700%2C400 2x"},"classes":[]},{"id":1977,"url":"https:\/\/www.nun-studio.com\/en\/produit\/patron-volga-kid\/","url_meta":{"origin":1815,"position":4},"title":"VOLGA kid pattern","author":"Alma","date":"Friday September 23rd, 2016","format":false,"excerpt":"Manteau \u00e0 boutonnage double devant et manches l\u00e9g\u00e8rement bouffantes. D\u00e9tails : martingale au dos et pattes de boutonnage sur les manches ; poches prises dans les coutures c\u00f4t\u00e9s. Le mod\u00e8le ne n\u00e9cessite pas de faire des boutonni\u00e8res, certaines se font toutes seules dans les coutures des empi\u00e8cements, les autres sont\u2026","rel":"","context":"Similar post","block_context":{"text":"Similar post","link":""},"img":{"alt_text":"","src":"https:\/\/i0.wp.com\/www.nun-studio.com\/wp-content\/uploads\/2016\/09\/Volga-1.jpg?fit=1000%2C952&ssl=1&resize=350%2C200","width":350,"height":200,"srcset":"https:\/\/i0.wp.com\/www.nun-studio.com\/wp-content\/uploads\/2016\/09\/Volga-1.jpg?fit=1000%2C952&ssl=1&resize=350%2C200 1x, https:\/\/i0.wp.com\/www.nun-studio.com\/wp-content\/uploads\/2016\/09\/Volga-1.jpg?fit=1000%2C952&ssl=1&resize=525%2C300 1.5x, https:\/\/i0.wp.com\/www.nun-studio.com\/wp-content\/uploads\/2016\/09\/Volga-1.jpg?fit=1000%2C952&ssl=1&resize=700%2C400 2x"},"classes":[]},{"id":1712,"url":"https:\/\/www.nun-studio.com\/en\/produit\/patron-victoria-street-lady\/","url_meta":{"origin":1815,"position":5},"title":"pattern VICTORIA STREET lady","author":"Alma","date":"Tuesday September 20th, 2016","format":false,"excerpt":"Victoria street est une veste sans col \u00e0 volants et pattes passepoil\u00e9es soulignant la taille, avec une jolie martingale \u00e0 l'arri\u00e8re. Elle peut \u00eatre port\u00e9e chic ou mix\u00e9e avec un vestiaire preppy ou cool. Elle se ferme bord \u00e0 bord avec un crochet invisible et n'est pas doubl\u00e9e, ce qui\u2026","rel":"","context":"Similar post","block_context":{"text":"Similar post","link":""},"img":{"alt_text":"","src":"https:\/\/i0.wp.com\/www.nun-studio.com\/wp-content\/uploads\/2016\/09\/victoria_street_1.jpg?fit=1000%2C989&ssl=1&resize=350%2C200","width":350,"height":200,"srcset":"https:\/\/i0.wp.com\/www.nun-studio.com\/wp-content\/uploads\/2016\/09\/victoria_street_1.jpg?fit=1000%2C989&ssl=1&resize=350%2C200 1x, https:\/\/i0.wp.com\/www.nun-studio.com\/wp-content\/uploads\/2016\/09\/victoria_street_1.jpg?fit=1000%2C989&ssl=1&resize=525%2C300 1.5x, https:\/\/i0.wp.com\/www.nun-studio.com\/wp-content\/uploads\/2016\/09\/victoria_street_1.jpg?fit=1000%2C989&ssl=1&resize=700%2C400 2x"},"classes":[]}],"_links":{"self":[{"href":"https:\/\/www.nun-studio.com\/en\/wp-json\/wp\/v2\/product\/1815","targetHints":{"allow":["GET"]}}],"collection":[{"href":"https:\/\/www.nun-studio.com\/en\/wp-json\/wp\/v2\/product"}],"about":[{"href":"https:\/\/www.nun-studio.com\/en\/wp-json\/wp\/v2\/types\/product"}],"replies":[{"embeddable":true,"href":"https:\/\/www.nun-studio.com\/en\/wp-json\/wp\/v2\/comments?post=1815"}],"wp:featuredmedia":[{"embeddable":true,"href":"https:\/\/www.nun-studio.com\/en\/wp-json\/wp\/v2\/media\/1767"}],"wp:attachment":[{"href":"https:\/\/www.nun-studio.com\/en\/wp-json\/wp\/v2\/media?parent=1815"}],"wp:term":[{"taxonomy":"product_brand","embeddable":true,"href":"https:\/\/www.nun-studio.com\/en\/wp-json\/wp\/v2\/product_brand?post=1815"},{"taxonomy":"product_cat","embeddable":true,"href":"https:\/\/www.nun-studio.com\/en\/wp-json\/wp\/v2\/product_cat?post=1815"},{"taxonomy":"product_tag","embeddable":true,"href":"https:\/\/www.nun-studio.com\/en\/wp-json\/wp\/v2\/product_tag?post=1815"}],"curies":[{"name":"wp","href":"https:\/\/api.w.org\/{rel}","templated":true}]}}