{"id":1812,"date":"2016-09-21T14:15:09","date_gmt":"2016-09-21T13:15:09","guid":{"rendered":"https:\/\/www.nun-studio.com\/produit\/patron-copenhague\/"},"modified":"2022-04-06T06:43:14","modified_gmt":"2022-04-06T05:43:14","slug":"patron-copenhague","status":"publish","type":"product","link":"https:\/\/www.nun-studio.com\/en\/produit\/patron-copenhague\/","title":{"rendered":"CPENHAGUE pattern &#8211; 10A \u00e0 36"},"content":{"rendered":"<p class=\"qtranxs-available-languages-message qtranxs-available-languages-message-en\">Sorry, this entry is only available in <a href=\"https:\/\/www.nun-studio.com\/fr\/wp-json\/wp\/v2\/product\/1812\" class=\"qtranxs-available-language-link qtranxs-available-language-link-fr\" title=\"Fran\u00e7ais\">Fran\u00e7ais<\/a>.<\/p>","protected":false},"excerpt":{"rendered":"<p style=\"text-align: justify\">Robe \u00e0 manches kimono \u00e0 revers et empi\u00e8cement devant, nou\u00e9e \u00e0 la taille. ce mod\u00e8le est une version adolescente du patron <strong>Prague<\/strong> enfant. Niveau : facile.<\/p>\n<p style=\"text-align: justify\"><strong>TAILLES<\/strong> : 10ans &#8211; 12ans &#8211; 34 \/14ans &#8211; 36 \/ 16ans<\/p>\n<p style=\"text-align: justify\"><strong>Tissu conseill\u00e9<\/strong> : popeline, cotonnades diverses, lin, velours milleraies ou lainage fin.\u00a0<strong>M\u00e9trage tissu<\/strong> : 1.20 \u00e0 2m en 140 selon la taille.<\/p>\n<pre><strong>COMMANDE EN PREVENTE<\/strong> Veuillez noter que les commandes contenant cet article seront envoy\u00e9es \u00e0 partir du <strong>1er avril 2019<\/strong><\/pre>\n","protected":false},"featured_media":1763,"comment_status":"open","ping_status":"closed","template":"","meta":{"jetpack_post_was_ever_published":false,"jetpack_publicize_message":"","jetpack_publicize_feature_enabled":true,"jetpack_social_post_already_shared":true,"jetpack_social_options":{"image_generator_settings":{"template":"highway","default_image_id":0,"font":"","enabled":false},"version":2}},"product_brand":[],"product_cat":[100,67,41,60,40,86,134],"product_tag":[89,88],"class_list":{"0":"post-1812","1":"product","2":"type-product","3":"status-publish","4":"has-post-thumbnail","6":"product_cat-categorie1","7":"product_cat-patrons-cest-dimanche","8":"product_cat-patrons-enfant","9":"product_cat-patrons-femme","10":"product_cat-patrons-femme-et-enfant","11":"product_cat-soldes","12":"product_cat-soldes-patrons","13":"product_tag-patrons-adolescent","14":"product_tag-patrons-femme","15":"product_shipping_class-lettre","17":"first","18":"outofstock","19":"taxable","20":"shipping-taxable","21":"purchasable","22":"product-type-simple"},"jetpack_publicize_connections":[],"jetpack_sharing_enabled":true,"jetpack-related-posts":[{"id":2975,"url":"https:\/\/www.nun-studio.com\/en\/produit\/patron-syracuse-kid\/","url_meta":{"origin":1812,"position":0},"title":"pattern SYRACUSE kid","author":"Alma","date":"Tuesday February 14th, 2017","format":false,"excerpt":"Robe ou blouse bain de soleil \u00e0 plastron rond passepoil\u00e9, \u00e9lastiqu\u00e9e \u00e0 la poitrine et d\u00e9gageant les \u00e9paules. Facile et rapide \u00e0 r\u00e9aliser (la pose du passepoil est facultative). TAILLES : 4 ans, 6 ans, 8 ans et 10 ans. tissu conseill\u00e9 : voile de coton, plumetis, liberty, cotonnades diverses.\u2026","rel":"","context":"Similar post","block_context":{"text":"Similar post","link":""},"img":{"alt_text":"","src":"https:\/\/i0.wp.com\/www.nun-studio.com\/wp-content\/uploads\/2017\/02\/syracuse-1.jpg?fit=1000%2C1000&ssl=1&resize=350%2C200","width":350,"height":200,"srcset":"https:\/\/i0.wp.com\/www.nun-studio.com\/wp-content\/uploads\/2017\/02\/syracuse-1.jpg?fit=1000%2C1000&ssl=1&resize=350%2C200 1x, https:\/\/i0.wp.com\/www.nun-studio.com\/wp-content\/uploads\/2017\/02\/syracuse-1.jpg?fit=1000%2C1000&ssl=1&resize=525%2C300 1.5x, https:\/\/i0.wp.com\/www.nun-studio.com\/wp-content\/uploads\/2017\/02\/syracuse-1.jpg?fit=1000%2C1000&ssl=1&resize=700%2C400 2x"},"classes":[]},{"id":1920,"url":"https:\/\/www.nun-studio.com\/en\/produit\/patron-sofia-teen\/","url_meta":{"origin":1812,"position":1},"title":"SOFIA teen pattern","author":"Alma","date":"Thursday September 22nd, 2016","format":false,"excerpt":"Sur-blouse, \u00e0 porter sur le mod\u00e8le OSLO par exemple ; large d\u00e9collet\u00e9 et pli assym\u00e9trique sur le devant. Col doubl\u00e9 en tissu contrast\u00e9. Pas de syst\u00e8me de fermeture. 2 versions sont possibles (voir sch\u00e9mas). Niveau : facile. TAILLES : 34-36-38 Tissu conseill\u00e9 : coton ou lin, velours milleraies ; liberty\u2026","rel":"","context":"Similar post","block_context":{"text":"Similar post","link":""},"img":{"alt_text":"","src":"https:\/\/i0.wp.com\/www.nun-studio.com\/wp-content\/uploads\/2016\/09\/sofia-teen-1.jpg?fit=1000%2C1000&ssl=1&resize=350%2C200","width":350,"height":200,"srcset":"https:\/\/i0.wp.com\/www.nun-studio.com\/wp-content\/uploads\/2016\/09\/sofia-teen-1.jpg?fit=1000%2C1000&ssl=1&resize=350%2C200 1x, https:\/\/i0.wp.com\/www.nun-studio.com\/wp-content\/uploads\/2016\/09\/sofia-teen-1.jpg?fit=1000%2C1000&ssl=1&resize=525%2C300 1.5x, https:\/\/i0.wp.com\/www.nun-studio.com\/wp-content\/uploads\/2016\/09\/sofia-teen-1.jpg?fit=1000%2C1000&ssl=1&resize=700%2C400 2x"},"classes":[]},{"id":1817,"url":"https:\/\/www.nun-studio.com\/en\/produit\/patron-dublin-lady\/","url_meta":{"origin":1812,"position":2},"title":"DUBLIN lady pattern","author":"Alma","date":"Wednesday September 21st, 2016","format":false,"excerpt":"Vareuse pour femme ou jeune fille \u00e0 col rond et plis plats, fendue devant, avec patte de boutonnage, manches 3\/4 et revers en tissu contrast\u00e9. TAILLES : 34-36-38-40-42-44 TISSU CONSEILLE : lin ou coton pour l'\u00e9t\u00e9, \u00e9pais ou fin selon le rendu souhait\u00e9, lainage plut\u00f4t souple pour l'hiver. Niveau :\u2026","rel":"","context":"Similar post","block_context":{"text":"Similar post","link":""},"img":{"alt_text":"","src":"https:\/\/i0.wp.com\/www.nun-studio.com\/wp-content\/uploads\/2016\/09\/dublin_lady-1.jpg?fit=1000%2C1000&ssl=1&resize=350%2C200","width":350,"height":200,"srcset":"https:\/\/i0.wp.com\/www.nun-studio.com\/wp-content\/uploads\/2016\/09\/dublin_lady-1.jpg?fit=1000%2C1000&ssl=1&resize=350%2C200 1x, https:\/\/i0.wp.com\/www.nun-studio.com\/wp-content\/uploads\/2016\/09\/dublin_lady-1.jpg?fit=1000%2C1000&ssl=1&resize=525%2C300 1.5x, https:\/\/i0.wp.com\/www.nun-studio.com\/wp-content\/uploads\/2016\/09\/dublin_lady-1.jpg?fit=1000%2C1000&ssl=1&resize=700%2C400 2x"},"classes":[]},{"id":2638,"url":"https:\/\/www.nun-studio.com\/en\/produit\/patron-oberweiden-kid\/","url_meta":{"origin":1812,"position":3},"title":"pattern OBERWEIDEN  kid","author":"Alma","date":"Saturday January 21st, 2017","format":false,"excerpt":"veste mixte (gar\u00e7on\/fille) de demi-saison avec faux revers de col tailleur et patte de boutonnage rapport\u00e9e passepoil\u00e9e, pli creux au dos et bas tr\u00e8s l\u00e9g\u00e8rement en queue de pie. Une version moins \u00e9vas\u00e9e est pr\u00e9vue pour un c\u00f4t\u00e9 plus masculin. La veste est doubl\u00e9e et n\u2019est pas con\u00e7ue pour se\u2026","rel":"","context":"Similar post","block_context":{"text":"Similar post","link":""},"img":{"alt_text":"","src":"https:\/\/i0.wp.com\/www.nun-studio.com\/wp-content\/uploads\/2017\/01\/oberweiden-1.jpg?fit=1000%2C1000&ssl=1&resize=350%2C200","width":350,"height":200,"srcset":"https:\/\/i0.wp.com\/www.nun-studio.com\/wp-content\/uploads\/2017\/01\/oberweiden-1.jpg?fit=1000%2C1000&ssl=1&resize=350%2C200 1x, https:\/\/i0.wp.com\/www.nun-studio.com\/wp-content\/uploads\/2017\/01\/oberweiden-1.jpg?fit=1000%2C1000&ssl=1&resize=525%2C300 1.5x, https:\/\/i0.wp.com\/www.nun-studio.com\/wp-content\/uploads\/2017\/01\/oberweiden-1.jpg?fit=1000%2C1000&ssl=1&resize=700%2C400 2x"},"classes":[]},{"id":1911,"url":"https:\/\/www.nun-studio.com\/en\/produit\/patron-osaka-lady\/","url_meta":{"origin":1812,"position":4},"title":"OSAKA lady pattern","author":"Alma","date":"Thursday September 22nd, 2016","format":false,"excerpt":"pour celles qui aiment l'\u00e9pure... une tunique effet \"loose\" avec un empi\u00e8cement raffin\u00e9. description : tunique \u00e0 manches mi-longues avec empi\u00e8cement triangulaire \u00e0 l\u2019encolure. Deux longueurs sont possibles : effet \u00ab cropped \u00bb (court) ou normal. Un pas \u00e0 pas tr\u00e8s d\u00e9taill\u00e9 avec photos et textes vous est envoy\u00e9 en\u2026","rel":"","context":"Similar post","block_context":{"text":"Similar post","link":""},"img":{"alt_text":"","src":"https:\/\/i0.wp.com\/www.nun-studio.com\/wp-content\/uploads\/2016\/09\/osaka_lady-1.jpg?fit=998%2C1000&ssl=1&resize=350%2C200","width":350,"height":200,"srcset":"https:\/\/i0.wp.com\/www.nun-studio.com\/wp-content\/uploads\/2016\/09\/osaka_lady-1.jpg?fit=998%2C1000&ssl=1&resize=350%2C200 1x, https:\/\/i0.wp.com\/www.nun-studio.com\/wp-content\/uploads\/2016\/09\/osaka_lady-1.jpg?fit=998%2C1000&ssl=1&resize=525%2C300 1.5x, https:\/\/i0.wp.com\/www.nun-studio.com\/wp-content\/uploads\/2016\/09\/osaka_lady-1.jpg?fit=998%2C1000&ssl=1&resize=700%2C400 2x"},"classes":[]},{"id":1693,"url":"https:\/\/www.nun-studio.com\/en\/produit\/patron-roma-kid\/","url_meta":{"origin":1812,"position":5},"title":"ROMA kid pattern","author":"Alma","date":"Tuesday September 20th, 2016","format":false,"excerpt":"NEW ! this pattern is now available with ENGLISH TEXTS. Just note that the packaging is in french. description : sleeveless, belted dress with yoke of front collar, which can be worn in 2 different positions (peter pan collar ou V-neck, see the last picture). The bodice is completely lined\u2026","rel":"","context":"Similar post","block_context":{"text":"Similar post","link":""},"img":{"alt_text":"","src":"https:\/\/i0.wp.com\/www.nun-studio.com\/wp-content\/uploads\/2016\/09\/roma_kid-2.jpg?fit=542%2C542&ssl=1&resize=350%2C200","width":350,"height":200,"srcset":"https:\/\/i0.wp.com\/www.nun-studio.com\/wp-content\/uploads\/2016\/09\/roma_kid-2.jpg?fit=542%2C542&ssl=1&resize=350%2C200 1x, https:\/\/i0.wp.com\/www.nun-studio.com\/wp-content\/uploads\/2016\/09\/roma_kid-2.jpg?fit=542%2C542&ssl=1&resize=525%2C300 1.5x"},"classes":[]}],"_links":{"self":[{"href":"https:\/\/www.nun-studio.com\/en\/wp-json\/wp\/v2\/product\/1812","targetHints":{"allow":["GET"]}}],"collection":[{"href":"https:\/\/www.nun-studio.com\/en\/wp-json\/wp\/v2\/product"}],"about":[{"href":"https:\/\/www.nun-studio.com\/en\/wp-json\/wp\/v2\/types\/product"}],"replies":[{"embeddable":true,"href":"https:\/\/www.nun-studio.com\/en\/wp-json\/wp\/v2\/comments?post=1812"}],"wp:featuredmedia":[{"embeddable":true,"href":"https:\/\/www.nun-studio.com\/en\/wp-json\/wp\/v2\/media\/1763"}],"wp:attachment":[{"href":"https:\/\/www.nun-studio.com\/en\/wp-json\/wp\/v2\/media?parent=1812"}],"wp:term":[{"taxonomy":"product_brand","embeddable":true,"href":"https:\/\/www.nun-studio.com\/en\/wp-json\/wp\/v2\/product_brand?post=1812"},{"taxonomy":"product_cat","embeddable":true,"href":"https:\/\/www.nun-studio.com\/en\/wp-json\/wp\/v2\/product_cat?post=1812"},{"taxonomy":"product_tag","embeddable":true,"href":"https:\/\/www.nun-studio.com\/en\/wp-json\/wp\/v2\/product_tag?post=1812"}],"curies":[{"name":"wp","href":"https:\/\/api.w.org\/{rel}","templated":true}]}}