{"id":1811,"date":"2016-09-21T14:08:07","date_gmt":"2016-09-21T13:08:07","guid":{"rendered":"https:\/\/www.nun-studio.com\/produit\/patron-charleston-kid\/"},"modified":"2022-08-30T09:58:30","modified_gmt":"2022-08-30T08:58:30","slug":"patron-charleston-kid","status":"publish","type":"product","link":"https:\/\/www.nun-studio.com\/en\/produit\/patron-charleston-kid\/","title":{"rendered":"CHARLESTON kid pattern"},"content":{"rendered":"<p class=\"qtranxs-available-languages-message qtranxs-available-languages-message-en\">Sorry, this entry is only available in <a href=\"https:\/\/www.nun-studio.com\/fr\/wp-json\/wp\/v2\/product\/1811\" class=\"qtranxs-available-language-link qtranxs-available-language-link-fr\" title=\"Fran\u00e7ais\">Fran\u00e7ais<\/a>.<\/p>","protected":false},"excerpt":{"rendered":"<p style=\"text-align: justify\">Tablier \u00e0 porter en superposition,\u00a0sp\u00e9cialement con\u00e7u pour \u00eatre port\u00e9 sur le mod\u00e8le <strong>OSLO<\/strong> rallong\u00e9 en robe.\u00a0Deux grandes poches lat\u00e9rales \u00e0 rabats pour le c\u00f4t\u00e9 pratique du tablier.\u00a0Vous pourrez choisir entre une version &#8220;soleil&#8221; et une version &#8220;boule&#8221; (les 2 sont incluses dans le patron). Tr\u00e8s craquant aussi avec un jean !\u00a0<strong>Niveau<\/strong> : facile techniquement, en prenant son temps pour les poches, qui sont simples \u00e0 monter mais selon un ordre pr\u00e9cis.<\/p>\n<p style=\"text-align: justify\"><strong>TAILLES<\/strong> : 2-4-6-8-10 ans<\/p>\n","protected":false},"featured_media":1756,"comment_status":"open","ping_status":"closed","template":"","meta":{"jetpack_post_was_ever_published":false,"jetpack_publicize_message":"","jetpack_publicize_feature_enabled":true,"jetpack_social_post_already_shared":true,"jetpack_social_options":{"image_generator_settings":{"template":"highway","default_image_id":0,"font":"","enabled":false},"version":2}},"product_brand":[],"product_cat":[100,67,41,40,86,134],"product_tag":[91],"class_list":{"0":"post-1811","1":"product","2":"type-product","3":"status-publish","4":"has-post-thumbnail","6":"product_cat-categorie1","7":"product_cat-patrons-cest-dimanche","8":"product_cat-patrons-enfant","9":"product_cat-patrons-femme-et-enfant","10":"product_cat-soldes","11":"product_cat-soldes-patrons","12":"product_tag-patrons-enfant","13":"product_shipping_class-lettre","15":"first","16":"instock","17":"purchasable","18":"product-type-simple"},"jetpack_publicize_connections":[],"jetpack_sharing_enabled":true,"jetpack-related-posts":[{"id":2867,"url":"https:\/\/www.nun-studio.com\/en\/produit\/patron-deauville-kid\/","url_meta":{"origin":1811,"position":0},"title":"DEAUVILLE kid pattern","author":"Alma","date":"Sunday February 12th, 2017","format":false,"excerpt":"description : short \u00e0 plis passepoil\u00e9s et revers, poches italiennes fantaisies, ceinture \u00e9lastiqu\u00e9e. TAILLES : 2 ans, 4 ans, 6 ans et 8 ans. tissu conseill\u00e9 : lin, lainage fin, velours milleraies. 1 chute de tissu assorti plus fin (cotonnade, liberty, voile de coton) pour les fonds de poche. La\u2026","rel":"","context":"Similar post","block_context":{"text":"Similar post","link":""},"img":{"alt_text":"","src":"https:\/\/i0.wp.com\/www.nun-studio.com\/wp-content\/uploads\/2017\/02\/deauville-2.jpg?fit=1000%2C822&ssl=1&resize=350%2C200","width":350,"height":200,"srcset":"https:\/\/i0.wp.com\/www.nun-studio.com\/wp-content\/uploads\/2017\/02\/deauville-2.jpg?fit=1000%2C822&ssl=1&resize=350%2C200 1x, https:\/\/i0.wp.com\/www.nun-studio.com\/wp-content\/uploads\/2017\/02\/deauville-2.jpg?fit=1000%2C822&ssl=1&resize=525%2C300 1.5x, https:\/\/i0.wp.com\/www.nun-studio.com\/wp-content\/uploads\/2017\/02\/deauville-2.jpg?fit=1000%2C822&ssl=1&resize=700%2C400 2x"},"classes":[]},{"id":1711,"url":"https:\/\/www.nun-studio.com\/en\/produit\/patron-beltsy-kid\/","url_meta":{"origin":1811,"position":1},"title":"BELTSY kid pattern","author":"Alma","date":"Tuesday September 20th, 2016","format":false,"excerpt":"Robe \u00e0 manches longues fronc\u00e9es au poignet, empi\u00e8cement arrondi devant et dos et poches fantaisie. La pose du passepoil est facultative. Une version b\u00e9b\u00e9 est aussi disponible. Niveau : facile sans les poches, un peu plus long avec les poches. TAILLES : 4 ans, 6 ans, 8 ans et 10\u2026","rel":"","context":"Similar post","block_context":{"text":"Similar post","link":""},"img":{"alt_text":"","src":"https:\/\/i0.wp.com\/www.nun-studio.com\/wp-content\/uploads\/2016\/09\/beltsy_kid-1jpg.jpg?fit=600%2C600&ssl=1&resize=350%2C200","width":350,"height":200,"srcset":"https:\/\/i0.wp.com\/www.nun-studio.com\/wp-content\/uploads\/2016\/09\/beltsy_kid-1jpg.jpg?fit=600%2C600&ssl=1&resize=350%2C200 1x, https:\/\/i0.wp.com\/www.nun-studio.com\/wp-content\/uploads\/2016\/09\/beltsy_kid-1jpg.jpg?fit=600%2C600&ssl=1&resize=525%2C300 1.5x"},"classes":[]},{"id":1916,"url":"https:\/\/www.nun-studio.com\/en\/produit\/patron-philadelphie-kid\/","url_meta":{"origin":1811,"position":2},"title":"PHILADELPHIE kid pattern","author":"Alma","date":"Thursday September 22nd, 2016","format":false,"excerpt":"Jupe \u00e9lastiqu\u00e9e au dos (avec passepoil ou non). 2 versions sont possibles : une avec pattes de boutonnage d\u00e9coratives sur les hanches, et l'autre avec larges poches lat\u00e9rales. TAILLES : 2-4-6-8-10 ans Tissu conseill\u00e9 : lin, coton, lainage fin pour l'hiver. M\u00e9trage n\u00e9cessaire : 0.60 \u00e0 0.75m en 140 selon\u2026","rel":"","context":"Similar post","block_context":{"text":"Similar post","link":""},"img":{"alt_text":"","src":"https:\/\/i0.wp.com\/www.nun-studio.com\/wp-content\/uploads\/2016\/09\/philadelphie_kid-1.jpg?fit=816%2C816&ssl=1&resize=350%2C200","width":350,"height":200,"srcset":"https:\/\/i0.wp.com\/www.nun-studio.com\/wp-content\/uploads\/2016\/09\/philadelphie_kid-1.jpg?fit=816%2C816&ssl=1&resize=350%2C200 1x, https:\/\/i0.wp.com\/www.nun-studio.com\/wp-content\/uploads\/2016\/09\/philadelphie_kid-1.jpg?fit=816%2C816&ssl=1&resize=525%2C300 1.5x, https:\/\/i0.wp.com\/www.nun-studio.com\/wp-content\/uploads\/2016\/09\/philadelphie_kid-1.jpg?fit=816%2C816&ssl=1&resize=700%2C400 2x"},"classes":[]},{"id":2638,"url":"https:\/\/www.nun-studio.com\/en\/produit\/patron-oberweiden-kid\/","url_meta":{"origin":1811,"position":3},"title":"pattern OBERWEIDEN  kid","author":"Alma","date":"Saturday January 21st, 2017","format":false,"excerpt":"veste mixte (gar\u00e7on\/fille) de demi-saison avec faux revers de col tailleur et patte de boutonnage rapport\u00e9e passepoil\u00e9e, pli creux au dos et bas tr\u00e8s l\u00e9g\u00e8rement en queue de pie. Une version moins \u00e9vas\u00e9e est pr\u00e9vue pour un c\u00f4t\u00e9 plus masculin. La veste est doubl\u00e9e et n\u2019est pas con\u00e7ue pour se\u2026","rel":"","context":"Similar post","block_context":{"text":"Similar post","link":""},"img":{"alt_text":"","src":"https:\/\/i0.wp.com\/www.nun-studio.com\/wp-content\/uploads\/2017\/01\/oberweiden-1.jpg?fit=1000%2C1000&ssl=1&resize=350%2C200","width":350,"height":200,"srcset":"https:\/\/i0.wp.com\/www.nun-studio.com\/wp-content\/uploads\/2017\/01\/oberweiden-1.jpg?fit=1000%2C1000&ssl=1&resize=350%2C200 1x, https:\/\/i0.wp.com\/www.nun-studio.com\/wp-content\/uploads\/2017\/01\/oberweiden-1.jpg?fit=1000%2C1000&ssl=1&resize=525%2C300 1.5x, https:\/\/i0.wp.com\/www.nun-studio.com\/wp-content\/uploads\/2017\/01\/oberweiden-1.jpg?fit=1000%2C1000&ssl=1&resize=700%2C400 2x"},"classes":[]},{"id":1913,"url":"https:\/\/www.nun-studio.com\/en\/produit\/patron-paris-kid\/","url_meta":{"origin":1811,"position":4},"title":"PARIS kid pattern","author":"Alma","date":"Thursday September 22nd, 2016","format":false,"excerpt":"D\u00e9licieuse petite robe vintage avec plastron et fausses poches, empi\u00e8cement jupe \u00e0 pli creux. Niveau\u00a0: facile TAILLES : 2\/4 ans, 4\/6 ans, 6\/8 ans, 8\/10 ans M\u00e9trage n\u00e9cessaire en 140 : 1.20m. M\u00e9trage n\u00e9cessaire en 110 :\u00a01,40m","rel":"","context":"Similar post","block_context":{"text":"Similar post","link":""},"img":{"alt_text":"","src":"https:\/\/i0.wp.com\/www.nun-studio.com\/wp-content\/uploads\/2016\/09\/paris-1.jpg?fit=1000%2C999&ssl=1&resize=350%2C200","width":350,"height":200,"srcset":"https:\/\/i0.wp.com\/www.nun-studio.com\/wp-content\/uploads\/2016\/09\/paris-1.jpg?fit=1000%2C999&ssl=1&resize=350%2C200 1x, https:\/\/i0.wp.com\/www.nun-studio.com\/wp-content\/uploads\/2016\/09\/paris-1.jpg?fit=1000%2C999&ssl=1&resize=525%2C300 1.5x, https:\/\/i0.wp.com\/www.nun-studio.com\/wp-content\/uploads\/2016\/09\/paris-1.jpg?fit=1000%2C999&ssl=1&resize=700%2C400 2x"},"classes":[]},{"id":1983,"url":"https:\/\/www.nun-studio.com\/en\/produit\/supplement-dublin-kid-lady\/","url_meta":{"origin":1811,"position":5},"title":"suppl\u00e9ment DUBLIN kid &amp; lady","author":"Alma","date":"Friday September 23rd, 2016","format":false,"excerpt":"Suppl\u00e9ment au patron DUBLIN\u00a0kid & au patron DUBLIN lady pour r\u00e9aliser une veste \u00e0 col rond et plis plats, boutonn\u00e9e ou ferm\u00e9e par un noeud. Le suppl\u00e9ment permet de r\u00e9aliser les 2 VERSIONS visibles sur les sch\u00e9mas. Ce suppl\u00e9ment n\u00e9cessite le patron DUBLIN (kid ou lady) pour pouvoir r\u00e9aliser le\u2026","rel":"","context":"Similar post","block_context":{"text":"Similar post","link":""},"img":{"alt_text":"","src":"https:\/\/i0.wp.com\/www.nun-studio.com\/wp-content\/uploads\/2016\/09\/supplement_dublin-1.jpg?fit=300%2C300&ssl=1&resize=350%2C200","width":350,"height":200},"classes":[]}],"_links":{"self":[{"href":"https:\/\/www.nun-studio.com\/en\/wp-json\/wp\/v2\/product\/1811","targetHints":{"allow":["GET"]}}],"collection":[{"href":"https:\/\/www.nun-studio.com\/en\/wp-json\/wp\/v2\/product"}],"about":[{"href":"https:\/\/www.nun-studio.com\/en\/wp-json\/wp\/v2\/types\/product"}],"replies":[{"embeddable":true,"href":"https:\/\/www.nun-studio.com\/en\/wp-json\/wp\/v2\/comments?post=1811"}],"wp:featuredmedia":[{"embeddable":true,"href":"https:\/\/www.nun-studio.com\/en\/wp-json\/wp\/v2\/media\/1756"}],"wp:attachment":[{"href":"https:\/\/www.nun-studio.com\/en\/wp-json\/wp\/v2\/media?parent=1811"}],"wp:term":[{"taxonomy":"product_brand","embeddable":true,"href":"https:\/\/www.nun-studio.com\/en\/wp-json\/wp\/v2\/product_brand?post=1811"},{"taxonomy":"product_cat","embeddable":true,"href":"https:\/\/www.nun-studio.com\/en\/wp-json\/wp\/v2\/product_cat?post=1811"},{"taxonomy":"product_tag","embeddable":true,"href":"https:\/\/www.nun-studio.com\/en\/wp-json\/wp\/v2\/product_tag?post=1811"}],"curies":[{"name":"wp","href":"https:\/\/api.w.org\/{rel}","templated":true}]}}