{"id":1738,"date":"2016-09-20T18:17:35","date_gmt":"2016-09-20T17:17:35","guid":{"rendered":"https:\/\/www.nun-studio.com\/produit\/kit-chalet-cocooning-luge\/"},"modified":"2024-12-03T19:15:03","modified_gmt":"2024-12-03T18:15:03","slug":"kit-chalet-cocooning-luge","status":"publish","type":"product","link":"https:\/\/www.nun-studio.com\/en\/produit\/kit-chalet-cocooning-luge\/","title":{"rendered":"kit chalet cocooning  &amp; luge"},"content":{"rendered":"<p class=\"qtranxs-available-languages-message qtranxs-available-languages-message-en\">Sorry, this entry is only available in <a href=\"https:\/\/www.nun-studio.com\/fr\/wp-json\/wp\/v2\/product\/1738\" class=\"qtranxs-available-language-link qtranxs-available-language-link-fr\" title=\"Fran\u00e7ais\">Fran\u00e7ais<\/a>.<\/p>","protected":false},"excerpt":{"rendered":"<p class=\"qtranxs-available-languages-message qtranxs-available-languages-message-en\">Sorry, this entry is only available in <a href=\"https:\/\/www.nun-studio.com\/fr\/wp-json\/wp\/v2\/product\/1738\" class=\"qtranxs-available-language-link qtranxs-available-language-link-fr\" title=\"Fran\u00e7ais\">Fran\u00e7ais<\/a>.<\/p>\n","protected":false},"featured_media":2045,"comment_status":"open","ping_status":"closed","template":"","meta":{"jetpack_post_was_ever_published":false,"jetpack_publicize_message":"","jetpack_publicize_feature_enabled":true,"jetpack_social_post_already_shared":true,"jetpack_social_options":{"image_generator_settings":{"template":"highway","default_image_id":0,"font":"","enabled":false},"version":2}},"product_brand":[],"product_cat":[100,26,136,78,111],"product_tag":[69,70],"class_list":{"0":"post-1738","1":"product","2":"type-product","3":"status-publish","4":"has-post-thumbnail","6":"product_cat-categorie1","7":"product_cat-kits-poupee","8":"product_cat-poupee-ambre-anatole","9":"product_cat-mobilier-poupee-brune","10":"product_cat-poupee-brune","11":"product_tag-deco-poupees","12":"product_tag-meubles-poupees","13":"product_shipping_class-colis","15":"first","16":"instock","17":"taxable","18":"shipping-taxable","19":"purchasable","20":"product-type-simple"},"jetpack_publicize_connections":[],"jetpack_sharing_enabled":true,"jetpack-related-posts":[{"id":1715,"url":"https:\/\/www.nun-studio.com\/en\/produit\/kit-machine-mercerie-brune\/","url_meta":{"origin":1738,"position":0},"title":"(Fran\u00e7ais) KIT machine &#038; mercerie (taille poup\u00e9e Brune)","author":"Alma","date":"Tuesday September 20th, 2016","format":false,"excerpt":"Sorry, this entry is only available in Fran\u00e7ais.","rel":"","context":"Similar post","block_context":{"text":"Similar post","link":""},"img":{"alt_text":"","src":"https:\/\/i0.wp.com\/www.nun-studio.com\/wp-content\/uploads\/2016\/09\/P1110344BRED.jpg?fit=599%2C600&ssl=1&resize=350%2C200","width":350,"height":200,"srcset":"https:\/\/i0.wp.com\/www.nun-studio.com\/wp-content\/uploads\/2016\/09\/P1110344BRED.jpg?fit=599%2C600&ssl=1&resize=350%2C200 1x, https:\/\/i0.wp.com\/www.nun-studio.com\/wp-content\/uploads\/2016\/09\/P1110344BRED.jpg?fit=599%2C600&ssl=1&resize=525%2C300 1.5x"},"classes":[]},{"id":2294,"url":"https:\/\/www.nun-studio.com\/en\/produit\/kit-duffle-coat-rouille-poupee-brune\/","url_meta":{"origin":1738,"position":1},"title":"KIT duffle coat (pattern and notions)  BLEU MARINE &#8211; poup\u00e9e BRUNE","author":"Alma","date":"Monday November 28th, 2016","format":false,"excerpt":"Ce KIT complet contient tout le mat\u00e9riel n\u00e9cessaire pour r\u00e9aliser ce joli manteau : le patron, les explications de montage, la feutrine (tr\u00e8s belle qualit\u00e9), les attaches & boutons, ainsi que\u00a0le \"tag\" monogramme pour orner la poche. Le niveau de couture requis est interm\u00e9diaire \/\u00a0un peu minutieux sans \u00eatre technique\u2026","rel":"","context":"Similar post","block_context":{"text":"Similar post","link":""},"img":{"alt_text":"","src":"https:\/\/i0.wp.com\/www.nun-studio.com\/wp-content\/uploads\/2016\/11\/kitmanteau.jpg?fit=1182%2C1182&ssl=1&resize=350%2C200","width":350,"height":200,"srcset":"https:\/\/i0.wp.com\/www.nun-studio.com\/wp-content\/uploads\/2016\/11\/kitmanteau.jpg?fit=1182%2C1182&ssl=1&resize=350%2C200 1x, https:\/\/i0.wp.com\/www.nun-studio.com\/wp-content\/uploads\/2016\/11\/kitmanteau.jpg?fit=1182%2C1182&ssl=1&resize=525%2C300 1.5x, https:\/\/i0.wp.com\/www.nun-studio.com\/wp-content\/uploads\/2016\/11\/kitmanteau.jpg?fit=1182%2C1182&ssl=1&resize=700%2C400 2x, https:\/\/i0.wp.com\/www.nun-studio.com\/wp-content\/uploads\/2016\/11\/kitmanteau.jpg?fit=1182%2C1182&ssl=1&resize=1050%2C600 3x"},"classes":[]},{"id":1697,"url":"https:\/\/www.nun-studio.com\/en\/produit\/kit-cheminee-4-modules-forme-conique\/","url_meta":{"origin":1738,"position":2},"title":"(Copie) (Copie) (Copie) (Copie)","author":"Alma","date":"Tuesday September 20th, 2016","format":false,"excerpt":"Sorry, this entry is only available in Fran\u00e7ais.","rel":"","context":"Similar post","block_context":{"text":"Similar post","link":""},"img":{"alt_text":"","src":"https:\/\/i0.wp.com\/www.nun-studio.com\/wp-content\/uploads\/2016\/12\/PAGEeREDa.jpg?fit=975%2C649&ssl=1&resize=350%2C200","width":350,"height":200,"srcset":"https:\/\/i0.wp.com\/www.nun-studio.com\/wp-content\/uploads\/2016\/12\/PAGEeREDa.jpg?fit=975%2C649&ssl=1&resize=350%2C200 1x, https:\/\/i0.wp.com\/www.nun-studio.com\/wp-content\/uploads\/2016\/12\/PAGEeREDa.jpg?fit=975%2C649&ssl=1&resize=525%2C300 1.5x, https:\/\/i0.wp.com\/www.nun-studio.com\/wp-content\/uploads\/2016\/12\/PAGEeREDa.jpg?fit=975%2C649&ssl=1&resize=700%2C400 2x"},"classes":[]},{"id":545,"url":"https:\/\/www.nun-studio.com\/en\/produit\/kit-poupee-brune-livre-coloris-d\/","url_meta":{"origin":1738,"position":3},"title":"(Copier) (Copier)","author":"Alma","date":"Monday March 14th, 2016","format":false,"excerpt":"Sorry, this entry is only available in Fran\u00e7ais.","rel":"","context":"Similar post","block_context":{"text":"Similar post","link":""},"img":{"alt_text":"","src":"https:\/\/i0.wp.com\/www.nun-studio.com\/wp-content\/uploads\/2016\/04\/kitA_2b.jpg?fit=800%2C801&ssl=1&resize=350%2C200","width":350,"height":200,"srcset":"https:\/\/i0.wp.com\/www.nun-studio.com\/wp-content\/uploads\/2016\/04\/kitA_2b.jpg?fit=800%2C801&ssl=1&resize=350%2C200 1x, https:\/\/i0.wp.com\/www.nun-studio.com\/wp-content\/uploads\/2016\/04\/kitA_2b.jpg?fit=800%2C801&ssl=1&resize=525%2C300 1.5x, https:\/\/i0.wp.com\/www.nun-studio.com\/wp-content\/uploads\/2016\/04\/kitA_2b.jpg?fit=800%2C801&ssl=1&resize=700%2C400 2x"},"classes":[]},{"id":4041,"url":"https:\/\/www.nun-studio.com\/en\/produit\/kit-tenue-arbres-collab-studio-walkie-talkie\/","url_meta":{"origin":1738,"position":4},"title":"&#8221;trees&#8221; outfit kit &#8211; BRUNE doll","author":"Alma","date":"Sunday October  8th, 2017","format":false,"excerpt":"Ce KIT \u00a0contient tout le mat\u00e9riel n\u00e9cessaire pour r\u00e9aliser cette tenue, hormis les explications de montage et le patron de la poup\u00e9e et de certains v\u00eatements, que vous trouverez dans le livre \u00ab\u00a0Poup\u00e9e \u00e0 coudre, exercices de style \u00bb disponible ICI.\u00a0D\u00e9couvrez les d\u00e9tails du kit ci-dessous. KIT TENUE EXCLUSIF :\u2026","rel":"","context":"Similar post","block_context":{"text":"Similar post","link":""},"img":{"alt_text":"","src":"https:\/\/i0.wp.com\/www.nun-studio.com\/wp-content\/uploads\/2017\/10\/tenue-arbres-nunstudio-brune-1-scaled.jpg?fit=762%2C1200&ssl=1&resize=350%2C200","width":350,"height":200,"srcset":"https:\/\/i0.wp.com\/www.nun-studio.com\/wp-content\/uploads\/2017\/10\/tenue-arbres-nunstudio-brune-1-scaled.jpg?fit=762%2C1200&ssl=1&resize=350%2C200 1x, https:\/\/i0.wp.com\/www.nun-studio.com\/wp-content\/uploads\/2017\/10\/tenue-arbres-nunstudio-brune-1-scaled.jpg?fit=762%2C1200&ssl=1&resize=525%2C300 1.5x, https:\/\/i0.wp.com\/www.nun-studio.com\/wp-content\/uploads\/2017\/10\/tenue-arbres-nunstudio-brune-1-scaled.jpg?fit=762%2C1200&ssl=1&resize=700%2C400 2x"},"classes":[]},{"id":1716,"url":"https:\/\/www.nun-studio.com\/en\/produit\/kit-machine-mercerie-angele-anastasia\/","url_meta":{"origin":1738,"position":5},"title":"(Copie) (Copie) (Copie) (Copie) (Copie)","author":"Alma","date":"Tuesday September 20th, 2016","format":false,"excerpt":"Sorry, this entry is only available in Fran\u00e7ais.","rel":"","context":"Similar post","block_context":{"text":"Similar post","link":""},"img":{"alt_text":"","src":"https:\/\/i0.wp.com\/www.nun-studio.com\/wp-content\/uploads\/2016\/09\/P1110344BRED.jpg?fit=599%2C600&ssl=1&resize=350%2C200","width":350,"height":200,"srcset":"https:\/\/i0.wp.com\/www.nun-studio.com\/wp-content\/uploads\/2016\/09\/P1110344BRED.jpg?fit=599%2C600&ssl=1&resize=350%2C200 1x, https:\/\/i0.wp.com\/www.nun-studio.com\/wp-content\/uploads\/2016\/09\/P1110344BRED.jpg?fit=599%2C600&ssl=1&resize=525%2C300 1.5x"},"classes":[]}],"_links":{"self":[{"href":"https:\/\/www.nun-studio.com\/en\/wp-json\/wp\/v2\/product\/1738","targetHints":{"allow":["GET"]}}],"collection":[{"href":"https:\/\/www.nun-studio.com\/en\/wp-json\/wp\/v2\/product"}],"about":[{"href":"https:\/\/www.nun-studio.com\/en\/wp-json\/wp\/v2\/types\/product"}],"replies":[{"embeddable":true,"href":"https:\/\/www.nun-studio.com\/en\/wp-json\/wp\/v2\/comments?post=1738"}],"wp:featuredmedia":[{"embeddable":true,"href":"https:\/\/www.nun-studio.com\/en\/wp-json\/wp\/v2\/media\/2045"}],"wp:attachment":[{"href":"https:\/\/www.nun-studio.com\/en\/wp-json\/wp\/v2\/media?parent=1738"}],"wp:term":[{"taxonomy":"product_brand","embeddable":true,"href":"https:\/\/www.nun-studio.com\/en\/wp-json\/wp\/v2\/product_brand?post=1738"},{"taxonomy":"product_cat","embeddable":true,"href":"https:\/\/www.nun-studio.com\/en\/wp-json\/wp\/v2\/product_cat?post=1738"},{"taxonomy":"product_tag","embeddable":true,"href":"https:\/\/www.nun-studio.com\/en\/wp-json\/wp\/v2\/product_tag?post=1738"}],"curies":[{"name":"wp","href":"https:\/\/api.w.org\/{rel}","templated":true}]}}