{"id":1717,"date":"2016-09-20T14:37:27","date_gmt":"2016-09-20T13:37:27","guid":{"rendered":"https:\/\/www.nun-studio.com\/produit\/kit-couture-broderie-miniature\/"},"modified":"2024-07-30T19:09:33","modified_gmt":"2024-07-30T18:09:33","slug":"kit-couture-broderie-miniature","status":"publish","type":"product","link":"https:\/\/www.nun-studio.com\/en\/produit\/kit-couture-broderie-miniature\/","title":{"rendered":"(Copie) (Copie) (Copie) (Copie) (Copie) (Copie)"},"content":{"rendered":"<p class=\"qtranxs-available-languages-message qtranxs-available-languages-message-en\">Sorry, this entry is only available in <a href=\"https:\/\/www.nun-studio.com\/fr\/wp-json\/wp\/v2\/product\/1717\" class=\"qtranxs-available-language-link qtranxs-available-language-link-fr\" title=\"Fran\u00e7ais\">Fran\u00e7ais<\/a>.<\/p>","protected":false},"excerpt":{"rendered":"<p class=\"qtranxs-available-languages-message qtranxs-available-languages-message-en\">Sorry, this entry is only available in <a href=\"https:\/\/www.nun-studio.com\/fr\/wp-json\/wp\/v2\/product\/1717\" class=\"qtranxs-available-language-link qtranxs-available-language-link-fr\" title=\"Fran\u00e7ais\">Fran\u00e7ais<\/a>.<\/p>\n","protected":false},"featured_media":2362,"comment_status":"open","ping_status":"closed","template":"","meta":{"jetpack_post_was_ever_published":false,"jetpack_publicize_message":"","jetpack_publicize_feature_enabled":true,"jetpack_social_post_already_shared":true,"jetpack_social_options":{"image_generator_settings":{"template":"highway","default_image_id":0,"font":"","enabled":false},"version":2}},"product_brand":[],"product_cat":[100,26,136,115,78,75,112,111],"product_tag":[69,70],"class_list":{"0":"post-1717","1":"product","2":"type-product","3":"status-publish","4":"has-post-thumbnail","6":"product_cat-categorie1","7":"product_cat-kits-poupee","8":"product_cat-poupee-ambre-anatole","9":"product_cat-mobilier-angele-anastasia","10":"product_cat-mobilier-poupee-brune","11":"product_cat-nouveautes","12":"product_cat-poupee-angele-anastasia-20cm","13":"product_cat-poupee-brune","14":"product_tag-deco-poupees","15":"product_tag-meubles-poupees","16":"product_shipping_class-colis","18":"first","19":"instock","20":"taxable","21":"shipping-taxable","22":"purchasable","23":"product-type-simple"},"jetpack_publicize_connections":[],"jetpack_sharing_enabled":true,"jetpack-related-posts":[{"id":1716,"url":"https:\/\/www.nun-studio.com\/en\/produit\/kit-machine-mercerie-angele-anastasia\/","url_meta":{"origin":1717,"position":0},"title":"(Copie) (Copie) (Copie) (Copie) (Copie)","author":"Alma","date":"Tuesday September 20th, 2016","format":false,"excerpt":"Sorry, this entry is only available in Fran\u00e7ais.","rel":"","context":"Similar post","block_context":{"text":"Similar post","link":""},"img":{"alt_text":"","src":"https:\/\/i0.wp.com\/www.nun-studio.com\/wp-content\/uploads\/2016\/09\/P1110344BRED.jpg?fit=599%2C600&ssl=1&resize=350%2C200","width":350,"height":200,"srcset":"https:\/\/i0.wp.com\/www.nun-studio.com\/wp-content\/uploads\/2016\/09\/P1110344BRED.jpg?fit=599%2C600&ssl=1&resize=350%2C200 1x, https:\/\/i0.wp.com\/www.nun-studio.com\/wp-content\/uploads\/2016\/09\/P1110344BRED.jpg?fit=599%2C600&ssl=1&resize=525%2C300 1.5x"},"classes":[]},{"id":1715,"url":"https:\/\/www.nun-studio.com\/en\/produit\/kit-machine-mercerie-brune\/","url_meta":{"origin":1717,"position":1},"title":"(Fran\u00e7ais) KIT machine &#038; mercerie (taille poup\u00e9e Brune)","author":"Alma","date":"Tuesday September 20th, 2016","format":false,"excerpt":"Sorry, this entry is only available in Fran\u00e7ais.","rel":"","context":"Similar post","block_context":{"text":"Similar post","link":""},"img":{"alt_text":"","src":"https:\/\/i0.wp.com\/www.nun-studio.com\/wp-content\/uploads\/2016\/09\/P1110344BRED.jpg?fit=599%2C600&ssl=1&resize=350%2C200","width":350,"height":200,"srcset":"https:\/\/i0.wp.com\/www.nun-studio.com\/wp-content\/uploads\/2016\/09\/P1110344BRED.jpg?fit=599%2C600&ssl=1&resize=350%2C200 1x, https:\/\/i0.wp.com\/www.nun-studio.com\/wp-content\/uploads\/2016\/09\/P1110344BRED.jpg?fit=599%2C600&ssl=1&resize=525%2C300 1.5x"},"classes":[]},{"id":1720,"url":"https:\/\/www.nun-studio.com\/en\/produit\/set-toilette-miniature\/","url_meta":{"origin":1717,"position":2},"title":"set de bain miniature","author":"Alma","date":"Tuesday September 20th, 2016","format":false,"excerpt":"Sorry, this entry is only available in Fran\u00e7ais.","rel":"","context":"Similar post","block_context":{"text":"Similar post","link":""},"img":{"alt_text":"","src":"https:\/\/i0.wp.com\/www.nun-studio.com\/wp-content\/uploads\/2016\/09\/P1110605a2RED.jpg?fit=835%2C600&ssl=1&resize=350%2C200","width":350,"height":200,"srcset":"https:\/\/i0.wp.com\/www.nun-studio.com\/wp-content\/uploads\/2016\/09\/P1110605a2RED.jpg?fit=835%2C600&ssl=1&resize=350%2C200 1x, https:\/\/i0.wp.com\/www.nun-studio.com\/wp-content\/uploads\/2016\/09\/P1110605a2RED.jpg?fit=835%2C600&ssl=1&resize=525%2C300 1.5x, https:\/\/i0.wp.com\/www.nun-studio.com\/wp-content\/uploads\/2016\/09\/P1110605a2RED.jpg?fit=835%2C600&ssl=1&resize=700%2C400 2x"},"classes":[]},{"id":1738,"url":"https:\/\/www.nun-studio.com\/en\/produit\/kit-chalet-cocooning-luge\/","url_meta":{"origin":1717,"position":3},"title":"kit chalet cocooning  &amp; luge","author":"Alma","date":"Tuesday September 20th, 2016","format":false,"excerpt":"Sorry, this entry is only available in Fran\u00e7ais.","rel":"","context":"Similar post","block_context":{"text":"Similar post","link":""},"img":{"alt_text":"","src":"https:\/\/i0.wp.com\/www.nun-studio.com\/wp-content\/uploads\/2016\/09\/P1110618b2RED.jpg?fit=600%2C600&ssl=1&resize=350%2C200","width":350,"height":200,"srcset":"https:\/\/i0.wp.com\/www.nun-studio.com\/wp-content\/uploads\/2016\/09\/P1110618b2RED.jpg?fit=600%2C600&ssl=1&resize=350%2C200 1x, https:\/\/i0.wp.com\/www.nun-studio.com\/wp-content\/uploads\/2016\/09\/P1110618b2RED.jpg?fit=600%2C600&ssl=1&resize=525%2C300 1.5x"},"classes":[]},{"id":6418,"url":"https:\/\/www.nun-studio.com\/en\/produit\/kit-duffle-coat-patron-fournitures-marine-poupee-brune\/","url_meta":{"origin":1717,"position":4},"title":"KIT duffle coat (patron &amp; fournitures)  GRI CHINE &#8211; poup\u00e9e BRUNE (Copie)","author":"Alma","date":"Monday January 18th, 2021","format":false,"excerpt":"Ce KIT complet contient tout le mat\u00e9riel n\u00e9cessaire pour r\u00e9aliser ce joli manteau : le patron, les explications de montage, la feutrine (tr\u00e8s belle qualit\u00e9), les attaches & boutons, ainsi que\u00a0le \"tag\" monogramme pour orner la poche. Le niveau de couture requis est interm\u00e9diaire \/\u00a0un peu minutieux sans \u00eatre technique\u2026","rel":"","context":"Similar post","block_context":{"text":"Similar post","link":""},"img":{"alt_text":"","src":"https:\/\/i0.wp.com\/www.nun-studio.com\/wp-content\/uploads\/2016\/12\/PageCRED.jpg?fit=975%2C651&ssl=1&resize=350%2C200","width":350,"height":200,"srcset":"https:\/\/i0.wp.com\/www.nun-studio.com\/wp-content\/uploads\/2016\/12\/PageCRED.jpg?fit=975%2C651&ssl=1&resize=350%2C200 1x, https:\/\/i0.wp.com\/www.nun-studio.com\/wp-content\/uploads\/2016\/12\/PageCRED.jpg?fit=975%2C651&ssl=1&resize=525%2C300 1.5x, https:\/\/i0.wp.com\/www.nun-studio.com\/wp-content\/uploads\/2016\/12\/PageCRED.jpg?fit=975%2C651&ssl=1&resize=700%2C400 2x"},"classes":[]},{"id":545,"url":"https:\/\/www.nun-studio.com\/en\/produit\/kit-poupee-brune-livre-coloris-d\/","url_meta":{"origin":1717,"position":5},"title":"(Copier) (Copier)","author":"Alma","date":"Monday March 14th, 2016","format":false,"excerpt":"Sorry, this entry is only available in Fran\u00e7ais.","rel":"","context":"Similar post","block_context":{"text":"Similar post","link":""},"img":{"alt_text":"","src":"https:\/\/i0.wp.com\/www.nun-studio.com\/wp-content\/uploads\/2016\/04\/kitA_2b.jpg?fit=800%2C801&ssl=1&resize=350%2C200","width":350,"height":200,"srcset":"https:\/\/i0.wp.com\/www.nun-studio.com\/wp-content\/uploads\/2016\/04\/kitA_2b.jpg?fit=800%2C801&ssl=1&resize=350%2C200 1x, https:\/\/i0.wp.com\/www.nun-studio.com\/wp-content\/uploads\/2016\/04\/kitA_2b.jpg?fit=800%2C801&ssl=1&resize=525%2C300 1.5x, https:\/\/i0.wp.com\/www.nun-studio.com\/wp-content\/uploads\/2016\/04\/kitA_2b.jpg?fit=800%2C801&ssl=1&resize=700%2C400 2x"},"classes":[]}],"_links":{"self":[{"href":"https:\/\/www.nun-studio.com\/en\/wp-json\/wp\/v2\/product\/1717","targetHints":{"allow":["GET"]}}],"collection":[{"href":"https:\/\/www.nun-studio.com\/en\/wp-json\/wp\/v2\/product"}],"about":[{"href":"https:\/\/www.nun-studio.com\/en\/wp-json\/wp\/v2\/types\/product"}],"replies":[{"embeddable":true,"href":"https:\/\/www.nun-studio.com\/en\/wp-json\/wp\/v2\/comments?post=1717"}],"wp:featuredmedia":[{"embeddable":true,"href":"https:\/\/www.nun-studio.com\/en\/wp-json\/wp\/v2\/media\/2362"}],"wp:attachment":[{"href":"https:\/\/www.nun-studio.com\/en\/wp-json\/wp\/v2\/media?parent=1717"}],"wp:term":[{"taxonomy":"product_brand","embeddable":true,"href":"https:\/\/www.nun-studio.com\/en\/wp-json\/wp\/v2\/product_brand?post=1717"},{"taxonomy":"product_cat","embeddable":true,"href":"https:\/\/www.nun-studio.com\/en\/wp-json\/wp\/v2\/product_cat?post=1717"},{"taxonomy":"product_tag","embeddable":true,"href":"https:\/\/www.nun-studio.com\/en\/wp-json\/wp\/v2\/product_tag?post=1717"}],"curies":[{"name":"wp","href":"https:\/\/api.w.org\/{rel}","templated":true}]}}