{"id":1712,"date":"2016-09-20T13:24:06","date_gmt":"2016-09-20T12:24:06","guid":{"rendered":"https:\/\/www.nun-studio.com\/produit\/patron-victoria-street-lady\/"},"modified":"2024-02-11T11:31:35","modified_gmt":"2024-02-11T10:31:35","slug":"patron-victoria-street-lady","status":"publish","type":"product","link":"https:\/\/www.nun-studio.com\/en\/produit\/patron-victoria-street-lady\/","title":{"rendered":"pattern VICTORIA STREET lady"},"content":{"rendered":"<p class=\"qtranxs-available-languages-message qtranxs-available-languages-message-en\">Sorry, this entry is only available in <a href=\"https:\/\/www.nun-studio.com\/fr\/wp-json\/wp\/v2\/product\/1712\" class=\"qtranxs-available-language-link qtranxs-available-language-link-fr\" title=\"Fran\u00e7ais\">Fran\u00e7ais<\/a>.<\/p>","protected":false},"excerpt":{"rendered":"<p style=\"text-align: justify\">Victoria street est une veste sans col \u00e0 volants et pattes passepoil\u00e9es soulignant la taille, avec une jolie martingale \u00e0 l&#8217;arri\u00e8re. Elle peut \u00eatre port\u00e9e chic ou mix\u00e9e avec un vestiaire preppy ou cool. Elle se ferme bord \u00e0 bord avec un crochet invisible et n&#8217;est pas doubl\u00e9e, ce qui la rend rapide \u00e0 r\u00e9aliser. La pose du passepoil est bien expliqu\u00e9e par des sch\u00e9mas pas \u00e0 pas ; n\u00e9anmoins elle reste facultative. <strong>Niveau<\/strong>: <strong>assez facile<\/strong>.\u00a0Si vous n&#8217;avez jamais cousu de veste, lancez-vous avec elle, elle a \u00e9t\u00e9 simplifi\u00e9e au maximum pour les d\u00e9butantes en la mati\u00e8re !<\/p>\n<p style=\"text-align: justify\"><strong>TAILLES<\/strong> : 34-36-38-40<\/p>\n<p style=\"text-align: justify\"><strong>TISSU CONSEILLE<\/strong> : tissu ayant une certaine tenue (toile de coton, de lin, fibres m\u00e9lang\u00e9es, etc.)<\/p>\n","protected":false},"featured_media":1966,"comment_status":"open","ping_status":"closed","template":"","meta":{"jetpack_post_was_ever_published":false,"jetpack_publicize_message":"","jetpack_publicize_feature_enabled":true,"jetpack_social_post_already_shared":true,"jetpack_social_options":{"image_generator_settings":{"template":"highway","default_image_id":0,"font":"","enabled":false},"version":2}},"product_brand":[],"product_cat":[100,67,60,40,86,134],"product_tag":[89,88],"class_list":{"0":"post-1712","1":"product","2":"type-product","3":"status-publish","4":"has-post-thumbnail","6":"product_cat-categorie1","7":"product_cat-patrons-cest-dimanche","8":"product_cat-patrons-femme","9":"product_cat-patrons-femme-et-enfant","10":"product_cat-soldes","11":"product_cat-soldes-patrons","12":"product_tag-patrons-adolescent","13":"product_tag-patrons-femme","14":"product_shipping_class-lettre","16":"first","17":"instock","18":"purchasable","19":"product-type-simple"},"jetpack_publicize_connections":[],"jetpack_sharing_enabled":true,"jetpack-related-posts":[{"id":1983,"url":"https:\/\/www.nun-studio.com\/en\/produit\/supplement-dublin-kid-lady\/","url_meta":{"origin":1712,"position":0},"title":"suppl\u00e9ment DUBLIN kid &amp; lady","author":"Alma","date":"Friday September 23rd, 2016","format":false,"excerpt":"Suppl\u00e9ment au patron DUBLIN\u00a0kid & au patron DUBLIN lady pour r\u00e9aliser une veste \u00e0 col rond et plis plats, boutonn\u00e9e ou ferm\u00e9e par un noeud. Le suppl\u00e9ment permet de r\u00e9aliser les 2 VERSIONS visibles sur les sch\u00e9mas. Ce suppl\u00e9ment n\u00e9cessite le patron DUBLIN (kid ou lady) pour pouvoir r\u00e9aliser le\u2026","rel":"","context":"Similar post","block_context":{"text":"Similar post","link":""},"img":{"alt_text":"","src":"https:\/\/i0.wp.com\/www.nun-studio.com\/wp-content\/uploads\/2016\/09\/supplement_dublin-1.jpg?fit=300%2C300&ssl=1&resize=350%2C200","width":350,"height":200},"classes":[]},{"id":1817,"url":"https:\/\/www.nun-studio.com\/en\/produit\/patron-dublin-lady\/","url_meta":{"origin":1712,"position":1},"title":"DUBLIN lady pattern","author":"Alma","date":"Wednesday September 21st, 2016","format":false,"excerpt":"Vareuse pour femme ou jeune fille \u00e0 col rond et plis plats, fendue devant, avec patte de boutonnage, manches 3\/4 et revers en tissu contrast\u00e9. TAILLES : 34-36-38-40-42-44 TISSU CONSEILLE : lin ou coton pour l'\u00e9t\u00e9, \u00e9pais ou fin selon le rendu souhait\u00e9, lainage plut\u00f4t souple pour l'hiver. Niveau :\u2026","rel":"","context":"Similar post","block_context":{"text":"Similar post","link":""},"img":{"alt_text":"","src":"https:\/\/i0.wp.com\/www.nun-studio.com\/wp-content\/uploads\/2016\/09\/dublin_lady-1.jpg?fit=1000%2C1000&ssl=1&resize=350%2C200","width":350,"height":200,"srcset":"https:\/\/i0.wp.com\/www.nun-studio.com\/wp-content\/uploads\/2016\/09\/dublin_lady-1.jpg?fit=1000%2C1000&ssl=1&resize=350%2C200 1x, https:\/\/i0.wp.com\/www.nun-studio.com\/wp-content\/uploads\/2016\/09\/dublin_lady-1.jpg?fit=1000%2C1000&ssl=1&resize=525%2C300 1.5x, https:\/\/i0.wp.com\/www.nun-studio.com\/wp-content\/uploads\/2016\/09\/dublin_lady-1.jpg?fit=1000%2C1000&ssl=1&resize=700%2C400 2x"},"classes":[]},{"id":1917,"url":"https:\/\/www.nun-studio.com\/en\/produit\/patron-philadelphie-teen-lady\/","url_meta":{"origin":1712,"position":2},"title":"PHILADELPHIE teen &amp; lady pattern","author":"Alma","date":"Thursday September 22nd, 2016","format":false,"excerpt":"Jupe avec empi\u00e8cement et pattes de boutonnages sur les hanches. Fermeture \u00e9clair sur un des c\u00f4t\u00e9s ; la pose du passepoil est facultative. TAILLES : 34(14ans)-36-38-40-42-44. Tissu conseill\u00e9 : lin, coton pour l'\u00e9t\u00e9 ; lainage fin pour l'hiver.\u00a0Fournitures : 2 boutons de 15mm de diam\u00e8tre, 2m de passepoil (facultatif), 1\u2026","rel":"","context":"Similar post","block_context":{"text":"Similar post","link":""},"img":{"alt_text":"","src":"https:\/\/i0.wp.com\/www.nun-studio.com\/wp-content\/uploads\/2016\/09\/philadelphie_teen_lady-1.jpg?fit=686%2C687&ssl=1&resize=350%2C200","width":350,"height":200,"srcset":"https:\/\/i0.wp.com\/www.nun-studio.com\/wp-content\/uploads\/2016\/09\/philadelphie_teen_lady-1.jpg?fit=686%2C687&ssl=1&resize=350%2C200 1x, https:\/\/i0.wp.com\/www.nun-studio.com\/wp-content\/uploads\/2016\/09\/philadelphie_teen_lady-1.jpg?fit=686%2C687&ssl=1&resize=525%2C300 1.5x"},"classes":[]},{"id":1192,"url":"https:\/\/www.nun-studio.com\/en\/produit\/patron-atlanta-lady\/","url_meta":{"origin":1712,"position":3},"title":"ATLANTA lady pattern","author":"Alma","date":"Friday July  8th, 2016","format":false,"excerpt":"ATLANTA is a charming pattern, with ruffled sleeves. You can sew the tunic or dress version. FRENCH SIZE 36-38-40-42-44 (see the size chart here for details). Level\u00a0:\u00a0\u2666\u2666\u25ca\u25ca\u25ca (2\/5) The sewing pattern will come with a 16 sheets booklet ; you can discover here a booklet excerpt.\u00a0Note the instructions are currently\u2026","rel":"","context":"Similar post","block_context":{"text":"Similar post","link":""},"img":{"alt_text":"","src":"https:\/\/i0.wp.com\/www.nun-studio.com\/wp-content\/uploads\/2016\/07\/ATLANTA-lady-4.jpg?fit=800%2C799&ssl=1&resize=350%2C200","width":350,"height":200,"srcset":"https:\/\/i0.wp.com\/www.nun-studio.com\/wp-content\/uploads\/2016\/07\/ATLANTA-lady-4.jpg?fit=800%2C799&ssl=1&resize=350%2C200 1x, https:\/\/i0.wp.com\/www.nun-studio.com\/wp-content\/uploads\/2016\/07\/ATLANTA-lady-4.jpg?fit=800%2C799&ssl=1&resize=525%2C300 1.5x, https:\/\/i0.wp.com\/www.nun-studio.com\/wp-content\/uploads\/2016\/07\/ATLANTA-lady-4.jpg?fit=800%2C799&ssl=1&resize=700%2C400 2x"},"classes":[]},{"id":1919,"url":"https:\/\/www.nun-studio.com\/en\/produit\/patron-salzbourg-baby\/","url_meta":{"origin":1712,"position":4},"title":"SALZBOURG baby pattern","author":"Alma","date":"Thursday September 22nd, 2016","format":false,"excerpt":"veste mixte fille\/gar\u00e7on d'inspiration autrichienne pour b\u00e9b\u00e9 et enfant en bas \u00e2ge, r\u00e9alis\u00e9e en tissu se coupant \u00e0 cru (ne s'effilochant pas), comme la laine bouillie par exemple. Niveau : tr\u00e8s facile et rapide. TAILLES : 6M-12M-2A-3A. M\u00e9trage n\u00e9cessaire : 0.70 \u00e0 0.90m en 130 ou 140.","rel":"","context":"Similar post","block_context":{"text":"Similar post","link":""},"img":{"alt_text":"","src":"https:\/\/i0.wp.com\/www.nun-studio.com\/wp-content\/uploads\/2016\/09\/salzbourg-1.jpg?fit=654%2C800&ssl=1&resize=350%2C200","width":350,"height":200,"srcset":"https:\/\/i0.wp.com\/www.nun-studio.com\/wp-content\/uploads\/2016\/09\/salzbourg-1.jpg?fit=654%2C800&ssl=1&resize=350%2C200 1x, https:\/\/i0.wp.com\/www.nun-studio.com\/wp-content\/uploads\/2016\/09\/salzbourg-1.jpg?fit=654%2C800&ssl=1&resize=525%2C300 1.5x"},"classes":[]},{"id":1815,"url":"https:\/\/www.nun-studio.com\/en\/produit\/patron-denver-lady\/","url_meta":{"origin":1712,"position":5},"title":"DENVER lady pattern","author":"Alma","date":"Wednesday September 21st, 2016","format":false,"excerpt":"description : chemise \u00e0 manches longues ou 3\/4, avec patte polo simplifi\u00e9e et empi\u00e8cement triangulaire sous la patte. L\u2019empi\u00e8cement peut \u00eatre enti\u00e8rement cousu ou simplement pli\u00e9 pour un effet de relief (2 versions sont \u00e9galement possibles pour la hauteur de l\u2019empi\u00e8cement). Le dos est en forme liquette. Techniques expliqu\u00e9es :\u2026","rel":"","context":"Similar post","block_context":{"text":"Similar post","link":""},"img":{"alt_text":"","src":"https:\/\/i0.wp.com\/www.nun-studio.com\/wp-content\/uploads\/2016\/09\/denver_lady-1.jpg?fit=996%2C1000&ssl=1&resize=350%2C200","width":350,"height":200,"srcset":"https:\/\/i0.wp.com\/www.nun-studio.com\/wp-content\/uploads\/2016\/09\/denver_lady-1.jpg?fit=996%2C1000&ssl=1&resize=350%2C200 1x, https:\/\/i0.wp.com\/www.nun-studio.com\/wp-content\/uploads\/2016\/09\/denver_lady-1.jpg?fit=996%2C1000&ssl=1&resize=525%2C300 1.5x, https:\/\/i0.wp.com\/www.nun-studio.com\/wp-content\/uploads\/2016\/09\/denver_lady-1.jpg?fit=996%2C1000&ssl=1&resize=700%2C400 2x"},"classes":[]}],"_links":{"self":[{"href":"https:\/\/www.nun-studio.com\/en\/wp-json\/wp\/v2\/product\/1712","targetHints":{"allow":["GET"]}}],"collection":[{"href":"https:\/\/www.nun-studio.com\/en\/wp-json\/wp\/v2\/product"}],"about":[{"href":"https:\/\/www.nun-studio.com\/en\/wp-json\/wp\/v2\/types\/product"}],"replies":[{"embeddable":true,"href":"https:\/\/www.nun-studio.com\/en\/wp-json\/wp\/v2\/comments?post=1712"}],"wp:featuredmedia":[{"embeddable":true,"href":"https:\/\/www.nun-studio.com\/en\/wp-json\/wp\/v2\/media\/1966"}],"wp:attachment":[{"href":"https:\/\/www.nun-studio.com\/en\/wp-json\/wp\/v2\/media?parent=1712"}],"wp:term":[{"taxonomy":"product_brand","embeddable":true,"href":"https:\/\/www.nun-studio.com\/en\/wp-json\/wp\/v2\/product_brand?post=1712"},{"taxonomy":"product_cat","embeddable":true,"href":"https:\/\/www.nun-studio.com\/en\/wp-json\/wp\/v2\/product_cat?post=1712"},{"taxonomy":"product_tag","embeddable":true,"href":"https:\/\/www.nun-studio.com\/en\/wp-json\/wp\/v2\/product_tag?post=1712"}],"curies":[{"name":"wp","href":"https:\/\/api.w.org\/{rel}","templated":true}]}}