{"id":1711,"date":"2016-09-20T13:23:43","date_gmt":"2016-09-20T12:23:43","guid":{"rendered":"https:\/\/www.nun-studio.com\/produit\/patron-beltsy-kid\/"},"modified":"2026-01-04T21:16:37","modified_gmt":"2026-01-04T20:16:37","slug":"patron-beltsy-kid","status":"publish","type":"product","link":"https:\/\/www.nun-studio.com\/en\/produit\/patron-beltsy-kid\/","title":{"rendered":"BELTSY kid pattern"},"content":{"rendered":"<p class=\"qtranxs-available-languages-message qtranxs-available-languages-message-en\">Sorry, this entry is only available in <a href=\"https:\/\/www.nun-studio.com\/fr\/wp-json\/wp\/v2\/product\/1711\" class=\"qtranxs-available-language-link qtranxs-available-language-link-fr\" title=\"Fran\u00e7ais\">Fran\u00e7ais<\/a>.<\/p>","protected":false},"excerpt":{"rendered":"<p>Robe \u00e0 manches longues fronc\u00e9es au poignet, empi\u00e8cement arrondi devant et dos et poches fantaisie. La pose du passepoil est facultative. Une version b\u00e9b\u00e9 est aussi disponible. <strong>Niveau<\/strong> : facile sans les poches, un peu plus long avec les poches.<\/p>\n<p><strong>TAILLES<\/strong> : 4 ans, 6 ans, 8 ans et 10 ans<\/p>\n<p style=\"text-align: justify\"><strong>tissu conseill\u00e9<\/strong> : tissu ayant un peu de tenue &#8211; velours milleraies, lin, cotonnade, lainage doux.\u00a0<strong>fournitures<\/strong> : 2m de passepoil (facultatif), 2 pressions, \u00e9ventuellement 2 boutons de 15mm de diam\u00e8tre en d\u00e9coration pour l\u2019ouverture dos.\u00a0<strong>m\u00e9trage<\/strong> : 1m30 \u00e0 1m70 en 140 selon la taille.<\/p>\n","protected":false},"featured_media":1730,"comment_status":"open","ping_status":"closed","template":"","meta":{"jetpack_post_was_ever_published":false,"jetpack_publicize_message":"","jetpack_publicize_feature_enabled":true,"jetpack_social_post_already_shared":true,"jetpack_social_options":{"image_generator_settings":{"template":"highway","default_image_id":0,"font":"","enabled":false},"version":2}},"product_brand":[],"product_cat":[100,67,41,40,86,134],"product_tag":[91],"class_list":{"0":"post-1711","1":"product","2":"type-product","3":"status-publish","4":"has-post-thumbnail","6":"product_cat-categorie1","7":"product_cat-patrons-cest-dimanche","8":"product_cat-patrons-enfant","9":"product_cat-patrons-femme-et-enfant","10":"product_cat-soldes","11":"product_cat-soldes-patrons","12":"product_tag-patrons-enfant","13":"product_shipping_class-lettre","15":"first","16":"instock","17":"purchasable","18":"product-type-simple"},"jetpack_publicize_connections":[],"jetpack_sharing_enabled":true,"jetpack-related-posts":[{"id":2867,"url":"https:\/\/www.nun-studio.com\/en\/produit\/patron-deauville-kid\/","url_meta":{"origin":1711,"position":0},"title":"DEAUVILLE kid pattern","author":"Alma","date":"Sunday February 12th, 2017","format":false,"excerpt":"description : short \u00e0 plis passepoil\u00e9s et revers, poches italiennes fantaisies, ceinture \u00e9lastiqu\u00e9e. TAILLES : 2 ans, 4 ans, 6 ans et 8 ans. tissu conseill\u00e9 : lin, lainage fin, velours milleraies. 1 chute de tissu assorti plus fin (cotonnade, liberty, voile de coton) pour les fonds de poche. La\u2026","rel":"","context":"Similar post","block_context":{"text":"Similar post","link":""},"img":{"alt_text":"","src":"https:\/\/i0.wp.com\/www.nun-studio.com\/wp-content\/uploads\/2017\/02\/deauville-2.jpg?fit=1000%2C822&ssl=1&resize=350%2C200","width":350,"height":200,"srcset":"https:\/\/i0.wp.com\/www.nun-studio.com\/wp-content\/uploads\/2017\/02\/deauville-2.jpg?fit=1000%2C822&ssl=1&resize=350%2C200 1x, https:\/\/i0.wp.com\/www.nun-studio.com\/wp-content\/uploads\/2017\/02\/deauville-2.jpg?fit=1000%2C822&ssl=1&resize=525%2C300 1.5x, https:\/\/i0.wp.com\/www.nun-studio.com\/wp-content\/uploads\/2017\/02\/deauville-2.jpg?fit=1000%2C822&ssl=1&resize=700%2C400 2x"},"classes":[]},{"id":1916,"url":"https:\/\/www.nun-studio.com\/en\/produit\/patron-philadelphie-kid\/","url_meta":{"origin":1711,"position":1},"title":"PHILADELPHIE kid pattern","author":"Alma","date":"Thursday September 22nd, 2016","format":false,"excerpt":"Jupe \u00e9lastiqu\u00e9e au dos (avec passepoil ou non). 2 versions sont possibles : une avec pattes de boutonnage d\u00e9coratives sur les hanches, et l'autre avec larges poches lat\u00e9rales. TAILLES : 2-4-6-8-10 ans Tissu conseill\u00e9 : lin, coton, lainage fin pour l'hiver. M\u00e9trage n\u00e9cessaire : 0.60 \u00e0 0.75m en 140 selon\u2026","rel":"","context":"Similar post","block_context":{"text":"Similar post","link":""},"img":{"alt_text":"","src":"https:\/\/i0.wp.com\/www.nun-studio.com\/wp-content\/uploads\/2016\/09\/philadelphie_kid-1.jpg?fit=816%2C816&ssl=1&resize=350%2C200","width":350,"height":200,"srcset":"https:\/\/i0.wp.com\/www.nun-studio.com\/wp-content\/uploads\/2016\/09\/philadelphie_kid-1.jpg?fit=816%2C816&ssl=1&resize=350%2C200 1x, https:\/\/i0.wp.com\/www.nun-studio.com\/wp-content\/uploads\/2016\/09\/philadelphie_kid-1.jpg?fit=816%2C816&ssl=1&resize=525%2C300 1.5x, https:\/\/i0.wp.com\/www.nun-studio.com\/wp-content\/uploads\/2016\/09\/philadelphie_kid-1.jpg?fit=816%2C816&ssl=1&resize=700%2C400 2x"},"classes":[]},{"id":2975,"url":"https:\/\/www.nun-studio.com\/en\/produit\/patron-syracuse-kid\/","url_meta":{"origin":1711,"position":2},"title":"pattern SYRACUSE kid","author":"Alma","date":"Tuesday February 14th, 2017","format":false,"excerpt":"Robe ou blouse bain de soleil \u00e0 plastron rond passepoil\u00e9, \u00e9lastiqu\u00e9e \u00e0 la poitrine et d\u00e9gageant les \u00e9paules. Facile et rapide \u00e0 r\u00e9aliser (la pose du passepoil est facultative). TAILLES : 4 ans, 6 ans, 8 ans et 10 ans. tissu conseill\u00e9 : voile de coton, plumetis, liberty, cotonnades diverses.\u2026","rel":"","context":"Similar post","block_context":{"text":"Similar post","link":""},"img":{"alt_text":"","src":"https:\/\/i0.wp.com\/www.nun-studio.com\/wp-content\/uploads\/2017\/02\/syracuse-1.jpg?fit=1000%2C1000&ssl=1&resize=350%2C200","width":350,"height":200,"srcset":"https:\/\/i0.wp.com\/www.nun-studio.com\/wp-content\/uploads\/2017\/02\/syracuse-1.jpg?fit=1000%2C1000&ssl=1&resize=350%2C200 1x, https:\/\/i0.wp.com\/www.nun-studio.com\/wp-content\/uploads\/2017\/02\/syracuse-1.jpg?fit=1000%2C1000&ssl=1&resize=525%2C300 1.5x, https:\/\/i0.wp.com\/www.nun-studio.com\/wp-content\/uploads\/2017\/02\/syracuse-1.jpg?fit=1000%2C1000&ssl=1&resize=700%2C400 2x"},"classes":[]},{"id":2696,"url":"https:\/\/www.nun-studio.com\/en\/produit\/patron-chelsea-kid\/","url_meta":{"origin":1711,"position":3},"title":"pattern CHELSEA kid","author":"Alma","date":"Wednesday February  1st, 2017","format":false,"excerpt":"Robe ou tunique de demi-saison avec col assym\u00e9trique, ceinture rapport\u00e9e et jupe \u00e0 plis plats. R\u00e9alisable en version blouse avec col sym\u00e9trique et revers de poignets. La pose du passepoil est facultative et les d\u00e9tails du col et des manches des 2 versions peuvent \u00eatre mix\u00e9s selon vos envies pour\u2026","rel":"","context":"Similar post","block_context":{"text":"Similar post","link":""},"img":{"alt_text":"","src":"https:\/\/i0.wp.com\/www.nun-studio.com\/wp-content\/uploads\/2017\/02\/chelsea-3.jpg?fit=667%2C1000&ssl=1&resize=350%2C200","width":350,"height":200,"srcset":"https:\/\/i0.wp.com\/www.nun-studio.com\/wp-content\/uploads\/2017\/02\/chelsea-3.jpg?fit=667%2C1000&ssl=1&resize=350%2C200 1x, https:\/\/i0.wp.com\/www.nun-studio.com\/wp-content\/uploads\/2017\/02\/chelsea-3.jpg?fit=667%2C1000&ssl=1&resize=525%2C300 1.5x"},"classes":[]},{"id":2638,"url":"https:\/\/www.nun-studio.com\/en\/produit\/patron-oberweiden-kid\/","url_meta":{"origin":1711,"position":4},"title":"pattern OBERWEIDEN  kid","author":"Alma","date":"Saturday January 21st, 2017","format":false,"excerpt":"veste mixte (gar\u00e7on\/fille) de demi-saison avec faux revers de col tailleur et patte de boutonnage rapport\u00e9e passepoil\u00e9e, pli creux au dos et bas tr\u00e8s l\u00e9g\u00e8rement en queue de pie. Une version moins \u00e9vas\u00e9e est pr\u00e9vue pour un c\u00f4t\u00e9 plus masculin. La veste est doubl\u00e9e et n\u2019est pas con\u00e7ue pour se\u2026","rel":"","context":"Similar post","block_context":{"text":"Similar post","link":""},"img":{"alt_text":"","src":"https:\/\/i0.wp.com\/www.nun-studio.com\/wp-content\/uploads\/2017\/01\/oberweiden-1.jpg?fit=1000%2C1000&ssl=1&resize=350%2C200","width":350,"height":200,"srcset":"https:\/\/i0.wp.com\/www.nun-studio.com\/wp-content\/uploads\/2017\/01\/oberweiden-1.jpg?fit=1000%2C1000&ssl=1&resize=350%2C200 1x, https:\/\/i0.wp.com\/www.nun-studio.com\/wp-content\/uploads\/2017\/01\/oberweiden-1.jpg?fit=1000%2C1000&ssl=1&resize=525%2C300 1.5x, https:\/\/i0.wp.com\/www.nun-studio.com\/wp-content\/uploads\/2017\/01\/oberweiden-1.jpg?fit=1000%2C1000&ssl=1&resize=700%2C400 2x"},"classes":[]},{"id":2804,"url":"https:\/\/www.nun-studio.com\/en\/produit\/patron-beltsy-baby\/","url_meta":{"origin":1711,"position":5},"title":"BELTSY baby pattern","author":"Alma","date":"Saturday February 11th, 2017","format":false,"excerpt":"Robe ou tunique \u00e0 manches longues fronc\u00e9es au poignet, empi\u00e8cement arrondi devant et dos et poches fantaisie. La pose du passepoil est facultative. Une version enfant\u00a0est aussi disponible. Niveau : facile sans les poches, un peu plus long avec les poches (le passepoil sur les poches n'est pas propos\u00e9 pour\u2026","rel":"","context":"Similar post","block_context":{"text":"Similar post","link":""},"img":{"alt_text":"","src":"https:\/\/i0.wp.com\/www.nun-studio.com\/wp-content\/uploads\/2016\/09\/beltsy_kid-2.jpg?fit=300%2C300&ssl=1&resize=350%2C200","width":350,"height":200},"classes":[]}],"_links":{"self":[{"href":"https:\/\/www.nun-studio.com\/en\/wp-json\/wp\/v2\/product\/1711","targetHints":{"allow":["GET"]}}],"collection":[{"href":"https:\/\/www.nun-studio.com\/en\/wp-json\/wp\/v2\/product"}],"about":[{"href":"https:\/\/www.nun-studio.com\/en\/wp-json\/wp\/v2\/types\/product"}],"replies":[{"embeddable":true,"href":"https:\/\/www.nun-studio.com\/en\/wp-json\/wp\/v2\/comments?post=1711"}],"wp:featuredmedia":[{"embeddable":true,"href":"https:\/\/www.nun-studio.com\/en\/wp-json\/wp\/v2\/media\/1730"}],"wp:attachment":[{"href":"https:\/\/www.nun-studio.com\/en\/wp-json\/wp\/v2\/media?parent=1711"}],"wp:term":[{"taxonomy":"product_brand","embeddable":true,"href":"https:\/\/www.nun-studio.com\/en\/wp-json\/wp\/v2\/product_brand?post=1711"},{"taxonomy":"product_cat","embeddable":true,"href":"https:\/\/www.nun-studio.com\/en\/wp-json\/wp\/v2\/product_cat?post=1711"},{"taxonomy":"product_tag","embeddable":true,"href":"https:\/\/www.nun-studio.com\/en\/wp-json\/wp\/v2\/product_tag?post=1711"}],"curies":[{"name":"wp","href":"https:\/\/api.w.org\/{rel}","templated":true}]}}