{"id":1192,"date":"2016-07-08T09:20:25","date_gmt":"2016-07-08T08:20:25","guid":{"rendered":"https:\/\/www.nun-studio.com\/produit\/patron-atlanta-lady\/"},"modified":"2026-03-04T10:20:35","modified_gmt":"2026-03-04T09:20:35","slug":"patron-atlanta-lady","status":"publish","type":"product","link":"https:\/\/www.nun-studio.com\/en\/produit\/patron-atlanta-lady\/","title":{"rendered":"ATLANTA lady pattern"},"content":{"rendered":"<p><\/p>\n<p style=\"text-align: justify\">For\u00a0reading\u00a0a booklet excerpt, and knowing the yardage and the size chart, please <strong><a href=\"https:\/\/issuu.com\/cestdimanche\/docs\/atlanta_lady_livret_extrait\" target=\"_blank\" rel=\"noopener noreferrer\">click HERE<\/a><\/strong>. Note the instructions are currently only in french, but you can find many sketches for all the sewing steps. Enjoy !<\/p>\n<p><\/p>","protected":false},"excerpt":{"rendered":"<p style=\"text-align: justify\">ATLANTA is a charming pattern, with ruffled sleeves. You can sew the tunic or dress version. FRENCH SIZE 36-38-40-42-44 (see the size chart<a href=\"https:\/\/issuu.com\/cestdimanche\/docs\/atlanta_lady_livret_extrait\"> <strong>here<\/strong><\/a> for details). Level\u00a0:\u00a0\u2666\u2666\u25ca\u25ca\u25ca (2\/5)<\/p>\n<p style=\"text-align: justify\"><img loading=\"lazy\" decoding=\"async\" class=\"size-full wp-image-307 alignleft\" src=\"https:\/\/www.nun-studio.com\/wp-content\/uploads\/2016\/02\/leplus1.png\" alt=\"leplus1\" width=\"50\" height=\"50\" \/>The sewing pattern will come with a 16 sheets booklet ; you can discover here a <strong><a href=\"https:\/\/issuu.com\/cestdimanche\/docs\/atlanta_lady_livret_extrait\" target=\"_blank\" rel=\"noopener noreferrer\">booklet excerpt.\u00a0<\/a>Note the instructions are currently only in french, <\/strong>but you can find many sketches for all the sewing steps.<\/p>\n","protected":false},"featured_media":1202,"comment_status":"open","ping_status":"closed","template":"","meta":{"jetpack_post_was_ever_published":false,"jetpack_publicize_message":"","jetpack_publicize_feature_enabled":true,"jetpack_social_post_already_shared":true,"jetpack_social_options":{"image_generator_settings":{"template":"highway","default_image_id":0,"font":"","enabled":false},"version":2}},"product_brand":[],"product_cat":[100,60,40,86,134],"product_tag":[61,62,42,88,93],"class_list":{"0":"post-1192","1":"product","2":"type-product","3":"status-publish","4":"has-post-thumbnail","6":"product_cat-categorie1","7":"product_cat-patrons-femme","8":"product_cat-patrons-femme-et-enfant","9":"product_cat-soldes","10":"product_cat-soldes-patrons","11":"product_tag-atlanta","12":"product_tag-atlanta-lady","13":"product_tag-patronatlanta","14":"product_tag-patrons-femme","15":"product_tag-patrons-nun-studio","16":"product_shipping_class-lettre","18":"first","19":"instock","20":"purchasable","21":"product-type-simple"},"jetpack_publicize_connections":[],"jetpack_sharing_enabled":true,"jetpack-related-posts":[{"id":636,"url":"https:\/\/www.nun-studio.com\/en\/produit\/patron-atlanta-kid\/","url_meta":{"origin":1192,"position":0},"title":"ATLANTA kid pattern","author":"Alma","date":"Thursday April 14th, 2016","format":false,"excerpt":"ATLANTA is a charming pattern, with ruffled sleeves. You can sew the tunic or dress version. SIZE\u00a04-6-8-10 years. Level\u00a0:\u00a0\u2666\u2666\u25ca\u25ca\u25ca The paper sewing pattern will come with a 16 sheets PDF booklet ; you can discover here a booklet excerpt.\u00a0Note the instructions are currently only in french, but you can find\u2026","rel":"","context":"With 1 comment","block_context":{"text":"With 1 comment","link":"https:\/\/www.nun-studio.com\/en\/produit\/patron-atlanta-kid\/#comments"},"img":{"alt_text":"","src":"https:\/\/i0.wp.com\/www.nun-studio.com\/wp-content\/uploads\/2016\/04\/25728711143_87aa4dcbf4_k.jpg?fit=800%2C798&ssl=1&resize=350%2C200","width":350,"height":200,"srcset":"https:\/\/i0.wp.com\/www.nun-studio.com\/wp-content\/uploads\/2016\/04\/25728711143_87aa4dcbf4_k.jpg?fit=800%2C798&ssl=1&resize=350%2C200 1x, https:\/\/i0.wp.com\/www.nun-studio.com\/wp-content\/uploads\/2016\/04\/25728711143_87aa4dcbf4_k.jpg?fit=800%2C798&ssl=1&resize=525%2C300 1.5x, https:\/\/i0.wp.com\/www.nun-studio.com\/wp-content\/uploads\/2016\/04\/25728711143_87aa4dcbf4_k.jpg?fit=800%2C798&ssl=1&resize=700%2C400 2x"},"classes":[]},{"id":7017,"url":"https:\/\/www.nun-studio.com\/en\/produit\/patron-atlanta-kid-2\/","url_meta":{"origin":1192,"position":1},"title":"ATLANTA kid pattern","author":"Alma","date":"Monday February  7th, 2022","format":false,"excerpt":"ATLANTA is a charming pattern, with ruffled sleeves. You can sew the tunic or dress version. SIZE\u00a04-6-8-10 years. Level\u00a0:\u00a0\u2666\u2666\u25ca\u25ca\u25ca The paper sewing pattern will come with a 16 sheets \u00a0booklet ; you can discover here a booklet excerpt.\u00a0Note the instructions are currently only in french, but you can find many\u2026","rel":"","context":"Similar post","block_context":{"text":"Similar post","link":""},"img":{"alt_text":"","src":"https:\/\/i0.wp.com\/www.nun-studio.com\/wp-content\/uploads\/2016\/04\/25728711143_87aa4dcbf4_k.jpg?fit=800%2C798&ssl=1&resize=350%2C200","width":350,"height":200,"srcset":"https:\/\/i0.wp.com\/www.nun-studio.com\/wp-content\/uploads\/2016\/04\/25728711143_87aa4dcbf4_k.jpg?fit=800%2C798&ssl=1&resize=350%2C200 1x, https:\/\/i0.wp.com\/www.nun-studio.com\/wp-content\/uploads\/2016\/04\/25728711143_87aa4dcbf4_k.jpg?fit=800%2C798&ssl=1&resize=525%2C300 1.5x, https:\/\/i0.wp.com\/www.nun-studio.com\/wp-content\/uploads\/2016\/04\/25728711143_87aa4dcbf4_k.jpg?fit=800%2C798&ssl=1&resize=700%2C400 2x"},"classes":[]},{"id":6633,"url":"https:\/\/www.nun-studio.com\/en\/produit\/patron-montmartre-baby\/","url_meta":{"origin":1192,"position":2},"title":"MONTMARTRE baby pattern","author":"Alma","date":"Saturday June 26th, 2021","format":false,"excerpt":"MONTMARTRE est un mod\u00e8le b\u00e9b\u00e9 mixte tr\u00e8s versatile avec plein de charme, ses petits coeurs font tout ! il est d\u00e9clinable en barboteuse, robe (avec bloomer int\u00e9gr\u00e9) et combi-pantalon. Vous pouvez opter aussi pour une version bloomer ou pantalon sans bavette. Le bloomer s'ouvre \u00e0 l'entrejambe pour faciliter le change.\u2026","rel":"","context":"Similar post","block_context":{"text":"Similar post","link":""},"img":{"alt_text":"","src":"https:\/\/i0.wp.com\/www.nun-studio.com\/wp-content\/uploads\/2021\/06\/montmartre-baby-2.png?fit=1190%2C1200&ssl=1&resize=350%2C200","width":350,"height":200,"srcset":"https:\/\/i0.wp.com\/www.nun-studio.com\/wp-content\/uploads\/2021\/06\/montmartre-baby-2.png?fit=1190%2C1200&ssl=1&resize=350%2C200 1x, https:\/\/i0.wp.com\/www.nun-studio.com\/wp-content\/uploads\/2021\/06\/montmartre-baby-2.png?fit=1190%2C1200&ssl=1&resize=525%2C300 1.5x, https:\/\/i0.wp.com\/www.nun-studio.com\/wp-content\/uploads\/2021\/06\/montmartre-baby-2.png?fit=1190%2C1200&ssl=1&resize=700%2C400 2x, https:\/\/i0.wp.com\/www.nun-studio.com\/wp-content\/uploads\/2021\/06\/montmartre-baby-2.png?fit=1190%2C1200&ssl=1&resize=1050%2C600 3x"},"classes":[]},{"id":1742,"url":"https:\/\/www.nun-studio.com\/en\/produit\/kit-poupee-anastasia-noir-jais\/","url_meta":{"origin":1192,"position":3},"title":"KIT ANASTASIA doll &#8211; black hair","author":"Alma","date":"Wednesday September 21st, 2016","format":false,"excerpt":"Anastasia\u00a0DIMANCHE\u00a0is a pretty little poseable doll (8' \/ 20cm tall) you will be happy to\u00a0make and dress. Please note the instructions are\u00a0currently available in FRENCH\u00a0only.\u00a0She is a NUN studio and her face has been designed by the talented illustrator\u00a0Suzy Ultman, SEE DETAILS\u00a0below\u00a0\u2013\u00a0all\u00a0ANASTASIA DOLL\u00a0products\u00a0HERE\u00a0-\u00a0all\u00a0ANGELE DOLL\u00a0products\u00a0HERE","rel":"","context":"Similar post","block_context":{"text":"Similar post","link":""},"img":{"alt_text":"","src":"https:\/\/i0.wp.com\/www.nun-studio.com\/wp-content\/uploads\/2016\/09\/P1110439a2RED.jpg?fit=599%2C600&ssl=1&resize=350%2C200","width":350,"height":200,"srcset":"https:\/\/i0.wp.com\/www.nun-studio.com\/wp-content\/uploads\/2016\/09\/P1110439a2RED.jpg?fit=599%2C600&ssl=1&resize=350%2C200 1x, https:\/\/i0.wp.com\/www.nun-studio.com\/wp-content\/uploads\/2016\/09\/P1110439a2RED.jpg?fit=599%2C600&ssl=1&resize=525%2C300 1.5x"},"classes":[]},{"id":1744,"url":"https:\/\/www.nun-studio.com\/en\/produit\/kit-poupee-anastasia-cheveux-roux-flamboyant\/","url_meta":{"origin":1192,"position":4},"title":"KIT  ANASTASIA doll &#8211; &#8220;roux flamboyant&#8221; hair","author":"Alma","date":"Wednesday September 21st, 2016","format":false,"excerpt":"Anastasia\u00a0DIMANCHE\u00a0is a pretty little poseable doll (8' \/ 20cm tall) you will be happy to\u00a0make and dress. Please note the instructions are\u00a0currently available in FRENCH\u00a0only.\u00a0She is a NUN studio and her face has been designed by the talented illustrator\u00a0Suzy Ultman, SEE DETAILS\u00a0below\u00a0\u2013\u00a0all\u00a0ANASTASIA DOLL\u00a0products\u00a0HERE\u00a0-\u00a0all\u00a0ANGELE DOLL\u00a0products\u00a0HERE","rel":"","context":"Similar post","block_context":{"text":"Similar post","link":""},"img":{"alt_text":"","src":"https:\/\/i0.wp.com\/www.nun-studio.com\/wp-content\/uploads\/2016\/09\/P1110431aRED2A.jpg?fit=546%2C600&ssl=1&resize=350%2C200","width":350,"height":200,"srcset":"https:\/\/i0.wp.com\/www.nun-studio.com\/wp-content\/uploads\/2016\/09\/P1110431aRED2A.jpg?fit=546%2C600&ssl=1&resize=350%2C200 1x, https:\/\/i0.wp.com\/www.nun-studio.com\/wp-content\/uploads\/2016\/09\/P1110431aRED2A.jpg?fit=546%2C600&ssl=1&resize=525%2C300 1.5x"},"classes":[]},{"id":1712,"url":"https:\/\/www.nun-studio.com\/en\/produit\/patron-victoria-street-lady\/","url_meta":{"origin":1192,"position":5},"title":"pattern VICTORIA STREET lady","author":"Alma","date":"Tuesday September 20th, 2016","format":false,"excerpt":"Victoria street est une veste sans col \u00e0 volants et pattes passepoil\u00e9es soulignant la taille, avec une jolie martingale \u00e0 l'arri\u00e8re. Elle peut \u00eatre port\u00e9e chic ou mix\u00e9e avec un vestiaire preppy ou cool. Elle se ferme bord \u00e0 bord avec un crochet invisible et n'est pas doubl\u00e9e, ce qui\u2026","rel":"","context":"Similar post","block_context":{"text":"Similar post","link":""},"img":{"alt_text":"","src":"https:\/\/i0.wp.com\/www.nun-studio.com\/wp-content\/uploads\/2016\/09\/victoria_street_1.jpg?fit=1000%2C989&ssl=1&resize=350%2C200","width":350,"height":200,"srcset":"https:\/\/i0.wp.com\/www.nun-studio.com\/wp-content\/uploads\/2016\/09\/victoria_street_1.jpg?fit=1000%2C989&ssl=1&resize=350%2C200 1x, https:\/\/i0.wp.com\/www.nun-studio.com\/wp-content\/uploads\/2016\/09\/victoria_street_1.jpg?fit=1000%2C989&ssl=1&resize=525%2C300 1.5x, https:\/\/i0.wp.com\/www.nun-studio.com\/wp-content\/uploads\/2016\/09\/victoria_street_1.jpg?fit=1000%2C989&ssl=1&resize=700%2C400 2x"},"classes":[]}],"_links":{"self":[{"href":"https:\/\/www.nun-studio.com\/en\/wp-json\/wp\/v2\/product\/1192","targetHints":{"allow":["GET"]}}],"collection":[{"href":"https:\/\/www.nun-studio.com\/en\/wp-json\/wp\/v2\/product"}],"about":[{"href":"https:\/\/www.nun-studio.com\/en\/wp-json\/wp\/v2\/types\/product"}],"replies":[{"embeddable":true,"href":"https:\/\/www.nun-studio.com\/en\/wp-json\/wp\/v2\/comments?post=1192"}],"wp:featuredmedia":[{"embeddable":true,"href":"https:\/\/www.nun-studio.com\/en\/wp-json\/wp\/v2\/media\/1202"}],"wp:attachment":[{"href":"https:\/\/www.nun-studio.com\/en\/wp-json\/wp\/v2\/media?parent=1192"}],"wp:term":[{"taxonomy":"product_brand","embeddable":true,"href":"https:\/\/www.nun-studio.com\/en\/wp-json\/wp\/v2\/product_brand?post=1192"},{"taxonomy":"product_cat","embeddable":true,"href":"https:\/\/www.nun-studio.com\/en\/wp-json\/wp\/v2\/product_cat?post=1192"},{"taxonomy":"product_tag","embeddable":true,"href":"https:\/\/www.nun-studio.com\/en\/wp-json\/wp\/v2\/product_tag?post=1192"}],"curies":[{"name":"wp","href":"https:\/\/api.w.org\/{rel}","templated":true}]}}