{"id":114,"date":"2016-02-11T16:16:50","date_gmt":"2016-02-11T15:16:50","guid":{"rendered":"https:\/\/www.nun-studio.com\/produit\/kit-poupee-angele-blonde-bleue\/"},"modified":"2024-07-16T15:35:09","modified_gmt":"2024-07-16T14:35:09","slug":"kit-poupee-angele-blonde-bleue","status":"publish","type":"product","link":"https:\/\/www.nun-studio.com\/en\/produit\/kit-poupee-angele-blonde-bleue\/","title":{"rendered":"KIT ANGELE doll \u2018 blond hair \/ blue \u2019"},"content":{"rendered":"<p><\/p>\n<p style=\"text-align: justify\">With this kit, you will made a\u00a0<strong>naked doll<\/strong>\u00a0and her hat.\u00a0<strong>Please note the outfits shown on the pictures are not include.<\/strong><\/p>\n<p>The kit contains\u00a0:<\/p>\n<ul>\n<li>All the fabric and thread<\/li>\n<li>The real size pattern ready to cut<\/li>\n<li style=\"text-align: justify\">A PDF book (manually send) in FRENCH with a lot of pictures &amp; step by step instructions.<\/li>\n<\/ul>\n<p>A\u00a0<strong>pattern booklet<\/strong>\u00a0is also available in this shop, with 17 patterns for your doll wardrobe.<\/p>","protected":false},"excerpt":{"rendered":"<p style=\"text-align: justify\"><strong>Ang\u00e8le DIMANCHE<\/strong>\u00a0is a pretty little poseable doll (8&#039; \/ 20cm tall) you will be happy to\u00a0make and dress.\u00a0<strong>Please note\u00a0the instructions are\u00a0currently available in FRENCH only.\u00a0<\/strong>She is a NUN studio and her face has been designed by the talented illustrator\u00a0<strong><a href=\"http:\/\/www.lillarogers.com\/artists\/suzy-ultman\/\">Suzy Ultman<\/a><\/strong>,<\/p>\n<p style=\"text-align: justify\"><strong>SEE DETAILS\u00a0<\/strong>below<strong>\u00a0\u2013\u00a0<\/strong>all<strong>\u00a0<a href=\"https:\/\/www.nun-studio.com\/etiquette-produit\/poupee-angele\/\">ANGELE DOLL<\/a>\u00a0<\/strong>products<strong>\u00a0<a href=\"https:\/\/www.nun-studio.com\/etiquette-produit\/poupee-angele\/\">HERE<\/a><\/strong><\/p>\n","protected":false},"featured_media":139,"comment_status":"open","ping_status":"closed","template":"","meta":{"jetpack_post_was_ever_published":false,"jetpack_publicize_message":"","jetpack_publicize_feature_enabled":true,"jetpack_social_post_already_shared":true,"jetpack_social_options":{"image_generator_settings":{"template":"highway","default_image_id":0,"font":"","enabled":false},"version":2}},"product_brand":[],"product_cat":[100,26,112,113,86,135],"product_tag":[124,13],"class_list":{"0":"post-114","1":"product","2":"type-product","3":"status-publish","4":"has-post-thumbnail","6":"product_cat-categorie1","7":"product_cat-kits-poupee","8":"product_cat-poupee-angele-anastasia-20cm","9":"product_cat-angele-anastasia-a-coudre-habiller","10":"product_cat-soldes","11":"product_cat-soldes-poupees","12":"product_tag-kit-poupee","13":"product_tag-poupee-angele","14":"product_shipping_class-lettre","16":"first","17":"instock","18":"featured","19":"purchasable","20":"product-type-simple"},"jetpack_publicize_connections":[],"jetpack_sharing_enabled":true,"jetpack-related-posts":[{"id":67,"url":"https:\/\/www.nun-studio.com\/en\/produit\/kit-poupee-angele-brune-beige\/","url_meta":{"origin":114,"position":0},"title":"KIT ANGELE doll \u2018 brown hair \/ cream \u2019","author":"Alma","date":"Thursday February 18th, 2016","format":false,"excerpt":"Ang\u00e8le DIMANCHE\u00a0is a pretty little poseable doll (8' \/ 20cm tall) you will be happy to\u00a0make and dress. Please note the instructions are\u00a0currently available in FRENCH\u00a0only.\u00a0She is a NUN studio and her face has been designed by the talented illustrator\u00a0Suzy Ultman, SEE DETAILS\u00a0below\u00a0\u2013\u00a0all\u00a0ANGELE DOLL\u00a0products\u00a0HERE","rel":"","context":"Similar post","block_context":{"text":"Similar post","link":""},"img":{"alt_text":"","src":"https:\/\/i0.wp.com\/www.nun-studio.com\/wp-content\/uploads\/2016\/02\/beige_brune2-5.jpg?fit=800%2C800&ssl=1&resize=350%2C200","width":350,"height":200,"srcset":"https:\/\/i0.wp.com\/www.nun-studio.com\/wp-content\/uploads\/2016\/02\/beige_brune2-5.jpg?fit=800%2C800&ssl=1&resize=350%2C200 1x, https:\/\/i0.wp.com\/www.nun-studio.com\/wp-content\/uploads\/2016\/02\/beige_brune2-5.jpg?fit=800%2C800&ssl=1&resize=525%2C300 1.5x, https:\/\/i0.wp.com\/www.nun-studio.com\/wp-content\/uploads\/2016\/02\/beige_brune2-5.jpg?fit=800%2C800&ssl=1&resize=700%2C400 2x"},"classes":[]},{"id":115,"url":"https:\/\/www.nun-studio.com\/en\/produit\/kit-poupee-angele-blonde-rose\/","url_meta":{"origin":114,"position":1},"title":"KIT ANGELE doll \u2018 blond hair \/ pink \u2019","author":"Alma","date":"Thursday February 11th, 2016","format":false,"excerpt":"Ang\u00e8le DIMANCHE\u00a0is a pretty little poseable doll (8' \/ 20cm tall) you will be happy to\u00a0make and dress.\u00a0Please note\u00a0the instructions are\u00a0currently available in FRENCH only.\u00a0She is a NUN studio and her face has been designed by the talented illustrator\u00a0Suzy Ultman, SEE DETAILS\u00a0below\u00a0\u2013\u00a0all\u00a0ANGELE DOLL\u00a0products\u00a0HERE","rel":"","context":"Similar post","block_context":{"text":"Similar post","link":""},"img":{"alt_text":"","src":"https:\/\/i0.wp.com\/www.nun-studio.com\/wp-content\/uploads\/2016\/02\/rose_bonde2.jpg?fit=693%2C693&ssl=1&resize=350%2C200","width":350,"height":200,"srcset":"https:\/\/i0.wp.com\/www.nun-studio.com\/wp-content\/uploads\/2016\/02\/rose_bonde2.jpg?fit=693%2C693&ssl=1&resize=350%2C200 1x, https:\/\/i0.wp.com\/www.nun-studio.com\/wp-content\/uploads\/2016\/02\/rose_bonde2.jpg?fit=693%2C693&ssl=1&resize=525%2C300 1.5x"},"classes":[]},{"id":116,"url":"https:\/\/www.nun-studio.com\/en\/produit\/kit-poupee-angele-brune-grise\/","url_meta":{"origin":114,"position":2},"title":"KIT ANGELE doll \u2018 brown hair \/ grey \u2019","author":"Alma","date":"Thursday February 11th, 2016","format":false,"excerpt":"Ang\u00e8le DIMANCHE\u00a0is a pretty little poseable doll (8\u2019 \/ 20cm tall) you will be happy to\u00a0make and dress. Please note\u00a0the instructions are\u00a0currently available in FRENCH only.\u00a0She is a NUN studio and her face has been designed by the talented illustrator\u00a0Suzy Ultman, SEE DETAILS\u00a0below\u00a0\u2013\u00a0all\u00a0ANGELE DOLL\u00a0products\u00a0HERE","rel":"","context":"Similar post","block_context":{"text":"Similar post","link":""},"img":{"alt_text":"","src":"https:\/\/i0.wp.com\/www.nun-studio.com\/wp-content\/uploads\/2016\/02\/grise_brune2.jpg?fit=623%2C623&ssl=1&resize=350%2C200","width":350,"height":200,"srcset":"https:\/\/i0.wp.com\/www.nun-studio.com\/wp-content\/uploads\/2016\/02\/grise_brune2.jpg?fit=623%2C623&ssl=1&resize=350%2C200 1x, https:\/\/i0.wp.com\/www.nun-studio.com\/wp-content\/uploads\/2016\/02\/grise_brune2.jpg?fit=623%2C623&ssl=1&resize=525%2C300 1.5x"},"classes":[]},{"id":545,"url":"https:\/\/www.nun-studio.com\/en\/produit\/kit-poupee-brune-livre-coloris-d\/","url_meta":{"origin":114,"position":3},"title":"(Copier) (Copier)","author":"Alma","date":"Monday March 14th, 2016","format":false,"excerpt":"Sorry, this entry is only available in Fran\u00e7ais.","rel":"","context":"Similar post","block_context":{"text":"Similar post","link":""},"img":{"alt_text":"","src":"https:\/\/i0.wp.com\/www.nun-studio.com\/wp-content\/uploads\/2016\/04\/kitA_2b.jpg?fit=800%2C801&ssl=1&resize=350%2C200","width":350,"height":200,"srcset":"https:\/\/i0.wp.com\/www.nun-studio.com\/wp-content\/uploads\/2016\/04\/kitA_2b.jpg?fit=800%2C801&ssl=1&resize=350%2C200 1x, https:\/\/i0.wp.com\/www.nun-studio.com\/wp-content\/uploads\/2016\/04\/kitA_2b.jpg?fit=800%2C801&ssl=1&resize=525%2C300 1.5x, https:\/\/i0.wp.com\/www.nun-studio.com\/wp-content\/uploads\/2016\/04\/kitA_2b.jpg?fit=800%2C801&ssl=1&resize=700%2C400 2x"},"classes":[]},{"id":5187,"url":"https:\/\/www.nun-studio.com\/en\/produit\/kit-complet-poupee-adele-blonde\/","url_meta":{"origin":114,"position":4},"title":"KIT complet poup\u00e9e ADELE &#8211; blonde","author":"Alma","date":"Wednesday March 13th, 2019","format":false,"excerpt":"KIT pour poup\u00e9e ADELE (20cm) comprenant : les fournitures pour r\u00e9aliser la tenue compl\u00e8te de la poup\u00e9e pr\u00e9sent\u00e9e sur la photo, ainsi que les fournitures pour r\u00e9aliser la poup\u00e9e elle-m\u00eame - le visage est pr\u00e9-imprim\u00e9. Les explications pour r\u00e9aliser la poup\u00e9e et sa tenue sont contenues dans ce kit. Il\u2026","rel":"","context":"Similar post","block_context":{"text":"Similar post","link":""},"img":{"alt_text":"","src":"https:\/\/i0.wp.com\/www.nun-studio.com\/wp-content\/uploads\/2019\/03\/Capture-d%E2%80%99%C3%A9cran-2019-03-13-%C3%A0-16.13.57.png?fit=1190%2C1184&ssl=1&resize=350%2C200","width":350,"height":200,"srcset":"https:\/\/i0.wp.com\/www.nun-studio.com\/wp-content\/uploads\/2019\/03\/Capture-d%E2%80%99%C3%A9cran-2019-03-13-%C3%A0-16.13.57.png?fit=1190%2C1184&ssl=1&resize=350%2C200 1x, https:\/\/i0.wp.com\/www.nun-studio.com\/wp-content\/uploads\/2019\/03\/Capture-d%E2%80%99%C3%A9cran-2019-03-13-%C3%A0-16.13.57.png?fit=1190%2C1184&ssl=1&resize=525%2C300 1.5x, https:\/\/i0.wp.com\/www.nun-studio.com\/wp-content\/uploads\/2019\/03\/Capture-d%E2%80%99%C3%A9cran-2019-03-13-%C3%A0-16.13.57.png?fit=1190%2C1184&ssl=1&resize=700%2C400 2x, https:\/\/i0.wp.com\/www.nun-studio.com\/wp-content\/uploads\/2019\/03\/Capture-d%E2%80%99%C3%A9cran-2019-03-13-%C3%A0-16.13.57.png?fit=1190%2C1184&ssl=1&resize=1050%2C600 3x"},"classes":[]},{"id":1744,"url":"https:\/\/www.nun-studio.com\/en\/produit\/kit-poupee-anastasia-cheveux-roux-flamboyant\/","url_meta":{"origin":114,"position":5},"title":"KIT  ANASTASIA doll &#8211; &#8220;roux flamboyant&#8221; hair","author":"Alma","date":"Wednesday September 21st, 2016","format":false,"excerpt":"Anastasia\u00a0DIMANCHE\u00a0is a pretty little poseable doll (8' \/ 20cm tall) you will be happy to\u00a0make and dress. Please note the instructions are\u00a0currently available in FRENCH\u00a0only.\u00a0She is a NUN studio and her face has been designed by the talented illustrator\u00a0Suzy Ultman, SEE DETAILS\u00a0below\u00a0\u2013\u00a0all\u00a0ANASTASIA DOLL\u00a0products\u00a0HERE\u00a0-\u00a0all\u00a0ANGELE DOLL\u00a0products\u00a0HERE","rel":"","context":"Similar post","block_context":{"text":"Similar post","link":""},"img":{"alt_text":"","src":"https:\/\/i0.wp.com\/www.nun-studio.com\/wp-content\/uploads\/2016\/09\/P1110431aRED2A.jpg?fit=546%2C600&ssl=1&resize=350%2C200","width":350,"height":200,"srcset":"https:\/\/i0.wp.com\/www.nun-studio.com\/wp-content\/uploads\/2016\/09\/P1110431aRED2A.jpg?fit=546%2C600&ssl=1&resize=350%2C200 1x, https:\/\/i0.wp.com\/www.nun-studio.com\/wp-content\/uploads\/2016\/09\/P1110431aRED2A.jpg?fit=546%2C600&ssl=1&resize=525%2C300 1.5x"},"classes":[]}],"_links":{"self":[{"href":"https:\/\/www.nun-studio.com\/en\/wp-json\/wp\/v2\/product\/114","targetHints":{"allow":["GET"]}}],"collection":[{"href":"https:\/\/www.nun-studio.com\/en\/wp-json\/wp\/v2\/product"}],"about":[{"href":"https:\/\/www.nun-studio.com\/en\/wp-json\/wp\/v2\/types\/product"}],"replies":[{"embeddable":true,"href":"https:\/\/www.nun-studio.com\/en\/wp-json\/wp\/v2\/comments?post=114"}],"wp:featuredmedia":[{"embeddable":true,"href":"https:\/\/www.nun-studio.com\/en\/wp-json\/wp\/v2\/media\/139"}],"wp:attachment":[{"href":"https:\/\/www.nun-studio.com\/en\/wp-json\/wp\/v2\/media?parent=114"}],"wp:term":[{"taxonomy":"product_brand","embeddable":true,"href":"https:\/\/www.nun-studio.com\/en\/wp-json\/wp\/v2\/product_brand?post=114"},{"taxonomy":"product_cat","embeddable":true,"href":"https:\/\/www.nun-studio.com\/en\/wp-json\/wp\/v2\/product_cat?post=114"},{"taxonomy":"product_tag","embeddable":true,"href":"https:\/\/www.nun-studio.com\/en\/wp-json\/wp\/v2\/product_tag?post=114"}],"curies":[{"name":"wp","href":"https:\/\/api.w.org\/{rel}","templated":true}]}}