{"id":59,"date":"2016-02-05T20:46:50","date_gmt":"2016-02-05T20:46:50","guid":{"rendered":"https:\/\/www.nun-studio.com\/?page_id=59"},"modified":"2016-02-05T22:08:56","modified_gmt":"2016-02-05T22:08:56","slug":"front-page-2","status":"publish","type":"page","link":"https:\/\/www.nun-studio.com\/en\/front-page-2\/","title":{"rendered":"front page"},"content":{"rendered":"","protected":false},"excerpt":{"rendered":"","protected":false},"author":1,"featured_media":0,"parent":0,"menu_order":0,"comment_status":"closed","ping_status":"closed","template":"page-templates\/front-page.php","meta":{"jetpack_post_was_ever_published":false,"footnotes":""},"class_list":["post-59","page","type-page","status-publish","hentry"],"jetpack_sharing_enabled":true,"jetpack_shortlink":"https:\/\/wp.me\/P7cW4q-X","jetpack-related-posts":[{"id":33,"url":"https:\/\/www.nun-studio.com\/en\/cgv\/","url_meta":{"origin":59,"position":0},"title":"4 &#8211; Terms &#038; conditions","author":"Alma","date":"Friday February  5th, 2016","format":false,"excerpt":"\u00a0 MENTIONS LEGALES NUN studio est une marque d\u00e9pos\u00e9e de \"C'est dimanche\", association r\u00e9gie par la loi du 1er juillet 1901, d\u00e9clar\u00e9e en Pr\u00e9fecture de l'Indre le 20 juin 2010 sous le num\u00e9ro W362003285, publi\u00e9e au journal Officiel le samedi 3juillet 2010, \u00a7679. SIEGE SOCIAL :\u00a0C'est dimanche\u00a0 -\u00a0Notre Dame de\u2026","rel":"","context":"Similar post","block_context":{"text":"Similar post","link":""},"img":{"alt_text":"","src":"","width":0,"height":0},"classes":[]}],"_links":{"self":[{"href":"https:\/\/www.nun-studio.com\/en\/wp-json\/wp\/v2\/pages\/59","targetHints":{"allow":["GET"]}}],"collection":[{"href":"https:\/\/www.nun-studio.com\/en\/wp-json\/wp\/v2\/pages"}],"about":[{"href":"https:\/\/www.nun-studio.com\/en\/wp-json\/wp\/v2\/types\/page"}],"author":[{"embeddable":true,"href":"https:\/\/www.nun-studio.com\/en\/wp-json\/wp\/v2\/users\/1"}],"replies":[{"embeddable":true,"href":"https:\/\/www.nun-studio.com\/en\/wp-json\/wp\/v2\/comments?post=59"}],"version-history":[{"count":1,"href":"https:\/\/www.nun-studio.com\/en\/wp-json\/wp\/v2\/pages\/59\/revisions"}],"predecessor-version":[{"id":60,"href":"https:\/\/www.nun-studio.com\/en\/wp-json\/wp\/v2\/pages\/59\/revisions\/60"}],"wp:attachment":[{"href":"https:\/\/www.nun-studio.com\/en\/wp-json\/wp\/v2\/media?parent=59"}],"curies":[{"name":"wp","href":"https:\/\/api.w.org\/{rel}","templated":true}]}}