{"id":2049,"date":"2016-09-27T10:10:36","date_gmt":"2016-09-27T09:10:36","guid":{"rendered":"https:\/\/www.nun-studio.com\/?page_id=2049"},"modified":"2017-10-10T10:51:55","modified_gmt":"2017-10-10T09:51:55","slug":"lookbook-noel-poupees","status":"publish","type":"page","link":"https:\/\/www.nun-studio.com\/en\/about\/lookbook-noel-poupees\/","title":{"rendered":"(Fran\u00e7ais) lookbook NOEL &#8211; vente en ligne"},"content":{"rendered":"<p class=\"qtranxs-available-languages-message qtranxs-available-languages-message-en\">Sorry, this entry is only available in <a href=\"https:\/\/www.nun-studio.com\/fr\/wp-json\/wp\/v2\/pages\/2049\" class=\"qtranxs-available-language-link qtranxs-available-language-link-fr\" title=\"Fran\u00e7ais\">Fran\u00e7ais<\/a>.<\/p>","protected":false},"excerpt":{"rendered":"<p>Sorry, this entry is only available in Fran\u00e7ais.<\/p>\n","protected":false},"author":1,"featured_media":0,"parent":2,"menu_order":0,"comment_status":"closed","ping_status":"closed","template":"page-templates\/full-width.php","meta":{"jetpack_post_was_ever_published":false,"footnotes":""},"class_list":["post-2049","page","type-page","status-publish","hentry"],"jetpack_sharing_enabled":true,"jetpack_shortlink":"https:\/\/wp.me\/P7cW4q-x3","jetpack-related-posts":[{"id":33,"url":"https:\/\/www.nun-studio.com\/en\/cgv\/","url_meta":{"origin":2049,"position":0},"title":"4 &#8211; Terms &#038; conditions","author":"Alma","date":"Friday February  5th, 2016","format":false,"excerpt":"\u00a0 MENTIONS LEGALES NUN studio est une marque d\u00e9pos\u00e9e de \"C'est dimanche\", association r\u00e9gie par la loi du 1er juillet 1901, d\u00e9clar\u00e9e en Pr\u00e9fecture de l'Indre le 20 juin 2010 sous le num\u00e9ro W362003285, publi\u00e9e au journal Officiel le samedi 3juillet 2010, \u00a7679. SIEGE SOCIAL :\u00a0C'est dimanche\u00a0 -\u00a0Notre Dame de\u2026","rel":"","context":"Similar post","block_context":{"text":"Similar post","link":""},"img":{"alt_text":"","src":"","width":0,"height":0},"classes":[]},{"id":5,"url":"https:\/\/www.nun-studio.com\/en\/","url_meta":{"origin":2049,"position":1},"title":"Shop","author":"Alma","date":"Friday February  5th, 2016","format":false,"excerpt":"","rel":"","context":"Similar post","block_context":{"text":"Similar post","link":""},"img":{"alt_text":"","src":"","width":0,"height":0},"classes":[]},{"id":192,"url":"https:\/\/www.nun-studio.com\/en\/frais-de-port\/","url_meta":{"origin":2049,"position":2},"title":"3 &#8211; Shipping cost","author":"Alma","date":"Saturday February 20th, 2016","format":false,"excerpt":"","rel":"","context":"Similar post","block_context":{"text":"Similar post","link":""},"img":{"alt_text":"fdp-affiche.png2","src":"https:\/\/i0.wp.com\/www.nun-studio.com\/wp-content\/uploads\/2016\/02\/fdp-affiche.png2_.png?resize=350%2C200","width":350,"height":200,"srcset":"https:\/\/i0.wp.com\/www.nun-studio.com\/wp-content\/uploads\/2016\/02\/fdp-affiche.png2_.png?resize=350%2C200 1x, https:\/\/i0.wp.com\/www.nun-studio.com\/wp-content\/uploads\/2016\/02\/fdp-affiche.png2_.png?resize=525%2C300 1.5x, https:\/\/i0.wp.com\/www.nun-studio.com\/wp-content\/uploads\/2016\/02\/fdp-affiche.png2_.png?resize=700%2C400 2x"},"classes":[]},{"id":237,"url":"https:\/\/www.nun-studio.com\/en\/lettre-dinformation\/","url_meta":{"origin":2049,"position":3},"title":"Lettre d&#8217;information","author":"Alma","date":"Sunday February 21st, 2016","format":false,"excerpt":"","rel":"","context":"Similar post","block_context":{"text":"Similar post","link":""},"img":{"alt_text":"","src":"","width":0,"height":0},"classes":[]},{"id":2,"url":"https:\/\/www.nun-studio.com\/en\/about\/","url_meta":{"origin":2049,"position":4},"title":"About us","author":"Alma","date":"Monday January 18th, 2016","format":false,"excerpt":"NUN (nom f\u00e9minin) - en anglais, nonne. Personne ayant consacr\u00e9 sa vie \u00e0 Dieu pour vivre cach\u00e9e en Lui. STUDIO (nom)\u00a0- en anglais, atelier. Espace d\u00e9di\u00e9 \u00e0 la cr\u00e9ation artistique ou artisanale. When you are called to contemplate God, every beauties attract your heart : the universe beauty, the human\u2026","rel":"","context":"With 40 comments","block_context":{"text":"With 40 comments","link":"https:\/\/www.nun-studio.com\/en\/about\/#comments"},"img":{"alt_text":"P1100022 - copie 3","src":"https:\/\/i0.wp.com\/www.nun-studio.com\/wp-content\/uploads\/2016\/02\/P1100022-copie-3-300x225.jpg?resize=350%2C200","width":350,"height":200,"srcset":"https:\/\/i0.wp.com\/www.nun-studio.com\/wp-content\/uploads\/2016\/02\/P1100022-copie-3-300x225.jpg?resize=350%2C200 1x, https:\/\/i0.wp.com\/www.nun-studio.com\/wp-content\/uploads\/2016\/02\/P1100022-copie-3-300x225.jpg?resize=525%2C300 1.5x"},"classes":[]}],"_links":{"self":[{"href":"https:\/\/www.nun-studio.com\/en\/wp-json\/wp\/v2\/pages\/2049","targetHints":{"allow":["GET"]}}],"collection":[{"href":"https:\/\/www.nun-studio.com\/en\/wp-json\/wp\/v2\/pages"}],"about":[{"href":"https:\/\/www.nun-studio.com\/en\/wp-json\/wp\/v2\/types\/page"}],"author":[{"embeddable":true,"href":"https:\/\/www.nun-studio.com\/en\/wp-json\/wp\/v2\/users\/1"}],"replies":[{"embeddable":true,"href":"https:\/\/www.nun-studio.com\/en\/wp-json\/wp\/v2\/comments?post=2049"}],"version-history":[{"count":17,"href":"https:\/\/www.nun-studio.com\/en\/wp-json\/wp\/v2\/pages\/2049\/revisions"}],"predecessor-version":[{"id":4059,"href":"https:\/\/www.nun-studio.com\/en\/wp-json\/wp\/v2\/pages\/2049\/revisions\/4059"}],"up":[{"embeddable":true,"href":"https:\/\/www.nun-studio.com\/en\/wp-json\/wp\/v2\/pages\/2"}],"wp:attachment":[{"href":"https:\/\/www.nun-studio.com\/en\/wp-json\/wp\/v2\/media?parent=2049"}],"curies":[{"name":"wp","href":"https:\/\/api.w.org\/{rel}","templated":true}]}}